 {"id":3052,"date":"2024-10-21T08:20:20","date_gmt":"2024-10-21T08:20:20","guid":{"rendered":"https:\/\/zaoyigarment.com\/?post_type=product&#038;p=3052"},"modified":"2025-09-23T00:33:15","modified_gmt":"2025-09-23T00:33:15","slug":"lace-body-tape","status":"publish","type":"product","link":"https:\/\/zaoyigarment.com\/vi\/manufacturer\/lace-body-tape\/","title":{"rendered":"B\u0103ng Ren Body N\u00e2ng Ng\u1ef1c B\u0103ng Ren B\u0103ng Ren Ng\u1ef1c Tho\u00e1ng Kh\u00ed"},"content":{"rendered":"<div id=\"featurebullets_feature_div\" class=\"celwidget\" data-feature-name=\"featurebullets\" data-csa-c-type=\"widget\" data-csa-c-content-id=\"featurebullets\" data-csa-c-slot-id=\"featurebullets_feature_div\" data-csa-c-asin=\"B07DF32D6Q\" data-csa-c-is-in-initial-active-row=\"false\" data-csa-c-id=\"3j0pnl-7cjnp-9t8psx-tspeog\">\n<div id=\"feature-bullets\" class=\"a-section a-spacing-medium a-spacing-top-small\">\n<ul class=\"a-unordered-list a-vertical a-spacing-mini\">\n<li>\n<div data-zone-id=\"0\" data-line-index=\"0\" data-line=\"true\">\n<div data-zone-id=\"0\" data-line-index=\"0\" data-line=\"true\"><strong style=\"font-size: 14.4px;\">K\u00cdCH TH\u01af\u1edaC B\u0102NG REN TH\u00c2N:<\/strong><span style=\"font-size: 14.4px;\"> Chi\u1ec1u r\u1ed9ng th\u00f4ng th\u01b0\u1eddng l\u00e0 2,5cm, 3,8cm, 5cm, 7,5cm, 10cm, chi\u1ec1u d\u00e0i c\u00f3 th\u1ec3 ch\u1ecdn 3M, 4M, 5M. K\u00edch th\u01b0\u1edbc h\u1ed9p m\u00e0u b\u00ean trong l\u00e0 7,5*6,5*7,5cm, 11,5*8*8cm. K\u00edch th\u01b0\u1edbc t\u1ea5t c\u1ea3 \u0111\u1ec1u t\u00f9y ch\u1ec9nh<\/span><\/div>\n<\/div>\n<\/li>\n<li><span class=\"a-list-item\"><strong>V\u1eacT LI\u1ec6U:<\/strong> B\u00f4ng + v\u1ea3i thun<\/span><\/li>\n<li><span class=\"a-list-item\"><strong>T\u1ed0I \u0110A H\u00d3A KH\u1ea2 N\u0102NG DI \u0110\u1ed8NG:<\/strong> Gi\u00fap d\u1ec5 d\u00e0ng b\u1ea3o qu\u1ea3n, v\u1eadn chuy\u1ec3n<\/span><\/li>\n<li><span class=\"a-list-item\"><strong>C\u00d3 S\u1eb4N V\u1edaI S\u1ed0 L\u01af\u1ee2NG L\u1edaN:<\/strong> \u0110\u01b0\u1ee3c cung c\u1ea5p v\u1edbi s\u1ed1 l\u01b0\u1ee3ng l\u1edbn 1000 h\u1ed9p \u0111\u1ebfm v\u1edbi gi\u00e1 b\u00e1n bu\u00f4n ph\u1ea3i ch\u0103ng \u0111\u1ec3 \u0111\u1ea3m b\u1ea3o b\u1ea1n lu\u00f4n c\u00f3 h\u00e0ng v\u00e0 trong ng\u00e2n s\u00e1ch<\/span><\/li>\n<li><span class=\"a-list-item\"><strong>HO\u00c0N H\u1ea2O CHO TI\u1ec6C C\u01af\u1edaI, S\u1ef0 KI\u1ec6N \u0110\u1eb6C BI\u1ec6T V\u00c0 B\u00caN PH\u1ee4C V\u1ee4:<\/strong> Mang l\u1ea1i s\u1ef1 t\u1ef1 tin kh\u00f3 qu\u00ean khi b\u1ea1n tham d\u1ef1 ti\u1ec7c c\u01b0\u1edbi, ti\u1ec7c chi\u00eau \u0111\u00e3i v\u00e0 ti\u1ec7c t\u00f9ng v\u1edbi lo\u1ea1i b\u0103ng keo \u0111\u1ed9c \u0111\u00e1o n\u00e0y<\/span><\/li>\n<li><strong>L\u1eddi khuy\u00ean: <\/strong>H\u00e3y nh\u1edb r\u1eb1ng s\u1ea3n ph\u1ea9m n\u00e0y c\u00f3 \u0111\u1ed9 gi\u1eef nghi\u00eam tr\u1ecdng!<br \/>\nM\u1ed9t s\u1ed1 ph\u1ee5 n\u1eef c\u00f3 da m\u1ecfng quanh x\u01b0\u01a1ng \u0111\u00f2n ho\u1eb7c v\u00f9ng ng\u1ef1c tr\u00ean. Kh\u00f4ng n\u00ean \u0111eo s\u1ea3n ph\u1ea9m qu\u00e1 8 gi\u1edd. H\u00e3y h\u1ebft s\u1ee9c th\u1eadn tr\u1ecdng n\u1ebfu b\u1ea1n ch\u1ecdn d\u00e1n b\u0103ng d\u00ednh v\u00e0o nh\u1eefng v\u00f9ng \u0111\u00f3.<br \/>\nKh\u00f4ng \u0111\u1ec3 s\u1ea3n ph\u1ea9m ti\u1ebfp x\u00fac v\u1edbi \u00e1nh n\u1eafng m\u1eb7t tr\u1eddi ho\u1eb7c nhi\u1ec7t \u0111\u1ed9 cao trong th\u1eddi gian d\u00e0i khi s\u1eed d\u1ee5ng. \u0110i\u1ec1u n\u00e0y c\u00f3 th\u1ec3 g\u00e2y k\u00edch \u1ee9ng da. Kh\u00f4ng t\u1eafm n\u1eafng khi \u0111ang s\u1eed d\u1ee5ng s\u1ea3n ph\u1ea9m.<\/li>\n<li><strong>Nh\u1eefng l\u1ee3i \u00edch:<\/strong><\/li>\n<li>STRONG-HOLD \u2013 cung c\u1ea5p kh\u1ea3 n\u0103ng h\u1ed7 tr\u1ee3 tuy\u1ec7t v\u1eddi, \u0111\u1ea3m b\u1ea3o ch\u1ea5t k\u1ebft d\u00ednh gi\u1eef nguy\u00ean v\u1ecb tr\u00ed ngay c\u1ea3 trong nh\u1eefng ng\u00e0y h\u00e8 n\u0103ng \u0111\u1ed9ng, ch\u1ed1ng n\u01b0\u1edbc v\u00e0 m\u1ed3 h\u00f4i. Ch\u1ea5t k\u1ebft d\u00ednh acrylic c\u1ee7a n\u00f3 b\u00e1m nh\u1eb9 v\u00e0o da c\u1ee7a b\u1ea1n, mang l\u1ea1i s\u1ef1 n\u00e2ng \u0111\u1ee1 tho\u1ea3i m\u00e1i v\u00e0 lo\u1ea1i b\u1ecf nhu c\u1ea7u s\u1eed d\u1ee5ng d\u00e2y \u0111eo c\u00f3 th\u1ec3 l\u00e0m h\u1ecfng trang ph\u1ee5c c\u1ee7a b\u1ea1n.<\/li>\n<li>D\u00c0NH CHO M\u1eccI K\u00cdCH C\u1ee0 \u2013 ph\u00f9 h\u1ee3p v\u1edbi c\u00e1c c\u1ee1 c\u00fap t\u1eeb A \u0111\u1ebfn Z, cho ph\u00e9p b\u1ea1n t\u00f9y ch\u1ec9nh l\u01b0\u1ee3ng c\u1ea7n thi\u1ebft d\u1ef1a tr\u00ean k\u00edch th\u01b0\u1edbc v\u00e0 c\u00e2n n\u1eb7ng c\u1ee7a ng\u1ef1c. \u0110o v\u00f9ng \u00e1p d\u1ee5ng, c\u1eaft cho v\u1eeba v\u1eb7n v\u00e0 d\u00e1n b\u0103ng \u0111\u1ec3 \u0111\u1ea1t \u0111\u01b0\u1ee3c \u0111\u1ed9 n\u00e2ng v\u00e0 h\u00ecnh d\u1ea1ng mong mu\u1ed1n theo phong c\u00e1ch qu\u1ea7n \u00e1o c\u1ee7a b\u1ea1n.<\/li>\n<li>V\u1eba NGO\u00c0I K\u00cdN \u0110\u00c1O \u2013 v\u1edbi m\u00e0u \u201cN\u00e2u r\u00e1m n\u1eafng\u201d v\u00e0 nhi\u1ec1u t\u00f9y ch\u1ecdn \u1ee9ng d\u1ee5ng, mi\u1ebfng d\u00e1n \u0111\u1ecbnh h\u00ecnh ng\u1ef1c n\u00e0y mang \u0111\u1ebfn v\u1ebb ngo\u00e0i t\u1ef1 nhi\u00ean v\u00e0 v\u00f4 h\u00ecnh. D\u00e1n mi\u1ebfng d\u00e1n \u0111\u1ec3 \u0111\u1ea1t \u0111\u01b0\u1ee3c hi\u1ec7u \u1ee9ng b\u1ea1n mong mu\u1ed1n, d\u00f9 l\u00e0 \u201cN\u00e2ng\u201d hay \u201cT\u1ef1 nhi\u00ean\u201d, cho nhi\u1ec1u lo\u1ea1i trang ph\u1ee5c nh\u01b0 h\u1edf l\u01b0ng, kh\u00f4ng d\u00e2y, l\u01b0\u1edbi trong su\u1ed1t, v\u00e1y c\u01b0\u1edbi ho\u1eb7c \u00e1o ph\u00f4ng c\u01a1 b\u1ea3n.<\/li>\n<li><b>Xin l\u01b0u \u00fd:<\/b><br \/>\n<b>L\u00e0m th\u1ebf n\u00e0o \u0111\u1ec3 tr\u00e1nh d\u1ecb \u1ee9ng da v\u00e0 c\u00e1c v\u1ea5n \u0111\u1ec1 v\u1ec1 r\u00e1ch da?<\/b><\/p>\n<ul>\n<li>Th\u1ef1c hi\u1ec7n m\u1ed9t th\u1eed nghi\u1ec7m \u0111\u01a1n gi\u1ea3n v\u1ec1 \u0111\u1ed9 nh\u1ea1y c\u1ea3m c\u1ee7a da<\/li>\n<li>\u0110\u1eebng \u0111\u1ec3 b\u0103ng d\u00ednh tr\u00ean da qu\u00e1 12 gi\u1edd<\/li>\n<li>Kh\u00f4ng ph\u00f9 h\u1ee3p v\u1edbi ph\u1ee5 n\u1eef mang thai, cho con b\u00fa ho\u1eb7c ng\u01b0\u1eddi c\u00f3 l\u00e0n da nh\u1ea1y c\u1ea3m\/m\u1ecfng manh<\/li>\n<li>H\u00e3y nh\u1edb d\u00f9ng n\u01b0\u1edbc \u1ea5m ho\u1eb7c tinh d\u1ea7u \u0111\u1ec3 th\u00e1o b\u0103ng d\u00e1n ng\u1ef1c t\u1eeb t\u1eeb v\u00e0 nh\u1eb9 nh\u00e0ng, gi\u00fap tr\u00e1nh l\u00e0m r\u00e1ch da, x\u00e9 qu\u00e1 nhanh c\u00f3 th\u1ec3 g\u00e2y th\u01b0\u01a1ng t\u00edch. B\u1ea1n c\u0169ng c\u00f3 th\u1ec3 t\u1eafm n\u01b0\u1edbc n\u00f3ng \u0111\u1ec3 x\u00e9 n\u00f3 ra<\/li>\n<\/ul>\n<p><b>L\u00e0m th\u1ebf n\u00e0o \u0111\u1ec3 th\u1ef1c hi\u1ec7n m\u1ed9t b\u00e0i ki\u1ec3m tra da d\u1ec5 d\u00e0ng \u0111\u1ec3 bi\u1ebft l\u00e0n da c\u1ee7a b\u1ea1n c\u00f3 nh\u1ea1y c\u1ea3m hay kh\u00f4ng?<\/b><\/p>\n<ol>\n<li>B\u1ea1n c\u00f3 th\u1ec3 c\u1eaft m\u1ed9t d\u1ea3i b\u0103ng d\u00ednh nh\u1ecf v\u00e0 d\u00e1n v\u00e0o b\u00ean trong c\u00e1nh tay, sau \u0111\u00f3 x\u00e9 ra sau 6 gi\u1edd.<\/li>\n<li>Quan s\u00e1t l\u00e0n da c\u1ee7a b\u1ea1n.<\/li>\n<li>N\u1ebfu b\u1ea1n c\u00f3 ph\u1ea3n \u1ee9ng b\u1ea5t l\u1ee3i sau khi th\u1eed nghi\u1ec7m (ch\u1eb3ng h\u1ea1n nh\u01b0 \u0111\u1ecf, r\u00e1t ho\u1eb7c kh\u00f3 ch\u1ecbu), vui l\u00f2ng ng\u1eebng s\u1eed d\u1ee5ng b\u0103ng n\u00e0y ngay l\u1eadp t\u1ee9c.<\/li>\n<\/ol>\n<\/li>\n<\/ul>\n<\/div>\n<\/div>\n\t<div class=\"img has-hover x md-x lg-x y md-y lg-y\" id=\"image_1239248177\">\n\t\t\t\t\t\t\t\t<div class=\"img-inner dark\" >\n\t\t\t<img loading=\"lazy\" decoding=\"async\" width=\"1020\" height=\"1020\" src=\"https:\/\/zaoyigarment.com\/wp-content\/uploads\/2024\/10\/lace-body-tape-1024x1024.webp\" class=\"attachment-large size-large\" alt=\"b\u0103ng ren body\" srcset=\"https:\/\/zaoyigarment.com\/wp-content\/uploads\/2024\/10\/lace-body-tape-1024x1024.webp 1024w, https:\/\/zaoyigarment.com\/wp-content\/uploads\/2024\/10\/lace-body-tape-300x300.webp 300w, https:\/\/zaoyigarment.com\/wp-content\/uploads\/2024\/10\/lace-body-tape-150x150.webp 150w, https:\/\/zaoyigarment.com\/wp-content\/uploads\/2024\/10\/lace-body-tape-768x768.webp 768w, https:\/\/zaoyigarment.com\/wp-content\/uploads\/2024\/10\/lace-body-tape-1536x1536.webp 1536w, https:\/\/zaoyigarment.com\/wp-content\/uploads\/2024\/10\/lace-body-tape-2048x2048.webp 2048w, https:\/\/zaoyigarment.com\/wp-content\/uploads\/2024\/10\/lace-body-tape-12x12.webp 12w, https:\/\/zaoyigarment.com\/wp-content\/uploads\/2024\/10\/lace-body-tape-600x600.webp 600w, https:\/\/zaoyigarment.com\/wp-content\/uploads\/2024\/10\/lace-body-tape-100x100.webp 100w\" sizes=\"auto, (max-width: 1020px) 100vw, 1020px\" \/>\t\t\t\t\t\t\n\t\t\t\t\t<\/div>\n\t\t\t\t\t\t\t\t\n<style>\n#image_1239248177 {\n  width: 100%;\n}\n<\/style>\n\t<\/div>\n\t\n\t<div class=\"img has-hover x md-x lg-x y md-y lg-y\" id=\"image_1743270366\">\n\t\t\t\t\t\t\t\t<div class=\"img-inner dark\" >\n\t\t\t<img loading=\"lazy\" decoding=\"async\" width=\"1020\" height=\"1020\" src=\"https:\/\/zaoyigarment.com\/wp-content\/uploads\/2024\/10\/how-to-use-bra-tape-1024x1024.webp\" class=\"attachment-large size-large\" alt=\"c\u00e1ch s\u1eed d\u1ee5ng b\u0103ng d\u00e1n \u00e1o ng\u1ef1c\" srcset=\"https:\/\/zaoyigarment.com\/wp-content\/uploads\/2024\/10\/how-to-use-bra-tape-1024x1024.webp 1024w, https:\/\/zaoyigarment.com\/wp-content\/uploads\/2024\/10\/how-to-use-bra-tape-300x300.webp 300w, https:\/\/zaoyigarment.com\/wp-content\/uploads\/2024\/10\/how-to-use-bra-tape-150x150.webp 150w, https:\/\/zaoyigarment.com\/wp-content\/uploads\/2024\/10\/how-to-use-bra-tape-768x768.webp 768w, https:\/\/zaoyigarment.com\/wp-content\/uploads\/2024\/10\/how-to-use-bra-tape-12x12.webp 12w, https:\/\/zaoyigarment.com\/wp-content\/uploads\/2024\/10\/how-to-use-bra-tape-600x600.webp 600w, https:\/\/zaoyigarment.com\/wp-content\/uploads\/2024\/10\/how-to-use-bra-tape-100x100.webp 100w, https:\/\/zaoyigarment.com\/wp-content\/uploads\/2024\/10\/how-to-use-bra-tape.webp 1500w\" sizes=\"auto, (max-width: 1020px) 100vw, 1020px\" \/>\t\t\t\t\t\t\n\t\t\t\t\t<\/div>\n\t\t\t\t\t\t\t\t\n<style>\n#image_1743270366 {\n  width: 100%;\n}\n<\/style>\n\t<\/div>","protected":false},"excerpt":{"rendered":"<p>Nh\u00e0 s\u1ea3n xu\u1ea5t v\u00e0 cung c\u1ea5p b\u0103ng ren to\u00e0n th\u00e2n Zaoyi Custom t\u1ea1i Trung Qu\u1ed1c<\/p>\n<p>\u2013 MOQ: 3000 chi\u1ebfc<br \/>\n\u2013 Cung c\u1ea5p d\u1ecbch v\u1ee5 OEM\/ODM<br \/>\n\u2013 C\u00f3 s\u1eb5n m\u1eabu mi\u1ec5n ph\u00ed<br \/>\n\u2013 Ch\u1ea5p nh\u1eadn t\u00f9y ch\u1ec9nh (th\u00f4ng s\u1ed1 k\u1ef9 thu\u1eadt, m\u00e0u s\u1eafc, thi\u1ebft k\u1ebf, v.v.)<\/p>\n<p>N\u1ebfu b\u1ea1n mu\u1ed1n bi\u1ebft gi\u00e1 b\u0103ng ren body, vui l\u00f2ng li\u00ean h\u1ec7 v\u1edbi ch\u00fang t\u00f4i.<\/p>","protected":false},"featured_media":3057,"comment_status":"open","ping_status":"closed","template":"","meta":[],"product_brand":[],"product_cat":[38],"product_tag":[],"class_list":{"0":"post-3052","1":"product","2":"type-product","3":"status-publish","4":"has-post-thumbnail","6":"product_cat-bra-tape","8":"first","9":"instock","10":"shipping-taxable","11":"product-type-simple"},"_links":{"self":[{"href":"https:\/\/zaoyigarment.com\/vi\/wp-json\/wp\/v2\/product\/3052","targetHints":{"allow":["GET"]}}],"collection":[{"href":"https:\/\/zaoyigarment.com\/vi\/wp-json\/wp\/v2\/product"}],"about":[{"href":"https:\/\/zaoyigarment.com\/vi\/wp-json\/wp\/v2\/types\/product"}],"replies":[{"embeddable":true,"href":"https:\/\/zaoyigarment.com\/vi\/wp-json\/wp\/v2\/comments?post=3052"}],"wp:featuredmedia":[{"embeddable":true,"href":"https:\/\/zaoyigarment.com\/vi\/wp-json\/wp\/v2\/media\/3057"}],"wp:attachment":[{"href":"https:\/\/zaoyigarment.com\/vi\/wp-json\/wp\/v2\/media?parent=3052"}],"wp:term":[{"taxonomy":"product_brand","embeddable":true,"href":"https:\/\/zaoyigarment.com\/vi\/wp-json\/wp\/v2\/product_brand?post=3052"},{"taxonomy":"product_cat","embeddable":true,"href":"https:\/\/zaoyigarment.com\/vi\/wp-json\/wp\/v2\/product_cat?post=3052"},{"taxonomy":"product_tag","embeddable":true,"href":"https:\/\/zaoyigarment.com\/vi\/wp-json\/wp\/v2\/product_tag?post=3052"}],"curies":[{"name":"wp","href":"https:\/\/api.w.org\/{rel}","templated":true}]}}