 {"id":2736,"date":"2024-08-22T08:45:34","date_gmt":"2024-08-22T08:45:34","guid":{"rendered":"https:\/\/zaoyigarment.com\/?post_type=product&#038;p=2736"},"modified":"2026-04-07T04:40:58","modified_gmt":"2026-04-07T04:40:58","slug":"bra-buckle-extenders","status":"publish","type":"product","link":"https:\/\/zaoyigarment.com\/vi\/manufacturer\/bra-buckle-extenders\/","title":{"rendered":"Kh\u00f3a k\u00e9o d\u00e0i \u00e1o ng\u1ef1c Kh\u00f3a k\u00e9o d\u00e0i \u00e1o ng\u1ef1c c\u00f3 th\u1ec3 \u0111i\u1ec1u ch\u1ec9nh cho ph\u1ee5 n\u1eef c\u00f3 nhi\u1ec1u k\u00edch c\u1ee1 kh\u00e1c nhau"},"content":{"rendered":"<ul class=\"a-unordered-list a-vertical a-spacing-mini\">\n<li><span class=\"a-list-item\"><strong>\ud83c\udf6aT\u00caN:<\/strong> <a href=\"https:\/\/zaoyigarment.com\/vi\/manufacturer\/bra-extender-womens-soft-comfortable-bra-extenders\/\">\u00e1o ng\u1ef1c m\u1edf r\u1ed9ng<\/a>, kh\u00f3a k\u00e9o d\u00e0i \u00e1o ng\u1ef1c, kh\u00f3a k\u00e9o d\u00e0i \u00e1o ng\u1ef1c n\u1eef<\/span><\/li>\n<li><span class=\"a-list-item\"><strong>\ud83c\udf6a H\u00ccNH D\u1ea0NG:<\/strong> h\u00ecnh ch\u1eef nh\u1eadt<\/span><\/li>\n<li><span class=\"a-list-item\"><strong>\ud83c\udf6aM\u00c0U S\u1eaeC S\u1ea2N PH\u1ea8M:<\/strong> m\u00e0u da, tr\u1eafng, \u0111en, ca cao, latte, t\u00f9y ch\u1ec9nh.<\/span><\/li>\n<li><span class=\"a-list-item\">\ud83c\udf6a<strong>K\u00cdCH TH\u01af\u1edaC:<\/strong> 35cm, 45cm, 55cm vv t\u00f9y ch\u1ec9nh<\/span><\/li>\n<li><span class=\"a-list-item\">\ud83c\udf6a<strong>\u1ee8NG D\u1ee4NG:<\/strong> d\u00e2y n\u1ed1i d\u00e0i \u00e1o ng\u1ef1c.<\/span><\/li>\n<li><span class=\"a-color-base\"><span class=\"a-list-item\"><strong>\ud83c\udf6aLO\u1ea0I V\u1eacT LI\u1ec6U: <\/strong>nylon<\/span><\/span><\/li>\n<li><span class=\"a-color-base\"><span class=\"a-list-item\"><strong>\ud83c\udf6aH\u01af\u1edaNG D\u1eaaN CH\u0102M S\u00d3C: <\/strong>t\u00e1i s\u1eed d\u1ee5ng<\/span><\/span><\/li>\n<\/ul>\n<h2><\/h2>\n<h2><\/h2>\n\t<div class=\"img has-hover x md-x lg-x y md-y lg-y\" id=\"image_1689764059\">\n\t\t\t\t\t\t\t\t<div class=\"img-inner dark\" >\n\t\t\t<img loading=\"lazy\" decoding=\"async\" width=\"1000\" height=\"1000\" src=\"https:\/\/zaoyigarment.com\/wp-content\/uploads\/2024\/08\/bra-extension-buckle.webp\" class=\"attachment-large size-large\" alt=\"kh\u00f3a m\u1edf r\u1ed9ng \u00e1o ng\u1ef1c\" srcset=\"https:\/\/zaoyigarment.com\/wp-content\/uploads\/2024\/08\/bra-extension-buckle.webp 1000w, https:\/\/zaoyigarment.com\/wp-content\/uploads\/2024\/08\/bra-extension-buckle-300x300.webp 300w, https:\/\/zaoyigarment.com\/wp-content\/uploads\/2024\/08\/bra-extension-buckle-150x150.webp 150w, https:\/\/zaoyigarment.com\/wp-content\/uploads\/2024\/08\/bra-extension-buckle-768x768.webp 768w, https:\/\/zaoyigarment.com\/wp-content\/uploads\/2024\/08\/bra-extension-buckle-12x12.webp 12w, https:\/\/zaoyigarment.com\/wp-content\/uploads\/2024\/08\/bra-extension-buckle-600x600.webp 600w, https:\/\/zaoyigarment.com\/wp-content\/uploads\/2024\/08\/bra-extension-buckle-100x100.webp 100w\" sizes=\"auto, (max-width: 1000px) 100vw, 1000px\" \/>\t\t\t\t\t\t\n\t\t\t\t\t<\/div>\n\t\t\t\t\t\t\t\t\n<style>\n#image_1689764059 {\n  width: 100%;\n}\n<\/style>\n\t<\/div>","protected":false},"excerpt":{"rendered":"<p>Nh\u00e0 s\u1ea3n xu\u1ea5t v\u00e0 cung c\u1ea5p kh\u00f3a \u00e1o ng\u1ef1c t\u00f9y ch\u1ec9nh Zaoyi t\u1ea1i Trung Qu\u1ed1c<\/p>\n<p>\u2013 MOQ: 3000 chi\u1ebfc<br \/>\n\u2013 Cung c\u1ea5p d\u1ecbch v\u1ee5 OEM\/ODM<br \/>\n\u2013 C\u00f3 s\u1eb5n m\u1eabu mi\u1ec5n ph\u00ed<br \/>\n\u2013 T\u00e1i ch\u1ebf \u00e1o ng\u1ef1c<br \/>\n\u2013 Th\u1eddi gian s\u1eb5n s\u00e0ng 25-35 ng\u00e0y cho \u0111\u01a1n h\u00e0ng t\u00f9y ch\u1ec9nh<br \/>\n\u2013 Ch\u1ea5p nh\u1eadn t\u00f9y ch\u1ec9nh (th\u00f4ng s\u1ed1 k\u1ef9 thu\u1eadt, m\u00e0u s\u1eafc, thi\u1ebft k\u1ebf, v.v.)<\/p>\n<p>1) Gi\u1ea3i ph\u00e1p \u00e1o ng\u1ef1c t\u1ed1t nh\u1ea5t cho d\u00e2y \u00e1o ng\u1ef1c l\u1ecfng l\u1ebbo<br \/>\n2) C\u00f3 s\u1eb5n k\u00edch th\u01b0\u1edbc t\u00f9y ch\u1ec9nh<br \/>\n3) Ch\u1ea5t li\u1ec7u nylon tho\u1ea3i m\u00e1i<br \/>\n4) C\u00f3 th\u1ec3 l\u00e0m v\u1ea3i ho\u1eb7c m\u1eabu t\u00f9y ch\u1ec9nh<br \/>\n5) M\u00e0u s\u1eafc s\u1ed1ng \u0111\u1ed9ng, ch\u1ed1ng phai m\u00e0u<br \/>\n6) T\u00f9y ch\u1ec9nh DIY<\/p>\n<p>N\u1ebfu b\u1ea1n mu\u1ed1n bi\u1ebft gi\u00e1 c\u1ee7a kh\u00f3a m\u1edf r\u1ed9ng \u00e1o ng\u1ef1c, vui l\u00f2ng li\u00ean h\u1ec7 v\u1edbi ch\u00fang t\u00f4i.<\/p>","protected":false},"featured_media":2737,"comment_status":"open","ping_status":"closed","template":"","meta":[],"product_brand":[],"product_cat":[53],"product_tag":[],"class_list":{"0":"post-2736","1":"product","2":"type-product","3":"status-publish","4":"has-post-thumbnail","6":"product_cat-bra-accessories","8":"first","9":"instock","10":"shipping-taxable","11":"product-type-simple"},"_links":{"self":[{"href":"https:\/\/zaoyigarment.com\/vi\/wp-json\/wp\/v2\/product\/2736","targetHints":{"allow":["GET"]}}],"collection":[{"href":"https:\/\/zaoyigarment.com\/vi\/wp-json\/wp\/v2\/product"}],"about":[{"href":"https:\/\/zaoyigarment.com\/vi\/wp-json\/wp\/v2\/types\/product"}],"replies":[{"embeddable":true,"href":"https:\/\/zaoyigarment.com\/vi\/wp-json\/wp\/v2\/comments?post=2736"}],"wp:featuredmedia":[{"embeddable":true,"href":"https:\/\/zaoyigarment.com\/vi\/wp-json\/wp\/v2\/media\/2737"}],"wp:attachment":[{"href":"https:\/\/zaoyigarment.com\/vi\/wp-json\/wp\/v2\/media?parent=2736"}],"wp:term":[{"taxonomy":"product_brand","embeddable":true,"href":"https:\/\/zaoyigarment.com\/vi\/wp-json\/wp\/v2\/product_brand?post=2736"},{"taxonomy":"product_cat","embeddable":true,"href":"https:\/\/zaoyigarment.com\/vi\/wp-json\/wp\/v2\/product_cat?post=2736"},{"taxonomy":"product_tag","embeddable":true,"href":"https:\/\/zaoyigarment.com\/vi\/wp-json\/wp\/v2\/product_tag?post=2736"}],"curies":[{"name":"wp","href":"https:\/\/api.w.org\/{rel}","templated":true}]}}