 {"id":2693,"date":"2024-08-16T02:21:54","date_gmt":"2024-08-16T02:21:54","guid":{"rendered":"https:\/\/zaoyigarment.com\/?post_type=product&#038;p=2693"},"modified":"2026-02-26T03:03:43","modified_gmt":"2026-02-26T03:03:43","slug":"double-side-sticky-bra-inserts-self-pads-for-small-chest-women-silicone-push-up-pad","status":"publish","type":"product","link":"https:\/\/zaoyigarment.com\/vi\/manufacturer\/double-side-sticky-bra-inserts-self-pads-for-small-chest-women-silicone-push-up-pad\/","title":{"rendered":"Mi\u1ebfng l\u00f3t ng\u1ef1c d\u00ednh hai m\u1eb7t t\u1ef1 d\u00ednh cho ph\u1ee5 n\u1eef ng\u1ef1c nh\u1ecf Mi\u1ebfng l\u00f3t n\u00e2ng ng\u1ef1c b\u1eb1ng silicon"},"content":{"rendered":"<div id=\"text-870596824\" class=\"text\">\n\t\t\n<div class=\"_1-Caexem\" tabindex=\"0\" role=\"button\" aria-label=\"$D\u1ec5 s\u1eed d\u1ee5ng: Ch\u1ec9 c\u1ea7n g\u1eafn ph\u1ea7n n\u1ed1i d\u00e0i \u00e1o ng\u1ef1c v\u00e0o m\u00f3c \u00e1o ng\u1ef1c c\u1ee7a b\u1ea1n \u0111\u1ec3 n\u1ed1i d\u00e0i ngay l\u1eadp t\u1ee9c.\">\n<ul>\n<li class=\"_1-Caexem\" tabindex=\"0\" role=\"button\" aria-label=\"$D\u00e2y n\u1ed1i \u00e1o ng\u1ef1c ti\u1ec7n l\u1ee3i: B\u1ed9 3 mi\u1ebfng n\u1ed1i \u00e1o ng\u1ef1c v\u1edbi ch\u1ea5t li\u1ec7u thun co gi\u00e3n, gi\u00fap b\u1ea1n d\u1ec5 d\u00e0ng \u0111i\u1ec1u ch\u1ec9nh k\u00edch th\u01b0\u1edbc d\u00e2y \u00e1o ng\u1ef1c cho v\u1eeba v\u1eb7n tho\u1ea3i m\u00e1i.\"><strong>Mi\u1ebfng \u0111\u1ec7m \u00e1o ng\u1ef1c ti\u1ec7n l\u1ee3i:<\/strong> C\u00f3 \u0111\u01b0\u1ee3c khe ng\u1ef1c \u0111\u1eb9p v\u1edbi khe ng\u1ef1c tr\u00f4ng t\u1ef1 nhi\u00ean \u0111\u1ed3ng th\u1eddi tr\u1ea3i nghi\u1ec7m hi\u1ec7u \u1ee9ng ch\u1ed1ng \u0111\u1ea9y tuy\u1ec7t v\u1eddi.<\/li>\n<li class=\"_1-Caexem\" tabindex=\"0\" role=\"button\" aria-label=\"$D\u00e2y n\u1ed1i \u00e1o ng\u1ef1c ti\u1ec7n l\u1ee3i: B\u1ed9 3 mi\u1ebfng n\u1ed1i \u00e1o ng\u1ef1c v\u1edbi ch\u1ea5t li\u1ec7u thun co gi\u00e3n, gi\u00fap b\u1ea1n d\u1ec5 d\u00e0ng \u0111i\u1ec1u ch\u1ec9nh k\u00edch th\u01b0\u1edbc d\u00e2y \u00e1o ng\u1ef1c cho v\u1eeba v\u1eb7n tho\u1ea3i m\u00e1i.\"><strong>Ho\u00e0n h\u1ea3o cho ki\u1ec3u d\u00e1ng kh\u00f4ng m\u1eb7c \u00e1o ng\u1ef1c: <\/strong><span class=\"a-list-item a-size-base a-color-base\">N\u00e2ng ng\u1ef1c, bikini, \u0111\u1ed3 b\u01a1i b\u1eb1ng mi\u1ebfng \u0111\u1ec7m silicon tho\u1ea3i m\u00e1i n\u00e0y.<\/span><\/li>\n<li class=\"_1-Caexem\" tabindex=\"0\" role=\"button\" aria-label=\"$D\u00e2y n\u1ed1i \u00e1o ng\u1ef1c ti\u1ec7n l\u1ee3i: B\u1ed9 3 mi\u1ebfng n\u1ed1i \u00e1o ng\u1ef1c v\u1edbi ch\u1ea5t li\u1ec7u thun co gi\u00e3n, gi\u00fap b\u1ea1n d\u1ec5 d\u00e0ng \u0111i\u1ec1u ch\u1ec9nh k\u00edch th\u01b0\u1edbc d\u00e2y \u00e1o ng\u1ef1c cho v\u1eeba v\u1eb7n tho\u1ea3i m\u00e1i.\"><strong>Tho\u1ea3i m\u00e1i v\u00e0 M\u1ec1m M\u1ea1i:<\/strong> \u0110\u01b0\u1ee3c l\u00e0m b\u1eb1ng ch\u1ea5t li\u1ec7u m\u1ec1m m\u1ea1i v\u00e0 tho\u1ea3i m\u00e1i, nh\u1eefng mi\u1ebfng l\u00f3t \u00e1o ng\u1ef1c n\u00e0y s\u1ebd kh\u00f4ng g\u00e2y k\u00edch \u1ee9ng da ho\u1eb7c g\u00e2y kh\u00f3 ch\u1ecbu.<\/li>\n<li><strong>D\u1ec5 s\u1eed d\u1ee5ng:<\/strong> \u0110\u1eb7t b\u00ean trong c\u00fap \u00e1o ng\u1ef1c ho\u1eb7c nh\u00e9t v\u00e0o t\u00fai \u0111\u1ec7m \u00e1o ng\u1ef1c. C\u0169ng c\u00f3 th\u1ec3 ghim v\u00e0o \u00e1o ng\u1ef1c ho\u1eb7c \u00e1o b\u01a1i \u0111\u1ec3 \u0111\u1ea3m b\u1ea3o an to\u00e0n (nh\u01b0 khi b\u01a1i).<\/li>\n<li>\n<div class=\"a-fixed-left-grid-col a-col-left\"><strong><span class=\"a-color-base\">H\u01b0\u1edbng d\u1eabn b\u1ea3o qu\u1ea3n: <\/span><\/strong><span style=\"font-size: 14.4px;\">R\u1eeda tay b\u1eb1ng c\u00e1ch ng\u00e2m v\u00e0o b\u1ed3n\/b\u1ed3n n\u01b0\u1edbc \u1ea5m v\u00e0 m\u00e1t v\u00e0 m\u1ed9t v\u00e0i gi\u1ecdt ch\u1ea5t t\u1ea9y r\u1eeda. Nh\u1eb9 nh\u00e0ng v\u1eaft n\u01b0\u1edbc x\u00e0 ph\u00f2ng qua. R\u1eeda s\u1ea1ch. N\u1eb1m ph\u1eb3ng \u0111\u1ec3 kh\u00f4.<\/span><\/div>\n<\/li>\n<\/ul>\n<h2><span id=\"types-of-bra-inserts\" class=\"mj-toc-section\">C\u00e1c lo\u1ea1i mi\u1ebfng l\u00f3t \u00e1o ng\u1ef1c<\/span><\/h2>\n<p>D\u01b0\u1edbi \u0111\u00e2y l\u00e0 m\u1ed9t s\u1ed1 lo\u1ea1i ch\u00e8n \u00e1o ng\u1ef1c c\u00f3 s\u1eb5n.<\/p>\n<ul>\n<li>Thu\u1ed1c t\u0103ng c\u01b0\u1eddng ng\u1ef1c<\/li>\n<li>Mi\u1ebfng l\u00f3t \u0111\u1ea9y l\u00ean<\/li>\n<li>T\u1ea5m l\u00f3t ch\u1ed1ng th\u1ea5m<\/li>\n<li>Mi\u1ebfng ch\u00e8n sau ph\u1eabu thu\u1eadt c\u1eaft b\u1ecf v\u00fa<\/li>\n<li>m\u00e1y \u00e9p<\/li>\n<li>Mi\u1ebfng \u0111\u1ec7m x\u1ed1p<\/li>\n<\/ul>\n<h2><\/h2>\n<\/div>\n\t\t\n<style>\n#text-870596824 {\n  line-height: 1.7;\n}\n<\/style>\n\t<\/div>","protected":false},"excerpt":{"rendered":"<p>Nh\u00e0 s\u1ea3n xu\u1ea5t v\u00e0 cung c\u1ea5p mi\u1ebfng l\u00f3t \u00e1o ng\u1ef1c d\u00ednh Zaoyi t\u00f9y ch\u1ec9nh t\u1ea1i Trung Qu\u1ed1c<\/p>\n<p>\u2013 MOQ: 3000 chi\u1ebfc<br \/>\n\u2013 Cung c\u1ea5p d\u1ecbch v\u1ee5 OEM\/ODM<br \/>\n\u2013 C\u00f3 s\u1eb5n m\u1eabu mi\u1ec5n ph\u00ed<br \/>\n\u2013 T\u00e1i ch\u1ebf \u00e1o ng\u1ef1c<br \/>\n\u2013 Th\u1eddi gian s\u1eb5n s\u00e0ng 20-30 ng\u00e0y cho \u0111\u01a1n h\u00e0ng t\u00f9y ch\u1ec9nh<br \/>\n\u2013 Ch\u1ea5p nh\u1eadn t\u00f9y ch\u1ec9nh (th\u00f4ng s\u1ed1 k\u1ef9 thu\u1eadt, m\u00e0u s\u1eafc, thi\u1ebft k\u1ebf, v.v.)<\/p>\n<p>1) Ki\u1ec3u d\u00e1ng kh\u00f4ng m\u1eb7c \u00e1o ng\u1ef1c: \u0110\u1ea1t \u0111\u01b0\u1ee3c v\u1ebb ngo\u00e0i kh\u00f4ng m\u1eb7c \u00e1o l\u00f3t m\u00e0 kh\u00f4ng ph\u1ea3i hy sinh s\u1ef1 tho\u1ea3i m\u00e1i v\u00e0 h\u1ed7 tr\u1ee3.<br \/>\n2) C\u00f3 th\u1ec3 \u0111i\u1ec1u ch\u1ec9nh: D\u1ec5 d\u00e0ng \u0111i\u1ec1u ch\u1ec9nh \u0111\u1ed9 cao c\u1ee7a \u00e1o ng\u1ef1c \u0111\u1ec3 ph\u00f9 h\u1ee3p v\u1edbi h\u00ecnh d\u00e1ng c\u01a1 th\u1ec3 c\u1ee7a b\u1ea1n v\u00e0 \u0111\u1ea1t \u0111\u01b0\u1ee3c \u0111\u1ed9 v\u1eeba v\u1eb7n ho\u00e0n h\u1ea3o.<br \/>\n3) Tho\u1ea3i m\u00e1i: \u0110\u01b0\u1ee3c l\u00e0m t\u1eeb ch\u1ea5t li\u1ec7u m\u1ec1m m\u1ea1i v\u00e0 t\u1ef1 nhi\u00ean, mang l\u1ea1i s\u1ef1 tho\u1ea3i m\u00e1i v\u00e0 h\u1ed7 tr\u1ee3 t\u1ed1i \u0111a cho \u00e1o ng\u1ef1c c\u1ee7a b\u1ea1n.<\/p>\n<p>N\u1ebfu b\u1ea1n mu\u1ed1n bi\u1ebft gi\u00e1 mi\u1ebfng l\u00f3t \u00e1o ng\u1ef1c d\u00ednh, vui l\u00f2ng li\u00ean h\u1ec7 v\u1edbi ch\u00fang t\u00f4i.<\/p>","protected":false},"featured_media":2700,"comment_status":"open","ping_status":"closed","template":"","meta":[],"product_brand":[],"product_cat":[42],"product_tag":[],"class_list":{"0":"post-2693","1":"product","2":"type-product","3":"status-publish","4":"has-post-thumbnail","6":"product_cat-bra-inserts","8":"first","9":"instock","10":"shipping-taxable","11":"product-type-simple"},"_links":{"self":[{"href":"https:\/\/zaoyigarment.com\/vi\/wp-json\/wp\/v2\/product\/2693","targetHints":{"allow":["GET"]}}],"collection":[{"href":"https:\/\/zaoyigarment.com\/vi\/wp-json\/wp\/v2\/product"}],"about":[{"href":"https:\/\/zaoyigarment.com\/vi\/wp-json\/wp\/v2\/types\/product"}],"replies":[{"embeddable":true,"href":"https:\/\/zaoyigarment.com\/vi\/wp-json\/wp\/v2\/comments?post=2693"}],"wp:featuredmedia":[{"embeddable":true,"href":"https:\/\/zaoyigarment.com\/vi\/wp-json\/wp\/v2\/media\/2700"}],"wp:attachment":[{"href":"https:\/\/zaoyigarment.com\/vi\/wp-json\/wp\/v2\/media?parent=2693"}],"wp:term":[{"taxonomy":"product_brand","embeddable":true,"href":"https:\/\/zaoyigarment.com\/vi\/wp-json\/wp\/v2\/product_brand?post=2693"},{"taxonomy":"product_cat","embeddable":true,"href":"https:\/\/zaoyigarment.com\/vi\/wp-json\/wp\/v2\/product_cat?post=2693"},{"taxonomy":"product_tag","embeddable":true,"href":"https:\/\/zaoyigarment.com\/vi\/wp-json\/wp\/v2\/product_tag?post=2693"}],"curies":[{"name":"wp","href":"https:\/\/api.w.org\/{rel}","templated":true}]}}