 {"id":2651,"date":"2024-08-09T06:13:58","date_gmt":"2024-08-09T06:13:58","guid":{"rendered":"https:\/\/zaoyigarment.com\/?post_type=product&#038;p=2651"},"modified":"2025-10-17T02:56:29","modified_gmt":"2025-10-17T02:56:29","slug":"bra-laundry-bag","status":"publish","type":"product","link":"https:\/\/zaoyigarment.com\/vi\/manufacturer\/bra-laundry-bag\/","title":{"rendered":"T\u00fai gi\u1eb7t \u00e1o ng\u1ef1c T\u00fai gi\u1eb7t \u00e1o ng\u1ef1c 3 k\u00edch c\u1ee1 cho b\u1ed9 \u0111\u1ed3 l\u00f3t m\u1ecfng manh"},"content":{"rendered":"<ul class=\"a-unordered-list a-vertical a-spacing-mini\">\n<li><span class=\"a-list-item\"><strong>\ud83c\udf6aT\u00caN:<\/strong> t\u00fai gi\u1eb7t \u00e1o ng\u1ef1c, t\u00fai gi\u1eb7t \u00e1o ng\u1ef1c, t\u00fai gi\u1eb7t<\/span><\/li>\n<li><span class=\"a-list-item\"><strong>\ud83c\udf6a H\u00ccNH D\u1ea0NG:<\/strong> h\u00ecnh ch\u1eef nh\u1eadt<\/span><\/li>\n<li><span class=\"a-list-item\"><strong>\ud83c\udf6aKH\u00d4NG D\u00c2Y:<\/strong> \u0110\u00fang<\/span><\/li>\n<li><span class=\"a-list-item\"><strong>\ud83c\udf6aM\u00c0U S\u1eaeC S\u1ea2N PH\u1ea8M:<\/strong> tr\u1eafng, \u0111en, t\u00f9y ch\u1ec9nh.<\/span><\/li>\n<li><span class=\"a-list-item\">\ud83c\udf6a<strong>K\u00cdCH TH\u01af\u1edaC:<\/strong> t\u00f9y ch\u1ec9nh<\/span><\/li>\n<li><span class=\"a-list-item\">\ud83c\udf6a<strong>\u1ee8NG D\u1ee4NG:<\/strong> ch\u1ed1ng tu\u1ed9t d\u00e2y \u00e1o ng\u1ef1c<\/span><\/li>\n<li><span class=\"a-color-base\"><span class=\"a-list-item\"><strong>\ud83c\udf6aLO\u1ea0I V\u1eacT LI\u1ec6U: <\/strong>polyester<\/span><\/span><\/li>\n<li><span class=\"a-color-base\"><span class=\"a-list-item\"><strong>\ud83c\udf6aH\u01af\u1edaNG D\u1eaaN CH\u0102M S\u00d3C: <\/strong>t\u00e1i s\u1eed d\u1ee5ng<\/span><\/span><\/li>\n<li><strong><span class=\"a-color-base\"><span class=\"a-list-item\">\ud83c\udf6a<\/span><\/span>L\u1edcI KHUY\u00caN QUAN TR\u1eccNG:<\/strong><br \/>\nGi\u1eb7t m\u00e1y t\u1ed1i \u0111a<\/li>\n<li>Nhi\u1ec7t \u0111\u1ed9 140 \u00b0F<\/li>\n<li>S\u1ea5y kh\u00f4 d\u01b0\u1edbi 140 \u00b0F<\/li>\n<li>Kh\u00f4ng t\u1ea9y tr\u1eafng<\/li>\n<li>Kh\u00f4ng gi\u1eb7t kh\u00f4<\/li>\n<li>Kh\u00f4ng \u1ee7i<\/li>\n<\/ul>\n<h2><\/h2>\n<h2><\/h2>\n\t<div class=\"img has-hover x md-x lg-x y md-y lg-y\" id=\"image_372670866\">\n\t\t\t\t\t\t\t\t<div class=\"img-inner dark\" >\n\t\t\t<img loading=\"lazy\" decoding=\"async\" width=\"1000\" height=\"1000\" src=\"https:\/\/zaoyigarment.com\/wp-content\/uploads\/2024\/08\/laundry-bag-specifics.webp\" class=\"attachment-large size-large\" alt=\"th\u00f4ng s\u1ed1 k\u1ef9 thu\u1eadt c\u1ee7a t\u00fai gi\u1eb7t\" srcset=\"https:\/\/zaoyigarment.com\/wp-content\/uploads\/2024\/08\/laundry-bag-specifics.webp 1000w, https:\/\/zaoyigarment.com\/wp-content\/uploads\/2024\/08\/laundry-bag-specifics-300x300.webp 300w, https:\/\/zaoyigarment.com\/wp-content\/uploads\/2024\/08\/laundry-bag-specifics-150x150.webp 150w, https:\/\/zaoyigarment.com\/wp-content\/uploads\/2024\/08\/laundry-bag-specifics-768x768.webp 768w, https:\/\/zaoyigarment.com\/wp-content\/uploads\/2024\/08\/laundry-bag-specifics-12x12.webp 12w, https:\/\/zaoyigarment.com\/wp-content\/uploads\/2024\/08\/laundry-bag-specifics-600x600.webp 600w, https:\/\/zaoyigarment.com\/wp-content\/uploads\/2024\/08\/laundry-bag-specifics-100x100.webp 100w\" sizes=\"auto, (max-width: 1000px) 100vw, 1000px\" \/>\t\t\t\t\t\t\n\t\t\t\t\t<\/div>\n\t\t\t\t\t\t\t\t\n<style>\n#image_372670866 {\n  width: 100%;\n}\n<\/style>\n\t<\/div>\n\t\n\t<div class=\"img has-hover x md-x lg-x y md-y lg-y\" id=\"image_515576158\">\n\t\t\t\t\t\t\t\t<div class=\"img-inner dark\" >\n\t\t\t<img loading=\"lazy\" decoding=\"async\" width=\"1000\" height=\"1000\" src=\"https:\/\/zaoyigarment.com\/wp-content\/uploads\/2024\/08\/bra-wash-bag-specifics.webp\" class=\"attachment-large size-large\" alt=\"th\u00f4ng s\u1ed1 k\u1ef9 thu\u1eadt c\u1ee7a t\u00fai gi\u1eb7t \u00e1o ng\u1ef1c\" srcset=\"https:\/\/zaoyigarment.com\/wp-content\/uploads\/2024\/08\/bra-wash-bag-specifics.webp 1000w, https:\/\/zaoyigarment.com\/wp-content\/uploads\/2024\/08\/bra-wash-bag-specifics-300x300.webp 300w, https:\/\/zaoyigarment.com\/wp-content\/uploads\/2024\/08\/bra-wash-bag-specifics-150x150.webp 150w, https:\/\/zaoyigarment.com\/wp-content\/uploads\/2024\/08\/bra-wash-bag-specifics-768x768.webp 768w, https:\/\/zaoyigarment.com\/wp-content\/uploads\/2024\/08\/bra-wash-bag-specifics-12x12.webp 12w, https:\/\/zaoyigarment.com\/wp-content\/uploads\/2024\/08\/bra-wash-bag-specifics-600x600.webp 600w, https:\/\/zaoyigarment.com\/wp-content\/uploads\/2024\/08\/bra-wash-bag-specifics-100x100.webp 100w\" sizes=\"auto, (max-width: 1000px) 100vw, 1000px\" \/>\t\t\t\t\t\t\n\t\t\t\t\t<\/div>\n\t\t\t\t\t\t\t\t\n<style>\n#image_515576158 {\n  width: 100%;\n}\n<\/style>\n\t<\/div>","protected":false},"excerpt":{"rendered":"<p>Nh\u00e0 s\u1ea3n xu\u1ea5t v\u00e0 cung c\u1ea5p t\u00fai gi\u1eb7t \u00e1o ng\u1ef1c t\u00f9y ch\u1ec9nh Zaoyi t\u1ea1i Trung Qu\u1ed1c<\/p>\n<p>\u2013 MOQ: 3000 chi\u1ebfc<br \/>\n\u2013 Cung c\u1ea5p d\u1ecbch v\u1ee5 OEM\/ODM<br \/>\n\u2013 C\u00f3 s\u1eb5n m\u1eabu mi\u1ec5n ph\u00ed<br \/>\n\u2013 L\u1ef1a ch\u1ecdn v\u1eadt li\u1ec7u t\u00e1i ch\u1ebf<br \/>\n\u2013 Th\u1eddi gian s\u1eb5n s\u00e0ng 25-35 ng\u00e0y cho \u0111\u01a1n h\u00e0ng t\u00f9y ch\u1ec9nh<br \/>\n\u2013 Ch\u1ea5p nh\u1eadn t\u00f9y ch\u1ec9nh (th\u00f4ng s\u1ed1 k\u1ef9 thu\u1eadt, m\u00e0u s\u1eafc, thi\u1ebft k\u1ebf, v.v.)<\/p>\n<p>1) Gi\u1ea3i ph\u00e1p gi\u1eb7t \u00e1o ng\u1ef1c t\u1ed1t nh\u1ea5t<br \/>\n2) Kh\u00f4ng th\u00eam ch\u1ea5t hu\u1ef3nh quang<br \/>\n3) L\u01b0\u1edbi ticker 2,5 l\u1ea7n<br \/>\n4) C\u00f3 th\u1ec3 th\u1ea5m<br \/>\n5) Kh\u00f3a c\u1ea1nh si\u00eau gia c\u1ed1<\/p>\n<p>N\u1ebfu b\u1ea1n mu\u1ed1n bi\u1ebft gi\u00e1 t\u00fai gi\u1eb7t \u00e1o ng\u1ef1c, vui l\u00f2ng li\u00ean h\u1ec7 v\u1edbi ch\u00fang t\u00f4i.<\/p>","protected":false},"featured_media":2653,"comment_status":"open","ping_status":"closed","template":"","meta":[],"product_brand":[],"product_cat":[53],"product_tag":[],"class_list":{"0":"post-2651","1":"product","2":"type-product","3":"status-publish","4":"has-post-thumbnail","6":"product_cat-bra-accessories","8":"first","9":"instock","10":"shipping-taxable","11":"product-type-simple"},"_links":{"self":[{"href":"https:\/\/zaoyigarment.com\/vi\/wp-json\/wp\/v2\/product\/2651","targetHints":{"allow":["GET"]}}],"collection":[{"href":"https:\/\/zaoyigarment.com\/vi\/wp-json\/wp\/v2\/product"}],"about":[{"href":"https:\/\/zaoyigarment.com\/vi\/wp-json\/wp\/v2\/types\/product"}],"replies":[{"embeddable":true,"href":"https:\/\/zaoyigarment.com\/vi\/wp-json\/wp\/v2\/comments?post=2651"}],"wp:featuredmedia":[{"embeddable":true,"href":"https:\/\/zaoyigarment.com\/vi\/wp-json\/wp\/v2\/media\/2653"}],"wp:attachment":[{"href":"https:\/\/zaoyigarment.com\/vi\/wp-json\/wp\/v2\/media?parent=2651"}],"wp:term":[{"taxonomy":"product_brand","embeddable":true,"href":"https:\/\/zaoyigarment.com\/vi\/wp-json\/wp\/v2\/product_brand?post=2651"},{"taxonomy":"product_cat","embeddable":true,"href":"https:\/\/zaoyigarment.com\/vi\/wp-json\/wp\/v2\/product_cat?post=2651"},{"taxonomy":"product_tag","embeddable":true,"href":"https:\/\/zaoyigarment.com\/vi\/wp-json\/wp\/v2\/product_tag?post=2651"}],"curies":[{"name":"wp","href":"https:\/\/api.w.org\/{rel}","templated":true}]}}