 {"id":2288,"date":"2024-02-26T07:37:58","date_gmt":"2024-02-26T07:37:58","guid":{"rendered":"https:\/\/zaoyigarment.com\/?post_type=product&#038;p=2288"},"modified":"2025-10-20T02:30:53","modified_gmt":"2025-10-20T02:30:53","slug":"sexy-bra-breast-boob-covers-colorful-fun-nipple-covers","status":"publish","type":"product","link":"https:\/\/zaoyigarment.com\/vi\/manufacturer\/sexy-bra-breast-boob-covers-colorful-fun-nipple-covers\/","title":{"rendered":"\u00c1o ng\u1ef1c g\u1ee3i c\u1ea3m V\u1ecf ng\u1ef1c Boob V\u1ecf b\u1ecdc n\u00fam v\u00fa vui nh\u1ed9n \u0111\u1ea7y m\u00e0u s\u1eafc"},"content":{"rendered":"<ul class=\"a-unordered-list a-vertical a-spacing-mini\">\n<li><span class=\"a-list-item\"><strong>\ud83c\udf6a H\u00ccNH D\u1ea0NG:<\/strong> b\u1ea5t k\u1ef3 h\u00ecnh d\u1ea1ng n\u00e0o<\/span><\/li>\n<li><span class=\"a-list-item\"><strong>\ud83c\udf6aKH\u00d4NG D\u00c2Y:<\/strong> \u0110\u00fang<\/span><\/li>\n<li><span class=\"a-list-item\"><strong>\ud83c\udf6aM\u00c0U S\u1eaeC S\u1ea2N PH\u1ea8M:<\/strong> xanh, \u0111en, n\u00e2u, t\u00f9y ch\u1ec9nh.<\/span><\/li>\n<li><span class=\"a-list-item\">\ud83c\udf6a<strong>K\u00cdCH TH\u01af\u1edaC:<\/strong> t\u00f9y ch\u1ec9nh<\/span><\/li>\n<li><span class=\"a-list-item\">\ud83c\udf6a<strong>\u1ee8NG D\u1ee4NG:<\/strong> trang ph\u1ee5c g\u1ee3i c\u1ea3m, ti\u1ec7c t\u00f9ng, ti\u1ec7c, gi\u1ea3n d\u1ecb, v.v.<\/span><\/li>\n<li><span class=\"a-color-base\"><span class=\"a-list-item\"><strong>\ud83c\udf6aLO\u1ea0I V\u1eacT LI\u1ec6U: <\/strong>ch\u00f3 +th\u00fa c\u01b0ng<\/span><\/span><\/li>\n<li><span class=\"a-color-base\"><span class=\"a-list-item\"><strong>\ud83c\udf6aH\u01af\u1edaNG D\u1eaaN CH\u0102M S\u00d3C: <\/strong>d\u00f9ng m\u1ed9t l\u1ea7n<\/span><\/span><\/li>\n<li><strong><span class=\"a-color-base\"><span class=\"a-list-item\">\ud83c\udf6a<\/span><\/span>L\u1edcI KHUY\u00caN QUAN TR\u1eccNG:<\/strong><br \/>\nKh\u00f4ng ph\u00f9 h\u1ee3p n\u1ebfu b\u1ea1n c\u00f3 v\u1ea5n \u0111\u1ec1 v\u1ec1 da ho\u1eb7c khi da b\u1ea1n b\u1ecb th\u01b0\u01a1ng, nhi\u1ec5m tr\u00f9ng ho\u1eb7c ch\u00e1y n\u1eafng.<br \/>\nVui l\u00f2ng kh\u00f4ng s\u1eed d\u1ee5ng s\u1ea3n ph\u1ea9m n\u00e0y n\u1ebfu b\u1ea1n \u0111ang mang thai ho\u1eb7c cho con b\u00fa, n\u1ebfu b\u1ea1n b\u1ecb d\u1ecb \u1ee9ng v\u1edbi silica gel ho\u1eb7c n\u1ebfu b\u1ea1n v\u1eeba ph\u1eabu thu\u1eadt n\u00e2ng ng\u1ef1c ho\u1eb7c thu nh\u1ecf ng\u1ef1c.<br \/>\nN\u1ebfu c\u00f3 b\u1ea5t k\u1ef3 b\u1ea5t th\u01b0\u1eddng n\u00e0o v\u1ec1 da x\u1ea3y ra khi s\u1eed d\u1ee5ng s\u1ea3n ph\u1ea9m n\u00e0y, h\u00e3y ng\u1eebng s\u1eed d\u1ee5ng ngay l\u1eadp t\u1ee9c v\u00e0 tham kh\u1ea3o \u00fd ki\u1ebfn b\u00e1c s\u0129 da li\u1ec5u ho\u1eb7c chuy\u00ean gia v\u1ec1 da ngay l\u1eadp t\u1ee9c.<\/li>\n<\/ul>\n<h2><\/h2>\n<h2>Bi\u1ec3u \u0110\u1ed3 K\u00edch Th\u01b0\u1edbc \u00c1o Ng\u1ef1c V\u1edbi H\u00ecnh \u1ea2nh<\/h2>\n\t<div class=\"img has-hover x md-x lg-x y md-y lg-y\" id=\"image_1273033703\">\n\t\t\t\t\t\t\t\t<div class=\"img-inner dark\" >\n\t\t\t<img loading=\"lazy\" decoding=\"async\" width=\"1020\" height=\"976\" src=\"https:\/\/zaoyigarment.com\/wp-content\/uploads\/2024\/01\/bra-size-calculator-1024x980.webp\" class=\"attachment-large size-large\" alt=\"c\u00e1ch t\u00ednh c\u1ee1 \u00e1o ng\u1ef1c\" srcset=\"https:\/\/zaoyigarment.com\/wp-content\/uploads\/2024\/01\/bra-size-calculator-1024x980.webp 1024w, https:\/\/zaoyigarment.com\/wp-content\/uploads\/2024\/01\/bra-size-calculator-300x287.webp 300w, https:\/\/zaoyigarment.com\/wp-content\/uploads\/2024\/01\/bra-size-calculator-768x735.webp 768w, https:\/\/zaoyigarment.com\/wp-content\/uploads\/2024\/01\/bra-size-calculator-1536x1471.webp 1536w, https:\/\/zaoyigarment.com\/wp-content\/uploads\/2024\/01\/bra-size-calculator-600x575.webp 600w, https:\/\/zaoyigarment.com\/wp-content\/uploads\/2024\/01\/bra-size-calculator.webp 2000w\" sizes=\"auto, (max-width: 1020px) 100vw, 1020px\" \/>\t\t\t\t\t\t\n\t\t\t\t\t<\/div>\n\t\t\t\t\t\t\t\t\n<style>\n#image_1273033703 {\n  width: 100%;\n}\n<\/style>\n\t<\/div>","protected":false},"excerpt":{"rendered":"<p>Nh\u00e0 s\u1ea3n xu\u1ea5t v\u00e0 cung c\u1ea5p n\u1eafp n\u00fam v\u00fa t\u00f9y ch\u1ec9nh Zaoyi t\u1ea1i Trung Qu\u1ed1c<\/p>\n<p>\u2013 MOQ: 3000 chi\u1ebfc<br \/>\n\u2013 Cung c\u1ea5p d\u1ecbch v\u1ee5 OEM\/ODM<br \/>\n\u2013 C\u00f3 s\u1eb5n m\u1eabu mi\u1ec5n ph\u00ed<br \/>\n\u2013 T\u00e1i ch\u1ebf \u00e1o ng\u1ef1c<br \/>\n\u2013 Th\u1eddi gian s\u1eb5n s\u00e0ng 25-35 ng\u00e0y cho \u0111\u01a1n h\u00e0ng t\u00f9y ch\u1ec9nh<br \/>\n\u2013 Ch\u1ea5p nh\u1eadn t\u00f9y ch\u1ec9nh (th\u00f4ng s\u1ed1 k\u1ef9 thu\u1eadt, m\u00e0u s\u1eafc, thi\u1ebft k\u1ebf, v.v.)<\/p>\n<p>1) Gi\u1ea3i ph\u00e1p \u00e1o ng\u1ef1c t\u1ed1t nh\u1ea5t \u0111\u1ec3 m\u1eb7c v\u1edbi trang ph\u1ee5c g\u1ee3i c\u1ea3m, v\u00e1y h\u1edf l\u01b0ng, v\u00e1y c\u01b0\u1edbi, \u00e1o ph\u00f4ng, v.v.<br \/>\n2) Thi\u1ebft k\u1ebf li\u1ec1n m\u1ea1ch v\u00e0 h\u1ed7 tr\u1ee3 mang l\u1ea1i s\u1ef1 tho\u1ea3i m\u00e1i<br \/>\n3) Gel m\u1ecbn v\u00e0 c\u1ea5p y t\u1ebf<br \/>\n4) C\u00f3 th\u1ec3 t\u00f9y ch\u1ec9nh v\u1ea3i ho\u1eb7c hoa v\u0103n tr\u00ean n\u1eafp n\u00fam v\u00fa<br \/>\n5) M\u00e0u s\u1eafc s\u1ed1ng \u0111\u1ed9ng, ch\u1ed1ng phai m\u00e0u<br \/>\n6) T\u00f9y ch\u1ec9nh DIY<\/p>\n<p>N\u1ebfu b\u1ea1n mu\u1ed1n bi\u1ebft gi\u00e1 b\u1ecdc n\u00fam v\u00fa, vui l\u00f2ng li\u00ean h\u1ec7 v\u1edbi ch\u00fang t\u00f4i.<\/p>","protected":false},"featured_media":2869,"comment_status":"open","ping_status":"closed","template":"","meta":[],"product_brand":[],"product_cat":[52],"product_tag":[],"class_list":{"0":"post-2288","1":"product","2":"type-product","3":"status-publish","4":"has-post-thumbnail","6":"product_cat-nipple-cover","8":"first","9":"instock","10":"shipping-taxable","11":"product-type-simple"},"_links":{"self":[{"href":"https:\/\/zaoyigarment.com\/vi\/wp-json\/wp\/v2\/product\/2288","targetHints":{"allow":["GET"]}}],"collection":[{"href":"https:\/\/zaoyigarment.com\/vi\/wp-json\/wp\/v2\/product"}],"about":[{"href":"https:\/\/zaoyigarment.com\/vi\/wp-json\/wp\/v2\/types\/product"}],"replies":[{"embeddable":true,"href":"https:\/\/zaoyigarment.com\/vi\/wp-json\/wp\/v2\/comments?post=2288"}],"wp:featuredmedia":[{"embeddable":true,"href":"https:\/\/zaoyigarment.com\/vi\/wp-json\/wp\/v2\/media\/2869"}],"wp:attachment":[{"href":"https:\/\/zaoyigarment.com\/vi\/wp-json\/wp\/v2\/media?parent=2288"}],"wp:term":[{"taxonomy":"product_brand","embeddable":true,"href":"https:\/\/zaoyigarment.com\/vi\/wp-json\/wp\/v2\/product_brand?post=2288"},{"taxonomy":"product_cat","embeddable":true,"href":"https:\/\/zaoyigarment.com\/vi\/wp-json\/wp\/v2\/product_cat?post=2288"},{"taxonomy":"product_tag","embeddable":true,"href":"https:\/\/zaoyigarment.com\/vi\/wp-json\/wp\/v2\/product_tag?post=2288"}],"curies":[{"name":"wp","href":"https:\/\/api.w.org\/{rel}","templated":true}]}}