 {"id":1968,"date":"2023-12-29T08:09:23","date_gmt":"2023-12-29T08:09:23","guid":{"rendered":"https:\/\/zaoyigarment.com\/?post_type=product&#038;p=1968"},"modified":"2026-03-19T17:50:20","modified_gmt":"2026-03-19T17:50:20","slug":"clear-strap-clear-strap-bra-metal-bra-strap","status":"publish","type":"product","link":"https:\/\/zaoyigarment.com\/vi\/manufacturer\/clear-strap-clear-strap-bra-metal-bra-strap\/","title":{"rendered":"D\u00e2y \u0111eo r\u00f5 r\u00e0ng cho d\u00e2y \u0111eo \u00e1o ng\u1ef1c r\u00f5 r\u00e0ng D\u00e2y \u0111eo \u00e1o ng\u1ef1c kim lo\u1ea1i D\u00e2y \u0111eo \u00e1o ng\u1ef1c trang tr\u00ed"},"content":{"rendered":"<ul>\n<li><span class=\"a-list-item a-size-base a-color-base\"><strong>D\u00e0y v\u00e0 c\u1ee9ng:<\/strong> D\u00e2y \u00e1o ng\u1ef1c trong su\u1ed1t c\u1ee7a ch\u00fang t\u00f4i \u0111\u01b0\u1ee3c l\u00e0m t\u1eeb ch\u1ea5t li\u1ec7u TPU cao c\u1ea5p, b\u1ec1n ch\u1eafc, kh\u00f4ng d\u1ec5 tu\u1ed9t v\u00e0 c\u00f3 th\u1ec3 ch\u1ecbu \u0111\u01b0\u1ee3c \u00e1p l\u1ef1c c\u1ee7a v\u00f2ng 1 l\u1edbn m\u00e0 kh\u00f4ng b\u1ecb \u0111\u1ee9t.<\/span><\/li>\n<\/ul>\n<ul class=\"a-unordered-list a-vertical a-spacing-small\">\n<li><span class=\"a-list-item a-size-base a-color-base\"><strong>M\u1ed9t lo\u1ea1t c\u00e1c chi\u1ec1u r\u1ed9ng v\u00e0 v\u00f4 h\u00ecnh:<\/strong> Ch\u00fang t\u00f4i c\u00f3 c\u00e1c k\u00edch c\u1ee1 8 mm, 10 mm, 12 mm, 15 mm, 18 mm, 20 mm, v.v. \u0111\u1ec3 b\u1ea1n l\u1ef1a ch\u1ecdn, cho ph\u00e9p b\u1ea1n t\u00ecm \u0111\u01b0\u1ee3c k\u00edch c\u1ee1 ph\u00f9 h\u1ee3p v\u1edbi m\u00ecnh. V\u00ec m\u00e0u c\u1ee7a d\u00e2y \u00e1o ng\u1ef1c trong su\u1ed1t n\u00ean c\u00f3 th\u1ec3 h\u00f2a h\u1ee3p t\u1ed1t v\u1edbi t\u00f4ng m\u00e0u da c\u1ee7a b\u1ea1n.<\/span><\/li>\n<\/ul>\n<ul class=\"a-unordered-list a-vertical a-spacing-small\">\n<li><span class=\"a-list-item a-size-base a-color-base\"><strong>C\u00f3 th\u1ec3 \u0111i\u1ec1u ch\u1ec9nh v\u00e0 s\u1eed d\u1ee5ng \u0111\u01a1n gi\u1ea3n:<\/strong> D\u00e2y \u00e1o ng\u1ef1c v\u00f4 h\u00ecnh \u0111\u01b0\u1ee3c thi\u1ebft k\u1ebf v\u1edbi \u0111\u1ed9 d\u00e0i v\u1eeba \u0111\u1ee7 theo ph\u1ea3n h\u1ed3i c\u1ee7a kh\u00e1ch h\u00e0ng, c\u00f3 th\u1ec3 k\u00e9o d\u00e0i l\u00ean \u0111\u1ebfn 70cm n\u00ean b\u1ea1n c\u00f3 th\u1ec3 d\u1ec5 d\u00e0ng \u0111i\u1ec1u ch\u1ec9nh. M\u00f3c ph\u00f9 h\u1ee3p v\u1edbi h\u1ea7u h\u1ebft c\u00e1c khoen \u00e1o ng\u1ef1c tr\u00ean th\u1ecb tr\u01b0\u1eddng n\u00ean r\u1ea5t d\u1ec5 d\u00e0ng \u0111\u1ec3 th\u00eam ho\u1eb7c th\u00e1o \u00e1o ng\u1ef1c.<\/span><\/li>\n<\/ul>\n<ul>\n<li><span class=\"a-list-item a-size-base a-color-base\"><strong>M\u1eb7c tho\u1ea3i m\u00e1i:<\/strong> D\u00e2y \u00e1o ng\u1ef1c trong su\u1ed1t \u0111\u01b0\u1ee3c l\u00e0m b\u1eb1ng silicon m\u1ec1m m\u1ea1i, t\u1ed1t cho s\u1ee9c kh\u1ecfe v\u00e0 th\u00e2n thi\u1ec7n v\u1edbi m\u00f4i tr\u01b0\u1eddng, gi\u00fap b\u1ea1n m\u1eb7c tho\u1ea3i m\u00e1i m\u00e0 kh\u00f4ng l\u00e0m t\u1ed5n th\u01b0\u01a1ng da, c\u00f3 th\u1ec3 t\u00e1i s\u1eed d\u1ee5ng m\u00e0 kh\u00f4ng g\u00e2y k\u00edch \u1ee9ng da.<\/span><\/li>\n<\/ul>\n<ul class=\"a-unordered-list a-vertical a-spacing-small\">\n<li><span class=\"a-list-item a-size-base a-color-base\"><strong>D\u1ecbp:<\/strong> D\u00e2y \u00e1o l\u00f3t trong su\u1ed1t r\u1ea5t th\u00edch h\u1ee3p cho c\u00e1c ch\u1ecb em m\u1eb7c vest, v\u00e1y hai d\u00e2y, \u00e1o \u1ed1ng, v\u00e1y trong m\u00f9a h\u00e8, khoe l\u00e0n da \u0111\u1eb9p t\u1ef1 nhi\u00ean, khi\u1ebfn b\u1ea1n tr\u00f4ng th\u1eadt kh\u00f4ng t\u00ec v\u1ebft.<\/span><\/li>\n<\/ul>","protected":false},"excerpt":{"rendered":"<p>Nh\u00e0 s\u1ea3n xu\u1ea5t v\u00e0 cung c\u1ea5p d\u00e2y \u0111eo \u00e1o ng\u1ef1c t\u00f9y ch\u1ec9nh Zaoyi t\u1ea1i Trung Qu\u1ed1c<\/p>\n<p>\u2013 MOQ: 3000 chi\u1ebfc<br \/>\n\u2013 Cung c\u1ea5p d\u1ecbch v\u1ee5 OEM\/ODM<br \/>\n\u2013 C\u00f3 s\u1eb5n m\u1eabu mi\u1ec5n ph\u00ed<br \/>\n\u2013 T\u00e1i ch\u1ebf \u00e1o ng\u1ef1c<br \/>\n\u2013 Th\u1eddi gian s\u1eb5n s\u00e0ng 20-30 ng\u00e0y cho \u0111\u01a1n h\u00e0ng t\u00f9y ch\u1ec9nh<br \/>\n\u2013 Ch\u1ea5p nh\u1eadn t\u00f9y ch\u1ec9nh (th\u00f4ng s\u1ed1 k\u1ef9 thu\u1eadt, m\u00e0u s\u1eafc, thi\u1ebft k\u1ebf, v.v.)<\/p>\n<p>D\u00e2y \u0111ai v\u00f4 h\u00ecnh 3\/8\u201d<br \/>\n\u2022 \u0110\u01b0\u1ee3c l\u00e0m t\u1eeb TPU kh\u00f4ng g\u00e2y d\u1ecb \u1ee9ng, m\u1ed9t gi\u1ea3i ph\u00e1p thay th\u1ebf m\u1ec1m h\u01a1n v\u00e0 ch\u1eafc ch\u1eafn h\u01a1n cho d\u00e2y \u0111eo b\u1eb1ng cao su ho\u1eb7c nh\u1ef1a.<br \/>\n\u2022 B\u1ed9 \u0111i\u1ec1u ch\u1ec9nh v\u00e0 ph\u1ee5 ki\u1ec7n kh\u00f4ng ch\u1ee9a niken.<br \/>\n\u2022 Kh\u00f4ng ch\u1ec9 d\u00f9ng l\u00e0m \u00e1o ng\u1ef1c, ch\u00fang c\u00f2n c\u00f3 th\u1ec3 m\u1eb7c v\u1edbi \u0111\u1ed3 b\u01a1i v\u00e0 v\u00e1y.<br \/>\n\u2022 X\u00f3a ho\u1eb7c t\u00f9y ch\u1ec9nh<br \/>\n\u2022 Ch\u1ecdn k\u00edch th\u01b0\u1edbc kh\u00e1c nhau<\/p>\n<p>N\u1ebfu b\u1ea1n mu\u1ed1n bi\u1ebft gi\u00e1 d\u00e2y \u00e1o ng\u1ef1c, vui l\u00f2ng li\u00ean h\u1ec7 v\u1edbi ch\u00fang t\u00f4i.<\/p>","protected":false},"featured_media":1971,"comment_status":"open","ping_status":"closed","template":"","meta":[],"product_brand":[],"product_cat":[39,53],"product_tag":[],"class_list":{"0":"post-1968","1":"product","2":"type-product","3":"status-publish","4":"has-post-thumbnail","6":"product_cat-bra-strap","7":"product_cat-bra-accessories","9":"first","10":"instock","11":"shipping-taxable","12":"product-type-simple"},"_links":{"self":[{"href":"https:\/\/zaoyigarment.com\/vi\/wp-json\/wp\/v2\/product\/1968","targetHints":{"allow":["GET"]}}],"collection":[{"href":"https:\/\/zaoyigarment.com\/vi\/wp-json\/wp\/v2\/product"}],"about":[{"href":"https:\/\/zaoyigarment.com\/vi\/wp-json\/wp\/v2\/types\/product"}],"replies":[{"embeddable":true,"href":"https:\/\/zaoyigarment.com\/vi\/wp-json\/wp\/v2\/comments?post=1968"}],"wp:featuredmedia":[{"embeddable":true,"href":"https:\/\/zaoyigarment.com\/vi\/wp-json\/wp\/v2\/media\/1971"}],"wp:attachment":[{"href":"https:\/\/zaoyigarment.com\/vi\/wp-json\/wp\/v2\/media?parent=1968"}],"wp:term":[{"taxonomy":"product_brand","embeddable":true,"href":"https:\/\/zaoyigarment.com\/vi\/wp-json\/wp\/v2\/product_brand?post=1968"},{"taxonomy":"product_cat","embeddable":true,"href":"https:\/\/zaoyigarment.com\/vi\/wp-json\/wp\/v2\/product_cat?post=1968"},{"taxonomy":"product_tag","embeddable":true,"href":"https:\/\/zaoyigarment.com\/vi\/wp-json\/wp\/v2\/product_tag?post=1968"}],"curies":[{"name":"wp","href":"https:\/\/api.w.org\/{rel}","templated":true}]}}