 {"id":1931,"date":"2023-12-29T06:16:54","date_gmt":"2023-12-29T06:16:54","guid":{"rendered":"https:\/\/zaoyigarment.com\/?post_type=product&#038;p=1931"},"modified":"2026-03-30T10:54:24","modified_gmt":"2026-03-30T10:54:24","slug":"bra-converter-bra-clasps-bra-clip","status":"publish","type":"product","link":"https:\/\/zaoyigarment.com\/vi\/manufacturer\/bra-converter-bra-clasps-bra-clip\/","title":{"rendered":"B\u1ed9 chuy\u1ec3n \u0111\u1ed5i \u00e1o ng\u1ef1c \u00c1o ng\u1ef1c k\u1eb9p \u00e1o ng\u1ef1c B\u1ed9 chuy\u1ec3n \u0111\u1ed5i d\u00e2y \u0111eo \u00e1o ng\u1ef1c"},"content":{"rendered":"<ul>\n<li><span class=\"a-list-item a-size-base a-color-base\"><strong>Lo\u1ea1i b\u1ecf r\u1eafc r\u1ed1i do d\u00e2y \u00e1o ng\u1ef1c b\u1ecb r\u01a1i<\/strong> \u2013 D\u1ec5 d\u00e0ng \u0111i\u1ec1u ch\u1ec9nh \u0111\u1ec3 ph\u00f9 h\u1ee3p v\u1edbi m\u1ecdi chi\u1ec1u cao, \u0111\u1ed3ng th\u1eddi k\u1eb9p s\u1ebd gi\u1eef d\u00e2y \u00e1o ng\u1ef1c c\u1ed1 \u0111\u1ecbnh v\u00e0 gi\u1ea5u k\u00edn.<\/span><\/li>\n<\/ul>\n<ul class=\"a-unordered-list a-vertical a-spacing-small\">\n<li><span class=\"a-list-item a-size-base a-color-base\"><strong>Thi\u1ebft k\u1ebf g\u1ecdn nh\u1eb9<\/strong> \u2013 Bi\u1ebfn h\u00f3a b\u1ea5t k\u1ef3 chi\u1ebfc \u00e1o ng\u1ef1c n\u00e0o m\u1ed9t c\u00e1ch d\u1ec5 d\u00e0ng v\u00e0 tho\u1ea3i m\u00e1i. Thi\u1ebft k\u1ebf ti\u1ec7n d\u1ee5ng gi\u00fap gi\u1ea3m b\u1edbt s\u1ef1 kh\u00f3 ch\u1ecbu v\u00e0 gi\u1eef cho nh\u1eefng d\u00e2y \u00e1o ng\u1ef1c phi\u1ec1n to\u00e1i \u0111\u00f3 kh\u00f4ng b\u1ecb h\u1eb1n s\u00e2u v\u00e0o vai b\u1ea1n.<\/span><\/li>\n<\/ul>\n<ul class=\"a-unordered-list a-vertical a-spacing-small\">\n<li><span class=\"a-list-item a-size-base a-color-base\"><strong>D\u1ecbp<\/strong> - Ho\u00e0n h\u1ea3o cho l\u01b0ng \u0111ua, v\u00e1y, \u00e1o s\u01a1 mi, \u00e1o c\u00e1nh, \u00e1o th\u1ec3 thao v\u00e0 nhi\u1ec1u th\u1ee9 kh\u00e1c. Bi\u1ebfn h\u00f3a b\u1ea5t k\u1ef3 chi\u1ebfc \u00e1o ng\u1ef1c n\u00e0o m\u1ed9t c\u00e1ch d\u1ec5 d\u00e0ng v\u00e0 tho\u1ea3i m\u00e1i. K\u1eb9p v\u00e0o ph\u1ea7n tr\u00ean bikini c\u1ee7a b\u1ea1n \u0111\u1ec3 c\u00f3 v\u1ebb ngo\u00e0i \u0111\u1ea7y \u0111\u1eb7n, quy\u1ebfn r\u0169 h\u01a1n.<\/span><\/li>\n<\/ul>\n<ul class=\"a-unordered-list a-vertical a-spacing-small\">\n<li><span class=\"a-list-item a-size-base a-color-base\"><strong>B\u1ed9 K\u1eb9p D\u00e2y \u00c1o Ng\u1ef1c Si\u00eau Gi\u00e1 Tr\u1ecb<\/strong> \u2013 9 chi\u1ebfc k\u1eb9p \u00e1o ng\u1ef1c, 3 chi\u1ebfc n\u1ed1i d\u00e0i \u00e1o ng\u1ef1c v\u00e0 3 chi\u1ebfc d\u00e2y \u0111eo \u00e1o ng\u1ef1c v\u1edbi c\u00e1c m\u00e0u Tr\u1eafng, \u0110en v\u00e0 Be truy\u1ec1n th\u1ed1ng.<\/span><\/li>\n<li><span class=\"a-list-item a-size-base a-color-base\"><strong>T\u0103ng k\u00edch th\u01b0\u1edbc c\u1ed1c:<\/strong> Khi b\u1ea1n \u0111eo k\u1eb9p \u00e1o ng\u1ef1c \u1edf ph\u00eda sau, b\u1ea1n c\u00f3 th\u1ec3 \u0111i\u1ec1u ch\u1ec9nh k\u00edch th\u01b0\u1edbc c\u1ee7a c\u00fap ng\u1ef1c. N\u00f3 gi\u00fap n\u00e2ng \u0111\u1ee1 ng\u1ef1c c\u1ee7a b\u1ea1n nhi\u1ec1u h\u01a1n, t\u0103ng k\u00edch th\u01b0\u1edbc c\u00fap ng\u1ef1c v\u00e0 l\u00e0m cho khe ng\u1ef1c c\u1ee7a b\u1ea1n \u0111\u1ea7y \u0111\u1eb7n v\u00e0 quy\u1ebfn r\u0169 h\u01a1n.<\/span><\/li>\n<li><span class=\"a-list-item a-size-base a-color-base\"><strong>K\u00edch th\u01b0\u1edbc ph\u00f9 h\u1ee3p:<\/strong> k\u00edch th\u01b0\u1edbc c\u1ee7a m\u1ed7i chi\u1ebfc k\u1eb9p d\u00e2y \u00e1o ng\u1ef1c \u1edf ph\u00eda sau l\u00e0 kho\u1ea3ng 1,8 \u00d7 1,4 inch. N\u00f3 ph\u00f9 h\u1ee3p v\u1edbi b\u1ea5t k\u1ef3 chi\u1ebfc \u00e1o ng\u1ef1c n\u00e0o c\u00f3 d\u00e2y \u0111eo vai th\u00f4ng th\u01b0\u1eddng. N\u00f3 c\u00f3 th\u1ec3 gi\u00fap b\u1ea1n \u0111i\u1ec1u ch\u1ec9nh \u00e1o ng\u1ef1c d\u1ec5 d\u00e0ng v\u00e0 tho\u1ea3i m\u00e1i.<\/span><\/li>\n<\/ul>","protected":false},"excerpt":{"rendered":"<p>Nh\u00e0 s\u1ea3n xu\u1ea5t v\u00e0 cung c\u1ea5p b\u1ed9 chuy\u1ec3n \u0111\u1ed5i \u00e1o ng\u1ef1c t\u00f9y ch\u1ec9nh Zaoyi t\u1ea1i Trung Qu\u1ed1c<\/p>\n<p>\u2013 MOQ: 3000 chi\u1ebfc<br \/>\n\u2013 Cung c\u1ea5p d\u1ecbch v\u1ee5 OEM\/ODM<br \/>\n\u2013 C\u00f3 s\u1eb5n m\u1eabu mi\u1ec5n ph\u00ed<br \/>\n\u2013 T\u00e1i ch\u1ebf \u00e1o ng\u1ef1c<br \/>\n\u2013 Th\u1eddi gian s\u1eb5n s\u00e0ng 20-30 ng\u00e0y cho \u0111\u01a1n h\u00e0ng t\u00f9y ch\u1ec9nh<br \/>\n\u2013 Ch\u1ea5p nh\u1eadn t\u00f9y ch\u1ec9nh (th\u00f4ng s\u1ed1 k\u1ef9 thu\u1eadt, m\u00e0u s\u1eafc, thi\u1ebft k\u1ebf, v.v.)<\/p>\n<p>1) Ho\u00e0n h\u1ea3o cho l\u01b0ng \u0111ua, v\u00e1y, \u00e1o s\u01a1 mi, \u00e1o c\u00e1nh, \u00e1o th\u1ec3 thao v\u00e0 nhi\u1ec1u th\u1ee9 kh\u00e1c.<br \/>\nBi\u1ebfn h\u00f3a b\u1ea5t k\u1ef3 chi\u1ebfc \u00e1o ng\u1ef1c n\u00e0o m\u1ed9t c\u00e1ch d\u1ec5 d\u00e0ng v\u00e0 tho\u1ea3i m\u00e1i. K\u1eb9p v\u00e0o ph\u1ea7n tr\u00ean bikini c\u1ee7a b\u1ea1n \u0111\u1ec3 c\u00f3 v\u1ebb ngo\u00e0i \u0111\u1ea7y \u0111\u1eb7n, quy\u1ebfn r\u0169 h\u01a1n.<br \/>\n2) Polypropylen 100%<br \/>\n3) C\u00f3 th\u1ec3 bi\u1ebfn \u0111\u1ed5i d\u00e2y \u0111eo tr\u00ean \u00e1o y\u1ebfm<br \/>\n4) M\u00e0u s\u1eafc s\u1ed1ng \u0111\u1ed9ng, ch\u1ed1ng phai m\u00e0u<br \/>\n5) T\u00f9y ch\u1ec9nh DIY<\/p>\n<p>N\u1ebfu b\u1ea1n mu\u1ed1n bi\u1ebft gi\u00e1 chuy\u1ec3n \u0111\u1ed5i \u00e1o ng\u1ef1c, vui l\u00f2ng li\u00ean h\u1ec7 v\u1edbi ch\u00fang t\u00f4i.<\/p>","protected":false},"featured_media":1936,"comment_status":"open","ping_status":"closed","template":"","meta":[],"product_brand":[],"product_cat":[39,53],"product_tag":[],"class_list":{"0":"post-1931","1":"product","2":"type-product","3":"status-publish","4":"has-post-thumbnail","6":"product_cat-bra-strap","7":"product_cat-bra-accessories","9":"first","10":"instock","11":"shipping-taxable","12":"product-type-simple"},"_links":{"self":[{"href":"https:\/\/zaoyigarment.com\/vi\/wp-json\/wp\/v2\/product\/1931","targetHints":{"allow":["GET"]}}],"collection":[{"href":"https:\/\/zaoyigarment.com\/vi\/wp-json\/wp\/v2\/product"}],"about":[{"href":"https:\/\/zaoyigarment.com\/vi\/wp-json\/wp\/v2\/types\/product"}],"replies":[{"embeddable":true,"href":"https:\/\/zaoyigarment.com\/vi\/wp-json\/wp\/v2\/comments?post=1931"}],"wp:featuredmedia":[{"embeddable":true,"href":"https:\/\/zaoyigarment.com\/vi\/wp-json\/wp\/v2\/media\/1936"}],"wp:attachment":[{"href":"https:\/\/zaoyigarment.com\/vi\/wp-json\/wp\/v2\/media?parent=1931"}],"wp:term":[{"taxonomy":"product_brand","embeddable":true,"href":"https:\/\/zaoyigarment.com\/vi\/wp-json\/wp\/v2\/product_brand?post=1931"},{"taxonomy":"product_cat","embeddable":true,"href":"https:\/\/zaoyigarment.com\/vi\/wp-json\/wp\/v2\/product_cat?post=1931"},{"taxonomy":"product_tag","embeddable":true,"href":"https:\/\/zaoyigarment.com\/vi\/wp-json\/wp\/v2\/product_tag?post=1931"}],"curies":[{"name":"wp","href":"https:\/\/api.w.org\/{rel}","templated":true}]}}