 {"id":1908,"date":"2023-12-28T09:12:07","date_gmt":"2023-12-28T09:12:07","guid":{"rendered":"https:\/\/zaoyigarment.com\/?post_type=product&#038;p=1908"},"modified":"2025-08-26T09:54:09","modified_gmt":"2025-08-26T09:54:09","slug":"lifting-push-up-bra-adhesive-bra","status":"publish","type":"product","link":"https:\/\/zaoyigarment.com\/vi\/manufacturer\/lifting-push-up-bra-adhesive-bra\/","title":{"rendered":"N\u00e2ng n\u00e2ng \u00e1o ng\u1ef1c d\u00ednh \u00e1o ng\u1ef1c"},"content":{"rendered":"<ul class=\"a-unordered-list a-vertical a-spacing-mini\">\n<li><span class=\"a-list-item\"><strong>S\u1ed0 L\u01af\u1ee2NG:<\/strong>\u00a03000 chi\u1ebfc \u0111\u1ec3 \u0111\u00f3ng g\u00f3i t\u00f9y ch\u1ec9nh v\u00e0 \u0111\u1eb7t h\u00e0ng s\u1ed1 l\u01b0\u1ee3ng l\u1edbn<\/span><\/li>\n<li><span class=\"a-list-item\"><strong>V\u1eacT LI\u1ec6U:<\/strong> Silicon<\/span><\/li>\n<li><span class=\"a-list-item\"><strong>NH\u1eeeNG L\u1ee2I \u00cdCH:<\/strong> Gel m\u00f4i tr\u01b0\u1eddng v\u00e0 an to\u00e0n, v\u00f4 h\u00ecnh, l\u1ed3i, an to\u00e0n<\/span><\/li>\n<li><span class=\"a-list-item\"><strong>THI\u1ebeT K\u1ebe:<\/strong>\u00a0T\u00f9y ch\u1ecdn thi\u1ebft k\u1ebf kh\u00e1c nhau, ho\u1eb7c c\u00f3 th\u1ec3 t\u00f9y ch\u1ec9nh<\/span><\/li>\n<li><span class=\"a-list-item\"><strong>K\u00cdCH TH\u01af\u1edaC:<\/strong>\u00a0A\/B\/C\/D\/E\/F\/H, t\u00f9y ch\u1ec9nh<\/span><\/li>\n<li><span class=\"a-list-item a-size-base a-color-base\"><strong>TUY\u1ec6T V\u1edcI ch\u1ea5t nh\u1eddn:<\/strong> Thi\u1ebft k\u1ebf d\u1ea1ng slime mang l\u1ea1i c\u1ea3m gi\u00e1c tho\u1ea3i m\u00e1i nh\u1ea5t.<\/span><\/li>\n<li><span class=\"a-list-item a-size-base a-color-base\"><strong>C\u00d3 TH\u1ec2 GI\u1eb6T:<\/strong>\u00a0\u00c1o l\u00f3t d\u00ednh c\u00f3 kh\u1ea3 n\u0103ng t\u1ef1 d\u00ednh v\u00e0 v\u1eabn d\u00ednh sau khi gi\u1eb7t v\u00e0 ph\u01a1i kh\u00f4 trong kh\u00f4ng kh\u00ed. N\u00f3 c\u00f3 th\u1ec3 \u0111\u01b0\u1ee3c s\u1eed d\u1ee5ng nhi\u1ec1u l\u1ea7n.<\/span><\/li>\n<li><span class=\"a-list-item a-size-base a-color-base\"><strong>CHO NHI\u1ec0U D\u1ecaP:<\/strong> \u00c1o l\u00f3t n\u00e2ng ng\u1ef1c ph\u00f9 h\u1ee3p v\u1edbi m\u1ecdi phong c\u00e1ch g\u1ee3i c\u1ea3m, \u00e1o d\u00e2y h\u1edf l\u01b0ng, vest c\u1ed5 ch\u1eef V s\u00e2u, v\u00e1y d\u1ea1 h\u1ed9i h\u1edf l\u01b0ng\/kh\u00f4ng d\u00e2y, v\u00e1y c\u01b0\u1edbi, v\u00e1y x\u1ebb s\u00e2u, v\u00e1y cocktail, v\u00e1y d\u1ef1 ti\u1ec7c, v.v. H\u00e3y tho\u1ea3i m\u00e1i khoe v\u1ebb quy\u1ebfn r\u0169 n\u1eef t\u00ednh c\u1ee7a m\u00ecnh.<\/span><\/li>\n<li><span class=\"a-list-item\"><strong>PH\u01af\u01a0NG PH\u00c1P R\u1eecA:<\/strong><\/span><\/li>\n<li><span class=\"a-list-item\">1. D\u00f9ng n\u01b0\u1edbc \u1ea5m ho\u1eb7c d\u1ea7u g\u1ed9i trung t\u00ednh, x\u00e0 ph\u00f2ng r\u1eeda ch\u00e9n \u0111\u1ec3 nh\u1eb9 nh\u00e0ng t\u1ea1o b\u1ecdt v\u00e0 g\u1ed9i theo chuy\u1ec3n \u0111\u1ed9ng tr\u00f2n.<\/span><\/li>\n<li><span class=\"a-list-item\">2. R\u1eeda s\u1ea1ch b\u1eb1ng n\u01b0\u1edbc s\u1ea1ch. H\u00e3y c\u1ea9n th\u1eadn kh\u00f4ng s\u1eed d\u1ee5ng m\u00f3ng tay c\u1ee7a b\u1ea1n \u0111\u1ec3 tr\u00e1nh b\u1ecb th\u01b0\u01a1ng.<\/span><\/li>\n<li>3. Sau khi v\u1ec7 sinh, ph\u01a1i kh\u00f4 v\u00e0 tr\u00e1nh \u00e1nh n\u1eafng tr\u1ef1c ti\u1ebfp.<\/li>\n<li>4. Sau khi l\u00e0m s\u1ea1ch v\u00e0 s\u1ea5y kh\u00f4, d\u00e1n m\u00e0ng b\u1ea3o v\u1ec7. M\u1ed9t m\u1eb7t s\u1ebd m\u1ea5t \u0111\u1ed9 d\u00ednh n\u1ebfu d\u00ednh b\u1ee5i. Khu v\u1ef1c b\u1ea3o qu\u1ea3n ph\u1ea3i tr\u00e1nh xa \u00e1nh n\u1eafng tr\u1ef1c ti\u1ebfp.<\/li>\n<li><strong>L\u1edcI KHUY\u00caN QUAN TR\u1eccNG:<\/strong><br \/>\nKh\u00f4ng ph\u00f9 h\u1ee3p n\u1ebfu b\u1ea1n c\u00f3 v\u1ea5n \u0111\u1ec1 v\u1ec1 da ho\u1eb7c khi da b\u1ea1n b\u1ecb th\u01b0\u01a1ng, nhi\u1ec5m tr\u00f9ng ho\u1eb7c ch\u00e1y n\u1eafng.<br \/>\nVui l\u00f2ng kh\u00f4ng s\u1eed d\u1ee5ng s\u1ea3n ph\u1ea9m n\u00e0y n\u1ebfu b\u1ea1n \u0111ang mang thai ho\u1eb7c cho con b\u00fa, n\u1ebfu b\u1ea1n b\u1ecb d\u1ecb \u1ee9ng v\u1edbi silicone ho\u1eb7c n\u1ebfu b\u1ea1n v\u1eeba m\u1edbi ph\u1eabu thu\u1eadt n\u00e2ng ng\u1ef1c ho\u1eb7c thu nh\u1ecf ng\u1ef1c.<br \/>\nN\u1ebfu c\u00f3 b\u1ea5t k\u1ef3 b\u1ea5t th\u01b0\u1eddng n\u00e0o v\u1ec1 da x\u1ea3y ra khi s\u1eed d\u1ee5ng s\u1ea3n ph\u1ea9m n\u00e0y, h\u00e3y ng\u1eebng s\u1eed d\u1ee5ng ngay l\u1eadp t\u1ee9c v\u00e0 tham kh\u1ea3o \u00fd ki\u1ebfn b\u00e1c s\u0129 da li\u1ec5u ho\u1eb7c chuy\u00ean gia v\u1ec1 da ngay l\u1eadp t\u1ee9c.<\/li>\n<\/ul>\n<h2>Bi\u1ec3u \u0110\u1ed3 K\u00edch Th\u01b0\u1edbc \u00c1o Ng\u1ef1c V\u1edbi H\u00ecnh \u1ea2nh<\/h2>\n\t<div class=\"img has-hover x md-x lg-x y md-y lg-y\" id=\"image_2104713429\">\n\t\t\t\t\t\t\t\t<div class=\"img-inner dark\" >\n\t\t\t<img loading=\"lazy\" decoding=\"async\" width=\"1020\" height=\"976\" src=\"https:\/\/zaoyigarment.com\/wp-content\/uploads\/2024\/01\/bra-size-calculator-1024x980.webp\" class=\"attachment-large size-large\" alt=\"c\u00e1ch t\u00ednh c\u1ee1 \u00e1o ng\u1ef1c\" srcset=\"https:\/\/zaoyigarment.com\/wp-content\/uploads\/2024\/01\/bra-size-calculator-1024x980.webp 1024w, https:\/\/zaoyigarment.com\/wp-content\/uploads\/2024\/01\/bra-size-calculator-300x287.webp 300w, https:\/\/zaoyigarment.com\/wp-content\/uploads\/2024\/01\/bra-size-calculator-768x735.webp 768w, https:\/\/zaoyigarment.com\/wp-content\/uploads\/2024\/01\/bra-size-calculator-1536x1471.webp 1536w, https:\/\/zaoyigarment.com\/wp-content\/uploads\/2024\/01\/bra-size-calculator-600x575.webp 600w, https:\/\/zaoyigarment.com\/wp-content\/uploads\/2024\/01\/bra-size-calculator.webp 2000w\" sizes=\"auto, (max-width: 1020px) 100vw, 1020px\" \/>\t\t\t\t\t\t\n\t\t\t\t\t<\/div>\n\t\t\t\t\t\t\t\t\n<style>\n#image_2104713429 {\n  width: 100%;\n}\n<\/style>\n\t<\/div>","protected":false},"excerpt":{"rendered":"<p>Nh\u00e0 s\u1ea3n xu\u1ea5t v\u00e0 cung c\u1ea5p \u00e1o ng\u1ef1c n\u00e2ng n\u00e2ng t\u00f9y ch\u1ec9nh Zaoyi t\u1ea1i Trung Qu\u1ed1c<\/p>\n<p>\u2013 MOQ: 3000 chi\u1ebfc<br \/>\n\u2013 Cung c\u1ea5p d\u1ecbch v\u1ee5 OEM\/ODM<br \/>\n\u2013 C\u00f3 s\u1eb5n m\u1eabu mi\u1ec5n ph\u00ed<br \/>\n\u2013 T\u00e1i ch\u1ebf \u00e1o ng\u1ef1c<br \/>\n\u2013 Th\u1eddi gian s\u1eb5n s\u00e0ng 25-35 ng\u00e0y cho \u0111\u01a1n h\u00e0ng t\u00f9y ch\u1ec9nh<br \/>\n\u2013 Ch\u1ea5p nh\u1eadn t\u00f9y ch\u1ec9nh (th\u00f4ng s\u1ed1 k\u1ef9 thu\u1eadt, m\u00e0u s\u1eafc, thi\u1ebft k\u1ebf, v.v.)<\/p>\n<p>1) Gi\u1ea3i ph\u00e1p t\u1ed1t nh\u1ea5t \u0111\u1ec3 m\u1eb7c v\u1edbi v\u00e1y h\u1edf l\u01b0ng, \u00e1o ph\u00f4ng, v\u00e1y c\u01b0\u1edbi, v.v.<br \/>\n2) Thi\u1ebft k\u1ebf li\u1ec1n m\u1ea1ch v\u00e0 kh\u00f4ng d\u00e2y cho t\u1ef1 do<br \/>\n3) Silicon an to\u00e0n m\u00f4i tr\u01b0\u1eddng m\u1ecbn m\u00e0ng v\u00e0 t\u1ef1 nhi\u00ean<br \/>\n4) C\u00f3 th\u1ec3 l\u00e0m v\u1ea3i ho\u1eb7c hoa v\u0103n t\u00f9y ch\u1ec9nh tr\u00ean \u0111\u00f3<br \/>\n5) M\u00e0u s\u1eafc s\u1ed1ng \u0111\u1ed9ng<br \/>\n6) T\u00f9y ch\u1ec9nh DIY<\/p>\n<p>N\u1ebfu b\u1ea1n mu\u1ed1n bi\u1ebft gi\u00e1 \u00e1o ng\u1ef1c n\u00e2ng n\u00e2ng, vui l\u00f2ng li\u00ean h\u1ec7 v\u1edbi ch\u00fang t\u00f4i.<\/p>","protected":false},"featured_media":2815,"comment_status":"open","ping_status":"closed","template":"","meta":[],"product_brand":[],"product_cat":[15],"product_tag":[],"class_list":{"0":"post-1908","1":"product","2":"type-product","3":"status-publish","4":"has-post-thumbnail","6":"product_cat-push-up-bra","8":"first","9":"instock","10":"shipping-taxable","11":"product-type-simple"},"_links":{"self":[{"href":"https:\/\/zaoyigarment.com\/vi\/wp-json\/wp\/v2\/product\/1908","targetHints":{"allow":["GET"]}}],"collection":[{"href":"https:\/\/zaoyigarment.com\/vi\/wp-json\/wp\/v2\/product"}],"about":[{"href":"https:\/\/zaoyigarment.com\/vi\/wp-json\/wp\/v2\/types\/product"}],"replies":[{"embeddable":true,"href":"https:\/\/zaoyigarment.com\/vi\/wp-json\/wp\/v2\/comments?post=1908"}],"wp:featuredmedia":[{"embeddable":true,"href":"https:\/\/zaoyigarment.com\/vi\/wp-json\/wp\/v2\/media\/2815"}],"wp:attachment":[{"href":"https:\/\/zaoyigarment.com\/vi\/wp-json\/wp\/v2\/media?parent=1908"}],"wp:term":[{"taxonomy":"product_brand","embeddable":true,"href":"https:\/\/zaoyigarment.com\/vi\/wp-json\/wp\/v2\/product_brand?post=1908"},{"taxonomy":"product_cat","embeddable":true,"href":"https:\/\/zaoyigarment.com\/vi\/wp-json\/wp\/v2\/product_cat?post=1908"},{"taxonomy":"product_tag","embeddable":true,"href":"https:\/\/zaoyigarment.com\/vi\/wp-json\/wp\/v2\/product_tag?post=1908"}],"curies":[{"name":"wp","href":"https:\/\/api.w.org\/{rel}","templated":true}]}}