 {"id":1900,"date":"2023-12-27T09:17:18","date_gmt":"2023-12-27T09:17:18","guid":{"rendered":"https:\/\/zaoyigarment.com\/?post_type=product&#038;p=1900"},"modified":"2026-04-17T01:01:56","modified_gmt":"2026-04-17T01:01:56","slug":"ok-tape","status":"publish","type":"product","link":"https:\/\/zaoyigarment.com\/vi\/manufacturer\/ok-tape\/","title":{"rendered":"OK B\u0103ng d\u00ednh B\u0103ng qu\u1ea5n t\u1ef1 d\u00ednh B\u0103ng d\u00ednh c\u1ed1 \u0111\u1ecbnh B\u0103ng Bangade cho ch\u1ea5n th\u01b0\u01a1ng"},"content":{"rendered":"<div data-zone-id=\"0\" data-line-index=\"0\" data-line=\"true\">\n<ul>\n<li><span class=\"a-list-item\"><strong>S<\/strong><\/span><strong>IZE:<\/strong> R\u1ed9ng 2cm, d\u00e0i 5m, t\u00f9y ch\u1ec9nh<\/li>\n<li><strong>M\u00c0U S\u1eaeC:\u00a0<\/strong>Nude, carbon coco ho\u1eb7c t\u00f9y ch\u1ec9nh<\/li>\n<li><span class=\"a-list-item\"><strong>NH\u1eeeNG L\u1ee2I \u00cdCH:<\/strong> \u0110\u1ec3 b\u1ea3o v\u1ec7 c\u01a1 th\u1ec3 kh\u00f4ng b\u1ecb th\u01b0\u01a1ng khi ch\u01a1i th\u1ec3 thao<\/span><\/li>\n<li><strong>H\u01af\u1edaNG D\u1eaaN CH\u0102M S\u00d3C:<\/strong><\/li>\n<li>B\u0103ng d\u00ednh th\u1ec3 thao kh\u00f4ng c\u1ea7n ph\u1ea3i ch\u0103m s\u00f3c \u0111\u1eb7c bi\u1ec7t.<\/li>\n<\/ul>\n<\/div>\n<ul class=\"a-unordered-list a-vertical a-spacing-mini\">\n<li><span class=\"a-list-item\"><strong>NH\u1eeeNG L\u1ee2I \u00cdCH:<\/strong><\/span><\/li>\n<li>Ho\u00e0n h\u1ea3o cho b\u0103ng ch\u1ee9c n\u0103ng, \u0111\u1ec3 l\u00e0m d\u1ecbu c\u00e1c c\u01a1 b\u1ecb th\u01b0\u01a1ng ho\u1eb7c \u0111\u1ec3 \u0111i\u1ec1u tr\u1ecb b\u1ea3o t\u1ed3n tr\u1eadt kh\u1edbp<\/li>\n<li>R\u1ea5t d\u1ec5 x\u00e9 ra v\u00ec c\u00f3 c\u1ea1nh r\u0103ng c\u01b0a<\/li>\n<li>\u0110\u01b0\u1ee3c l\u00e0m ho\u00e0n to\u00e0n t\u1eeb v\u1eadt li\u1ec7u t\u1ef1 nhi\u00ean v\u00e0 th\u00e2n thi\u1ec7n v\u1edbi da<\/li>\n<li><strong>L\u1edcI KHUY\u00caN QUAN TR\u1eccNG:<\/strong><br \/>\nKh\u00f4ng ph\u00f9 h\u1ee3p n\u1ebfu b\u1ea1n c\u00f3 v\u1ea5n \u0111\u1ec1 v\u1ec1 da ho\u1eb7c khi da b\u1ea1n b\u1ecb th\u01b0\u01a1ng, nhi\u1ec5m tr\u00f9ng ho\u1eb7c ch\u00e1y n\u1eafng.<br \/>\nVui l\u00f2ng kh\u00f4ng s\u1eed d\u1ee5ng s\u1ea3n ph\u1ea9m n\u00e0y n\u1ebfu b\u1ea1n \u0111ang mang thai ho\u1eb7c cho con b\u00fa, n\u1ebfu b\u1ea1n b\u1ecb d\u1ecb \u1ee9ng v\u1edbi silica gel ho\u1eb7c n\u1ebfu b\u1ea1n v\u1eeba ph\u1eabu thu\u1eadt n\u00e2ng ng\u1ef1c ho\u1eb7c thu nh\u1ecf ng\u1ef1c.<br \/>\nN\u1ebfu c\u00f3 b\u1ea5t k\u1ef3 b\u1ea5t th\u01b0\u1eddng n\u00e0o v\u1ec1 da x\u1ea3y ra khi s\u1eed d\u1ee5ng s\u1ea3n ph\u1ea9m n\u00e0y, h\u00e3y ng\u1eebng s\u1eed d\u1ee5ng ngay l\u1eadp t\u1ee9c v\u00e0 tham kh\u1ea3o \u00fd ki\u1ebfn b\u00e1c s\u0129 da li\u1ec5u ho\u1eb7c chuy\u00ean gia v\u1ec1 da ngay l\u1eadp t\u1ee9c.<\/li>\n<\/ul>\n\t<div class=\"img has-hover x md-x lg-x y md-y lg-y\" id=\"image_897515322\">\n\t\t\t\t\t\t\t\t<div class=\"img-inner dark\" >\n\t\t\t<img loading=\"lazy\" decoding=\"async\" width=\"1020\" height=\"1020\" src=\"https:\/\/zaoyigarment.com\/wp-content\/uploads\/2023\/12\/adhesive-bandage-wrap-1024x1024.webp\" class=\"attachment-large size-large\" alt=\"b\u0103ng d\u00ednh qu\u1ea5n\" srcset=\"https:\/\/zaoyigarment.com\/wp-content\/uploads\/2023\/12\/adhesive-bandage-wrap-1024x1024.webp 1024w, https:\/\/zaoyigarment.com\/wp-content\/uploads\/2023\/12\/adhesive-bandage-wrap-300x300.webp 300w, https:\/\/zaoyigarment.com\/wp-content\/uploads\/2023\/12\/adhesive-bandage-wrap-150x150.webp 150w, https:\/\/zaoyigarment.com\/wp-content\/uploads\/2023\/12\/adhesive-bandage-wrap-768x768.webp 768w, https:\/\/zaoyigarment.com\/wp-content\/uploads\/2023\/12\/adhesive-bandage-wrap-1536x1536.webp 1536w, https:\/\/zaoyigarment.com\/wp-content\/uploads\/2023\/12\/adhesive-bandage-wrap-2048x2048.webp 2048w, https:\/\/zaoyigarment.com\/wp-content\/uploads\/2023\/12\/adhesive-bandage-wrap-12x12.webp 12w, https:\/\/zaoyigarment.com\/wp-content\/uploads\/2023\/12\/adhesive-bandage-wrap-600x600.webp 600w, https:\/\/zaoyigarment.com\/wp-content\/uploads\/2023\/12\/adhesive-bandage-wrap-100x100.webp 100w\" sizes=\"auto, (max-width: 1020px) 100vw, 1020px\" \/>\t\t\t\t\t\t\n\t\t\t\t\t<\/div>\n\t\t\t\t\t\t\t\t\n<style>\n#image_897515322 {\n  width: 100%;\n}\n<\/style>\n\t<\/div>","protected":false},"excerpt":{"rendered":"<p>Nh\u00e0 s\u1ea3n xu\u1ea5t v\u00e0 cung c\u1ea5p b\u0103ng keo OK t\u00f9y ch\u1ec9nh Zaoyi t\u1ea1i Trung Qu\u1ed1c<\/p>\n<p>\u2013 MOQ: 3000 chi\u1ebfc<br \/>\n\u2013 Cung c\u1ea5p d\u1ecbch v\u1ee5 OEM\/ODM<br \/>\n\u2013 C\u00f3 s\u1eb5n m\u1eabu mi\u1ec5n ph\u00ed<br \/>\n\u2013 T\u00e1i ch\u1ebf v\u1eadt ph\u1ea9m<br \/>\n\u2013 Th\u1eddi gian s\u1eb5n s\u00e0ng 20-30 ng\u00e0y cho \u0111\u01a1n h\u00e0ng t\u00f9y ch\u1ec9nh<br \/>\n\u2013 Ch\u1ea5p nh\u1eadn t\u00f9y ch\u1ec9nh (th\u00f4ng s\u1ed1 k\u1ef9 thu\u1eadt, m\u00e0u s\u1eafc, thi\u1ebft k\u1ebf, v.v.)<\/p>\n<p>1) Gi\u1ea3i ph\u00e1p t\u1ed1t nh\u1ea5t \u0111\u1ec3 b\u1ea3o v\u1ec7 khi ch\u01a1i th\u1ec3 thao<br \/>\n2) Thi\u1ebft k\u1ebf li\u1ec1n m\u1ea1ch v\u00e0 th\u1eddi trang cho s\u1ef1 t\u1ef1 do<br \/>\n3) Ch\u1ea5t li\u1ec7u m\u1ecbn v\u00e0 \u0111\u1ea1t ti\u00eau chu\u1ea9n y t\u1ebf<br \/>\n4) C\u00f3 th\u1ec3 t\u00f9y ch\u1ec9nh v\u1ea3i ho\u1eb7c hoa v\u0103n tr\u00ean \u0111\u00f3<br \/>\n5) M\u00e0u s\u1eafc s\u1ed1ng \u0111\u1ed9ng, ch\u1ed1ng phai m\u00e0u<br \/>\n6) T\u00f9y ch\u1ec9nh DIY<\/p>\n<p>N\u1ebfu b\u1ea1n mu\u1ed1n c\u00f3 gi\u00e1 b\u0103ng d\u00ednh t\u1ed1t, vui l\u00f2ng li\u00ean h\u1ec7 v\u1edbi ch\u00fang t\u00f4i.<\/p>","protected":false},"featured_media":3046,"comment_status":"open","ping_status":"closed","template":"","meta":[],"product_brand":[],"product_cat":[38],"product_tag":[],"class_list":{"0":"post-1900","1":"product","2":"type-product","3":"status-publish","4":"has-post-thumbnail","6":"product_cat-bra-tape","8":"first","9":"instock","10":"shipping-taxable","11":"product-type-simple"},"_links":{"self":[{"href":"https:\/\/zaoyigarment.com\/vi\/wp-json\/wp\/v2\/product\/1900","targetHints":{"allow":["GET"]}}],"collection":[{"href":"https:\/\/zaoyigarment.com\/vi\/wp-json\/wp\/v2\/product"}],"about":[{"href":"https:\/\/zaoyigarment.com\/vi\/wp-json\/wp\/v2\/types\/product"}],"replies":[{"embeddable":true,"href":"https:\/\/zaoyigarment.com\/vi\/wp-json\/wp\/v2\/comments?post=1900"}],"wp:featuredmedia":[{"embeddable":true,"href":"https:\/\/zaoyigarment.com\/vi\/wp-json\/wp\/v2\/media\/3046"}],"wp:attachment":[{"href":"https:\/\/zaoyigarment.com\/vi\/wp-json\/wp\/v2\/media?parent=1900"}],"wp:term":[{"taxonomy":"product_brand","embeddable":true,"href":"https:\/\/zaoyigarment.com\/vi\/wp-json\/wp\/v2\/product_brand?post=1900"},{"taxonomy":"product_cat","embeddable":true,"href":"https:\/\/zaoyigarment.com\/vi\/wp-json\/wp\/v2\/product_cat?post=1900"},{"taxonomy":"product_tag","embeddable":true,"href":"https:\/\/zaoyigarment.com\/vi\/wp-json\/wp\/v2\/product_tag?post=1900"}],"curies":[{"name":"wp","href":"https:\/\/api.w.org\/{rel}","templated":true}]}}