 {"id":1664,"date":"2023-12-12T08:08:00","date_gmt":"2023-12-12T08:08:00","guid":{"rendered":"https:\/\/zaoyigarment.com\/?post_type=product&#038;p=1664"},"modified":"2026-04-17T01:01:41","modified_gmt":"2026-04-17T01:01:41","slug":"bra-tape","status":"publish","type":"product","link":"https:\/\/zaoyigarment.com\/vi\/manufacturer\/bra-tape\/","title":{"rendered":"B\u0103ng \u00e1o ng\u1ef1c B\u0103ng n\u00e2ng ng\u1ef1c B\u0103ng c\u01a1 th\u1ec3 kh\u00f4ng th\u1ea5m n\u01b0\u1edbc"},"content":{"rendered":"<div id=\"featurebullets_feature_div\" class=\"celwidget\" data-feature-name=\"featurebullets\" data-csa-c-type=\"widget\" data-csa-c-content-id=\"featurebullets\" data-csa-c-slot-id=\"featurebullets_feature_div\" data-csa-c-asin=\"B07DF32D6Q\" data-csa-c-is-in-initial-active-row=\"false\" data-csa-c-id=\"3j0pnl-7cjnp-9t8psx-tspeog\">\n<div id=\"feature-bullets\" class=\"a-section a-spacing-medium a-spacing-top-small\">\n<ul class=\"a-unordered-list a-vertical a-spacing-mini\">\n<li>\n<div data-zone-id=\"0\" data-line-index=\"0\" data-line=\"true\">\n<div data-zone-id=\"0\" data-line-index=\"0\" data-line=\"true\"><strong style=\"font-size: 14.4px;\">K\u00cdCH C\u1ee0:<\/strong><span style=\"font-size: 14.4px;\"> Chi\u1ec1u r\u1ed9ng th\u00f4ng th\u01b0\u1eddng l\u00e0 2,5cm,3,8cm,5cm,7,5cm,10cm, chi\u1ec1u d\u00e0i c\u00f3 th\u1ec3 ch\u1ecdn 3M, 4M, 5M. K\u00edch th\u01b0\u1edbc h\u1ed9p m\u00e0u b\u00ean trong l\u00e0 7,5 * 6,5 * 7,5cm, 11,5 * 8 * 8cm. K\u00edch c\u1ee1 t\u1ea5t c\u1ea3 t\u00f9y ch\u1ec9nh<\/span><\/div>\n<\/div>\n<\/li>\n<li><span class=\"a-list-item\"><strong>V\u1eacT LI\u1ec6U:<\/strong> B\u00f4ng + v\u1ea3i thun<\/span><\/li>\n<li><span class=\"a-list-item\"><strong>T\u1ed0I \u0110A H\u00d3A KH\u1ea2 N\u0102NG DI \u0110\u1ed8NG:<\/strong> Gi\u00fap d\u1ec5 d\u00e0ng b\u1ea3o qu\u1ea3n, v\u1eadn chuy\u1ec3n<\/span><\/li>\n<li><span class=\"a-list-item\"><strong>C\u00d3 S\u1eb4N V\u1edaI S\u1ed0 L\u01af\u1ee2NG L\u1edaN:<\/strong> \u0110\u01b0\u1ee3c cung c\u1ea5p v\u1edbi s\u1ed1 l\u01b0\u1ee3ng l\u1edbn 1000 h\u1ed9p \u0111\u1ebfm v\u1edbi gi\u00e1 b\u00e1n bu\u00f4n ph\u1ea3i ch\u0103ng \u0111\u1ec3 \u0111\u1ea3m b\u1ea3o b\u1ea1n lu\u00f4n c\u00f3 h\u00e0ng v\u00e0 trong ng\u00e2n s\u00e1ch<\/span><\/li>\n<li><span class=\"a-list-item\"><strong>HO\u00c0N H\u1ea2O CHO TI\u1ec6C C\u01af\u1edaI, S\u1ef0 KI\u1ec6N \u0110\u1eb6C BI\u1ec6T V\u00c0 B\u00caN PH\u1ee4C V\u1ee4:<\/strong> Mang l\u1ea1i s\u1ef1 t\u1ef1 tin kh\u00f3 qu\u00ean khi tham d\u1ef1 \u0111\u00e1m c\u01b0\u1edbi, ti\u1ec7c chi\u00eau \u0111\u00e3i v\u00e0 ti\u1ec7c t\u00f9ng v\u1edbi nh\u1eefng chi\u1ebfc b\u0103ng d\u00ednh \u0111\u1ed9c \u0111\u00e1o n\u00e0y<\/span><\/li>\n<li><strong>L\u1eddi khuy\u00ean:<\/strong>H\u00e3y nh\u1edb r\u1eb1ng s\u1ea3n ph\u1ea9m n\u00e0y c\u00f3 \u0111\u1ed9 gi\u1eef nghi\u00eam tr\u1ecdng!<br \/>\nM\u1ed9t s\u1ed1 ph\u1ee5 n\u1eef c\u00f3 l\u00e0n da m\u1ecfng quanh x\u01b0\u01a1ng quai xanh ho\u1eb7c v\u00f9ng ng\u1ef1c tr\u00ean. Kh\u00f4ng \u0111eo s\u1ea3n ph\u1ea9m qu\u00e1 8 gi\u1edd. H\u00e3y h\u1ebft s\u1ee9c th\u1eadn tr\u1ecdng n\u1ebfu b\u1ea1n ch\u1ecdn d\u00e1n b\u0103ng d\u00ednh v\u00e0o nh\u1eefng khu v\u1ef1c \u0111\u00f3.<br \/>\nKh\u00f4ng \u0111\u1ec3 s\u1ea3n ph\u1ea9m ti\u1ebfp x\u00fac l\u00e2u v\u1edbi \u00e1nh n\u1eafng m\u1eb7t tr\u1eddi ho\u1eb7c ngu\u1ed3n nhi\u1ec7t trong khi s\u1eed d\u1ee5ng. \u0110i\u1ec1u n\u00e0y c\u00f3 th\u1ec3 g\u00e2y k\u00edch \u1ee9ng da. Kh\u00f4ng t\u1eafm n\u1eafng v\u1edbi s\u1ea3n ph\u1ea9m.<\/li>\n<li><b>Xin l\u01b0u \u00fd:<\/b><br \/>\n<b>L\u00e0m th\u1ebf n\u00e0o \u0111\u1ec3 tr\u00e1nh d\u1ecb \u1ee9ng da v\u00e0 c\u00e1c v\u1ea5n \u0111\u1ec1 v\u1ec1 da r\u00e1ch?<\/b><\/p>\n<ul>\n<li>Th\u1ef1c hi\u1ec7n m\u1ed9t b\u00e0i ki\u1ec3m tra \u0111\u1ed9 nh\u1ea1y c\u1ea3m da \u0111\u01a1n gi\u1ea3n<\/li>\n<li>\u0110\u1eebng \u0111\u1ec3 b\u0103ng d\u00ednh tr\u00ean da qu\u00e1 12 gi\u1edd<\/li>\n<li>Kh\u00f4ng th\u00edch h\u1ee3p cho ph\u1ee5 n\u1eef mang thai, cho con b\u00fa ho\u1eb7c nh\u1eefng ng\u01b0\u1eddi c\u00f3 l\u00e0n da nh\u1ea1y c\u1ea3m\/ m\u1ecfng manh<\/li>\n<li>H\u00e3y nh\u1edb d\u00f9ng n\u01b0\u1edbc \u1ea5m ho\u1eb7c tinh d\u1ea7u \u0111\u1ec3 th\u00e1o b\u0103ng d\u00e1n ng\u1ef1c t\u1eeb t\u1eeb v\u00e0 nh\u1eb9 nh\u00e0ng, gi\u00fap tr\u00e1nh l\u00e0m r\u00e1ch da, x\u00e9 qu\u00e1 nhanh c\u00f3 th\u1ec3 g\u00e2y th\u01b0\u01a1ng t\u00edch. B\u1ea1n c\u0169ng c\u00f3 th\u1ec3 t\u1eafm n\u01b0\u1edbc n\u00f3ng \u0111\u1ec3 x\u00e9 n\u00f3 ra<\/li>\n<\/ul>\n<p><b>L\u00e0m th\u1ebf n\u00e0o \u0111\u1ec3 th\u1ef1c hi\u1ec7n m\u1ed9t b\u00e0i ki\u1ec3m tra da d\u1ec5 d\u00e0ng \u0111\u1ec3 bi\u1ebft l\u00e0n da c\u1ee7a b\u1ea1n c\u00f3 nh\u1ea1y c\u1ea3m hay kh\u00f4ng?<\/b><\/p>\n<ol>\n<li>B\u1ea1n c\u00f3 th\u1ec3 c\u1eaft m\u1ed9t d\u1ea3i b\u0103ng d\u00ednh nh\u1ecf v\u00e0 d\u00e1n v\u00e0o b\u00ean trong c\u00e1nh tay, sau \u0111\u00f3 x\u00e9 ra sau 6 gi\u1edd.<\/li>\n<li>Quan s\u00e1t l\u00e0n da c\u1ee7a b\u1ea1n.<\/li>\n<li>N\u1ebfu b\u1ea1n c\u00f3 ph\u1ea3n \u1ee9ng b\u1ea5t l\u1ee3i sau khi th\u1eed nghi\u1ec7m (ch\u1eb3ng h\u1ea1n nh\u01b0 \u0111\u1ecf, r\u00e1t ho\u1eb7c kh\u00f3 ch\u1ecbu), vui l\u00f2ng ng\u1eebng s\u1eed d\u1ee5ng b\u0103ng n\u00e0y ngay l\u1eadp t\u1ee9c.<\/li>\n<\/ol>\n<\/li>\n<\/ul>\n<\/div>\n<\/div>\n\t<div class=\"img has-hover x md-x lg-x y md-y lg-y\" id=\"image_2121491682\">\n\t\t\t\t\t\t\t\t<div class=\"img-inner dark\" >\n\t\t\t<img loading=\"lazy\" decoding=\"async\" width=\"800\" height=\"801\" src=\"https:\/\/zaoyigarment.com\/wp-content\/uploads\/2024\/02\/how-to-use-bra-tape.webp\" class=\"attachment-large size-large\" alt=\"c\u00e1ch s\u1eed d\u1ee5ng b\u0103ng d\u00e1n \u00e1o ng\u1ef1c\" srcset=\"https:\/\/zaoyigarment.com\/wp-content\/uploads\/2024\/02\/how-to-use-bra-tape.webp 800w, https:\/\/zaoyigarment.com\/wp-content\/uploads\/2024\/02\/how-to-use-bra-tape-300x300.webp 300w, https:\/\/zaoyigarment.com\/wp-content\/uploads\/2024\/02\/how-to-use-bra-tape-150x150.webp 150w, https:\/\/zaoyigarment.com\/wp-content\/uploads\/2024\/02\/how-to-use-bra-tape-768x769.webp 768w, https:\/\/zaoyigarment.com\/wp-content\/uploads\/2024\/02\/how-to-use-bra-tape-600x601.webp 600w, https:\/\/zaoyigarment.com\/wp-content\/uploads\/2024\/02\/how-to-use-bra-tape-100x100.webp 100w\" sizes=\"auto, (max-width: 800px) 100vw, 800px\" \/>\t\t\t\t\t\t\n\t\t\t\t\t<\/div>\n\t\t\t\t\t\t\t\t\n<style>\n#image_2121491682 {\n  width: 100%;\n}\n<\/style>\n\t<\/div>","protected":false},"excerpt":{"rendered":"<p>Nh\u00e0 s\u1ea3n xu\u1ea5t v\u00e0 cung c\u1ea5p b\u0103ng \u00e1o ng\u1ef1c t\u00f9y ch\u1ec9nh Zaoyi \u1edf Trung Qu\u1ed1c<\/p>\n<p>\u2013 MOQ: 3000 chi\u1ebfc<br \/>\n\u2013 Cung c\u1ea5p d\u1ecbch v\u1ee5 OEM\/ODM<br \/>\n\u2013 C\u00f3 s\u1eb5n m\u1eabu mi\u1ec5n ph\u00ed<br \/>\n\u2013 Ch\u1ea5p nh\u1eadn t\u00f9y ch\u1ec9nh (th\u00f4ng s\u1ed1 k\u1ef9 thu\u1eadt, m\u00e0u s\u1eafc, thi\u1ebft k\u1ebf, v.v.)<\/p>\n<p>N\u1ebfu b\u1ea1n mu\u1ed1n bi\u1ebft gi\u00e1 b\u0103ng d\u00ednh \u00e1o ng\u1ef1c vui l\u00f2ng li\u00ean h\u1ec7 v\u1edbi ch\u00fang t\u00f4i.<\/p>","protected":false},"featured_media":2805,"comment_status":"open","ping_status":"closed","template":"","meta":[],"product_brand":[],"product_cat":[38],"product_tag":[],"class_list":{"0":"post-1664","1":"product","2":"type-product","3":"status-publish","4":"has-post-thumbnail","6":"product_cat-bra-tape","8":"first","9":"instock","10":"shipping-taxable","11":"product-type-simple"},"_links":{"self":[{"href":"https:\/\/zaoyigarment.com\/vi\/wp-json\/wp\/v2\/product\/1664","targetHints":{"allow":["GET"]}}],"collection":[{"href":"https:\/\/zaoyigarment.com\/vi\/wp-json\/wp\/v2\/product"}],"about":[{"href":"https:\/\/zaoyigarment.com\/vi\/wp-json\/wp\/v2\/types\/product"}],"replies":[{"embeddable":true,"href":"https:\/\/zaoyigarment.com\/vi\/wp-json\/wp\/v2\/comments?post=1664"}],"wp:featuredmedia":[{"embeddable":true,"href":"https:\/\/zaoyigarment.com\/vi\/wp-json\/wp\/v2\/media\/2805"}],"wp:attachment":[{"href":"https:\/\/zaoyigarment.com\/vi\/wp-json\/wp\/v2\/media?parent=1664"}],"wp:term":[{"taxonomy":"product_brand","embeddable":true,"href":"https:\/\/zaoyigarment.com\/vi\/wp-json\/wp\/v2\/product_brand?post=1664"},{"taxonomy":"product_cat","embeddable":true,"href":"https:\/\/zaoyigarment.com\/vi\/wp-json\/wp\/v2\/product_cat?post=1664"},{"taxonomy":"product_tag","embeddable":true,"href":"https:\/\/zaoyigarment.com\/vi\/wp-json\/wp\/v2\/product_tag?post=1664"}],"curies":[{"name":"wp","href":"https:\/\/api.w.org\/{rel}","templated":true}]}}