 {"id":1402,"date":"2023-06-08T08:15:42","date_gmt":"2023-06-08T08:15:42","guid":{"rendered":"https:\/\/zaoyigarment.com\/?post_type=product&#038;p=1402"},"modified":"2026-04-17T01:04:43","modified_gmt":"2026-04-17T01:04:43","slug":"push-up-bras","status":"publish","type":"product","link":"https:\/\/zaoyigarment.com\/vi\/manufacturer\/push-up-bras\/","title":{"rendered":"\u00c1o ng\u1ef1c n\u00e2ng ng\u1ef1c | \u00c1o ng\u1ef1c qu\u00e2y kh\u00f4ng d\u00e2y n\u00e2ng ng\u1ef1c h\u00ecnh c\u00e1nh b\u01b0\u1edbm"},"content":{"rendered":"<ul class=\"a-unordered-list a-vertical a-spacing-mini\">\n<li><span class=\"a-list-item\"><strong>S\u1ed0 L\u01af\u1ee2NG:<\/strong> 3000 chi\u1ebfc \u0111\u1ec3 \u0111\u00f3ng g\u00f3i t\u00f9y ch\u1ec9nh v\u00e0 \u0111\u1eb7t h\u00e0ng s\u1ed1 l\u01b0\u1ee3ng l\u1edbn<\/span><\/li>\n<li><span class=\"a-list-item\"><strong>V\u1eacT LI\u1ec6U:<\/strong> 80% nylon, 20% v\u1ea3i thun<\/span><\/li>\n<li><span class=\"a-list-item\"><strong>NH\u1eeeNG L\u1ee2I \u00cdCH:<\/strong> Gel m\u00f4i tr\u01b0\u1eddng v\u00e0 an to\u00e0n, tho\u00e1ng kh\u00ed, di \u0111\u1ed9ng, l\u1ed3i, an to\u00e0n<\/span><\/li>\n<li><span class=\"a-list-item\"><strong>THI\u1ebeT K\u1ebe:<\/strong> T\u00f9y ch\u1ecdn thi\u1ebft k\u1ebf kh\u00e1c nhau, ho\u1eb7c c\u00f3 th\u1ec3 t\u00f9y ch\u1ec9nh<\/span><\/li>\n<li><span class=\"a-list-item\"><strong>K\u00cdCH TH\u01af\u1edaC:<\/strong> A\/B\/C\/D\/E\/F\/H, t\u00f9y ch\u1ec9nh<\/span><\/li>\n<li><span class=\"a-list-item a-size-base a-color-base\"><strong>H\u1ed6 TR\u1ee2 M\u1ea0NH M\u1ebc &amp; D\u00c2Y K\u00c9O \u0110I\u1ec0U CH\u1ec8NH:<\/strong> H\u1ed7 tr\u1ee3 tuy\u1ec7t v\u1eddi l\u00e0 ho\u00e0n h\u1ea3o \u0111\u1ec3 n\u00e2ng ng\u1ef1c c\u1ee7a b\u1ea1n. Ch\u1ec9 v\u1edbi m\u1ed9t l\u1ea7n k\u00e9o, b\u1ea1n c\u00f3 th\u1ec3 n\u00e2ng c\u1ed1c ngay l\u1eadp t\u1ee9c v\u00e0 gi\u1eef th\u1eb3ng ng\u1ef1c. T\u1ea1m bi\u1ec7t n\u1ed7i lo ng\u1ef1c ch\u1ea3y x\u1ec7, d\u1ec5 d\u00e0ng \u0111\u1ecbnh h\u00ecnh \u0111\u01b0\u1eddng cong ho\u00e0n h\u1ea3o c\u1ee7a ng\u1ef1c.<\/span><\/li>\n<li><span class=\"a-list-item a-size-base a-color-base\"><strong>V\u1ea2I &amp; GUM THO\u00c1NG KH\u00cd TH\u00c2N THI\u1ec6N V\u1edaI DA:<\/strong>Ch\u1ea5t li\u1ec7u \u0111\u01b0\u1ee3c l\u00e0m t\u1eeb v\u1ea3i kh\u00f4ng d\u1ec7t ho\u00e0n to\u00e0n t\u1ef1 nhi\u00ean + silicone y t\u1ebf. Ch\u1ea5t k\u1ebft d\u00ednh k\u1eb9o cao su t\u1ef1 nhi\u00ean \u0111\u01b0\u1ee3c bao ph\u1ee7 b\u1edfi c\u00e1c l\u1ed7 tho\u00e1t kh\u00ed, gi\u00fap duy tr\u00ec \u0111\u1ed9 tho\u00e1ng kh\u00ed tuy\u1ec7t v\u1eddi khi b\u1ea1n s\u1eed d\u1ee5ng.<\/span><\/li>\n<li><span class=\"a-list-item a-size-base a-color-base\"><strong>M\u1eaaU C\u00c1NH TUY\u1ec6T V\u1edcI:<\/strong> Thi\u1ebft k\u1ebf h\u00ecnh c\u00e1nh c\u00f3 th\u1ec3 qu\u1ea5n da ng\u1ef1c t\u1ed1t h\u01a1n, th\u1eddi gian b\u00e1m d\u00ednh l\u00e2u h\u01a1n. B\u1ec1 m\u1eb7t v\u1ea3i c\u1ee7a \u00e1o ng\u1ef1c c\u00f3 k\u1ebft c\u1ea5u t\u01b0\u01a1ng t\u1ef1 nh\u01b0 da, c\u00f3 th\u1ec3 che gi\u1ea5u t\u1ed1t d\u1ea5u v\u1ebft c\u1ee7a \u00e1o ng\u1ef1c d\u01b0\u1edbi \u00e1nh s\u00e1ng m\u1ea1nh. C\u1ee9 nh\u01b0 th\u1ec3 anh \u1ea5y kh\u00f4ng m\u1eb7c g\u00ec v\u1eady.<\/span><\/li>\n<li><span class=\"a-list-item a-size-base a-color-base\"><strong>C\u00d3 TH\u1ec2 GI\u1eb6T:<\/strong> \u00c1o l\u00f3t d\u00ednh c\u00f3 kh\u1ea3 n\u0103ng t\u1ef1 d\u00ednh v\u00e0 v\u1eabn d\u00ednh sau khi gi\u1eb7t v\u00e0 ph\u01a1i kh\u00f4 trong kh\u00f4ng kh\u00ed. N\u00f3 c\u00f3 th\u1ec3 \u0111\u01b0\u1ee3c s\u1eed d\u1ee5ng nhi\u1ec1u l\u1ea7n.<\/span><\/li>\n<li><span class=\"a-list-item a-size-base a-color-base\"><strong>CHO NHI\u1ec0U D\u1ecaP:<\/strong> \u00c1o ng\u1ef1c qu\u00e2y d\u00e0nh cho m\u1ecdi phong c\u00e1ch g\u1ee3i c\u1ea3m, \u00e1o d\u00e2y h\u1edf l\u01b0ng, vest c\u1ed5 ch\u1eef V s\u00e2u, v\u00e1y d\u1ea1 h\u1ed9i h\u1edf l\u01b0ng\/kh\u00f4ng qu\u00e2y, v\u00e1y c\u01b0\u1edbi, v\u00e1y x\u1ebb s\u00e2u, v\u00e1y cocktail, v\u00e1y d\u1ef1 ti\u1ec7c, v.v. H\u00e3y tho\u1ea3i m\u00e1i khoe v\u1ebb quy\u1ebfn r\u0169 n\u1eef t\u00ednh c\u1ee7a m\u00ecnh.<\/span><\/li>\n<\/ul>\n<h2><\/h2>\n<h2>Bi\u1ec3u \u0110\u1ed3 K\u00edch Th\u01b0\u1edbc \u00c1o Ng\u1ef1c V\u1edbi H\u00ecnh \u1ea2nh<\/h2>\n\t<div class=\"img has-hover x md-x lg-x y md-y lg-y\" id=\"image_79084151\">\n\t\t\t\t\t\t\t\t<div class=\"img-inner dark\" >\n\t\t\t<img loading=\"lazy\" decoding=\"async\" width=\"1020\" height=\"976\" src=\"https:\/\/zaoyigarment.com\/wp-content\/uploads\/2024\/01\/bra-size-calculator-1024x980.webp\" class=\"attachment-large size-large\" alt=\"c\u00e1ch t\u00ednh c\u1ee1 \u00e1o ng\u1ef1c\" srcset=\"https:\/\/zaoyigarment.com\/wp-content\/uploads\/2024\/01\/bra-size-calculator-1024x980.webp 1024w, https:\/\/zaoyigarment.com\/wp-content\/uploads\/2024\/01\/bra-size-calculator-300x287.webp 300w, https:\/\/zaoyigarment.com\/wp-content\/uploads\/2024\/01\/bra-size-calculator-768x735.webp 768w, https:\/\/zaoyigarment.com\/wp-content\/uploads\/2024\/01\/bra-size-calculator-1536x1471.webp 1536w, https:\/\/zaoyigarment.com\/wp-content\/uploads\/2024\/01\/bra-size-calculator-600x575.webp 600w, https:\/\/zaoyigarment.com\/wp-content\/uploads\/2024\/01\/bra-size-calculator.webp 2000w\" sizes=\"auto, (max-width: 1020px) 100vw, 1020px\" \/>\t\t\t\t\t\t\n\t\t\t\t\t<\/div>\n\t\t\t\t\t\t\t\t\n<style>\n#image_79084151 {\n  width: 100%;\n}\n<\/style>\n\t<\/div>","protected":false},"excerpt":{"rendered":"<p>Nh\u00e0 s\u1ea3n xu\u1ea5t v\u00e0 cung c\u1ea5p \u00e1o ng\u1ef1c n\u00e2ng ng\u1ef1c kh\u00f4ng d\u00e2y t\u00f9y ch\u1ec9nh Zaoyi t\u1ea1i Trung Qu\u1ed1c<\/p>\n<p>\u2013 MOQ: 3000 chi\u1ebfc<br \/>\n\u2013 Cung c\u1ea5p d\u1ecbch v\u1ee5 OEM\/ODM<br \/>\n\u2013 C\u00f3 s\u1eb5n m\u1eabu mi\u1ec5n ph\u00ed<br \/>\n\u2013 T\u00e1i ch\u1ebf \u00e1o ng\u1ef1c<br \/>\n\u2013 Th\u1eddi gian s\u1eb5n s\u00e0ng 25-35 ng\u00e0y cho \u0111\u01a1n h\u00e0ng t\u00f9y ch\u1ec9nh<br \/>\n\u2013 Ch\u1ea5p nh\u1eadn t\u00f9y ch\u1ec9nh (th\u00f4ng s\u1ed1 k\u1ef9 thu\u1eadt, m\u00e0u s\u1eafc, thi\u1ebft k\u1ebf, v.v.)<\/p>\n<p>1) Gi\u1ea3i ph\u00e1p \u00e1o ng\u1ef1c t\u1ed1t nh\u1ea5t \u0111\u1ec3 m\u1eb7c v\u1edbi v\u00e1y h\u1edf l\u01b0ng, v\u00e1y c\u01b0\u1edbi, \u00e1o ph\u00f4ng, v.v.<br \/>\n2) Thi\u1ebft k\u1ebf li\u1ec1n m\u1ea1ch v\u00e0 kh\u00f4ng d\u00e2y cho t\u1ef1 do<br \/>\n3) V\u1ea3i nylon m\u1ecbn v\u00e0 tinh t\u1ebf<br \/>\n4) C\u00f3 th\u1ec3 l\u00e0m v\u1ea3i ho\u1eb7c hoa v\u0103n t\u00f9y ch\u1ec9nh tr\u00ean \u0111\u00f3<br \/>\n5) M\u00e0u s\u1eafc s\u1ed1ng \u0111\u1ed9ng, ch\u1ed1ng phai m\u00e0u<br \/>\n6) T\u00f9y ch\u1ec9nh DIY<\/p>\n<p>N\u1ebfu b\u1ea1n mu\u1ed1n bi\u1ebft gi\u00e1 \u00e1o ng\u1ef1c qu\u00e2y n\u00e2ng ng\u1ef1c vui l\u00f2ng li\u00ean h\u1ec7 v\u1edbi ch\u00fang t\u00f4i.<\/p>","protected":false},"featured_media":2801,"comment_status":"open","ping_status":"closed","template":"","meta":[],"product_brand":[],"product_cat":[15],"product_tag":[],"class_list":{"0":"post-1402","1":"product","2":"type-product","3":"status-publish","4":"has-post-thumbnail","6":"product_cat-push-up-bra","8":"first","9":"instock","10":"shipping-taxable","11":"product-type-simple"},"_links":{"self":[{"href":"https:\/\/zaoyigarment.com\/vi\/wp-json\/wp\/v2\/product\/1402","targetHints":{"allow":["GET"]}}],"collection":[{"href":"https:\/\/zaoyigarment.com\/vi\/wp-json\/wp\/v2\/product"}],"about":[{"href":"https:\/\/zaoyigarment.com\/vi\/wp-json\/wp\/v2\/types\/product"}],"replies":[{"embeddable":true,"href":"https:\/\/zaoyigarment.com\/vi\/wp-json\/wp\/v2\/comments?post=1402"}],"wp:featuredmedia":[{"embeddable":true,"href":"https:\/\/zaoyigarment.com\/vi\/wp-json\/wp\/v2\/media\/2801"}],"wp:attachment":[{"href":"https:\/\/zaoyigarment.com\/vi\/wp-json\/wp\/v2\/media?parent=1402"}],"wp:term":[{"taxonomy":"product_brand","embeddable":true,"href":"https:\/\/zaoyigarment.com\/vi\/wp-json\/wp\/v2\/product_brand?post=1402"},{"taxonomy":"product_cat","embeddable":true,"href":"https:\/\/zaoyigarment.com\/vi\/wp-json\/wp\/v2\/product_cat?post=1402"},{"taxonomy":"product_tag","embeddable":true,"href":"https:\/\/zaoyigarment.com\/vi\/wp-json\/wp\/v2\/product_tag?post=1402"}],"curies":[{"name":"wp","href":"https:\/\/api.w.org\/{rel}","templated":true}]}}