 {"id":3086,"date":"2025-03-12T08:10:46","date_gmt":"2025-03-12T08:10:46","guid":{"rendered":"https:\/\/zaoyigarment.com\/?post_type=product&#038;p=3086"},"modified":"2026-04-07T04:41:52","modified_gmt":"2026-04-07T04:41:52","slug":"disposable-lift-pasties","status":"publish","type":"product","link":"https:\/\/zaoyigarment.com\/tr\/manufacturer\/disposable-lift-pasties\/","title":{"rendered":"Tek Kullan\u0131ml\u0131k Lift Pasties Kuma\u015f Meme Ucu Kapa\u011f\u0131"},"content":{"rendered":"<ul class=\"a-unordered-list a-vertical a-spacing-mini\">\n<li><span class=\"a-list-item\"><strong>\ud83c\udf6a\u0130S\u0130M:<\/strong> <a href=\"https:\/\/nipplecover.us\/product\/5-pairs-silicone-nipple-cover\/\" target=\"_blank\" rel=\"noopener\">meme kapa\u011f\u0131<\/a>, g\u00f6\u011f\u00fcs yapraklar\u0131, meme ucu pastalar\u0131<\/span><\/li>\n<li><span class=\"a-list-item\"><strong>\ud83c\udf6a\u015eEK\u0130LLER:<\/strong> <a href=\"https:\/\/zaoyigarment.com\/tr\/manufacturer\/butterfly-nipple-cover-sticky-bra-adhesive-bra-breast-covers-sexy-outfit\/\">herhangi bir \u015fekil<\/a><\/span><\/li>\n<li><span class=\"a-list-item\"><strong>\ud83c\udf6aKABLOSUZ:<\/strong> Evet<\/span><\/li>\n<li><span class=\"a-list-item\"><strong>\ud83c\udf6a\u00dcR\u00dcN RENG\u0130:<\/strong> ten rengi, hindistan cevizi, kahverengi, \u00f6zelle\u015ftirilmi\u015f.<\/span><\/li>\n<li><span class=\"a-list-item\">\ud83c\udf6a<strong>BOYUTLAR:<\/strong> \u00f6zelle\u015ftirilmi\u015f<\/span><\/li>\n<li><span class=\"a-list-item\">\ud83c\udf6a<strong>BA\u015eVURU:<\/strong> d\u00fc\u011f\u00fcn, seksi k\u0131yafet, parti, ziyafet, g\u00fcndelik vb.<\/span><\/li>\n<li><span class=\"a-color-base\"><span class=\"a-color-base\"><span class=\"a-list-item\"><strong>\ud83c\udf6aMALZEME T\u00dcR\u00dc:\u00a0 <\/strong><span class=\"product-composition-detail__component ng-star-inserted\" data-testid=\"composition-detail-component\">100% polyester, EK MALZEME: 100% jel.<\/span><\/span><\/span><\/span><\/li>\n<li><span class=\"a-color-base\"><span class=\"a-list-item\"><strong>\ud83c\udf6aBAKIM TAL\u0130MATLARI: <\/strong>tek kullan\u0131ml\u0131k<\/span><\/span><\/li>\n<li><strong><span class=\"a-color-base\"><span class=\"a-list-item\">\ud83c\udf6a<\/span><\/span>\u00d6NEML\u0130 \u0130PU\u00c7LARI:<\/strong><br \/>\nCilt sorunlar\u0131n\u0131z varsa ya da cildiniz yaralanm\u0131\u015f, enfeksiyon kapm\u0131\u015f ya da g\u00fcne\u015ften yanm\u0131\u015fsa uygun de\u011fildir.<br \/>\nHamileyseniz veya emziriyorsan\u0131z, silika jele alerjiniz varsa veya yak\u0131n zamanda g\u00f6\u011f\u00fcs b\u00fcy\u00fctme veya g\u00f6\u011f\u00fcs k\u00fc\u00e7\u00fcltme ameliyat\u0131 ge\u00e7irdiyseniz l\u00fctfen bu \u00fcr\u00fcn\u00fc kullanmay\u0131n.<br \/>\nBu \u00fcr\u00fcn\u00fc kullan\u0131rken herhangi bir cilt anormalli\u011fi ortaya \u00e7\u0131karsa, derhal kullanmay\u0131 b\u0131rak\u0131n ve derhal dermatolo\u011funuza veya cilt uzman\u0131n\u0131za dan\u0131\u015f\u0131n.<\/li>\n<\/ul>\n<h2><\/h2>\n<h2>Resimlerle S\u00fctyen Beden Tablosu<\/h2>\n\t<div class=\"img has-hover x md-x lg-x y md-y lg-y\" id=\"image_1277806262\">\n\t\t\t\t\t\t\t\t<div class=\"img-inner dark\" >\n\t\t\t<img loading=\"lazy\" decoding=\"async\" width=\"1020\" height=\"1020\" src=\"https:\/\/zaoyigarment.com\/wp-content\/uploads\/2025\/03\/nipple-cover-1024x1024.webp\" class=\"attachment-large size-large\" alt=\"meme kapa\u011f\u0131\" srcset=\"https:\/\/zaoyigarment.com\/wp-content\/uploads\/2025\/03\/nipple-cover-1024x1024.webp 1024w, https:\/\/zaoyigarment.com\/wp-content\/uploads\/2025\/03\/nipple-cover-300x300.webp 300w, https:\/\/zaoyigarment.com\/wp-content\/uploads\/2025\/03\/nipple-cover-150x150.webp 150w, https:\/\/zaoyigarment.com\/wp-content\/uploads\/2025\/03\/nipple-cover-768x768.webp 768w, https:\/\/zaoyigarment.com\/wp-content\/uploads\/2025\/03\/nipple-cover-1536x1536.webp 1536w, https:\/\/zaoyigarment.com\/wp-content\/uploads\/2025\/03\/nipple-cover-2048x2048.webp 2048w, https:\/\/zaoyigarment.com\/wp-content\/uploads\/2025\/03\/nipple-cover-12x12.webp 12w, https:\/\/zaoyigarment.com\/wp-content\/uploads\/2025\/03\/nipple-cover-600x600.webp 600w, https:\/\/zaoyigarment.com\/wp-content\/uploads\/2025\/03\/nipple-cover-100x100.webp 100w\" sizes=\"auto, (max-width: 1020px) 100vw, 1020px\" \/>\t\t\t\t\t\t\n\t\t\t\t\t<\/div>\n\t\t\t\t\t\t\t\t\n<style>\n#image_1277806262 {\n  width: 100%;\n}\n<\/style>\n\t<\/div>\n\t\n\t<div class=\"img has-hover x md-x lg-x y md-y lg-y\" id=\"image_1590298063\">\n\t\t\t\t\t\t\t\t<div class=\"img-inner dark\" >\n\t\t\t<img loading=\"lazy\" decoding=\"async\" width=\"1020\" height=\"1020\" src=\"https:\/\/zaoyigarment.com\/wp-content\/uploads\/2025\/03\/fabric-nipple-cover-1024x1024.webp\" class=\"attachment-large size-large\" alt=\"kuma\u015f meme ucu kapa\u011f\u0131\" srcset=\"https:\/\/zaoyigarment.com\/wp-content\/uploads\/2025\/03\/fabric-nipple-cover-1024x1024.webp 1024w, https:\/\/zaoyigarment.com\/wp-content\/uploads\/2025\/03\/fabric-nipple-cover-300x300.webp 300w, https:\/\/zaoyigarment.com\/wp-content\/uploads\/2025\/03\/fabric-nipple-cover-150x150.webp 150w, https:\/\/zaoyigarment.com\/wp-content\/uploads\/2025\/03\/fabric-nipple-cover-768x768.webp 768w, https:\/\/zaoyigarment.com\/wp-content\/uploads\/2025\/03\/fabric-nipple-cover-12x12.webp 12w, https:\/\/zaoyigarment.com\/wp-content\/uploads\/2025\/03\/fabric-nipple-cover-600x600.webp 600w, https:\/\/zaoyigarment.com\/wp-content\/uploads\/2025\/03\/fabric-nipple-cover-100x100.webp 100w, https:\/\/zaoyigarment.com\/wp-content\/uploads\/2025\/03\/fabric-nipple-cover.webp 1500w\" sizes=\"auto, (max-width: 1020px) 100vw, 1020px\" \/>\t\t\t\t\t\t\n\t\t\t\t\t<\/div>\n\t\t\t\t\t\t\t\t\n<style>\n#image_1590298063 {\n  width: 100%;\n}\n<\/style>\n\t<\/div>\n\t\n\t<div class=\"img has-hover x md-x lg-x y md-y lg-y\" id=\"image_1358697910\">\n\t\t\t\t\t\t\t\t<div class=\"img-inner dark\" >\n\t\t\t<img loading=\"lazy\" decoding=\"async\" width=\"1020\" height=\"1020\" src=\"https:\/\/zaoyigarment.com\/wp-content\/uploads\/2025\/03\/nipple-cover-2-1024x1024.webp\" class=\"attachment-large size-large\" alt=\"tek kullan\u0131ml\u0131k kald\u0131rma pastalar\u0131\" srcset=\"https:\/\/zaoyigarment.com\/wp-content\/uploads\/2025\/03\/nipple-cover-2-1024x1024.webp 1024w, https:\/\/zaoyigarment.com\/wp-content\/uploads\/2025\/03\/nipple-cover-2-300x300.webp 300w, https:\/\/zaoyigarment.com\/wp-content\/uploads\/2025\/03\/nipple-cover-2-150x150.webp 150w, https:\/\/zaoyigarment.com\/wp-content\/uploads\/2025\/03\/nipple-cover-2-768x768.webp 768w, https:\/\/zaoyigarment.com\/wp-content\/uploads\/2025\/03\/nipple-cover-2-1536x1536.webp 1536w, https:\/\/zaoyigarment.com\/wp-content\/uploads\/2025\/03\/nipple-cover-2-2048x2048.webp 2048w, https:\/\/zaoyigarment.com\/wp-content\/uploads\/2025\/03\/nipple-cover-2-12x12.webp 12w, https:\/\/zaoyigarment.com\/wp-content\/uploads\/2025\/03\/nipple-cover-2-600x600.webp 600w, https:\/\/zaoyigarment.com\/wp-content\/uploads\/2025\/03\/nipple-cover-2-100x100.webp 100w\" sizes=\"auto, (max-width: 1020px) 100vw, 1020px\" \/>\t\t\t\t\t\t\n\t\t\t\t\t<\/div>\n\t\t\t\t\t\t\t\t\n<style>\n#image_1358697910 {\n  width: 100%;\n}\n<\/style>\n\t<\/div>\n\t\n\t<div class=\"img has-hover x md-x lg-x y md-y lg-y\" id=\"image_421533421\">\n\t\t\t\t\t\t\t\t<div class=\"img-inner dark\" >\n\t\t\t<img loading=\"lazy\" decoding=\"async\" width=\"1020\" height=\"1020\" src=\"https:\/\/zaoyigarment.com\/wp-content\/uploads\/2025\/03\/how-to-use-1024x1024.webp\" class=\"attachment-large size-large\" alt=\"nas\u0131l kullan\u0131l\u0131r\" srcset=\"https:\/\/zaoyigarment.com\/wp-content\/uploads\/2025\/03\/how-to-use-1024x1024.webp 1024w, https:\/\/zaoyigarment.com\/wp-content\/uploads\/2025\/03\/how-to-use-300x300.webp 300w, https:\/\/zaoyigarment.com\/wp-content\/uploads\/2025\/03\/how-to-use-150x150.webp 150w, https:\/\/zaoyigarment.com\/wp-content\/uploads\/2025\/03\/how-to-use-768x768.webp 768w, https:\/\/zaoyigarment.com\/wp-content\/uploads\/2025\/03\/how-to-use-12x12.webp 12w, https:\/\/zaoyigarment.com\/wp-content\/uploads\/2025\/03\/how-to-use-600x600.webp 600w, https:\/\/zaoyigarment.com\/wp-content\/uploads\/2025\/03\/how-to-use-100x100.webp 100w, https:\/\/zaoyigarment.com\/wp-content\/uploads\/2025\/03\/how-to-use.webp 1200w\" sizes=\"auto, (max-width: 1020px) 100vw, 1020px\" \/>\t\t\t\t\t\t\n\t\t\t\t\t<\/div>\n\t\t\t\t\t\t\t\t\n<style>\n#image_421533421 {\n  width: 100%;\n}\n<\/style>\n\t<\/div>","protected":false},"excerpt":{"rendered":"<p>Zaoyi Custom En \u0130yi Tek Kullan\u0131ml\u0131k Kald\u0131rma Pastalar\u0131 \u00dcreticisi ve Tedarik\u00e7isi \u00c7in<\/p>\n<p>\u2013 Adedi: 3000 adet<br \/>\n\u2013 OEM\/ODM hizmeti sunuldu<br \/>\n\u2013 \u00dccretsiz \u00f6rnek mevcut<br \/>\n\u2013 S\u00fctyen Geri D\u00f6n\u00fc\u015f\u00fcm\u00fc<br \/>\n\u2013 \u00d6zelle\u015ftirilmi\u015f sipari\u015f i\u00e7in 25-35 g\u00fcn haz\u0131r olma s\u00fcresi<br \/>\n\u2013 \u00d6zelle\u015ftirmeyi kabul edin (teknik \u00f6zellikler, renk, tasar\u0131m vb.)<\/p>\n<p>1) Seksi k\u0131yafetler, s\u0131rt\u0131 a\u00e7\u0131k elbiseler, gelinlikler, ti\u015f\u00f6rtler vb. ile giymek i\u00e7in en iyi s\u00fctyen \u00e7\u00f6z\u00fcmleri<br \/>\n2) Konfor i\u00e7in Diki\u015fsiz ve Destekleyici tasar\u0131m<br \/>\n3) P\u00fcr\u00fczs\u00fcz ve t\u0131bbi dereceli jel<br \/>\n4) Meme kapa\u011f\u0131nda \u00f6zelle\u015ftirilmi\u015f kuma\u015f veya desen yapabilir<br \/>\n5) Canl\u0131 renk, solmay\u0131 \u00f6nleyici<br \/>\n6)Kendin Yap \u00f6zelle\u015ftirme<\/p>\n<p>En iyi tek kullan\u0131ml\u0131k lift pasties fiyatlar\u0131n\u0131 almak istiyorsan\u0131z l\u00fctfen bizimle ileti\u015fime ge\u00e7in. Te\u015fekk\u00fcrler.<\/p>","protected":false},"featured_media":3087,"comment_status":"open","ping_status":"closed","template":"","meta":[],"product_brand":[],"product_cat":[52],"product_tag":[],"class_list":{"0":"post-3086","1":"product","2":"type-product","3":"status-publish","4":"has-post-thumbnail","6":"product_cat-nipple-cover","8":"first","9":"instock","10":"shipping-taxable","11":"product-type-simple"},"_links":{"self":[{"href":"https:\/\/zaoyigarment.com\/tr\/wp-json\/wp\/v2\/product\/3086","targetHints":{"allow":["GET"]}}],"collection":[{"href":"https:\/\/zaoyigarment.com\/tr\/wp-json\/wp\/v2\/product"}],"about":[{"href":"https:\/\/zaoyigarment.com\/tr\/wp-json\/wp\/v2\/types\/product"}],"replies":[{"embeddable":true,"href":"https:\/\/zaoyigarment.com\/tr\/wp-json\/wp\/v2\/comments?post=3086"}],"wp:featuredmedia":[{"embeddable":true,"href":"https:\/\/zaoyigarment.com\/tr\/wp-json\/wp\/v2\/media\/3087"}],"wp:attachment":[{"href":"https:\/\/zaoyigarment.com\/tr\/wp-json\/wp\/v2\/media?parent=3086"}],"wp:term":[{"taxonomy":"product_brand","embeddable":true,"href":"https:\/\/zaoyigarment.com\/tr\/wp-json\/wp\/v2\/product_brand?post=3086"},{"taxonomy":"product_cat","embeddable":true,"href":"https:\/\/zaoyigarment.com\/tr\/wp-json\/wp\/v2\/product_cat?post=3086"},{"taxonomy":"product_tag","embeddable":true,"href":"https:\/\/zaoyigarment.com\/tr\/wp-json\/wp\/v2\/product_tag?post=3086"}],"curies":[{"name":"wp","href":"https:\/\/api.w.org\/{rel}","templated":true}]}}