 {"id":3052,"date":"2024-10-21T08:20:20","date_gmt":"2024-10-21T08:20:20","guid":{"rendered":"https:\/\/zaoyigarment.com\/?post_type=product&#038;p=3052"},"modified":"2025-09-23T00:33:15","modified_gmt":"2025-09-23T00:33:15","slug":"lace-body-tape","status":"publish","type":"product","link":"https:\/\/zaoyigarment.com\/tr\/manufacturer\/lace-body-tape\/","title":{"rendered":"Dantel V\u00fccut Band\u0131 G\u00f6\u011f\u00fcs Kald\u0131rma Dantel Bant Nefes Alabilir G\u00f6\u011f\u00fcs Band\u0131"},"content":{"rendered":"<div id=\"featurebullets_feature_div\" class=\"celwidget\" data-feature-name=\"featurebullets\" data-csa-c-type=\"widget\" data-csa-c-content-id=\"featurebullets\" data-csa-c-slot-id=\"featurebullets_feature_div\" data-csa-c-asin=\"B07DF32D6Q\" data-csa-c-is-in-initial-active-row=\"false\" data-csa-c-id=\"3j0pnl-7cjnp-9t8psx-tspeog\">\n<div id=\"feature-bullets\" class=\"a-section a-spacing-medium a-spacing-top-small\">\n<ul class=\"a-unordered-list a-vertical a-spacing-mini\">\n<li>\n<div data-zone-id=\"0\" data-line-index=\"0\" data-line=\"true\">\n<div data-zone-id=\"0\" data-line-index=\"0\" data-line=\"true\"><strong style=\"font-size: 14.4px;\">DANTEL V\u00dcCUT BANT BEDEN\u0130:<\/strong><span style=\"font-size: 14.4px;\"> Normal geni\u015flik 2,5 cm, 3,8 cm, 5 cm, 7,5 cm, 10 cm&#039;dir, uzunluk 3 M, 4 M, 5 M&#039;yi se\u00e7ebilir. \u0130\u00e7 renk kutusu boyutu 7,5 * 6,5 * 7,5 cm, 11,5 * 8 * 8 cm&#039;dir. T\u00fcm boyutlar \u00f6zelle\u015ftirilmi\u015ftir<\/span><\/div>\n<\/div>\n<\/li>\n<li><span class=\"a-list-item\"><strong>MALZEME:<\/strong> Pamuk + spandeks<\/span><\/li>\n<li><span class=\"a-list-item\"><strong>TA\u015eINAB\u0130L\u0130RL\u0130\u011e\u0130 EN \u00dcST D\u00dcZEYE \u00c7IKARIN:<\/strong> Depolamay\u0131 ve ta\u015f\u0131may\u0131 kolayla\u015ft\u0131r\u0131n<\/span><\/li>\n<li><span class=\"a-list-item\"><strong>TOPLU OLARAK MEVCUTTUR:<\/strong> Stoklu ve b\u00fct\u00e7enizi a\u015fmad\u0131\u011f\u0131n\u0131zdan emin olmak i\u00e7in uygun toptan sat\u0131\u015f fiyat\u0131yla 1000 adetlik kutular halinde toplu olarak sunulur<\/span><\/li>\n<li><span class=\"a-list-item\"><strong>D\u00dc\u011e\u00dcNLER, \u00d6ZEL ETK\u0130NL\u0130KLER VE Y\u0130YECEKL\u0130 PART\u0130LER \u0130\u00c7\u0130N M\u00dcKEMMEL:<\/strong> Bu benzersiz bantla d\u00fc\u011f\u00fcn, ziyafet ve partide oldu\u011funuzda unutulmaz bir \u00f6zg\u00fcven yarat\u0131n<\/span><\/li>\n<li><strong>\u0130pu\u00e7lar\u0131: <\/strong>L\u00fctfen bu \u00fcr\u00fcn\u00fcn ciddi bir tutu\u015fa sahip oldu\u011funu unutmay\u0131n!<br \/>\nBaz\u0131 kad\u0131nlar\u0131n k\u00f6pr\u00fcc\u00fck kemi\u011fi veya \u00fcst g\u00f6\u011f\u00fcs b\u00f6lgesi \u00e7evresinde ince bir deri vard\u0131r. \u00dcr\u00fcn\u00fc 8 saatten fazla takmay\u0131n. Bu b\u00f6lgelere bant uygulamay\u0131 se\u00e7erseniz l\u00fctfen \u00e7ok dikkatli olun.<br \/>\n\u00dcr\u00fcn\u00fc kullan\u0131m s\u0131ras\u0131nda uzun s\u00fcre g\u00fcne\u015fe veya \u0131s\u0131ya maruz b\u0131rakmay\u0131n. Bu cilt tahri\u015fine neden olabilir. \u00dcr\u00fcnde g\u00fcne\u015flenmeyin.<\/li>\n<li><strong>Faydalar:<\/strong><\/li>\n<li>STRONG-HOLD\u2013 m\u00fckemmel destek sunar, yap\u0131\u015ft\u0131r\u0131c\u0131n\u0131n aktif yaz g\u00fcnlerinde bile yerinde kalmas\u0131n\u0131 sa\u011flar, suya ve tere kar\u015f\u0131 dayan\u0131kl\u0131d\u0131r. Akrilik yap\u0131\u015ft\u0131r\u0131c\u0131s\u0131 cildinize nazik\u00e7e yap\u0131\u015f\u0131r, rahat bir kald\u0131rma sa\u011flar ve k\u0131yafetinizi mahvedebilecek kay\u0131\u015flara olan ihtiyac\u0131 ortadan kald\u0131r\u0131r.<\/li>\n<li>HER BEDEN \u0130\u00c7\u0130N \u2013 A&#039;dan Z&#039;ye kadar kupa boyutlar\u0131na uygundur, g\u00f6\u011f\u00fcslerinizin boyutuna ve a\u011f\u0131rl\u0131\u011f\u0131na g\u00f6re gereken miktar\u0131 \u00f6zelle\u015ftirmenize olanak tan\u0131r. Uygulama alan\u0131n\u0131 \u00f6l\u00e7\u00fcn, uyacak \u015fekilde kesin ve band\u0131 uygulayarak giyim tarz\u0131n\u0131za g\u00f6re istedi\u011finiz kald\u0131rma ve \u015fekli elde edin.<\/li>\n<li>G\u0130ZEML\u0130 G\u00d6R\u00dcN\u00dcM \u2013 \u201cTan\u201d rengi ve \u00e7ok y\u00f6nl\u00fc uygulama se\u00e7enekleriyle bu g\u00f6\u011f\u00fcs kontur band\u0131 do\u011fal ve g\u00f6r\u00fcnmez bir g\u00f6r\u00fcn\u00fcm sa\u011flar. \u00c7e\u015fitli k\u0131yafetler i\u00e7in, ister \u201cKald\u0131r\u0131lm\u0131\u015f\u201d ister \u201cDo\u011fal\u201d olsun, istedi\u011finiz etkiyi elde etmek i\u00e7in band\u0131 uygulay\u0131n; s\u0131rt\u0131 a\u00e7\u0131k, ask\u0131s\u0131z, \u015feffaf file, gelinlik veya sade ti\u015f\u00f6rtler gibi.<\/li>\n<li><b>L\u00fctfen akl\u0131n\u0131zda bulundurun:<\/b><br \/>\n<b>Cilt Alerjileri ve Cilt Y\u0131rt\u0131c\u0131 Sorunlar\u0131ndan Nas\u0131l Ka\u00e7\u0131n\u0131l\u0131r?<\/b><\/p>\n<ul>\n<li>Basit bir cilt hassasiyeti testi yap\u0131n<\/li>\n<li>Band\u0131n cildinizde 12 saatten fazla kalmas\u0131na izin vermeyin<\/li>\n<li>Hamile kad\u0131nlar, emziren kad\u0131nlar veya hassas\/narin cilde sahip ki\u015filer i\u00e7in uygun de\u011fildir<\/li>\n<li>Cildin y\u0131rt\u0131lmas\u0131n\u0131 \u00f6nlemeye yard\u0131mc\u0131 olan g\u00f6\u011f\u00fcs band\u0131n\u0131 yava\u015f\u00e7a ve nazik\u00e7e \u00e7\u0131karmak i\u00e7in l\u00fctfen \u0131l\u0131k su veya u\u00e7ucu ya\u011f kullanmay\u0131 unutmay\u0131n; \u00e7ok h\u0131zl\u0131 y\u0131rtmak yaralanmaya neden olabilir. Ayr\u0131ca kurtulmak i\u00e7in s\u0131cak bir banyo da yapabilirsiniz.<\/li>\n<\/ul>\n<p><b>Cildinizin hassas olup olmad\u0131\u011f\u0131n\u0131 anlamak i\u00e7in Kolay Cilt Testi Nas\u0131l Yap\u0131l\u0131r?<\/b><\/p>\n<ol>\n<li>Banttan k\u00fc\u00e7\u00fck bir \u015ferit kesip kolunuzun i\u00e7 k\u0131sm\u0131na yap\u0131\u015ft\u0131rabilir, 6 saat sonra y\u0131rtabilirsiniz.<\/li>\n<li>Cildinizi g\u00f6zlemleyin.<\/li>\n<li>Testten sonra olumsuz bir reaksiyonla kar\u015f\u0131la\u015f\u0131rsan\u0131z (k\u0131zar\u0131kl\u0131k, yanma veya rahats\u0131zl\u0131k gibi), l\u00fctfen bu band\u0131 kullanmay\u0131 hemen b\u0131rak\u0131n.<\/li>\n<\/ol>\n<\/li>\n<\/ul>\n<\/div>\n<\/div>\n\t<div class=\"img has-hover x md-x lg-x y md-y lg-y\" id=\"image_1741984213\">\n\t\t\t\t\t\t\t\t<div class=\"img-inner dark\" >\n\t\t\t<img loading=\"lazy\" decoding=\"async\" width=\"1020\" height=\"1020\" src=\"https:\/\/zaoyigarment.com\/wp-content\/uploads\/2024\/10\/lace-body-tape-1024x1024.webp\" class=\"attachment-large size-large\" alt=\"dantel v\u00fccut band\u0131\" srcset=\"https:\/\/zaoyigarment.com\/wp-content\/uploads\/2024\/10\/lace-body-tape-1024x1024.webp 1024w, https:\/\/zaoyigarment.com\/wp-content\/uploads\/2024\/10\/lace-body-tape-300x300.webp 300w, https:\/\/zaoyigarment.com\/wp-content\/uploads\/2024\/10\/lace-body-tape-150x150.webp 150w, https:\/\/zaoyigarment.com\/wp-content\/uploads\/2024\/10\/lace-body-tape-768x768.webp 768w, https:\/\/zaoyigarment.com\/wp-content\/uploads\/2024\/10\/lace-body-tape-1536x1536.webp 1536w, https:\/\/zaoyigarment.com\/wp-content\/uploads\/2024\/10\/lace-body-tape-2048x2048.webp 2048w, https:\/\/zaoyigarment.com\/wp-content\/uploads\/2024\/10\/lace-body-tape-12x12.webp 12w, https:\/\/zaoyigarment.com\/wp-content\/uploads\/2024\/10\/lace-body-tape-600x600.webp 600w, https:\/\/zaoyigarment.com\/wp-content\/uploads\/2024\/10\/lace-body-tape-100x100.webp 100w\" sizes=\"auto, (max-width: 1020px) 100vw, 1020px\" \/>\t\t\t\t\t\t\n\t\t\t\t\t<\/div>\n\t\t\t\t\t\t\t\t\n<style>\n#image_1741984213 {\n  width: 100%;\n}\n<\/style>\n\t<\/div>\n\t\n\t<div class=\"img has-hover x md-x lg-x y md-y lg-y\" id=\"image_435421721\">\n\t\t\t\t\t\t\t\t<div class=\"img-inner dark\" >\n\t\t\t<img loading=\"lazy\" decoding=\"async\" width=\"1020\" height=\"1020\" src=\"https:\/\/zaoyigarment.com\/wp-content\/uploads\/2024\/10\/how-to-use-bra-tape-1024x1024.webp\" class=\"attachment-large size-large\" alt=\"sutyen band\u0131 nas\u0131l kullan\u0131l\u0131r\" srcset=\"https:\/\/zaoyigarment.com\/wp-content\/uploads\/2024\/10\/how-to-use-bra-tape-1024x1024.webp 1024w, https:\/\/zaoyigarment.com\/wp-content\/uploads\/2024\/10\/how-to-use-bra-tape-300x300.webp 300w, https:\/\/zaoyigarment.com\/wp-content\/uploads\/2024\/10\/how-to-use-bra-tape-150x150.webp 150w, https:\/\/zaoyigarment.com\/wp-content\/uploads\/2024\/10\/how-to-use-bra-tape-768x768.webp 768w, https:\/\/zaoyigarment.com\/wp-content\/uploads\/2024\/10\/how-to-use-bra-tape-12x12.webp 12w, https:\/\/zaoyigarment.com\/wp-content\/uploads\/2024\/10\/how-to-use-bra-tape-600x600.webp 600w, https:\/\/zaoyigarment.com\/wp-content\/uploads\/2024\/10\/how-to-use-bra-tape-100x100.webp 100w, https:\/\/zaoyigarment.com\/wp-content\/uploads\/2024\/10\/how-to-use-bra-tape.webp 1500w\" sizes=\"auto, (max-width: 1020px) 100vw, 1020px\" \/>\t\t\t\t\t\t\n\t\t\t\t\t<\/div>\n\t\t\t\t\t\t\t\t\n<style>\n#image_435421721 {\n  width: 100%;\n}\n<\/style>\n\t<\/div>","protected":false},"excerpt":{"rendered":"<p>\u00c7in&#039;de Zaoyi \u00d6zel Dantel V\u00fccut Band\u0131 \u00dcreticisi ve Tedarik\u00e7isi<\/p>\n<p>\u2013 Adedi: 3000 adet<br \/>\n\u2013 OEM\/ODM hizmeti sunuldu<br \/>\n\u2013 \u00dccretsiz \u00f6rnek mevcut<br \/>\n\u2013 \u00d6zelle\u015ftirmeyi kabul edin (teknik \u00f6zellikler, renk, tasar\u0131m vb.)<\/p>\n<p>Dantel v\u00fccut band\u0131 fiyatlar\u0131n\u0131 \u00f6\u011frenmek istiyorsan\u0131z l\u00fctfen bizimle ileti\u015fime ge\u00e7iniz.<\/p>","protected":false},"featured_media":3057,"comment_status":"open","ping_status":"closed","template":"","meta":[],"product_brand":[],"product_cat":[38],"product_tag":[],"class_list":{"0":"post-3052","1":"product","2":"type-product","3":"status-publish","4":"has-post-thumbnail","6":"product_cat-bra-tape","8":"first","9":"instock","10":"shipping-taxable","11":"product-type-simple"},"_links":{"self":[{"href":"https:\/\/zaoyigarment.com\/tr\/wp-json\/wp\/v2\/product\/3052","targetHints":{"allow":["GET"]}}],"collection":[{"href":"https:\/\/zaoyigarment.com\/tr\/wp-json\/wp\/v2\/product"}],"about":[{"href":"https:\/\/zaoyigarment.com\/tr\/wp-json\/wp\/v2\/types\/product"}],"replies":[{"embeddable":true,"href":"https:\/\/zaoyigarment.com\/tr\/wp-json\/wp\/v2\/comments?post=3052"}],"wp:featuredmedia":[{"embeddable":true,"href":"https:\/\/zaoyigarment.com\/tr\/wp-json\/wp\/v2\/media\/3057"}],"wp:attachment":[{"href":"https:\/\/zaoyigarment.com\/tr\/wp-json\/wp\/v2\/media?parent=3052"}],"wp:term":[{"taxonomy":"product_brand","embeddable":true,"href":"https:\/\/zaoyigarment.com\/tr\/wp-json\/wp\/v2\/product_brand?post=3052"},{"taxonomy":"product_cat","embeddable":true,"href":"https:\/\/zaoyigarment.com\/tr\/wp-json\/wp\/v2\/product_cat?post=3052"},{"taxonomy":"product_tag","embeddable":true,"href":"https:\/\/zaoyigarment.com\/tr\/wp-json\/wp\/v2\/product_tag?post=3052"}],"curies":[{"name":"wp","href":"https:\/\/api.w.org\/{rel}","templated":true}]}}