 {"id":2939,"date":"2024-09-27T09:18:29","date_gmt":"2024-09-27T09:18:29","guid":{"rendered":"https:\/\/zaoyigarment.com\/?post_type=product&#038;p=2939"},"modified":"2025-12-09T19:59:24","modified_gmt":"2025-12-09T19:59:24","slug":"lace-nipple-cover","status":"publish","type":"product","link":"https:\/\/zaoyigarment.com\/tr\/manufacturer\/lace-nipple-cover\/","title":{"rendered":"Dantel Meme Ucu Kapa\u011f\u0131 Meme Ucu Pastalar\u0131 G\u00f6\u011f\u00fcs Yapra\u011f\u0131 Sticker Tek Kullan\u0131ml\u0131k"},"content":{"rendered":"<ul class=\"a-unordered-list a-vertical a-spacing-mini\">\n<li><span class=\"a-list-item\"><strong>\ud83c\udf6a\u0130S\u0130M:<\/strong> meme ucu \u00f6rt\u00fcs\u00fc, meme yapraklar\u0131, meme ucu pastiesi<\/span><\/li>\n<li><span class=\"a-list-item\"><strong>\ud83c\udf6a\u015eEK\u0130LLER:<\/strong> <a href=\"https:\/\/zaoyigarment.com\/tr\/manufacturer\/sexy-bra-breast-boob-covers-colorful-fun-nipple-covers\/\">herhangi bir \u015fekil<\/a><\/span><\/li>\n<li><span class=\"a-list-item\"><strong>\ud83c\udf6aKABLOSUZ:<\/strong> Evet<\/span><\/li>\n<li><span class=\"a-list-item\"><strong>\ud83c\udf6a\u00dcR\u00dcN RENG\u0130:<\/strong> ten rengi, siyah, hindistan cevizi, kahverengi, \u00f6zelle\u015ftirilmi\u015f.<\/span><\/li>\n<li><span class=\"a-list-item\">\ud83c\udf6a<strong>BOYUTLAR:<\/strong> \u00f6zelle\u015ftirilmi\u015f<\/span><\/li>\n<li><span class=\"a-list-item\">\ud83c\udf6a<strong>BA\u015eVURU:<\/strong> d\u00fc\u011f\u00fcn, seksi k\u0131yafet, parti, ziyafet, g\u00fcndelik vb.<\/span><\/li>\n<li><span class=\"a-color-base\"><span class=\"a-list-item\"><strong>\ud83c\udf6aMALZEME T\u00dcR\u00dc: <\/strong>silikon<\/span><\/span><\/li>\n<li><span class=\"a-color-base\"><span class=\"a-list-item\"><strong>\ud83c\udf6aBAKIM TAL\u0130MATLARI: <\/strong>yeniden kullan\u0131labilir<\/span><\/span><\/li>\n<li><strong><span class=\"a-color-base\"><span class=\"a-list-item\">\ud83c\udf6a<\/span><\/span>\u00d6NEML\u0130 \u0130PU\u00c7LARI:<\/strong><br \/>\nCilt sorunlar\u0131n\u0131z varsa ya da cildiniz yaralanm\u0131\u015f, enfeksiyon kapm\u0131\u015f ya da g\u00fcne\u015ften yanm\u0131\u015fsa uygun de\u011fildir.<br \/>\nHamileyseniz veya emziriyorsan\u0131z, silika jele alerjiniz varsa veya yak\u0131n zamanda g\u00f6\u011f\u00fcs b\u00fcy\u00fctme veya g\u00f6\u011f\u00fcs k\u00fc\u00e7\u00fcltme ameliyat\u0131 ge\u00e7irdiyseniz l\u00fctfen bu \u00fcr\u00fcn\u00fc kullanmay\u0131n.<br \/>\nBu \u00fcr\u00fcn\u00fc kullan\u0131rken herhangi bir cilt anormalli\u011fi ortaya \u00e7\u0131karsa, derhal kullanmay\u0131 b\u0131rak\u0131n ve derhal dermatolo\u011funuza veya cilt uzman\u0131n\u0131za dan\u0131\u015f\u0131n.<\/li>\n<\/ul>\n<h2><\/h2>\n<h2>Resimlerle S\u00fctyen Beden Tablosu<\/h2>\n\t<div class=\"img has-hover x md-x lg-x y md-y lg-y\" id=\"image_12481664\">\n\t\t\t\t\t\t\t\t<div class=\"img-inner dark\" >\n\t\t\t<img loading=\"lazy\" decoding=\"async\" width=\"1020\" height=\"1020\" src=\"https:\/\/zaoyigarment.com\/wp-content\/uploads\/2024\/09\/nipple-cover-size-1024x1024.webp\" class=\"attachment-large size-large\" alt=\"meme ucu kapa\u011f\u0131 boyutu\" srcset=\"https:\/\/zaoyigarment.com\/wp-content\/uploads\/2024\/09\/nipple-cover-size-1024x1024.webp 1024w, https:\/\/zaoyigarment.com\/wp-content\/uploads\/2024\/09\/nipple-cover-size-300x300.webp 300w, https:\/\/zaoyigarment.com\/wp-content\/uploads\/2024\/09\/nipple-cover-size-150x150.webp 150w, https:\/\/zaoyigarment.com\/wp-content\/uploads\/2024\/09\/nipple-cover-size-768x768.webp 768w, https:\/\/zaoyigarment.com\/wp-content\/uploads\/2024\/09\/nipple-cover-size-1536x1536.webp 1536w, https:\/\/zaoyigarment.com\/wp-content\/uploads\/2024\/09\/nipple-cover-size-2048x2048.webp 2048w, https:\/\/zaoyigarment.com\/wp-content\/uploads\/2024\/09\/nipple-cover-size-12x12.webp 12w, https:\/\/zaoyigarment.com\/wp-content\/uploads\/2024\/09\/nipple-cover-size-600x600.webp 600w, https:\/\/zaoyigarment.com\/wp-content\/uploads\/2024\/09\/nipple-cover-size-100x100.webp 100w\" sizes=\"auto, (max-width: 1020px) 100vw, 1020px\" \/>\t\t\t\t\t\t\n\t\t\t\t\t<\/div>\n\t\t\t\t\t\t\t\t\n<style>\n#image_12481664 {\n  width: 100%;\n}\n<\/style>\n\t<\/div>\n\t\n\t<div class=\"img has-hover x md-x lg-x y md-y lg-y\" id=\"image_648479004\">\n\t\t\t\t\t\t\t\t<div class=\"img-inner dark\" >\n\t\t\t<img loading=\"lazy\" decoding=\"async\" width=\"1020\" height=\"1020\" src=\"https:\/\/zaoyigarment.com\/wp-content\/uploads\/2024\/09\/nipple-cover-specifics-1-1024x1024.webp\" class=\"attachment-large size-large\" alt=\"meme ucu kapa\u011f\u0131 \u00f6zellikleri\" srcset=\"https:\/\/zaoyigarment.com\/wp-content\/uploads\/2024\/09\/nipple-cover-specifics-1-1024x1024.webp 1024w, https:\/\/zaoyigarment.com\/wp-content\/uploads\/2024\/09\/nipple-cover-specifics-1-300x300.webp 300w, https:\/\/zaoyigarment.com\/wp-content\/uploads\/2024\/09\/nipple-cover-specifics-1-150x150.webp 150w, https:\/\/zaoyigarment.com\/wp-content\/uploads\/2024\/09\/nipple-cover-specifics-1-768x768.webp 768w, https:\/\/zaoyigarment.com\/wp-content\/uploads\/2024\/09\/nipple-cover-specifics-1-1536x1536.webp 1536w, https:\/\/zaoyigarment.com\/wp-content\/uploads\/2024\/09\/nipple-cover-specifics-1-2048x2048.webp 2048w, https:\/\/zaoyigarment.com\/wp-content\/uploads\/2024\/09\/nipple-cover-specifics-1-12x12.webp 12w, https:\/\/zaoyigarment.com\/wp-content\/uploads\/2024\/09\/nipple-cover-specifics-1-600x600.webp 600w, https:\/\/zaoyigarment.com\/wp-content\/uploads\/2024\/09\/nipple-cover-specifics-1-100x100.webp 100w\" sizes=\"auto, (max-width: 1020px) 100vw, 1020px\" \/>\t\t\t\t\t\t\n\t\t\t\t\t<\/div>\n\t\t\t\t\t\t\t\t\n<style>\n#image_648479004 {\n  width: 100%;\n}\n<\/style>\n\t<\/div>","protected":false},"excerpt":{"rendered":"<p>\u00c7in&#039;de Zaoyi \u00d6zel Dantel Meme Ucu Kapa\u011f\u0131 \u00dcreticisi ve Tedarik\u00e7isi<\/p>\n<p>\u2013 Adedi: 3000 adet<br \/>\n\u2013 OEM\/ODM hizmeti sunuldu<br \/>\n\u2013 \u00dccretsiz \u00f6rnek mevcut<br \/>\n\u2013 S\u00fctyen Geri D\u00f6n\u00fc\u015f\u00fcm\u00fc<br \/>\n\u2013 \u00d6zelle\u015ftirilmi\u015f sipari\u015f i\u00e7in 25-35 g\u00fcn haz\u0131r olma s\u00fcresi<br \/>\n\u2013 \u00d6zelle\u015ftirmeyi kabul edin (teknik \u00f6zellikler, renk, tasar\u0131m vb.)<\/p>\n<p>1) Seksi k\u0131yafetler, s\u0131rt\u0131 a\u00e7\u0131k elbiseler, gelinlikler, ti\u015f\u00f6rtler vb. ile giymek i\u00e7in en iyi s\u00fctyen \u00e7\u00f6z\u00fcmleri<br \/>\n2) Konfor i\u00e7in Diki\u015fsiz ve Destekleyici tasar\u0131m<br \/>\n3) P\u00fcr\u00fczs\u00fcz ve t\u0131bbi dereceli jel<br \/>\n4) Meme kapa\u011f\u0131nda \u00f6zelle\u015ftirilmi\u015f kuma\u015f veya desen yapabilir<br \/>\n5) Canl\u0131 renk, solmay\u0131 \u00f6nleyici<br \/>\n6)Kendin Yap \u00f6zelle\u015ftirme<\/p>\n<p>Dantel meme ucu kapa\u011f\u0131 fiyatlar\u0131n\u0131 \u00f6\u011frenmek istiyorsan\u0131z l\u00fctfen bizimle ileti\u015fime ge\u00e7iniz. Te\u015fekk\u00fcrler.<\/p>","protected":false},"featured_media":2942,"comment_status":"open","ping_status":"closed","template":"","meta":[],"product_brand":[],"product_cat":[52],"product_tag":[],"class_list":{"0":"post-2939","1":"product","2":"type-product","3":"status-publish","4":"has-post-thumbnail","6":"product_cat-nipple-cover","8":"first","9":"instock","10":"shipping-taxable","11":"product-type-simple"},"_links":{"self":[{"href":"https:\/\/zaoyigarment.com\/tr\/wp-json\/wp\/v2\/product\/2939","targetHints":{"allow":["GET"]}}],"collection":[{"href":"https:\/\/zaoyigarment.com\/tr\/wp-json\/wp\/v2\/product"}],"about":[{"href":"https:\/\/zaoyigarment.com\/tr\/wp-json\/wp\/v2\/types\/product"}],"replies":[{"embeddable":true,"href":"https:\/\/zaoyigarment.com\/tr\/wp-json\/wp\/v2\/comments?post=2939"}],"wp:featuredmedia":[{"embeddable":true,"href":"https:\/\/zaoyigarment.com\/tr\/wp-json\/wp\/v2\/media\/2942"}],"wp:attachment":[{"href":"https:\/\/zaoyigarment.com\/tr\/wp-json\/wp\/v2\/media?parent=2939"}],"wp:term":[{"taxonomy":"product_brand","embeddable":true,"href":"https:\/\/zaoyigarment.com\/tr\/wp-json\/wp\/v2\/product_brand?post=2939"},{"taxonomy":"product_cat","embeddable":true,"href":"https:\/\/zaoyigarment.com\/tr\/wp-json\/wp\/v2\/product_cat?post=2939"},{"taxonomy":"product_tag","embeddable":true,"href":"https:\/\/zaoyigarment.com\/tr\/wp-json\/wp\/v2\/product_tag?post=2939"}],"curies":[{"name":"wp","href":"https:\/\/api.w.org\/{rel}","templated":true}]}}