 {"id":2736,"date":"2024-08-22T08:45:34","date_gmt":"2024-08-22T08:45:34","guid":{"rendered":"https:\/\/zaoyigarment.com\/?post_type=product&#038;p=2736"},"modified":"2026-04-07T04:40:58","modified_gmt":"2026-04-07T04:40:58","slug":"bra-buckle-extenders","status":"publish","type":"product","link":"https:\/\/zaoyigarment.com\/tr\/manufacturer\/bra-buckle-extenders\/","title":{"rendered":"S\u00fctyen Tokas\u0131 Geni\u015fleticiler Ayarlanabilir Kad\u0131n S\u00fctyen Geni\u015fleticiler Farkl\u0131 Boyutlar"},"content":{"rendered":"<ul class=\"a-unordered-list a-vertical a-spacing-mini\">\n<li><span class=\"a-list-item\"><strong>\ud83c\udf6a\u0130S\u0130M:<\/strong> <a href=\"https:\/\/zaoyigarment.com\/tr\/manufacturer\/bra-extender-womens-soft-comfortable-bra-extenders\/\">sutyen geni\u015fletici<\/a>, s\u00fctyen tokas\u0131 geni\u015fletici, kad\u0131n s\u00fctyen geni\u015fletici<\/span><\/li>\n<li><span class=\"a-list-item\"><strong>\ud83c\udf6a\u015eEK\u0130LLER:<\/strong> dikd\u00f6rtgen<\/span><\/li>\n<li><span class=\"a-list-item\"><strong>\ud83c\udf6a\u00dcR\u00dcN RENG\u0130:<\/strong> ten rengi, beyaz, siyah, kakao, latte, \u00f6zelle\u015ftirilmi\u015f.<\/span><\/li>\n<li><span class=\"a-list-item\">\ud83c\udf6a<strong>BOYUTLAR:<\/strong> 35cm,45cm,55cm vb. \u00f6zelle\u015ftirilmi\u015f<\/span><\/li>\n<li><span class=\"a-list-item\">\ud83c\udf6a<strong>BA\u015eVURU:<\/strong> s\u00fctyen ask\u0131s\u0131 geni\u015fletici.<\/span><\/li>\n<li><span class=\"a-color-base\"><span class=\"a-list-item\"><strong>\ud83c\udf6aMALZEME T\u00dcR\u00dc: <\/strong>naylon<\/span><\/span><\/li>\n<li><span class=\"a-color-base\"><span class=\"a-list-item\"><strong>\ud83c\udf6aBAKIM TAL\u0130MATLARI: <\/strong>yeniden kullan\u0131labilir<\/span><\/span><\/li>\n<\/ul>\n<h2><\/h2>\n<h2><\/h2>\n\t<div class=\"img has-hover x md-x lg-x y md-y lg-y\" id=\"image_90609809\">\n\t\t\t\t\t\t\t\t<div class=\"img-inner dark\" >\n\t\t\t<img loading=\"lazy\" decoding=\"async\" width=\"1000\" height=\"1000\" src=\"https:\/\/zaoyigarment.com\/wp-content\/uploads\/2024\/08\/bra-extension-buckle.webp\" class=\"attachment-large size-large\" alt=\"s\u00fctyen uzatma tokas\u0131\" srcset=\"https:\/\/zaoyigarment.com\/wp-content\/uploads\/2024\/08\/bra-extension-buckle.webp 1000w, https:\/\/zaoyigarment.com\/wp-content\/uploads\/2024\/08\/bra-extension-buckle-300x300.webp 300w, https:\/\/zaoyigarment.com\/wp-content\/uploads\/2024\/08\/bra-extension-buckle-150x150.webp 150w, https:\/\/zaoyigarment.com\/wp-content\/uploads\/2024\/08\/bra-extension-buckle-768x768.webp 768w, https:\/\/zaoyigarment.com\/wp-content\/uploads\/2024\/08\/bra-extension-buckle-12x12.webp 12w, https:\/\/zaoyigarment.com\/wp-content\/uploads\/2024\/08\/bra-extension-buckle-600x600.webp 600w, https:\/\/zaoyigarment.com\/wp-content\/uploads\/2024\/08\/bra-extension-buckle-100x100.webp 100w\" sizes=\"auto, (max-width: 1000px) 100vw, 1000px\" \/>\t\t\t\t\t\t\n\t\t\t\t\t<\/div>\n\t\t\t\t\t\t\t\t\n<style>\n#image_90609809 {\n  width: 100%;\n}\n<\/style>\n\t<\/div>","protected":false},"excerpt":{"rendered":"<p>Zaoyi \u00d6zel S\u00fctyen Tokas\u0131 Geni\u015fleticileri \u00dcreticisi ve \u00c7in&#039;deki Tedarik\u00e7isi<\/p>\n<p>\u2013 Adedi: 3000 adet<br \/>\n\u2013 OEM\/ODM hizmeti sunuldu<br \/>\n\u2013 \u00dccretsiz \u00f6rnek mevcut<br \/>\n\u2013 S\u00fctyen Geri D\u00f6n\u00fc\u015f\u00fcm\u00fc<br \/>\n\u2013 \u00d6zelle\u015ftirilmi\u015f sipari\u015f i\u00e7in 25-35 g\u00fcn haz\u0131r olma s\u00fcresi<br \/>\n\u2013 \u00d6zelle\u015ftirmeyi kabul edin (teknik \u00f6zellikler, renk, tasar\u0131m vb.)<\/p>\n<p>1)Geve\u015f s\u00fctyen ask\u0131lar\u0131 i\u00e7in en iyi s\u00fctyen \u00e7\u00f6z\u00fcmleri<br \/>\n2)\u00d6zelle\u015ftirilmi\u015f boyutlar mevcuttur<br \/>\n3)Rahat naylon malzeme<br \/>\n4)Ki\u015fiselle\u015ftirilmi\u015f kuma\u015f veya desenler yap\u0131labilir<br \/>\n5) Canl\u0131 renk, solmay\u0131 \u00f6nleyici<br \/>\n6)Kendin Yap \u00f6zelle\u015ftirme<\/p>\n<p>S\u00fctyen tokas\u0131 geni\u015fletici fiyatlar\u0131n\u0131 \u00f6\u011frenmek istiyorsan\u0131z l\u00fctfen bizimle ileti\u015fime ge\u00e7iniz.<\/p>","protected":false},"featured_media":2737,"comment_status":"open","ping_status":"closed","template":"","meta":[],"product_brand":[],"product_cat":[53],"product_tag":[],"class_list":{"0":"post-2736","1":"product","2":"type-product","3":"status-publish","4":"has-post-thumbnail","6":"product_cat-bra-accessories","8":"first","9":"instock","10":"shipping-taxable","11":"product-type-simple"},"_links":{"self":[{"href":"https:\/\/zaoyigarment.com\/tr\/wp-json\/wp\/v2\/product\/2736","targetHints":{"allow":["GET"]}}],"collection":[{"href":"https:\/\/zaoyigarment.com\/tr\/wp-json\/wp\/v2\/product"}],"about":[{"href":"https:\/\/zaoyigarment.com\/tr\/wp-json\/wp\/v2\/types\/product"}],"replies":[{"embeddable":true,"href":"https:\/\/zaoyigarment.com\/tr\/wp-json\/wp\/v2\/comments?post=2736"}],"wp:featuredmedia":[{"embeddable":true,"href":"https:\/\/zaoyigarment.com\/tr\/wp-json\/wp\/v2\/media\/2737"}],"wp:attachment":[{"href":"https:\/\/zaoyigarment.com\/tr\/wp-json\/wp\/v2\/media?parent=2736"}],"wp:term":[{"taxonomy":"product_brand","embeddable":true,"href":"https:\/\/zaoyigarment.com\/tr\/wp-json\/wp\/v2\/product_brand?post=2736"},{"taxonomy":"product_cat","embeddable":true,"href":"https:\/\/zaoyigarment.com\/tr\/wp-json\/wp\/v2\/product_cat?post=2736"},{"taxonomy":"product_tag","embeddable":true,"href":"https:\/\/zaoyigarment.com\/tr\/wp-json\/wp\/v2\/product_tag?post=2736"}],"curies":[{"name":"wp","href":"https:\/\/api.w.org\/{rel}","templated":true}]}}