 {"id":2724,"date":"2024-08-22T02:57:54","date_gmt":"2024-08-22T02:57:54","guid":{"rendered":"https:\/\/zaoyigarment.com\/?post_type=product&#038;p=2724"},"modified":"2026-03-05T16:03:30","modified_gmt":"2026-03-05T16:03:30","slug":"self-adhesive-push-up-bras","status":"publish","type":"product","link":"https:\/\/zaoyigarment.com\/tr\/manufacturer\/self-adhesive-push-up-bras\/","title":{"rendered":"Kendinden Yap\u0131\u015fkanl\u0131 Push-Up S\u00fctyenler Mango \u015eekilli Geli\u015ftiren S\u0131rt\u0131 A\u00e7\u0131k G\u00f6r\u00fcnmez S\u00fctyen"},"content":{"rendered":"<ul class=\"a-unordered-list a-vertical a-spacing-mini\">\n<li><span class=\"a-list-item\"><strong>\ud83c\udf6a\u0130S\u0130M:<\/strong> yap\u0131\u015fkanl\u0131 sutyen, yap\u0131\u015fkan sutyen, g\u00f6r\u00fcnmez sutyen<\/span><\/li>\n<li><span class=\"a-list-item\"><strong>\ud83c\udf6a\u015eEK\u0130LLER:<\/strong> mango \u015fekli<\/span><\/li>\n<li><span class=\"a-list-item\"><strong>\ud83c\udf6aKABLOSUZ:<\/strong> Evet<\/span><\/li>\n<li><span class=\"a-list-item\"><strong>\ud83c\udf6a\u00dcR\u00dcN RENG\u0130:<\/strong> \u00e7\u0131plak, siyah, kahverengi, \u00f6zelle\u015ftirilmi\u015f.<\/span><\/li>\n<li><span class=\"a-list-item\">\ud83c\udf6a<strong>BOYUTLAR:<\/strong> \u00f6zelle\u015ftirilmi\u015f<\/span><\/li>\n<li><span class=\"a-list-item\">\ud83c\udf6a<strong>BA\u015eVURU:<\/strong> d\u00fc\u011f\u00fcn, seksi k\u0131yafet, parti, ziyafet, g\u00fcndelik vb.<\/span><\/li>\n<li><span class=\"a-color-base\"><span class=\"a-list-item\"><strong>\ud83c\udf6aMALZEME T\u00dcR\u00dc: <\/strong>silikon<\/span><\/span><\/li>\n<li><span class=\"a-color-base\"><span class=\"a-list-item\"><strong>\ud83c\udf6aBAKIM TAL\u0130MATLARI: <\/strong>yeniden kullan\u0131labilir<\/span><\/span><\/li>\n<li><strong><span class=\"a-color-base\"><span class=\"a-list-item\">\ud83c\udf6a<\/span><\/span>\u00d6NEML\u0130 \u0130PU\u00c7LARI:<\/strong><br \/>\nCilt sorunlar\u0131n\u0131z varsa ya da cildiniz yaralanm\u0131\u015f, enfeksiyon kapm\u0131\u015f ya da g\u00fcne\u015ften yanm\u0131\u015fsa uygun de\u011fildir.<br \/>\nHamileyseniz veya emziriyorsan\u0131z, silika jele alerjiniz varsa veya yak\u0131n zamanda g\u00f6\u011f\u00fcs b\u00fcy\u00fctme veya g\u00f6\u011f\u00fcs k\u00fc\u00e7\u00fcltme ameliyat\u0131 ge\u00e7irdiyseniz l\u00fctfen bu \u00fcr\u00fcn\u00fc kullanmay\u0131n.<br \/>\nBu \u00fcr\u00fcn\u00fc kullan\u0131rken herhangi bir cilt anormalli\u011fi ortaya \u00e7\u0131karsa, derhal kullanmay\u0131 b\u0131rak\u0131n ve derhal dermatolo\u011funuza veya cilt uzman\u0131n\u0131za dan\u0131\u015f\u0131n.<\/li>\n<\/ul>\n<h2><\/h2>\n<h2>Resimlerle S\u00fctyen Beden Tablosu<\/h2>\n\t<div class=\"img has-hover x md-x lg-x y md-y lg-y\" id=\"image_1609720405\">\n\t\t\t\t\t\t\t\t<div class=\"img-inner dark\" >\n\t\t\t<img loading=\"lazy\" decoding=\"async\" width=\"1000\" height=\"1000\" src=\"https:\/\/zaoyigarment.com\/wp-content\/uploads\/2024\/06\/backless-bra.webp\" class=\"attachment-large size-large\" alt=\"s\u0131rt\u0131 a\u00e7\u0131k sutyen\" srcset=\"https:\/\/zaoyigarment.com\/wp-content\/uploads\/2024\/06\/backless-bra.webp 1000w, https:\/\/zaoyigarment.com\/wp-content\/uploads\/2024\/06\/backless-bra-300x300.webp 300w, https:\/\/zaoyigarment.com\/wp-content\/uploads\/2024\/06\/backless-bra-150x150.webp 150w, https:\/\/zaoyigarment.com\/wp-content\/uploads\/2024\/06\/backless-bra-768x768.webp 768w, https:\/\/zaoyigarment.com\/wp-content\/uploads\/2024\/06\/backless-bra-12x12.webp 12w, https:\/\/zaoyigarment.com\/wp-content\/uploads\/2024\/06\/backless-bra-600x600.webp 600w, https:\/\/zaoyigarment.com\/wp-content\/uploads\/2024\/06\/backless-bra-100x100.webp 100w\" sizes=\"auto, (max-width: 1000px) 100vw, 1000px\" \/>\t\t\t\t\t\t\n\t\t\t\t\t<\/div>\n\t\t\t\t\t\t\t\t\n<style>\n#image_1609720405 {\n  width: 100%;\n}\n<\/style>\n\t<\/div>\n\t\n\t<div class=\"img has-hover x md-x lg-x y md-y lg-y\" id=\"image_635497686\">\n\t\t\t\t\t\t\t\t<div class=\"img-inner dark\" >\n\t\t\t<img loading=\"lazy\" decoding=\"async\" width=\"1000\" height=\"1000\" src=\"https:\/\/zaoyigarment.com\/wp-content\/uploads\/2024\/06\/front-closure-sticky-bra.webp\" class=\"attachment-large size-large\" alt=\"\u00f6n kapatma yap\u0131\u015fkan sutyen\" srcset=\"https:\/\/zaoyigarment.com\/wp-content\/uploads\/2024\/06\/front-closure-sticky-bra.webp 1000w, https:\/\/zaoyigarment.com\/wp-content\/uploads\/2024\/06\/front-closure-sticky-bra-300x300.webp 300w, https:\/\/zaoyigarment.com\/wp-content\/uploads\/2024\/06\/front-closure-sticky-bra-150x150.webp 150w, https:\/\/zaoyigarment.com\/wp-content\/uploads\/2024\/06\/front-closure-sticky-bra-768x768.webp 768w, https:\/\/zaoyigarment.com\/wp-content\/uploads\/2024\/06\/front-closure-sticky-bra-12x12.webp 12w, https:\/\/zaoyigarment.com\/wp-content\/uploads\/2024\/06\/front-closure-sticky-bra-600x600.webp 600w, https:\/\/zaoyigarment.com\/wp-content\/uploads\/2024\/06\/front-closure-sticky-bra-100x100.webp 100w\" sizes=\"auto, (max-width: 1000px) 100vw, 1000px\" \/>\t\t\t\t\t\t\n\t\t\t\t\t<\/div>\n\t\t\t\t\t\t\t\t\n<style>\n#image_635497686 {\n  width: 100%;\n}\n<\/style>\n\t<\/div>\n\t\n\t<div class=\"img has-hover x md-x lg-x y md-y lg-y\" id=\"image_109564545\">\n\t\t\t\t\t\t\t\t<div class=\"img-inner dark\" >\n\t\t\t<img loading=\"lazy\" decoding=\"async\" width=\"1000\" height=\"1000\" src=\"https:\/\/zaoyigarment.com\/wp-content\/uploads\/2024\/06\/silicone-bra-size-chart.webp\" class=\"attachment-large size-large\" alt=\"silikon sutyen beden tablosu\" srcset=\"https:\/\/zaoyigarment.com\/wp-content\/uploads\/2024\/06\/silicone-bra-size-chart.webp 1000w, https:\/\/zaoyigarment.com\/wp-content\/uploads\/2024\/06\/silicone-bra-size-chart-300x300.webp 300w, https:\/\/zaoyigarment.com\/wp-content\/uploads\/2024\/06\/silicone-bra-size-chart-150x150.webp 150w, https:\/\/zaoyigarment.com\/wp-content\/uploads\/2024\/06\/silicone-bra-size-chart-768x768.webp 768w, https:\/\/zaoyigarment.com\/wp-content\/uploads\/2024\/06\/silicone-bra-size-chart-12x12.webp 12w, https:\/\/zaoyigarment.com\/wp-content\/uploads\/2024\/06\/silicone-bra-size-chart-600x600.webp 600w, https:\/\/zaoyigarment.com\/wp-content\/uploads\/2024\/06\/silicone-bra-size-chart-100x100.webp 100w\" sizes=\"auto, (max-width: 1000px) 100vw, 1000px\" \/>\t\t\t\t\t\t\n\t\t\t\t\t<\/div>\n\t\t\t\t\t\t\t\t\n<style>\n#image_109564545 {\n  width: 100%;\n}\n<\/style>\n\t<\/div>","protected":false},"excerpt":{"rendered":"<p>\u00c7in&#039;de Zaoyi \u00d6zel Mango Dolgulu S\u00fctyen \u00dcreticisi ve Tedarik\u00e7isi<\/p>\n<p>\u2013 Adedi: 3000 adet<br \/>\n\u2013 OEM\/ODM hizmeti sunuldu<br \/>\n\u2013 \u00dccretsiz \u00f6rnek mevcut<br \/>\n\u2013 S\u00fctyen Geri D\u00f6n\u00fc\u015f\u00fcm\u00fc<br \/>\n\u2013 \u00d6zelle\u015ftirilmi\u015f sipari\u015f i\u00e7in 25-35 g\u00fcn haz\u0131r olma s\u00fcresi<br \/>\n\u2013 \u00d6zelle\u015ftirmeyi kabul edin (teknik \u00f6zellikler, renk, tasar\u0131m vb.)<\/p>\n<p>1) Seksi k\u0131yafetler, s\u0131rt\u0131 a\u00e7\u0131k elbiseler, gelinlikler, ti\u015f\u00f6rtler vb. ile giymek i\u00e7in en iyi s\u00fctyen \u00e7\u00f6z\u00fcmleri<br \/>\n2) Konfor i\u00e7in Diki\u015fsiz ve Destekleyici tasar\u0131m<br \/>\n3) P\u00fcr\u00fczs\u00fcz ve t\u0131bbi dereceli jel<br \/>\n4) Meme kapa\u011f\u0131nda \u00f6zelle\u015ftirilmi\u015f kuma\u015f veya desen yapabilir<br \/>\n5) Canl\u0131 renk, solmay\u0131 \u00f6nleyici<br \/>\n6)Kendin Yap \u00f6zelle\u015ftirme<\/p>\n<p>Mango kendinden yap\u0131\u015fkanl\u0131 push-up s\u00fctyen fiyatlar\u0131n\u0131 \u00f6\u011frenmek istiyorsan\u0131z l\u00fctfen bizimle ileti\u015fime ge\u00e7iniz.<\/p>","protected":false},"featured_media":2728,"comment_status":"open","ping_status":"closed","template":"","meta":[],"product_brand":[],"product_cat":[15],"product_tag":[],"class_list":{"0":"post-2724","1":"product","2":"type-product","3":"status-publish","4":"has-post-thumbnail","6":"product_cat-push-up-bra","8":"first","9":"instock","10":"shipping-taxable","11":"product-type-simple"},"_links":{"self":[{"href":"https:\/\/zaoyigarment.com\/tr\/wp-json\/wp\/v2\/product\/2724","targetHints":{"allow":["GET"]}}],"collection":[{"href":"https:\/\/zaoyigarment.com\/tr\/wp-json\/wp\/v2\/product"}],"about":[{"href":"https:\/\/zaoyigarment.com\/tr\/wp-json\/wp\/v2\/types\/product"}],"replies":[{"embeddable":true,"href":"https:\/\/zaoyigarment.com\/tr\/wp-json\/wp\/v2\/comments?post=2724"}],"wp:featuredmedia":[{"embeddable":true,"href":"https:\/\/zaoyigarment.com\/tr\/wp-json\/wp\/v2\/media\/2728"}],"wp:attachment":[{"href":"https:\/\/zaoyigarment.com\/tr\/wp-json\/wp\/v2\/media?parent=2724"}],"wp:term":[{"taxonomy":"product_brand","embeddable":true,"href":"https:\/\/zaoyigarment.com\/tr\/wp-json\/wp\/v2\/product_brand?post=2724"},{"taxonomy":"product_cat","embeddable":true,"href":"https:\/\/zaoyigarment.com\/tr\/wp-json\/wp\/v2\/product_cat?post=2724"},{"taxonomy":"product_tag","embeddable":true,"href":"https:\/\/zaoyigarment.com\/tr\/wp-json\/wp\/v2\/product_tag?post=2724"}],"curies":[{"name":"wp","href":"https:\/\/api.w.org\/{rel}","templated":true}]}}