 {"id":2693,"date":"2024-08-16T02:21:54","date_gmt":"2024-08-16T02:21:54","guid":{"rendered":"https:\/\/zaoyigarment.com\/?post_type=product&#038;p=2693"},"modified":"2026-02-26T03:03:43","modified_gmt":"2026-02-26T03:03:43","slug":"double-side-sticky-bra-inserts-self-pads-for-small-chest-women-silicone-push-up-pad","status":"publish","type":"product","link":"https:\/\/zaoyigarment.com\/tr\/manufacturer\/double-side-sticky-bra-inserts-self-pads-for-small-chest-women-silicone-push-up-pad\/","title":{"rendered":"\u00c7ift Tarafl\u0131 Yap\u0131\u015fkan S\u00fctyen Ekleri K\u00fc\u00e7\u00fck G\u00f6\u011f\u00fcsl\u00fc Kad\u0131nlar \u0130\u00e7in Kendili\u011finden Pedli Silikon Destekli Ped"},"content":{"rendered":"<div id=\"text-2269610252\" class=\"text\">\n\t\t\n<div class=\"_1-Caexem\" tabindex=\"0\" role=\"button\" aria-label=\"$EKullan\u0131m\u0131 Kolay: An\u0131nda uzatma i\u00e7in sutyen uzat\u0131c\u0131y\u0131 sutyen kancalar\u0131n\u0131za takman\u0131z yeterlidir.\">\n<ul>\n<li class=\"_1-Caexem\" tabindex=\"0\" role=\"button\" aria-label=\"$Kullan\u0131\u015fl\u0131 S\u00fctyen Uzat\u0131c\u0131lar\u0131: Elastik malzemeli 3 s\u00fctyen uzat\u0131c\u0131dan olu\u015fan set, rahat bir uyum i\u00e7in s\u00fctyeninizin bant boyutunu ayarlaman\u0131z\u0131 kolayla\u015ft\u0131r\u0131r.\"><strong>Kullan\u0131\u015fl\u0131 S\u00fctyen Pedleri:<\/strong> Muhte\u015fem bir push-up etkisi ya\u015farken, do\u011fal g\u00f6r\u00fcn\u00fcml\u00fc dekolte ile g\u00fczel dekoltelere sahip olun.<\/li>\n<li class=\"_1-Caexem\" tabindex=\"0\" role=\"button\" aria-label=\"$Kullan\u0131\u015fl\u0131 S\u00fctyen Uzat\u0131c\u0131lar\u0131: Elastik malzemeli 3 s\u00fctyen uzat\u0131c\u0131dan olu\u015fan set, rahat bir uyum i\u00e7in s\u00fctyeninizin bant boyutunu ayarlaman\u0131z\u0131 kolayla\u015ft\u0131r\u0131r.\"><strong>S\u00fctyensiz G\u00f6r\u00fcn\u00fcm i\u00e7in M\u00fckemmel: <\/strong><span class=\"a-list-item a-size-base a-color-base\">Bu rahat silikon pedlerle s\u00fctyenlerinizi, bikinilerinizi ve mayolar\u0131n\u0131z\u0131 g\u00fc\u00e7lendirin.<\/span><\/li>\n<li class=\"_1-Caexem\" tabindex=\"0\" role=\"button\" aria-label=\"$Kullan\u0131\u015fl\u0131 S\u00fctyen Uzat\u0131c\u0131lar\u0131: Elastik malzemeli 3 s\u00fctyen uzat\u0131c\u0131dan olu\u015fan set, rahat bir uyum i\u00e7in s\u00fctyeninizin bant boyutunu ayarlaman\u0131z\u0131 kolayla\u015ft\u0131r\u0131r.\"><strong>Rahat ve Yumu\u015fak:<\/strong> Yumu\u015fak ve rahat malzemelerden \u00fcretilen bu s\u00fctyen par\u00e7alar\u0131 cildinizi tahri\u015f etmez veya herhangi bir rahats\u0131zl\u0131\u011fa neden olmaz.<\/li>\n<li><strong>Kullan\u0131m\u0131 kolay:<\/strong> S\u00fctyen kupas\u0131n\u0131n i\u00e7ine yerle\u015ftirin veya s\u00fctyenin ped cebine s\u0131k\u0131\u015ft\u0131r\u0131n. Ayr\u0131ca g\u00fcvenlik i\u00e7in s\u00fctyene veya mayo \u00fcst\u00fcne tutturulabilir (\u00f6rne\u011fin y\u00fczme s\u0131ras\u0131nda).<\/li>\n<li>\n<div class=\"a-fixed-left-grid-col a-col-left\"><strong><span class=\"a-color-base\">Bak\u0131m talimatlar\u0131: <\/span><\/strong><span style=\"font-size: 14.4px;\">So\u011fuk-s\u0131cak su ve birka\u00e7 damla deterjanla dolu bir lavaboya\/k\u00fcvete bat\u0131rarak elde y\u0131kay\u0131n. Sabunlu suyu yava\u015f\u00e7a s\u0131k\u0131n. \u0130yice durulay\u0131n. Kurumas\u0131 i\u00e7in d\u00fcz bir \u015fekilde yat\u0131r\u0131n.<\/span><\/div>\n<\/li>\n<\/ul>\n<h2><span id=\"types-of-bra-inserts\" class=\"mj-toc-section\">S\u00fctyen Ek \u00c7e\u015fitleri<\/span><\/h2>\n<p>\u0130\u015fte birka\u00e7 \u00e7e\u015fit sutyen eki mevcut.<\/p>\n<ul>\n<li>G\u00f6\u011f\u00fcs artt\u0131r\u0131c\u0131lar<\/li>\n<li>Push-up ekler<\/li>\n<li>Su ge\u00e7irmez pedler<\/li>\n<li>Mastektomi sonras\u0131 ekler<\/li>\n<li>\u015eekillendiriciler<\/li>\n<li>K\u00f6p\u00fck pedler<\/li>\n<\/ul>\n<h2><\/h2>\n<\/div>\n\t\t\n<style>\n#text-2269610252 {\n  line-height: 1.7;\n}\n<\/style>\n\t<\/div>","protected":false},"excerpt":{"rendered":"<p>Zaoyi \u00d6zel Yap\u0131\u015fkan S\u00fctyen Ek Par\u00e7alar\u0131 \u00dcreticisi ve \u00c7in Tedarik\u00e7isi<\/p>\n<p>\u2013 Adedi: 3000 adet<br \/>\n\u2013 OEM\/ODM hizmeti sunuldu<br \/>\n\u2013 \u00dccretsiz \u00f6rnek mevcut<br \/>\n\u2013 S\u00fctyen Geri D\u00f6n\u00fc\u015f\u00fcm\u00fc<br \/>\n\u2013 \u00d6zelle\u015ftirilmi\u015f sipari\u015f i\u00e7in 20-30 g\u00fcn haz\u0131r olma s\u00fcresi<br \/>\n\u2013 \u00d6zelle\u015ftirmeyi kabul edin (teknik \u00f6zellikler, renk, tasar\u0131m vb.)<\/p>\n<p>1) S\u00fctyensiz G\u00f6r\u00fcn\u00fcm: Konfor ve destekten \u00f6d\u00fcn vermeden s\u00fctyensiz g\u00f6r\u00fcn\u00fcme ula\u015f\u0131n.<br \/>\n2) Ayarlanabilir: S\u00fctyeninizin y\u00fcksekli\u011fini v\u00fccut \u015feklinize uyacak \u015fekilde kolayca ayarlay\u0131n ve m\u00fckemmel uyumu elde edin.<br \/>\n3)Rahat: Yumu\u015fak ve do\u011fal malzemeden \u00fcretilmi\u015ftir, s\u00fctyeninize ekstra konfor ve destek sa\u011flar.<\/p>\n<p>Yap\u0131\u015fkan s\u00fctyen destek fiyatlar\u0131n\u0131 \u00f6\u011frenmek istiyorsan\u0131z l\u00fctfen bizimle ileti\u015fime ge\u00e7iniz.<\/p>","protected":false},"featured_media":2700,"comment_status":"open","ping_status":"closed","template":"","meta":[],"product_brand":[],"product_cat":[42],"product_tag":[],"class_list":{"0":"post-2693","1":"product","2":"type-product","3":"status-publish","4":"has-post-thumbnail","6":"product_cat-bra-inserts","8":"first","9":"instock","10":"shipping-taxable","11":"product-type-simple"},"_links":{"self":[{"href":"https:\/\/zaoyigarment.com\/tr\/wp-json\/wp\/v2\/product\/2693","targetHints":{"allow":["GET"]}}],"collection":[{"href":"https:\/\/zaoyigarment.com\/tr\/wp-json\/wp\/v2\/product"}],"about":[{"href":"https:\/\/zaoyigarment.com\/tr\/wp-json\/wp\/v2\/types\/product"}],"replies":[{"embeddable":true,"href":"https:\/\/zaoyigarment.com\/tr\/wp-json\/wp\/v2\/comments?post=2693"}],"wp:featuredmedia":[{"embeddable":true,"href":"https:\/\/zaoyigarment.com\/tr\/wp-json\/wp\/v2\/media\/2700"}],"wp:attachment":[{"href":"https:\/\/zaoyigarment.com\/tr\/wp-json\/wp\/v2\/media?parent=2693"}],"wp:term":[{"taxonomy":"product_brand","embeddable":true,"href":"https:\/\/zaoyigarment.com\/tr\/wp-json\/wp\/v2\/product_brand?post=2693"},{"taxonomy":"product_cat","embeddable":true,"href":"https:\/\/zaoyigarment.com\/tr\/wp-json\/wp\/v2\/product_cat?post=2693"},{"taxonomy":"product_tag","embeddable":true,"href":"https:\/\/zaoyigarment.com\/tr\/wp-json\/wp\/v2\/product_tag?post=2693"}],"curies":[{"name":"wp","href":"https:\/\/api.w.org\/{rel}","templated":true}]}}