 {"id":2243,"date":"2024-02-20T07:25:58","date_gmt":"2024-02-20T07:25:58","guid":{"rendered":"https:\/\/zaoyigarment.com\/?post_type=product&#038;p=2243"},"modified":"2025-12-09T19:59:57","modified_gmt":"2025-12-09T19:59:57","slug":"woman-deep-u-plunge-bra-convertible-push-up-bra","status":"publish","type":"product","link":"https:\/\/zaoyigarment.com\/tr\/manufacturer\/woman-deep-u-plunge-bra-convertible-push-up-bra\/","title":{"rendered":"Kad\u0131n Derin U Dalma S\u00fctyen Cabrio Push Up S\u00fctyen"},"content":{"rendered":"<p><span class=\"a-list-item\"><strong>M\u0130KTAR:<\/strong> \u00d6zelle\u015ftirilmi\u015f ambalaj ve toplu sipari\u015f i\u00e7in 3000 adet<\/span><\/p>\n<ul class=\"a-unordered-list a-vertical a-spacing-mini\">\n<li><span class=\"a-list-item\"><strong>MALZEME:<\/strong> 80% naylon, 20% spandeks<\/span><\/li>\n<li><span class=\"a-list-item\"><strong>FAYDALAR:<\/strong> \u00c7evre ve g\u00fcvenlik jeli, nefes alabilen, h\u00fccresel, d\u0131\u015fb\u00fckey, g\u00fcvenlik<\/span><\/li>\n<li><span class=\"a-list-item\"><strong>TASARIM:<\/strong> Farkl\u0131 tasar\u0131m se\u00e7enekleri veya \u00f6zelle\u015ftirilebilir<\/span><\/li>\n<li><span class=\"a-list-item\"><strong>BOYUTLAR:<\/strong> A\/B\/C\/D\/E\/F\/H, \u00f6zelle\u015ftirilmi\u015f<\/span><\/li>\n<li><span class=\"a-list-item a-size-base a-color-base\"><strong>G\u00dc\u00c7L\u00dc DESTEK VE AYARLANAB\u0130L\u0130R \u00c7EKME \u0130L\u0130:<\/strong> K\u00fc\u00e7\u00fck bir fincan i\u00e7in uygundur. Zarif derin U dalma tasar\u0131m\u0131yla kad\u0131nlara y\u00f6nelik ask\u0131s\u0131z s\u00fctyenlerimiz g\u00f6\u011fs\u00fcn\u00fcz\u00fc vurgulamak ve m\u00fckemmel dekolteyi yaratmak i\u00e7in ustal\u0131kla \u00fcretilmi\u015ftir. G\u00f6\u011f\u00fcslerinizi ustal\u0131kla toplayarak ba\u015ftan \u00e7\u0131kar\u0131c\u0131 ve b\u00fcy\u00fcleyici bir \u015fekil ortaya \u00e7\u0131kar\u0131r. \u0130ster ask\u0131s\u0131z bir elbiseyi s\u00fcsleyin ister g\u00f6\u011f\u00fcs k\u0131vr\u0131m\u0131n\u0131z\u0131n \u00e7ekicili\u011fini artt\u0131rmak isteyin, s\u0131rt\u0131 a\u00e7\u0131k s\u00fctyenimiz en iyi se\u00e7imdir.<\/span><\/li>\n<li><span class=\"a-list-item a-size-base a-color-base\"><strong>C\u0130LT DOSTU NEFES ALAB\u0130L\u0130R KUMA\u015e VE SAKIZ YAPI\u015eTIRICI:<\/strong>Malzeme tamamen do\u011fal dokunmam\u0131\u015f kuma\u015f + t\u0131bbi silikondan yap\u0131lm\u0131\u015ft\u0131r. Do\u011fal sak\u0131z yap\u0131\u015ft\u0131r\u0131c\u0131s\u0131, kulland\u0131\u011f\u0131n\u0131z s\u0131rada m\u00fckemmel hava ge\u00e7irgenli\u011fini koruyan hava delikleriyle kapl\u0131d\u0131r.<\/span><\/li>\n<li><span class=\"a-list-item a-size-base a-color-base\"><strong>M\u00dcKEMMEL KANAT TASARIMI:<\/strong> Her iki tarafta g\u00f6r\u00fcnmez kanatlar bulunur, optimum g\u00f6\u011f\u00fcs deste\u011fi sunar ve g\u00f6\u011f\u00fcs s\u0131k\u0131l\u0131\u011f\u0131n\u0131 be\u011feninize g\u00f6re \u00f6zelle\u015ftirmenize olanak tan\u0131r. Straplez elbise sutyenimizle b\u00fcy\u00fcleyici dekoltenizi g\u00fcvenle sergileyebilirsiniz. S\u0131rt\u0131 a\u00e7\u0131k bir elbise giydi\u011finizde g\u00f6r\u00fcnmez s\u00fctyenimiz g\u00fcvenli bir \u015fekilde yerinde kal\u0131r ve size herhangi bir utan\u00e7 belirtisi olmadan \u00e7ifte koruma sa\u011flar. Yap\u0131\u015fkan kanatlar zahmetsiz takma ve \u00e7\u0131karmay\u0131 kolayla\u015ft\u0131rarak sorunsuz bir deneyim sa\u011flar.<\/span><\/li>\n<li><span class=\"a-list-item a-size-base a-color-base\"><strong>B\u0130R\u00c7OK DURUM \u0130\u00c7\u0130N:<\/strong> Her t\u00fcrl\u00fc seksi stile uygun Straplez S\u00fctyen, s\u0131rt\u0131 a\u00e7\u0131k ask\u0131l\u0131 \u00fcstler, derin V yakal\u0131 tak\u0131mlar, s\u0131rt\u0131 a\u00e7\u0131k\/ask\u0131s\u0131z gece elbiseleri, gelinlikler, dekolte elbiseler, kokteyl elbiseleri, parti elbiseleri vb. Kad\u0131ns\u0131 \u00e7ekicili\u011finizi sergilemekten \u00e7ekinmeyin.<\/span><\/li>\n<li><span class=\"a-list-item a-size-base a-color-base\">\u2764<strong>YIKANAB\u0130L\u0130R VE YEN\u0130DEN KULLANILAB\u0130L\u0130R:<\/strong> Bu ask\u0131s\u0131z s\u00fctyen, mevcut \u00e7evre koruma temas\u0131na uygun olarak bir\u00e7ok kez kullan\u0131labilir. Bu yap\u0131\u015fkan sutyeni \u015fampuan ve suyla y\u0131kamak, do\u011fal olarak kuru tutmak, yap\u0131\u015fkan jelleri bir sonraki kullan\u0131m\u0131n\u0131zda kullanmaya devam edecektir.<\/span><\/li>\n<li>\n<figure id=\"attachment_2251\" aria-describedby=\"caption-attachment-2251\" style=\"width: 225px\" class=\"wp-caption alignleft\"><img loading=\"lazy\" decoding=\"async\" class=\"size-medium wp-image-2251\" src=\"https:\/\/zaoyigarment.com\/wp-content\/uploads\/2024\/02\/plunge-bra-225x300.webp\" alt=\"dalma sutyen\" width=\"225\" height=\"300\" srcset=\"https:\/\/zaoyigarment.com\/wp-content\/uploads\/2024\/02\/plunge-bra-225x300.webp 225w, https:\/\/zaoyigarment.com\/wp-content\/uploads\/2024\/02\/plunge-bra-600x800.webp 600w, https:\/\/zaoyigarment.com\/wp-content\/uploads\/2024\/02\/plunge-bra.webp 750w\" sizes=\"auto, (max-width: 225px) 100vw, 225px\" \/><figcaption id=\"caption-attachment-2251\" class=\"wp-caption-text\">dalma sutyen<\/figcaption><\/figure><\/li>\n<\/ul>\n<h2>Resimlerle S\u00fctyen Beden Tablosu<\/h2>\n\t<div class=\"img has-hover x md-x lg-x y md-y lg-y\" id=\"image_1695864120\">\n\t\t\t\t\t\t\t\t<div class=\"img-inner dark\" >\n\t\t\t<img loading=\"lazy\" decoding=\"async\" width=\"1020\" height=\"976\" src=\"https:\/\/zaoyigarment.com\/wp-content\/uploads\/2024\/01\/bra-size-calculator-1024x980.webp\" class=\"attachment-large size-large\" alt=\"sutyen boyutu hesaplay\u0131c\u0131\" srcset=\"https:\/\/zaoyigarment.com\/wp-content\/uploads\/2024\/01\/bra-size-calculator-1024x980.webp 1024w, https:\/\/zaoyigarment.com\/wp-content\/uploads\/2024\/01\/bra-size-calculator-300x287.webp 300w, https:\/\/zaoyigarment.com\/wp-content\/uploads\/2024\/01\/bra-size-calculator-768x735.webp 768w, https:\/\/zaoyigarment.com\/wp-content\/uploads\/2024\/01\/bra-size-calculator-1536x1471.webp 1536w, https:\/\/zaoyigarment.com\/wp-content\/uploads\/2024\/01\/bra-size-calculator-600x575.webp 600w, https:\/\/zaoyigarment.com\/wp-content\/uploads\/2024\/01\/bra-size-calculator.webp 2000w\" sizes=\"auto, (max-width: 1020px) 100vw, 1020px\" \/>\t\t\t\t\t\t\n\t\t\t\t\t<\/div>\n\t\t\t\t\t\t\t\t\n<style>\n#image_1695864120 {\n  width: 100%;\n}\n<\/style>\n\t<\/div>","protected":false},"excerpt":{"rendered":"<p>\u00c7in&#039;de Zaoyi \u00d6zel U Dalma Push Up S\u00fctyen \u00dcreticisi ve Tedarik\u00e7isi<\/p>\n<p>\u2013 Adedi: 3000 adet<br \/>\n\u2013 OEM\/ODM hizmeti sunuldu<br \/>\n\u2013 \u00dccretsiz \u00f6rnek mevcut<br \/>\n\u2013 S\u00fctyen Geri D\u00f6n\u00fc\u015f\u00fcm\u00fc<br \/>\n\u2013 \u00d6zelle\u015ftirilmi\u015f sipari\u015f i\u00e7in 25-35 g\u00fcn haz\u0131r olma s\u00fcresi<br \/>\n\u2013 \u00d6zelle\u015ftirmeyi kabul edin (teknik \u00f6zellikler, renk, tasar\u0131m vb.)<\/p>\n<p>1) S\u0131rt\u0131 a\u00e7\u0131k elbise, gelinlik, ti\u015f\u00f6rt vb. ile giymek i\u00e7in en iyi s\u00fctyen \u00e7\u00f6z\u00fcmleri<br \/>\n2)\u00d6zg\u00fcrl\u00fck i\u00e7in kesintisiz ve kablosuz tasar\u0131m<br \/>\n3) P\u00fcr\u00fczs\u00fcz ve narin naylon kuma\u015f<br \/>\n4) \u00dczerinde \u00f6zelle\u015ftirilmi\u015f kuma\u015f veya desen yapabilir<br \/>\n5) Canl\u0131 renk, solmay\u0131 \u00f6nleyici<br \/>\n6)Kendin Yap \u00f6zelle\u015ftirme<\/p>\n<p>Siz de push-up s\u00fctyen fiyatlar\u0131ndan yararlanmak istiyorsan\u0131z l\u00fctfen bizimle ileti\u015fime ge\u00e7in.<\/p>","protected":false},"featured_media":2853,"comment_status":"open","ping_status":"closed","template":"","meta":[],"product_brand":[],"product_cat":[37],"product_tag":[],"class_list":{"0":"post-2243","1":"product","2":"type-product","3":"status-publish","4":"has-post-thumbnail","6":"product_cat-backless-bra","8":"first","9":"instock","10":"shipping-taxable","11":"product-type-simple"},"_links":{"self":[{"href":"https:\/\/zaoyigarment.com\/tr\/wp-json\/wp\/v2\/product\/2243","targetHints":{"allow":["GET"]}}],"collection":[{"href":"https:\/\/zaoyigarment.com\/tr\/wp-json\/wp\/v2\/product"}],"about":[{"href":"https:\/\/zaoyigarment.com\/tr\/wp-json\/wp\/v2\/types\/product"}],"replies":[{"embeddable":true,"href":"https:\/\/zaoyigarment.com\/tr\/wp-json\/wp\/v2\/comments?post=2243"}],"wp:featuredmedia":[{"embeddable":true,"href":"https:\/\/zaoyigarment.com\/tr\/wp-json\/wp\/v2\/media\/2853"}],"wp:attachment":[{"href":"https:\/\/zaoyigarment.com\/tr\/wp-json\/wp\/v2\/media?parent=2243"}],"wp:term":[{"taxonomy":"product_brand","embeddable":true,"href":"https:\/\/zaoyigarment.com\/tr\/wp-json\/wp\/v2\/product_brand?post=2243"},{"taxonomy":"product_cat","embeddable":true,"href":"https:\/\/zaoyigarment.com\/tr\/wp-json\/wp\/v2\/product_cat?post=2243"},{"taxonomy":"product_tag","embeddable":true,"href":"https:\/\/zaoyigarment.com\/tr\/wp-json\/wp\/v2\/product_tag?post=2243"}],"curies":[{"name":"wp","href":"https:\/\/api.w.org\/{rel}","templated":true}]}}