 {"id":1968,"date":"2023-12-29T08:09:23","date_gmt":"2023-12-29T08:09:23","guid":{"rendered":"https:\/\/zaoyigarment.com\/?post_type=product&#038;p=1968"},"modified":"2026-03-19T17:50:20","modified_gmt":"2026-03-19T17:50:20","slug":"clear-strap-clear-strap-bra-metal-bra-strap","status":"publish","type":"product","link":"https:\/\/zaoyigarment.com\/tr\/manufacturer\/clear-strap-clear-strap-bra-metal-bra-strap\/","title":{"rendered":"\u015eeffaf Ask\u0131 Sutyen i\u00e7in \u015eeffaf Ask\u0131 Metal Sutyen Ask\u0131s\u0131 Dekoratif S\u00fctyen Ask\u0131s\u0131"},"content":{"rendered":"<ul>\n<li><span class=\"a-list-item a-size-base a-color-base\"><strong>Kal\u0131n ve sert:<\/strong> \u015eeffaf s\u00fctyen ask\u0131lar\u0131m\u0131z y\u00fcksek kaliteli TPU malzemeden \u00fcretilmi\u015ftir, bu sayede sa\u011flamd\u0131r, kaymas\u0131 kolay de\u011fildir ve k\u0131r\u0131lmadan daha b\u00fcy\u00fck g\u00f6\u011f\u00fcslerin bas\u0131nc\u0131n\u0131 destekleyebilir.<\/span><\/li>\n<\/ul>\n<ul class=\"a-unordered-list a-vertical a-spacing-small\">\n<li><span class=\"a-list-item a-size-base a-color-base\"><strong>\u00c7e\u015fitli geni\u015flikler ve g\u00f6r\u00fcnmez:<\/strong> Se\u00e7iminiz i\u00e7in 8 mm, 10 mm, 12 mm, 15 mm, 18 mm, 20 mm vb. boyutlar\u0131m\u0131z var, b\u00f6ylece sizin i\u00e7in do\u011fru olan\u0131 bulabilirsiniz. S\u00fctyen ask\u0131s\u0131n\u0131n rengi \u015feffaf oldu\u011fundan, cilt tonunuza iyi uyum sa\u011flayabilir.<\/span><\/li>\n<\/ul>\n<ul class=\"a-unordered-list a-vertical a-spacing-small\">\n<li><span class=\"a-list-item a-size-base a-color-base\"><strong>Ayarlanabilir ve kullan\u0131m\u0131 basit:<\/strong> G\u00f6r\u00fcnmez sutyen ask\u0131lar\u0131, m\u00fc\u015fteri geri bildirimlerine g\u00f6re 70 cm&#039;ye kadar uzat\u0131labilen yeterli uzunlukta tasarlanm\u0131\u015ft\u0131r, b\u00f6ylece kolayca ayarlayabilirsiniz. Kanca, piyasadaki \u00e7o\u011fu s\u00fctyen deli\u011fine uygundur, bu nedenle s\u00fctyen eklemek veya \u00e7\u0131karmak \u00e7ok kolayd\u0131r.<\/span><\/li>\n<\/ul>\n<ul>\n<li><span class=\"a-list-item a-size-base a-color-base\"><strong>Rahat kullan\u0131m:<\/strong> \u015eeffaf s\u00fctyen ask\u0131lar\u0131 yumu\u015fak, sa\u011fl\u0131kl\u0131 ve \u00e7evre dostu silikondan \u00fcretilmi\u015f olup, cildinize zarar vermeden rahat\u00e7a giymenizi sa\u011flar ve cilt alerjilerini tahri\u015f etmeden tekrar kullan\u0131labilir.<\/span><\/li>\n<\/ul>\n<ul class=\"a-unordered-list a-vertical a-spacing-small\">\n<li><span class=\"a-list-item a-size-base a-color-base\"><strong>Durum:<\/strong> \u015eeffaf sutyen ask\u0131lar\u0131 yaz aylar\u0131nda yelek, ask\u0131l\u0131 etek, t\u00fcp \u00fcst ve elbise giyen kad\u0131nlar i\u00e7in m\u00fckemmeldir, do\u011fal ve g\u00fczel bir cilt g\u00f6stererek kusursuz g\u00f6r\u00fcnmenizi sa\u011flar.<\/span><\/li>\n<\/ul>","protected":false},"excerpt":{"rendered":"<p>\u00c7in&#039;de Zaoyi \u00d6zel sutyen ask\u0131s\u0131 \u00dcreticisi ve Tedarik\u00e7isi<\/p>\n<p>\u2013 Adedi: 3000 adet<br \/>\n\u2013 OEM\/ODM hizmeti sunuldu<br \/>\n\u2013 \u00dccretsiz \u00f6rnek mevcut<br \/>\n\u2013 S\u00fctyen Geri D\u00f6n\u00fc\u015f\u00fcm\u00fc<br \/>\n\u2013 \u00d6zelle\u015ftirilmi\u015f sipari\u015f i\u00e7in 20-30 g\u00fcn haz\u0131r olma s\u00fcresi<br \/>\n\u2013 \u00d6zelle\u015ftirmeyi kabul edin (teknik \u00f6zellikler, renk, tasar\u0131m vb.)<\/p>\n<p>3\/8\u2033 g\u00f6r\u00fcnmez kay\u0131\u015flar<br \/>\n\u2022 Lateks veya plastik kay\u0131\u015flara daha yumu\u015fak ve daha g\u00fc\u00e7l\u00fc bir alternatif olan, alerjik olmayan TPU&#039;dan yap\u0131lm\u0131\u015ft\u0131r.<br \/>\n\u2022 Nikel i\u00e7ermeyen ayarlay\u0131c\u0131lar ve ba\u011flant\u0131 par\u00e7alar\u0131.<br \/>\n\u2022 Sadece s\u00fctyen olarak de\u011fil, mayo ve elbiselerle de giyilebilir.<br \/>\n\u2022 \u015eeffaf veya \u00f6zelle\u015ftirilmi\u015f<br \/>\n\u2022 Farkl\u0131 Boyut Se\u00e7imi<\/p>\n<p>S\u00fctyen ask\u0131s\u0131 fiyat\u0131 almak istiyorsan\u0131z l\u00fctfen bizimle ileti\u015fime ge\u00e7iniz.<\/p>","protected":false},"featured_media":1971,"comment_status":"open","ping_status":"closed","template":"","meta":[],"product_brand":[],"product_cat":[39,53],"product_tag":[],"class_list":{"0":"post-1968","1":"product","2":"type-product","3":"status-publish","4":"has-post-thumbnail","6":"product_cat-bra-strap","7":"product_cat-bra-accessories","9":"first","10":"instock","11":"shipping-taxable","12":"product-type-simple"},"_links":{"self":[{"href":"https:\/\/zaoyigarment.com\/tr\/wp-json\/wp\/v2\/product\/1968","targetHints":{"allow":["GET"]}}],"collection":[{"href":"https:\/\/zaoyigarment.com\/tr\/wp-json\/wp\/v2\/product"}],"about":[{"href":"https:\/\/zaoyigarment.com\/tr\/wp-json\/wp\/v2\/types\/product"}],"replies":[{"embeddable":true,"href":"https:\/\/zaoyigarment.com\/tr\/wp-json\/wp\/v2\/comments?post=1968"}],"wp:featuredmedia":[{"embeddable":true,"href":"https:\/\/zaoyigarment.com\/tr\/wp-json\/wp\/v2\/media\/1971"}],"wp:attachment":[{"href":"https:\/\/zaoyigarment.com\/tr\/wp-json\/wp\/v2\/media?parent=1968"}],"wp:term":[{"taxonomy":"product_brand","embeddable":true,"href":"https:\/\/zaoyigarment.com\/tr\/wp-json\/wp\/v2\/product_brand?post=1968"},{"taxonomy":"product_cat","embeddable":true,"href":"https:\/\/zaoyigarment.com\/tr\/wp-json\/wp\/v2\/product_cat?post=1968"},{"taxonomy":"product_tag","embeddable":true,"href":"https:\/\/zaoyigarment.com\/tr\/wp-json\/wp\/v2\/product_tag?post=1968"}],"curies":[{"name":"wp","href":"https:\/\/api.w.org\/{rel}","templated":true}]}}