 {"id":1931,"date":"2023-12-29T06:16:54","date_gmt":"2023-12-29T06:16:54","guid":{"rendered":"https:\/\/zaoyigarment.com\/?post_type=product&#038;p=1931"},"modified":"2026-03-30T10:54:24","modified_gmt":"2026-03-30T10:54:24","slug":"bra-converter-bra-clasps-bra-clip","status":"publish","type":"product","link":"https:\/\/zaoyigarment.com\/tr\/manufacturer\/bra-converter-bra-clasps-bra-clip\/","title":{"rendered":"S\u00fctyen D\u00f6n\u00fc\u015ft\u00fcr\u00fcc\u00fc S\u00fctyen Klipsleri S\u00fctyen Klipsi S\u00fctyen Ask\u0131s\u0131 Adapt\u00f6r\u00fc"},"content":{"rendered":"<ul>\n<li><span class=\"a-list-item a-size-base a-color-base\"><strong>S\u00fctyen Ask\u0131lar\u0131n\u0131n D\u00fc\u015fme Sorununu Ortadan Kald\u0131r\u0131n<\/strong> - Her y\u00fcksekli\u011fe uyacak \u015fekilde kolayca ayarlan\u0131r ve klipsler sutyen ask\u0131lar\u0131n\u0131 yerinde ve iyice gizleyecektir.<\/span><\/li>\n<\/ul>\n<ul class=\"a-unordered-list a-vertical a-spacing-small\">\n<li><span class=\"a-list-item a-size-base a-color-base\"><strong>Ergonomik dizayn<\/strong> \u2013 Herhangi bir sutyeni kolayca ve rahat\u00e7a d\u00f6n\u00fc\u015ft\u00fcr\u00fcn. Ergonomik tasar\u0131m rahats\u0131zl\u0131\u011f\u0131 azalt\u0131r ve sinir bozucu sutyen ask\u0131lar\u0131n\u0131n omuzlar\u0131n\u0131za girmesini \u00f6nler.<\/span><\/li>\n<\/ul>\n<ul class=\"a-unordered-list a-vertical a-spacing-small\">\n<li><span class=\"a-list-item a-size-base a-color-base\"><strong>f\u0131rsat<\/strong> \u2013 Yar\u0131\u015f\u00e7\u0131 s\u0131rt\u0131, elbiseler, g\u00f6mlekler, bluzlar, spor \u00fcstler ve daha fazlas\u0131 i\u00e7in m\u00fckemmeldir. Herhangi bir s\u00fctyeni kolayca ve rahat\u00e7a d\u00f6n\u00fc\u015ft\u00fcr\u00fcn. Daha dolgun, daha seksi bir g\u00f6r\u00fcn\u00fcm i\u00e7in bikini \u00fcst\u00fcn\u00fcze klipslenir.<\/span><\/li>\n<\/ul>\n<ul class=\"a-unordered-list a-vertical a-spacing-small\">\n<li><span class=\"a-list-item a-size-base a-color-base\"><strong>S\u00fcper De\u011fer Sutyen Ask\u0131s\u0131 Klips Seti<\/strong> \u2013 Geleneksel Beyaz, Siyah ve Bej renklerde 9 Adet s\u00fctyen klipsi, 3 Adet s\u00fctyen uzat\u0131c\u0131 ve 3 Adet s\u00fctyen ask\u0131 tutucusu.<\/span><\/li>\n<li><span class=\"a-list-item a-size-base a-color-base\"><strong>Bardak Boyutunu Art\u0131r\u0131n:<\/strong> S\u00fctyen klipslerini arkaya takt\u0131\u011f\u0131n\u0131zda cup \u00f6l\u00e7\u00fcs\u00fcn\u00fc ayarlayabilirsiniz. G\u00f6\u011f\u00fcslerinize daha fazla destek vermenize, cup boyutunu art\u0131rman\u0131za ve dekoltenizin daha dolgun ve seksi olmas\u0131na yard\u0131mc\u0131 olur.<\/span><\/li>\n<li><span class=\"a-list-item a-size-base a-color-base\"><strong>Uygun Boyut:<\/strong> S\u0131rt i\u00e7in her sutyen ask\u0131s\u0131 klipsinin boyutu yakla\u015f\u0131k 1,8 \u00d7 1,4 in\u00e7tir. Normal omuz ask\u0131l\u0131 her sutyen i\u00e7in uygundur. S\u00fctyeninizi kolayca ve rahat\u00e7a ayarlaman\u0131za yard\u0131mc\u0131 olabilir.<\/span><\/li>\n<\/ul>","protected":false},"excerpt":{"rendered":"<p>\u00c7in&#039;de Zaoyi \u00d6zel S\u00fctyen D\u00f6n\u00fc\u015ft\u00fcr\u00fcc\u00fc \u00dcretici ve Tedarik\u00e7i<\/p>\n<p>\u2013 Adedi: 3000 adet<br \/>\n\u2013 OEM\/ODM hizmeti sunuldu<br \/>\n\u2013 \u00dccretsiz \u00f6rnek mevcut<br \/>\n\u2013 S\u00fctyen Geri D\u00f6n\u00fc\u015f\u00fcm\u00fc<br \/>\n\u2013 \u00d6zelle\u015ftirilmi\u015f sipari\u015f i\u00e7in 20-30 g\u00fcn haz\u0131r olma s\u00fcresi<br \/>\n\u2013 \u00d6zelle\u015ftirmeyi kabul edin (teknik \u00f6zellikler, renk, tasar\u0131m vb.)<\/p>\n<p>1) Yar\u0131\u015f\u00e7\u0131 s\u0131rt\u0131, elbiseler, g\u00f6mlekler, bluzlar, spor \u00fcstleri ve daha fazlas\u0131 i\u00e7in m\u00fckemmeldir.<br \/>\nHerhangi bir s\u00fctyeni kolayca ve rahat\u00e7a d\u00f6n\u00fc\u015ft\u00fcr\u00fcn. Daha dolgun, daha seksi bir g\u00f6r\u00fcn\u00fcm i\u00e7in bikini \u00fcst\u00fcn\u00fcze klipslenir.<br \/>\n2)100% Polipropilen<br \/>\n3) sutyen \u00fczerindeki kay\u0131\u015f\u0131 d\u00f6n\u00fc\u015ft\u00fcrebilir<br \/>\n4) Canl\u0131 renk, solmay\u0131 \u00f6nleyici<br \/>\n5)Kendin Yap \u00f6zelle\u015ftirme<\/p>\n<p>S\u00fctyen d\u00f6n\u00fc\u015ft\u00fcr\u00fcc\u00fc fiyatlar\u0131 almak istiyorsan\u0131z l\u00fctfen bizimle ileti\u015fime ge\u00e7in.<\/p>","protected":false},"featured_media":1936,"comment_status":"open","ping_status":"closed","template":"","meta":[],"product_brand":[],"product_cat":[39,53],"product_tag":[],"class_list":{"0":"post-1931","1":"product","2":"type-product","3":"status-publish","4":"has-post-thumbnail","6":"product_cat-bra-strap","7":"product_cat-bra-accessories","9":"first","10":"instock","11":"shipping-taxable","12":"product-type-simple"},"_links":{"self":[{"href":"https:\/\/zaoyigarment.com\/tr\/wp-json\/wp\/v2\/product\/1931","targetHints":{"allow":["GET"]}}],"collection":[{"href":"https:\/\/zaoyigarment.com\/tr\/wp-json\/wp\/v2\/product"}],"about":[{"href":"https:\/\/zaoyigarment.com\/tr\/wp-json\/wp\/v2\/types\/product"}],"replies":[{"embeddable":true,"href":"https:\/\/zaoyigarment.com\/tr\/wp-json\/wp\/v2\/comments?post=1931"}],"wp:featuredmedia":[{"embeddable":true,"href":"https:\/\/zaoyigarment.com\/tr\/wp-json\/wp\/v2\/media\/1936"}],"wp:attachment":[{"href":"https:\/\/zaoyigarment.com\/tr\/wp-json\/wp\/v2\/media?parent=1931"}],"wp:term":[{"taxonomy":"product_brand","embeddable":true,"href":"https:\/\/zaoyigarment.com\/tr\/wp-json\/wp\/v2\/product_brand?post=1931"},{"taxonomy":"product_cat","embeddable":true,"href":"https:\/\/zaoyigarment.com\/tr\/wp-json\/wp\/v2\/product_cat?post=1931"},{"taxonomy":"product_tag","embeddable":true,"href":"https:\/\/zaoyigarment.com\/tr\/wp-json\/wp\/v2\/product_tag?post=1931"}],"curies":[{"name":"wp","href":"https:\/\/api.w.org\/{rel}","templated":true}]}}