 {"id":1926,"date":"2023-12-29T03:03:54","date_gmt":"2023-12-29T03:03:54","guid":{"rendered":"https:\/\/zaoyigarment.com\/?post_type=product&#038;p=1926"},"modified":"2025-09-10T11:49:05","modified_gmt":"2025-09-10T11:49:05","slug":"bra-extender-womens-soft-comfortable-bra-extenders","status":"publish","type":"product","link":"https:\/\/zaoyigarment.com\/tr\/manufacturer\/bra-extender-womens-soft-comfortable-bra-extenders\/","title":{"rendered":"S\u00fctyen Uzat\u0131c\u0131 Kad\u0131n Yumu\u015fak Rahat S\u00fctyen Uzat\u0131c\u0131lar"},"content":{"rendered":"<div class=\"_1-Caexem\" tabindex=\"0\" role=\"button\" aria-label=\"$EKullan\u0131m\u0131 Kolay: An\u0131nda uzatma i\u00e7in sutyen uzat\u0131c\u0131y\u0131 sutyen kancalar\u0131n\u0131za takman\u0131z yeterlidir.\">\n<ul>\n<li class=\"_1-Caexem\" tabindex=\"0\" role=\"button\" aria-label=\"$Kullan\u0131\u015fl\u0131 S\u00fctyen Uzat\u0131c\u0131lar\u0131: Elastik malzemeli 3 s\u00fctyen uzat\u0131c\u0131dan olu\u015fan set, rahat bir uyum i\u00e7in s\u00fctyeninizin bant boyutunu ayarlaman\u0131z\u0131 kolayla\u015ft\u0131r\u0131r.\"><strong>Kullan\u0131\u015fl\u0131 S\u00fctyen Uzat\u0131c\u0131lar\u0131:<\/strong> Rahat bir uyum i\u00e7in sutyeninizin bant boyutunu ayarlamay\u0131 kolayla\u015ft\u0131ran elastik malzemeli 3 s\u00fctyen uzat\u0131c\u0131dan olu\u015fan set.<\/li>\n<li class=\"_1-Caexem\" tabindex=\"0\" role=\"button\" aria-label=\"$Kullan\u0131\u015fl\u0131 S\u00fctyen Uzat\u0131c\u0131lar\u0131: Elastik malzemeli 3 s\u00fctyen uzat\u0131c\u0131dan olu\u015fan set, rahat bir uyum i\u00e7in s\u00fctyeninizin bant boyutunu ayarlaman\u0131z\u0131 kolayla\u015ft\u0131r\u0131r.\"><strong>S\u00fctyensiz G\u00f6r\u00fcn\u00fcm i\u00e7in M\u00fckemmel:<\/strong> S\u00fctyensiz g\u00f6r\u00fcn\u00fcm\u00fc tercih eden ama yine de s\u00fctyenin deste\u011fini almak isteyenler i\u00e7in ideal. S\u00fctyen uzat\u0131c\u0131lar\u0131, destekten \u00f6d\u00fcn vermeden band\u0131 gev\u015fetmenize olanak tan\u0131r.<\/li>\n<li class=\"_1-Caexem\" tabindex=\"0\" role=\"button\" aria-label=\"$Kullan\u0131\u015fl\u0131 S\u00fctyen Uzat\u0131c\u0131lar\u0131: Elastik malzemeli 3 s\u00fctyen uzat\u0131c\u0131dan olu\u015fan set, rahat bir uyum i\u00e7in s\u00fctyeninizin bant boyutunu ayarlaman\u0131z\u0131 kolayla\u015ft\u0131r\u0131r.\"><strong>Rahat ve Yumu\u015fak:<\/strong> Yumu\u015fak ve rahat malzemelerden \u00fcretilen bu s\u00fctyen uzat\u0131c\u0131lar cildinizi tahri\u015f etmez veya rahats\u0131zl\u0131\u011fa neden olmaz.<\/li>\n<li><strong>Kullan\u0131m\u0131 kolay:<\/strong> Bant boyutunu an\u0131nda art\u0131rmak i\u00e7in sutyen uzat\u0131c\u0131y\u0131 sutyeninizdeki kancalara takman\u0131z yeterlidir.<\/li>\n<li><strong>Y\u00f6ntemi Kullan:<\/strong>Geni\u015fleticinin alt taraf\u0131ndaki kancalar\u0131 sutyeninizin kanca halkalar\u0131na tak\u0131n, ard\u0131ndan sutyeninizdeki kancalar\u0131 kullanarak geni\u015fleticinin \u00f6n taraf\u0131ndaki kanca halkalar\u0131n\u0131 tak\u0131n.<\/li>\n<\/ul>\n<h3 class=\"a-spacing-mini\">S\u00fctyen geni\u015fletici, uygun olmayan ve \u00e7ok dar olan s\u00fctyen i\u00e7in beden aral\u0131\u011f\u0131n\u0131z\u0131 artt\u0131rmak i\u00e7in kullan\u0131l\u0131r. \u00c7\u0131kar\u0131labilir ve ayarlanabilir.<\/h3>\n<p class=\"a-spacing-base\">Kuma\u015f k\u0131sm\u0131 kadife, yumu\u015fak ve rahat polyester malzemeden yap\u0131lm\u0131\u015ft\u0131r. Hassas cildinizde iz, s\u0131k\u0131\u015fma ve ka\u015f\u0131nt\u0131 b\u0131rakmay\u0131n. Metal kancalar, solmayan veya paslanmayan paslanmaz \u00e7elikten yap\u0131lm\u0131\u015ft\u0131r.<\/p>\n<p class=\"a-spacing-base\">\u00c7o\u011fu insan i\u00e7in uygun, elastik kay\u0131\u015fl\u0131 3 s\u0131ra 2 kanca.<\/p>\n<\/div>","protected":false},"excerpt":{"rendered":"<p>\u00c7in&#039;de Zaoyi \u00d6zel S\u00fctyen Geni\u015fletici \u00dcreticisi ve Tedarik\u00e7isi<\/p>\n<p>\u2013 Adedi: 3000 adet<br \/>\n\u2013 OEM\/ODM hizmeti sunuldu<br \/>\n\u2013 \u00dccretsiz \u00f6rnek mevcut<br \/>\n\u2013 S\u00fctyen Geri D\u00f6n\u00fc\u015f\u00fcm\u00fc<br \/>\n\u2013 \u00d6zelle\u015ftirilmi\u015f sipari\u015f i\u00e7in 20-30 g\u00fcn haz\u0131r olma s\u00fcresi<br \/>\n\u2013 \u00d6zelle\u015ftirmeyi kabul edin (teknik \u00f6zellikler, renk, tasar\u0131m vb.)<\/p>\n<p>1) S\u00fctyensiz G\u00f6r\u00fcn\u00fcm: Konfor ve destekten \u00f6d\u00fcn vermeden s\u00fctyensiz g\u00f6r\u00fcn\u00fcme ula\u015f\u0131n.<br \/>\n2) Ayarlanabilir: S\u00fctyen band\u0131n\u0131z\u0131n uzunlu\u011funu v\u00fccut \u015feklinize uyacak ve m\u00fckemmel uyumu sa\u011flayacak \u015fekilde kolayca ayarlay\u0131n.<br \/>\n3) Rahat: S\u00fctyeniniz i\u00e7in ekstra konfor ve destek sa\u011flayan yumu\u015fak ve nefes alabilen malzemeden yap\u0131lm\u0131\u015ft\u0131r.<\/p>\n<p>S\u00fctyen uzat\u0131c\u0131 fiyatlar\u0131n\u0131 \u00f6\u011frenmek istiyorsan\u0131z l\u00fctfen bizimle ileti\u015fime ge\u00e7in.<\/p>","protected":false},"featured_media":2822,"comment_status":"open","ping_status":"closed","template":"","meta":[],"product_brand":[],"product_cat":[40,53],"product_tag":[],"class_list":{"0":"post-1926","1":"product","2":"type-product","3":"status-publish","4":"has-post-thumbnail","6":"product_cat-bra-extenders","7":"product_cat-bra-accessories","9":"first","10":"instock","11":"shipping-taxable","12":"product-type-simple"},"_links":{"self":[{"href":"https:\/\/zaoyigarment.com\/tr\/wp-json\/wp\/v2\/product\/1926","targetHints":{"allow":["GET"]}}],"collection":[{"href":"https:\/\/zaoyigarment.com\/tr\/wp-json\/wp\/v2\/product"}],"about":[{"href":"https:\/\/zaoyigarment.com\/tr\/wp-json\/wp\/v2\/types\/product"}],"replies":[{"embeddable":true,"href":"https:\/\/zaoyigarment.com\/tr\/wp-json\/wp\/v2\/comments?post=1926"}],"wp:featuredmedia":[{"embeddable":true,"href":"https:\/\/zaoyigarment.com\/tr\/wp-json\/wp\/v2\/media\/2822"}],"wp:attachment":[{"href":"https:\/\/zaoyigarment.com\/tr\/wp-json\/wp\/v2\/media?parent=1926"}],"wp:term":[{"taxonomy":"product_brand","embeddable":true,"href":"https:\/\/zaoyigarment.com\/tr\/wp-json\/wp\/v2\/product_brand?post=1926"},{"taxonomy":"product_cat","embeddable":true,"href":"https:\/\/zaoyigarment.com\/tr\/wp-json\/wp\/v2\/product_cat?post=1926"},{"taxonomy":"product_tag","embeddable":true,"href":"https:\/\/zaoyigarment.com\/tr\/wp-json\/wp\/v2\/product_tag?post=1926"}],"curies":[{"name":"wp","href":"https:\/\/api.w.org\/{rel}","templated":true}]}}