 {"id":1919,"date":"2023-12-29T02:18:39","date_gmt":"2023-12-29T02:18:39","guid":{"rendered":"https:\/\/zaoyigarment.com\/?post_type=product&#038;p=1919"},"modified":"2025-10-20T02:31:14","modified_gmt":"2025-10-20T02:31:14","slug":"stick-on-bra-lifting-adhesive-sticky-bra","status":"publish","type":"product","link":"https:\/\/zaoyigarment.com\/tr\/manufacturer\/stick-on-bra-lifting-adhesive-sticky-bra\/","title":{"rendered":"S\u00fctyen Kald\u0131rma Yap\u0131\u015fkanl\u0131 Yap\u0131\u015fkan S\u00fctyen \u00dczerine Sopa"},"content":{"rendered":"<div data-zone-id=\"0\" data-line-index=\"0\" data-line=\"true\">\n<ul>\n<li><span class=\"a-list-item\"><strong>S<\/strong><\/span><strong>Ben:<\/strong> 6,5-12cm \u00e7ap, \u00f6zelle\u015ftirilmi\u015f<\/li>\n<li><strong>RENK:\u00a0<\/strong>\u00c7\u0131plak veya \u00f6zelle\u015ftirilmi\u015f<\/li>\n<li><span class=\"a-list-item\"><strong>FAYDALAR:<\/strong> \u0130z b\u0131rakmadan oturur, tere dayan\u0131kl\u0131d\u0131r, \u00e7i\u00e7ek\/yuvarlak \u015fekillidir, g\u00fcvenlidir.<\/span><\/li>\n<li><strong>KULLANIM Y\u00d6NTEM\u0130:<\/strong><\/li>\n<li>1. Kullanmadan \u00f6nce g\u00f6\u011fs\u00fcn\u00fcz\u00fc ve ellerinizi temiz suyla y\u0131kay\u0131n ve temiz tutun.<\/li>\n<li>2. \u00dcr\u00fcn\u00fcn koruyucu filmini yap\u0131\u015fkan taraf\u0131 yukar\u0131 bakacak \u015fekilde y\u0131rt\u0131p avucunuza yerle\u015ftirin.<\/li>\n<li>3. \u00dcst v\u00fccudunuzu \u00f6ne do\u011fru e\u011fin, g\u00f6\u011f\u00fcs yamas\u0131n\u0131 yava\u015f\u00e7a odak alan\u0131na yerle\u015ftirin ve g\u00f6\u011f\u00fcs yamas\u0131n\u0131n kenarlar\u0131n\u0131 cildinize tam oturacak \u015fekilde ellerinizle d\u00fczeltin.<\/li>\n<li>4. A\u011f\u0131rl\u0131k ta\u015f\u0131ma veya yabanc\u0131 cisim hissi yok, g\u00f6\u011f\u00fcslerinizin m\u00fckemmel g\u00f6r\u00fcnt\u00fcs\u00fc, \u00e7e\u015fitli durumlar i\u00e7in uygun<\/li>\n<\/ul>\n<\/div>\n<ul class=\"a-unordered-list a-vertical a-spacing-mini\">\n<li><span class=\"a-list-item\"><strong>YIKAMA Y\u00d6NTEM\u0130:<\/strong><\/span><\/li>\n<li><span class=\"a-list-item\">1. Nazik\u00e7e k\u00f6p\u00fcrtmek ve dairesel hareketlerle y\u0131kamak i\u00e7in \u0131l\u0131k su veya n\u00f6tr \u015fampuan veya bula\u015f\u0131k sabunu kullan\u0131n.<\/span><\/li>\n<li><span class=\"a-list-item\">2.Temiz suyla durulay\u0131n. Yaralanmay\u0131 \u00f6nlemek i\u00e7in l\u00fctfen t\u0131rnaklar\u0131n\u0131z\u0131 kullanmamaya dikkat edin.<\/span><\/li>\n<li>3. Temizledikten sonra kurumaya b\u0131rak\u0131n ve do\u011frudan g\u00fcne\u015f \u0131\u015f\u0131\u011f\u0131ndan ka\u00e7\u0131n\u0131n.<\/li>\n<li>4. Temizledikten ve kuruttuktan sonra koruyucu filmi tak\u0131n. Bir taraf\u0131 tozla lekelenirse yap\u0131\u015fkanl\u0131\u011f\u0131n\u0131 kaybeder. Depolama alan\u0131 do\u011frudan g\u00fcne\u015f \u0131\u015f\u0131\u011f\u0131ndan uzak tutulmal\u0131d\u0131r.<\/li>\n<li><strong>\u00d6NEML\u0130 \u0130PU\u00c7LARI:<\/strong><br \/>\nCilt sorunlar\u0131n\u0131z varsa ya da cildiniz yaralanm\u0131\u015f, enfeksiyon kapm\u0131\u015f ya da g\u00fcne\u015ften yanm\u0131\u015fsa uygun de\u011fildir.<br \/>\nHamileyseniz veya emziriyorsan\u0131z, silikona alerjiniz varsa veya yak\u0131n zamanda meme b\u00fcy\u00fctme veya meme k\u00fc\u00e7\u00fcltme ameliyat\u0131 ge\u00e7irdiyseniz l\u00fctfen bu \u00fcr\u00fcn\u00fc kullanmay\u0131n.<br \/>\nBu \u00fcr\u00fcn\u00fc kullan\u0131rken herhangi bir cilt anormalli\u011fi ortaya \u00e7\u0131karsa, derhal kullanmay\u0131 b\u0131rak\u0131n ve derhal dermatolo\u011funuza veya cilt uzman\u0131n\u0131za dan\u0131\u015f\u0131n.<\/li>\n<\/ul>","protected":false},"excerpt":{"rendered":"<p>\u00c7in&#039;de Sutyen \u00dcreticisi ve Tedarik\u00e7isine Zaoyi \u00d6zel \u00c7ubuk<\/p>\n<p>\u2013 Adedi: 3000 adet<br \/>\n\u2013 OEM\/ODM hizmeti sunuldu<br \/>\n\u2013 \u00dccretsiz \u00f6rnek mevcut<br \/>\n\u2013 S\u00fctyen Geri D\u00f6n\u00fc\u015f\u00fcm\u00fc<br \/>\n\u2013 \u00d6zelle\u015ftirilmi\u015f sipari\u015f i\u00e7in 25-35 g\u00fcn haz\u0131r olma s\u00fcresi<br \/>\n\u2013 \u00d6zelle\u015ftirmeyi kabul edin (teknik \u00f6zellikler, renk, tasar\u0131m vb.)<\/p>\n<p>1) Gelinlik, s\u0131rt\u0131 a\u00e7\u0131k elbise, mayo, ti\u015f\u00f6rt vb. ile giymek i\u00e7in en iyi s\u00fctyen \u00e7\u00f6z\u00fcmleri<br \/>\n2)\u00d6zg\u00fcrl\u00fck i\u00e7in kesintisiz ve kablosuz tasar\u0131m<br \/>\n3) P\u00fcr\u00fczs\u00fcz ve t\u0131bbi kalitede malzeme<br \/>\n4) sutyen \u00fczerinde \u00f6zelle\u015ftirilmi\u015f kuma\u015f veya desen yapabilir<br \/>\n5) Canl\u0131 ten rengi<br \/>\n6)Kendin Yap \u00f6zelle\u015ftirme<\/p>\n<p>S\u00fctyen fiyatlar\u0131nda \u0131srarc\u0131 olmak istiyorsan\u0131z l\u00fctfen bizimle ileti\u015fime ge\u00e7in.<\/p>","protected":false},"featured_media":2816,"comment_status":"open","ping_status":"closed","template":"","meta":[],"product_brand":[],"product_cat":[36],"product_tag":[],"class_list":{"0":"post-1919","1":"product","2":"type-product","3":"status-publish","4":"has-post-thumbnail","6":"product_cat-sticky-bra","8":"first","9":"instock","10":"shipping-taxable","11":"product-type-simple"},"_links":{"self":[{"href":"https:\/\/zaoyigarment.com\/tr\/wp-json\/wp\/v2\/product\/1919","targetHints":{"allow":["GET"]}}],"collection":[{"href":"https:\/\/zaoyigarment.com\/tr\/wp-json\/wp\/v2\/product"}],"about":[{"href":"https:\/\/zaoyigarment.com\/tr\/wp-json\/wp\/v2\/types\/product"}],"replies":[{"embeddable":true,"href":"https:\/\/zaoyigarment.com\/tr\/wp-json\/wp\/v2\/comments?post=1919"}],"wp:featuredmedia":[{"embeddable":true,"href":"https:\/\/zaoyigarment.com\/tr\/wp-json\/wp\/v2\/media\/2816"}],"wp:attachment":[{"href":"https:\/\/zaoyigarment.com\/tr\/wp-json\/wp\/v2\/media?parent=1919"}],"wp:term":[{"taxonomy":"product_brand","embeddable":true,"href":"https:\/\/zaoyigarment.com\/tr\/wp-json\/wp\/v2\/product_brand?post=1919"},{"taxonomy":"product_cat","embeddable":true,"href":"https:\/\/zaoyigarment.com\/tr\/wp-json\/wp\/v2\/product_cat?post=1919"},{"taxonomy":"product_tag","embeddable":true,"href":"https:\/\/zaoyigarment.com\/tr\/wp-json\/wp\/v2\/product_tag?post=1919"}],"curies":[{"name":"wp","href":"https:\/\/api.w.org\/{rel}","templated":true}]}}