 {"id":1908,"date":"2023-12-28T09:12:07","date_gmt":"2023-12-28T09:12:07","guid":{"rendered":"https:\/\/zaoyigarment.com\/?post_type=product&#038;p=1908"},"modified":"2025-08-26T09:54:09","modified_gmt":"2025-08-26T09:54:09","slug":"lifting-push-up-bra-adhesive-bra","status":"publish","type":"product","link":"https:\/\/zaoyigarment.com\/tr\/manufacturer\/lifting-push-up-bra-adhesive-bra\/","title":{"rendered":"Kald\u0131rma Push Up S\u00fctyen Yap\u0131\u015fkanl\u0131 S\u00fctyen"},"content":{"rendered":"<ul class=\"a-unordered-list a-vertical a-spacing-mini\">\n<li><span class=\"a-list-item\"><strong>M\u0130KTAR:<\/strong>\u00a0\u00d6zelle\u015ftirilmi\u015f ambalaj ve toplu sipari\u015f i\u00e7in 3000 adet<\/span><\/li>\n<li><span class=\"a-list-item\"><strong>MALZEME:<\/strong> Silikon<\/span><\/li>\n<li><span class=\"a-list-item\"><strong>FAYDALAR:<\/strong> \u00c7evre ve g\u00fcvenlik jeli, g\u00f6r\u00fcnmez, d\u0131\u015fb\u00fckey, g\u00fcvenlik<\/span><\/li>\n<li><span class=\"a-list-item\"><strong>TASARIM:<\/strong>\u00a0Farkl\u0131 tasar\u0131m se\u00e7enekleri veya \u00f6zelle\u015ftirilebilir<\/span><\/li>\n<li><span class=\"a-list-item\"><strong>BOYUTLAR:<\/strong>\u00a0A\/B\/C\/D\/E\/F\/H, \u00f6zelle\u015ftirilmi\u015f<\/span><\/li>\n<li><span class=\"a-list-item a-size-base a-color-base\"><strong>S\u00fcm\u00fck Tasar\u0131m\u0131:<\/strong> Slime tasar\u0131m\u0131 en rahat hissi verir.<\/span><\/li>\n<li><span class=\"a-list-item a-size-base a-color-base\"><strong>YIKANAB\u0130L\u0130R:<\/strong>\u00a0Yap\u0131\u015fkanl\u0131 s\u00fctyenler kendinden yap\u0131\u015fkanl\u0131d\u0131r ve y\u0131kan\u0131p havayla kurutulduktan sonra yap\u0131\u015fkan kal\u0131r. Birden \u00e7ok kez kullan\u0131labilir.<\/span><\/li>\n<li><span class=\"a-list-item a-size-base a-color-base\"><strong>B\u0130R\u00c7OK DURUM \u0130\u00c7\u0130N:<\/strong> Her t\u00fcrl\u00fc seksi stil i\u00e7in push up s\u00fctyen, s\u0131rt\u0131 a\u00e7\u0131k ask\u0131l\u0131 \u00fcstler, derin V yakal\u0131 tak\u0131mlar, s\u0131rt\u0131 a\u00e7\u0131k\/ask\u0131s\u0131z gece elbiseleri, gelinlikler, dekolte elbiseler, kokteyl elbiseleri, parti elbiseleri vb. Kad\u0131ns\u0131 \u00e7ekicili\u011finizi sergilemekten \u00e7ekinmeyin.<\/span><\/li>\n<li><span class=\"a-list-item\"><strong>YIKAMA Y\u00d6NTEM\u0130:<\/strong><\/span><\/li>\n<li><span class=\"a-list-item\">1. Nazik\u00e7e k\u00f6p\u00fcrtmek ve dairesel hareketlerle y\u0131kamak i\u00e7in \u0131l\u0131k su veya n\u00f6tr \u015fampuan veya bula\u015f\u0131k sabunu kullan\u0131n.<\/span><\/li>\n<li><span class=\"a-list-item\">2.Temiz suyla durulay\u0131n. Yaralanmay\u0131 \u00f6nlemek i\u00e7in l\u00fctfen t\u0131rnaklar\u0131n\u0131z\u0131 kullanmamaya dikkat edin.<\/span><\/li>\n<li>3. Temizledikten sonra kurumaya b\u0131rak\u0131n ve do\u011frudan g\u00fcne\u015f \u0131\u015f\u0131\u011f\u0131ndan ka\u00e7\u0131n\u0131n.<\/li>\n<li>4. Temizledikten ve kuruttuktan sonra koruyucu filmi tak\u0131n. Bir taraf\u0131 tozla lekelenirse yap\u0131\u015fkanl\u0131\u011f\u0131n\u0131 kaybeder. Depolama alan\u0131 do\u011frudan g\u00fcne\u015f \u0131\u015f\u0131\u011f\u0131ndan uzak tutulmal\u0131d\u0131r.<\/li>\n<li><strong>\u00d6NEML\u0130 \u0130PU\u00c7LARI:<\/strong><br \/>\nCilt sorunlar\u0131n\u0131z varsa ya da cildiniz yaralanm\u0131\u015f, enfeksiyon kapm\u0131\u015f ya da g\u00fcne\u015ften yanm\u0131\u015fsa uygun de\u011fildir.<br \/>\nHamileyseniz veya emziriyorsan\u0131z, silikona alerjiniz varsa veya yak\u0131n zamanda meme b\u00fcy\u00fctme veya meme k\u00fc\u00e7\u00fcltme ameliyat\u0131 ge\u00e7irdiyseniz l\u00fctfen bu \u00fcr\u00fcn\u00fc kullanmay\u0131n.<br \/>\nBu \u00fcr\u00fcn\u00fc kullan\u0131rken herhangi bir cilt anormalli\u011fi ortaya \u00e7\u0131karsa, derhal kullanmay\u0131 b\u0131rak\u0131n ve derhal dermatolo\u011funuza veya cilt uzman\u0131n\u0131za dan\u0131\u015f\u0131n.<\/li>\n<\/ul>\n<h2>Resimlerle S\u00fctyen Beden Tablosu<\/h2>\n\t<div class=\"img has-hover x md-x lg-x y md-y lg-y\" id=\"image_70231591\">\n\t\t\t\t\t\t\t\t<div class=\"img-inner dark\" >\n\t\t\t<img loading=\"lazy\" decoding=\"async\" width=\"1020\" height=\"976\" src=\"https:\/\/zaoyigarment.com\/wp-content\/uploads\/2024\/01\/bra-size-calculator-1024x980.webp\" class=\"attachment-large size-large\" alt=\"sutyen boyutu hesaplay\u0131c\u0131\" srcset=\"https:\/\/zaoyigarment.com\/wp-content\/uploads\/2024\/01\/bra-size-calculator-1024x980.webp 1024w, https:\/\/zaoyigarment.com\/wp-content\/uploads\/2024\/01\/bra-size-calculator-300x287.webp 300w, https:\/\/zaoyigarment.com\/wp-content\/uploads\/2024\/01\/bra-size-calculator-768x735.webp 768w, https:\/\/zaoyigarment.com\/wp-content\/uploads\/2024\/01\/bra-size-calculator-1536x1471.webp 1536w, https:\/\/zaoyigarment.com\/wp-content\/uploads\/2024\/01\/bra-size-calculator-600x575.webp 600w, https:\/\/zaoyigarment.com\/wp-content\/uploads\/2024\/01\/bra-size-calculator.webp 2000w\" sizes=\"auto, (max-width: 1020px) 100vw, 1020px\" \/>\t\t\t\t\t\t\n\t\t\t\t\t<\/div>\n\t\t\t\t\t\t\t\t\n<style>\n#image_70231591 {\n  width: 100%;\n}\n<\/style>\n\t<\/div>","protected":false},"excerpt":{"rendered":"<p>\u00c7in&#039;de Zaoyi \u00d6zel Kald\u0131rma Push Up S\u00fctyen \u00dcreticisi ve Tedarik\u00e7isi<\/p>\n<p>\u2013 Adedi: 3000 adet<br \/>\n\u2013 OEM\/ODM hizmeti sunuldu<br \/>\n\u2013 \u00dccretsiz \u00f6rnek mevcut<br \/>\n\u2013 S\u00fctyen Geri D\u00f6n\u00fc\u015f\u00fcm\u00fc<br \/>\n\u2013 \u00d6zelle\u015ftirilmi\u015f sipari\u015f i\u00e7in 25-35 g\u00fcn haz\u0131r olma s\u00fcresi<br \/>\n\u2013 \u00d6zelle\u015ftirmeyi kabul edin (teknik \u00f6zellikler, renk, tasar\u0131m vb.)<\/p>\n<p>1) S\u0131rt\u0131 a\u00e7\u0131k elbise, ti\u015f\u00f6rt, gelinlik vb. ile giymek i\u00e7in en iyi \u00e7\u00f6z\u00fcmler<br \/>\n2)\u00d6zg\u00fcrl\u00fck i\u00e7in kesintisiz ve kablosuz tasar\u0131m<br \/>\n3) P\u00fcr\u00fczs\u00fcz ve do\u011fal \u00e7evre g\u00fcvenli\u011fi silikonu<br \/>\n4) \u00dczerinde \u00f6zelle\u015ftirilmi\u015f kuma\u015f veya desen yapabilir<br \/>\n5) Canl\u0131 renk<br \/>\n6)Kendin Yap \u00f6zelle\u015ftirme<\/p>\n<p>Siz de push up s\u00fctyen fiyatlar\u0131n\u0131 kald\u0131rmak istiyorsan\u0131z l\u00fctfen bizimle ileti\u015fime ge\u00e7in.<\/p>","protected":false},"featured_media":2815,"comment_status":"open","ping_status":"closed","template":"","meta":[],"product_brand":[],"product_cat":[15],"product_tag":[],"class_list":{"0":"post-1908","1":"product","2":"type-product","3":"status-publish","4":"has-post-thumbnail","6":"product_cat-push-up-bra","8":"first","9":"instock","10":"shipping-taxable","11":"product-type-simple"},"_links":{"self":[{"href":"https:\/\/zaoyigarment.com\/tr\/wp-json\/wp\/v2\/product\/1908","targetHints":{"allow":["GET"]}}],"collection":[{"href":"https:\/\/zaoyigarment.com\/tr\/wp-json\/wp\/v2\/product"}],"about":[{"href":"https:\/\/zaoyigarment.com\/tr\/wp-json\/wp\/v2\/types\/product"}],"replies":[{"embeddable":true,"href":"https:\/\/zaoyigarment.com\/tr\/wp-json\/wp\/v2\/comments?post=1908"}],"wp:featuredmedia":[{"embeddable":true,"href":"https:\/\/zaoyigarment.com\/tr\/wp-json\/wp\/v2\/media\/2815"}],"wp:attachment":[{"href":"https:\/\/zaoyigarment.com\/tr\/wp-json\/wp\/v2\/media?parent=1908"}],"wp:term":[{"taxonomy":"product_brand","embeddable":true,"href":"https:\/\/zaoyigarment.com\/tr\/wp-json\/wp\/v2\/product_brand?post=1908"},{"taxonomy":"product_cat","embeddable":true,"href":"https:\/\/zaoyigarment.com\/tr\/wp-json\/wp\/v2\/product_cat?post=1908"},{"taxonomy":"product_tag","embeddable":true,"href":"https:\/\/zaoyigarment.com\/tr\/wp-json\/wp\/v2\/product_tag?post=1908"}],"curies":[{"name":"wp","href":"https:\/\/api.w.org\/{rel}","templated":true}]}}