 {"id":1900,"date":"2023-12-27T09:17:18","date_gmt":"2023-12-27T09:17:18","guid":{"rendered":"https:\/\/zaoyigarment.com\/?post_type=product&#038;p=1900"},"modified":"2026-05-15T23:58:32","modified_gmt":"2026-05-15T23:58:32","slug":"ok-tape","status":"publish","type":"product","link":"https:\/\/zaoyigarment.com\/tr\/manufacturer\/ok-tape\/","title":{"rendered":"Tamam Bant Yap\u0131\u015fkanl\u0131 Bandaj Sarma Kendinden Yap\u0131\u015fkanl\u0131 Kohesif Bandajlar Yaralanmalar \u0130\u00e7in Bant Bandaj"},"content":{"rendered":"<div data-zone-id=\"0\" data-line-index=\"0\" data-line=\"true\">\n<ul>\n<li><span class=\"a-list-item\"><strong>S<\/strong><\/span><strong>Ben:<\/strong> 2cm geni\u015flik, 5m uzunluk, \u00f6zelle\u015ftirilmi\u015f<\/li>\n<li><strong>RENK:\u00a0<\/strong>\u00c7\u0131plak, karbon hindistan cevizi veya \u00f6zelle\u015ftirilmi\u015f<\/li>\n<li><span class=\"a-list-item\"><strong>FAYDALAR:<\/strong> Spor yaparken yaralanmamak i\u00e7in v\u00fccudu korumak<\/span><\/li>\n<li><strong>BAKIM TAL\u0130MATI:<\/strong><\/li>\n<li>Spor band\u0131n\u0131n \u00f6zel bir bak\u0131ma ihtiyac\u0131 yoktur.<\/li>\n<\/ul>\n<\/div>\n<ul class=\"a-unordered-list a-vertical a-spacing-mini\">\n<li><span class=\"a-list-item\"><strong>FAYDALAR:<\/strong><\/span><\/li>\n<li>Fonksiyonel bandajlar, yaral\u0131 kaslar\u0131 rahatlatmak veya \u00e7\u0131k\u0131klar\u0131n konservatif tedavisi i\u00e7in m\u00fckemmeldir<\/li>\n<li>P\u00fcr\u00fczl\u00fc kenar\u0131 sayesinde kopar\u0131lmas\u0131 \u00e7ok kolayd\u0131r<\/li>\n<li>Tamamen do\u011fal ve cilt dostu malzemelerden \u00fcretilmi\u015ftir<\/li>\n<li><strong>\u00d6NEML\u0130 \u0130PU\u00c7LARI:<\/strong><br \/>\nCilt sorunlar\u0131n\u0131z varsa ya da cildiniz yaralanm\u0131\u015f, enfeksiyon kapm\u0131\u015f ya da g\u00fcne\u015ften yanm\u0131\u015fsa uygun de\u011fildir.<br \/>\nHamileyseniz veya emziriyorsan\u0131z, silika jele alerjiniz varsa veya yak\u0131n zamanda g\u00f6\u011f\u00fcs b\u00fcy\u00fctme veya g\u00f6\u011f\u00fcs k\u00fc\u00e7\u00fcltme ameliyat\u0131 ge\u00e7irdiyseniz l\u00fctfen bu \u00fcr\u00fcn\u00fc kullanmay\u0131n.<br \/>\nBu \u00fcr\u00fcn\u00fc kullan\u0131rken herhangi bir cilt anormalli\u011fi ortaya \u00e7\u0131karsa, derhal kullanmay\u0131 b\u0131rak\u0131n ve derhal dermatolo\u011funuza veya cilt uzman\u0131n\u0131za dan\u0131\u015f\u0131n.<\/li>\n<\/ul>\n\t<div class=\"img has-hover x md-x lg-x y md-y lg-y\" id=\"image_454332419\">\n\t\t\t\t\t\t\t\t<div class=\"img-inner dark\" >\n\t\t\t<img loading=\"lazy\" decoding=\"async\" width=\"1020\" height=\"1020\" src=\"https:\/\/zaoyigarment.com\/wp-content\/uploads\/2023\/12\/adhesive-bandage-wrap-1024x1024.webp\" class=\"attachment-large size-large\" alt=\"yap\u0131\u015fkanl\u0131 bandaj sarg\u0131s\u0131\" srcset=\"https:\/\/zaoyigarment.com\/wp-content\/uploads\/2023\/12\/adhesive-bandage-wrap-1024x1024.webp 1024w, https:\/\/zaoyigarment.com\/wp-content\/uploads\/2023\/12\/adhesive-bandage-wrap-300x300.webp 300w, https:\/\/zaoyigarment.com\/wp-content\/uploads\/2023\/12\/adhesive-bandage-wrap-150x150.webp 150w, https:\/\/zaoyigarment.com\/wp-content\/uploads\/2023\/12\/adhesive-bandage-wrap-768x768.webp 768w, https:\/\/zaoyigarment.com\/wp-content\/uploads\/2023\/12\/adhesive-bandage-wrap-1536x1536.webp 1536w, https:\/\/zaoyigarment.com\/wp-content\/uploads\/2023\/12\/adhesive-bandage-wrap-2048x2048.webp 2048w, https:\/\/zaoyigarment.com\/wp-content\/uploads\/2023\/12\/adhesive-bandage-wrap-12x12.webp 12w, https:\/\/zaoyigarment.com\/wp-content\/uploads\/2023\/12\/adhesive-bandage-wrap-600x600.webp 600w, https:\/\/zaoyigarment.com\/wp-content\/uploads\/2023\/12\/adhesive-bandage-wrap-100x100.webp 100w\" sizes=\"auto, (max-width: 1020px) 100vw, 1020px\" \/>\t\t\t\t\t\t\n\t\t\t\t\t<\/div>\n\t\t\t\t\t\t\t\t\n<style>\n#image_454332419 {\n  width: 100%;\n}\n<\/style>\n\t<\/div>","protected":false},"excerpt":{"rendered":"<p>\u00c7in&#039;de Zaoyi \u00d6zel OK Bant \u00dcreticisi ve Tedarik\u00e7isi<\/p>\n<p>\u2013 Adedi: 3000 adet<br \/>\n\u2013 OEM\/ODM hizmeti sunuldu<br \/>\n\u2013 \u00dccretsiz \u00f6rnek mevcut<br \/>\n\u2013 \u00d6\u011fe Geri D\u00f6n\u00fc\u015f\u00fcm\u00fc<br \/>\n\u2013 \u00d6zelle\u015ftirilmi\u015f sipari\u015f i\u00e7in 20-30 g\u00fcn haz\u0131r olma s\u00fcresi<br \/>\n\u2013 \u00d6zelle\u015ftirmeyi kabul edin (teknik \u00f6zellikler, renk, tasar\u0131m vb.)<\/p>\n<p>1)Spor yaparken korunmak i\u00e7in en iyi \u00e7\u00f6z\u00fcmler<br \/>\n2)\u00d6zg\u00fcrl\u00fck i\u00e7in kusursuz ve moda tasar\u0131m\u0131<br \/>\n3) P\u00fcr\u00fczs\u00fcz ve t\u0131bbi kalitede malzeme<br \/>\n4)\u00dczerine \u00f6zel kuma\u015f veya desen yap\u0131labilir<br \/>\n5) Canl\u0131 renk, solmay\u0131 \u00f6nleyici<br \/>\n6)Kendin Yap \u00f6zelle\u015ftirme<\/p>\n<p>Uygun bant fiyatlar\u0131 almak istiyorsan\u0131z l\u00fctfen bizimle ileti\u015fime ge\u00e7iniz.<\/p>","protected":false},"featured_media":3046,"comment_status":"open","ping_status":"closed","template":"","meta":[],"product_brand":[],"product_cat":[38],"product_tag":[],"class_list":{"0":"post-1900","1":"product","2":"type-product","3":"status-publish","4":"has-post-thumbnail","6":"product_cat-bra-tape","8":"first","9":"instock","10":"shipping-taxable","11":"product-type-simple"},"_links":{"self":[{"href":"https:\/\/zaoyigarment.com\/tr\/wp-json\/wp\/v2\/product\/1900","targetHints":{"allow":["GET"]}}],"collection":[{"href":"https:\/\/zaoyigarment.com\/tr\/wp-json\/wp\/v2\/product"}],"about":[{"href":"https:\/\/zaoyigarment.com\/tr\/wp-json\/wp\/v2\/types\/product"}],"replies":[{"embeddable":true,"href":"https:\/\/zaoyigarment.com\/tr\/wp-json\/wp\/v2\/comments?post=1900"}],"wp:featuredmedia":[{"embeddable":true,"href":"https:\/\/zaoyigarment.com\/tr\/wp-json\/wp\/v2\/media\/3046"}],"wp:attachment":[{"href":"https:\/\/zaoyigarment.com\/tr\/wp-json\/wp\/v2\/media?parent=1900"}],"wp:term":[{"taxonomy":"product_brand","embeddable":true,"href":"https:\/\/zaoyigarment.com\/tr\/wp-json\/wp\/v2\/product_brand?post=1900"},{"taxonomy":"product_cat","embeddable":true,"href":"https:\/\/zaoyigarment.com\/tr\/wp-json\/wp\/v2\/product_cat?post=1900"},{"taxonomy":"product_tag","embeddable":true,"href":"https:\/\/zaoyigarment.com\/tr\/wp-json\/wp\/v2\/product_tag?post=1900"}],"curies":[{"name":"wp","href":"https:\/\/api.w.org\/{rel}","templated":true}]}}