 {"id":1402,"date":"2023-06-08T08:15:42","date_gmt":"2023-06-08T08:15:42","guid":{"rendered":"https:\/\/zaoyigarment.com\/?post_type=product&#038;p=1402"},"modified":"2026-04-17T01:04:43","modified_gmt":"2026-04-17T01:04:43","slug":"push-up-bras","status":"publish","type":"product","link":"https:\/\/zaoyigarment.com\/tr\/manufacturer\/push-up-bras\/","title":{"rendered":"Destekli S\u00fctyen | Straplez Destekli S\u00fctyen Kelebek S\u00fctyen"},"content":{"rendered":"<ul class=\"a-unordered-list a-vertical a-spacing-mini\">\n<li><span class=\"a-list-item\"><strong>M\u0130KTAR:<\/strong> \u00d6zelle\u015ftirilmi\u015f ambalaj ve toplu sipari\u015f i\u00e7in 3000 adet<\/span><\/li>\n<li><span class=\"a-list-item\"><strong>MALZEME:<\/strong> 80% naylon, 20% spandeks<\/span><\/li>\n<li><span class=\"a-list-item\"><strong>FAYDALAR:<\/strong> \u00c7evre ve g\u00fcvenlik jeli, nefes alabilen, h\u00fccresel, d\u0131\u015fb\u00fckey, g\u00fcvenlik<\/span><\/li>\n<li><span class=\"a-list-item\"><strong>TASARIM:<\/strong> Farkl\u0131 tasar\u0131m se\u00e7enekleri veya \u00f6zelle\u015ftirilebilir<\/span><\/li>\n<li><span class=\"a-list-item\"><strong>BOYUTLAR:<\/strong> A\/B\/C\/D\/E\/F\/H, \u00f6zelle\u015ftirilmi\u015f<\/span><\/li>\n<li><span class=\"a-list-item a-size-base a-color-base\"><strong>G\u00dc\u00c7L\u00dc DESTEK VE AYARLANAB\u0130L\u0130R \u00c7EKME \u0130L\u0130:<\/strong> M\u00fckemmel destek g\u00f6\u011f\u00fcslerinizi kald\u0131rmak i\u00e7in m\u00fckemmeldir. Tek bir \u00e7eki\u015fle barda\u011f\u0131 an\u0131nda kald\u0131rabilir ve g\u00f6\u011f\u00fcslerinizi dik tutabilirsiniz. G\u00f6\u011f\u00fcs sarkma derdine veda edin, g\u00f6\u011f\u00fcslerin m\u00fckemmel k\u0131vr\u0131m\u0131n\u0131 kolayca \u015fekillendirin.<\/span><\/li>\n<li><span class=\"a-list-item a-size-base a-color-base\"><strong>C\u0130LT DOSTU NEFES ALAB\u0130L\u0130R KUMA\u015e VE SAKIZ YAPI\u015eTIRICI:<\/strong>Malzeme tamamen do\u011fal dokunmam\u0131\u015f kuma\u015f + t\u0131bbi silikondan yap\u0131lm\u0131\u015ft\u0131r. Do\u011fal sak\u0131z yap\u0131\u015ft\u0131r\u0131c\u0131s\u0131, kulland\u0131\u011f\u0131n\u0131z s\u0131rada m\u00fckemmel hava ge\u00e7irgenli\u011fini koruyan hava delikleriyle kapl\u0131d\u0131r.<\/span><\/li>\n<li><span class=\"a-list-item a-size-base a-color-base\"><strong>M\u00dcKEMMEL KANAT TASARIMI:<\/strong> Kanat \u015fekli tasar\u0131m\u0131 g\u00f6\u011f\u00fcs cildini daha iyi sarabilir, yap\u0131\u015fma s\u00fcresini uzatabilir. S\u00fctyenin y\u00fczey kuma\u015f\u0131, derininkine benzer bir dokuya sahiptir ve bu, s\u00fctyenin izlerini g\u00fc\u00e7l\u00fc \u0131\u015f\u0131k alt\u0131nda iyi gizleyebilmektedir. Sanki hi\u00e7bir \u015fey giymiyormu\u015f gibi.<\/span><\/li>\n<li><span class=\"a-list-item a-size-base a-color-base\"><strong>YIKANAB\u0130L\u0130R:<\/strong> Yap\u0131\u015fkanl\u0131 s\u00fctyenler kendinden yap\u0131\u015fkanl\u0131d\u0131r ve y\u0131kan\u0131p havayla kurutulduktan sonra yap\u0131\u015fkan kal\u0131r. Birden \u00e7ok kez kullan\u0131labilir.<\/span><\/li>\n<li><span class=\"a-list-item a-size-base a-color-base\"><strong>B\u0130R\u00c7OK DURUM \u0130\u00c7\u0130N:<\/strong> Her t\u00fcrl\u00fc seksi stile uygun Straplez S\u00fctyen, s\u0131rt\u0131 a\u00e7\u0131k ask\u0131l\u0131 \u00fcstler, derin V yakal\u0131 tak\u0131mlar, s\u0131rt\u0131 a\u00e7\u0131k\/ask\u0131s\u0131z gece elbiseleri, gelinlikler, dekolte elbiseler, kokteyl elbiseleri, parti elbiseleri vb. Kad\u0131ns\u0131 \u00e7ekicili\u011finizi sergilemekten \u00e7ekinmeyin.<\/span><\/li>\n<\/ul>\n<h2><\/h2>\n<h2>Resimlerle S\u00fctyen Beden Tablosu<\/h2>\n\t<div class=\"img has-hover x md-x lg-x y md-y lg-y\" id=\"image_417845099\">\n\t\t\t\t\t\t\t\t<div class=\"img-inner dark\" >\n\t\t\t<img loading=\"lazy\" decoding=\"async\" width=\"1020\" height=\"976\" src=\"https:\/\/zaoyigarment.com\/wp-content\/uploads\/2024\/01\/bra-size-calculator-1024x980.webp\" class=\"attachment-large size-large\" alt=\"sutyen boyutu hesaplay\u0131c\u0131\" srcset=\"https:\/\/zaoyigarment.com\/wp-content\/uploads\/2024\/01\/bra-size-calculator-1024x980.webp 1024w, https:\/\/zaoyigarment.com\/wp-content\/uploads\/2024\/01\/bra-size-calculator-300x287.webp 300w, https:\/\/zaoyigarment.com\/wp-content\/uploads\/2024\/01\/bra-size-calculator-768x735.webp 768w, https:\/\/zaoyigarment.com\/wp-content\/uploads\/2024\/01\/bra-size-calculator-1536x1471.webp 1536w, https:\/\/zaoyigarment.com\/wp-content\/uploads\/2024\/01\/bra-size-calculator-600x575.webp 600w, https:\/\/zaoyigarment.com\/wp-content\/uploads\/2024\/01\/bra-size-calculator.webp 2000w\" sizes=\"auto, (max-width: 1020px) 100vw, 1020px\" \/>\t\t\t\t\t\t\n\t\t\t\t\t<\/div>\n\t\t\t\t\t\t\t\t\n<style>\n#image_417845099 {\n  width: 100%;\n}\n<\/style>\n\t<\/div>","protected":false},"excerpt":{"rendered":"<p>\u00c7in&#039;de Zaoyi \u00d6zel Straplez Push Up S\u00fctyen \u00dcreticisi ve Tedarik\u00e7isi<\/p>\n<p>\u2013 Adedi: 3000 adet<br \/>\n\u2013 OEM\/ODM hizmeti sunuldu<br \/>\n\u2013 \u00dccretsiz \u00f6rnek mevcut<br \/>\n\u2013 S\u00fctyen Geri D\u00f6n\u00fc\u015f\u00fcm\u00fc<br \/>\n\u2013 \u00d6zelle\u015ftirilmi\u015f sipari\u015f i\u00e7in 25-35 g\u00fcn haz\u0131r olma s\u00fcresi<br \/>\n\u2013 \u00d6zelle\u015ftirmeyi kabul edin (teknik \u00f6zellikler, renk, tasar\u0131m vb.)<\/p>\n<p>1) S\u0131rt\u0131 a\u00e7\u0131k elbise, gelinlik, ti\u015f\u00f6rt vb. ile giymek i\u00e7in en iyi s\u00fctyen \u00e7\u00f6z\u00fcmleri<br \/>\n2)\u00d6zg\u00fcrl\u00fck i\u00e7in kesintisiz ve kablosuz tasar\u0131m<br \/>\n3) P\u00fcr\u00fczs\u00fcz ve narin naylon kuma\u015f<br \/>\n4) \u00dczerinde \u00f6zelle\u015ftirilmi\u015f kuma\u015f veya desen yapabilir<br \/>\n5) Canl\u0131 renk, solmay\u0131 \u00f6nleyici<br \/>\n6)Kendin Yap \u00f6zelle\u015ftirme<\/p>\n<p>Straplez push up s\u00fctyen fiyatlar\u0131n\u0131 almak istiyorsan\u0131z l\u00fctfen bizimle ileti\u015fime ge\u00e7in.<\/p>","protected":false},"featured_media":2801,"comment_status":"open","ping_status":"closed","template":"","meta":[],"product_brand":[],"product_cat":[15],"product_tag":[],"class_list":{"0":"post-1402","1":"product","2":"type-product","3":"status-publish","4":"has-post-thumbnail","6":"product_cat-push-up-bra","8":"first","9":"instock","10":"shipping-taxable","11":"product-type-simple"},"_links":{"self":[{"href":"https:\/\/zaoyigarment.com\/tr\/wp-json\/wp\/v2\/product\/1402","targetHints":{"allow":["GET"]}}],"collection":[{"href":"https:\/\/zaoyigarment.com\/tr\/wp-json\/wp\/v2\/product"}],"about":[{"href":"https:\/\/zaoyigarment.com\/tr\/wp-json\/wp\/v2\/types\/product"}],"replies":[{"embeddable":true,"href":"https:\/\/zaoyigarment.com\/tr\/wp-json\/wp\/v2\/comments?post=1402"}],"wp:featuredmedia":[{"embeddable":true,"href":"https:\/\/zaoyigarment.com\/tr\/wp-json\/wp\/v2\/media\/2801"}],"wp:attachment":[{"href":"https:\/\/zaoyigarment.com\/tr\/wp-json\/wp\/v2\/media?parent=1402"}],"wp:term":[{"taxonomy":"product_brand","embeddable":true,"href":"https:\/\/zaoyigarment.com\/tr\/wp-json\/wp\/v2\/product_brand?post=1402"},{"taxonomy":"product_cat","embeddable":true,"href":"https:\/\/zaoyigarment.com\/tr\/wp-json\/wp\/v2\/product_cat?post=1402"},{"taxonomy":"product_tag","embeddable":true,"href":"https:\/\/zaoyigarment.com\/tr\/wp-json\/wp\/v2\/product_tag?post=1402"}],"curies":[{"name":"wp","href":"https:\/\/api.w.org\/{rel}","templated":true}]}}