 {"id":1393,"date":"2023-06-08T07:38:38","date_gmt":"2023-06-08T07:38:38","guid":{"rendered":"https:\/\/zaoyigarment.com\/?post_type=product&#038;p=1393"},"modified":"2026-04-17T01:03:30","modified_gmt":"2026-04-17T01:03:30","slug":"sticky-bra","status":"publish","type":"product","link":"https:\/\/zaoyigarment.com\/tr\/manufacturer\/sticky-bra\/","title":{"rendered":"Yap\u0131\u015fkan S\u00fctyen| Yap\u0131\u015fkanl\u0131 G\u00f6r\u00fcnmez S\u00fctyen Push Up Silikon \u0130\u00e7 Giyim"},"content":{"rendered":"<div id=\"featurebullets_feature_div\" class=\"celwidget\" data-feature-name=\"featurebullets\" data-csa-c-type=\"widget\" data-csa-c-content-id=\"featurebullets\" data-csa-c-slot-id=\"featurebullets_feature_div\" data-csa-c-asin=\"B07DF32D6Q\" data-csa-c-is-in-initial-active-row=\"false\" data-csa-c-id=\"3j0pnl-7cjnp-9t8psx-tspeog\">\n<div id=\"feature-bullets\" class=\"a-section a-spacing-medium a-spacing-top-small\">\n<div data-zone-id=\"0\" data-line-index=\"0\" data-line=\"true\">\n<ul>\n<li><span class=\"a-list-item\"><strong>S<\/strong><\/span><strong style=\"font-size: 14.4px;\">Ben:<\/strong><span style=\"font-size: 14.4px;\"> A\/B\/C\/D, \u00f6zelle\u015ftirilmi\u015f<\/span><\/li>\n<li><strong style=\"font-size: 14.4px;\">RENK: <\/strong>\u00c7\u0131plak veya \u00f6zelle\u015ftirilmi\u015f<\/li>\n<li><span class=\"a-list-item\"><strong>FAYDALAR:<\/strong> \u0130z b\u0131rakmadan oturun, tere dayan\u0131kl\u0131, yuvarlak \u015fekilli, g\u00fcvenli.<\/span><\/li>\n<li><span class=\"a-list-item\"><strong>FARKLI KALINLIK SE\u00c7EB\u0130L\u0130R:<\/strong> 0,5CM, 1,0CM, 1,5CM, 2,0CM kal\u0131nl\u0131k se\u00e7ilebilir veya \u00f6zelle\u015ftirilebilir.<\/span><\/li>\n<li><span class=\"a-list-item\"><strong>TAKMA \u015eEKL\u0130:<\/strong> Dokuyu tutmak i\u00e7in barda\u011f\u0131 yerle\u015ftirin, konumu ayarlay\u0131n, \u00f6n klipsi sabitleyin, m\u00fckemmel uyum i\u00e7in \u00f6\u011felere bast\u0131r\u0131n.<\/span><\/li>\n<\/ul>\n<\/div>\n<ul class=\"a-unordered-list a-vertical a-spacing-mini\">\n<li><span class=\"a-list-item\"><strong>YIKAMA Y\u00d6NTEM\u0130:<\/strong> <\/span><\/li>\n<li><span class=\"a-list-item\">1. Nazik\u00e7e k\u00f6p\u00fcrtmek ve dairesel hareketlerle y\u0131kamak i\u00e7in \u0131l\u0131k su veya n\u00f6tr \u015fampuan veya bula\u015f\u0131k sabunu kullan\u0131n.<\/span><\/li>\n<li><span class=\"a-list-item\">2.Temiz suyla durulay\u0131n. Yaralanmay\u0131 \u00f6nlemek i\u00e7in l\u00fctfen t\u0131rnaklar\u0131n\u0131z\u0131 kullanmamaya dikkat edin.<\/span><\/li>\n<li>3. Temizledikten sonra kurumaya b\u0131rak\u0131n ve do\u011frudan g\u00fcne\u015f \u0131\u015f\u0131\u011f\u0131ndan ka\u00e7\u0131n\u0131n.<\/li>\n<li>4. Temizledikten ve kuruttuktan sonra koruyucu filmi tak\u0131n. Bir taraf\u0131 tozla lekelenirse yap\u0131\u015fkanl\u0131\u011f\u0131n\u0131 kaybeder. Depolama alan\u0131 do\u011frudan g\u00fcne\u015f \u0131\u015f\u0131\u011f\u0131ndan uzak tutulmal\u0131d\u0131r.<\/li>\n<\/ul>\n<ul>\n<li><strong>\u00d6NEML\u0130 \u0130PU\u00c7LARI:<\/strong><br \/>\nCilt sorunlar\u0131n\u0131z varsa ya da cildiniz yaralanm\u0131\u015f, enfeksiyon kapm\u0131\u015f ya da g\u00fcne\u015ften yanm\u0131\u015fsa uygun de\u011fildir.<br \/>\nHamileyseniz veya emziriyorsan\u0131z, silikona alerjiniz varsa veya yak\u0131n zamanda meme b\u00fcy\u00fctme veya meme k\u00fc\u00e7\u00fcltme ameliyat\u0131 ge\u00e7irdiyseniz l\u00fctfen bu \u00fcr\u00fcn\u00fc kullanmay\u0131n.<br \/>\nBu \u00fcr\u00fcn\u00fc kullan\u0131rken herhangi bir cilt anormalli\u011fi ortaya \u00e7\u0131karsa, derhal kullanmay\u0131 b\u0131rak\u0131n ve derhal dermatolo\u011funuza veya cilt uzman\u0131n\u0131za dan\u0131\u015f\u0131n.<\/li>\n<\/ul>\n<\/div>\n<\/div>\n<div id=\"acf-carousel_feature_div\" class=\"celwidget\" data-feature-name=\"acf-carousel\" data-csa-c-type=\"widget\" data-csa-c-content-id=\"acf-carousel\" data-csa-c-slot-id=\"acf-carousel_feature_div\" data-csa-c-asin=\"B07DF32D6Q\" data-csa-c-is-in-initial-active-row=\"false\" data-csa-c-id=\"oqpgyr-mh4egp-nntzd2-kyiiqq\"><\/div>\n<div id=\"provenanceCertifications_feature_div\" class=\"celwidget\" data-feature-name=\"provenanceCertifications\" data-csa-c-type=\"widget\" data-csa-c-content-id=\"provenanceCertifications\" data-csa-c-slot-id=\"provenanceCertifications_feature_div\" data-csa-c-asin=\"B07DF32D6Q\" data-csa-c-is-in-initial-active-row=\"false\" data-csa-c-id=\"6t8ho-xbknmj-nqaso5-ne24gd\">\n<div id=\"provenance-certifications\" class=\"a-section a-spacing-medium a-spacing-top-micro\"><\/div>\n<\/div>\n<h2>Resimlerle S\u00fctyen Beden Tablosu<\/h2>\n\t<div class=\"img has-hover x md-x lg-x y md-y lg-y\" id=\"image_1471812140\">\n\t\t\t\t\t\t\t\t<div class=\"img-inner dark\" >\n\t\t\t<img loading=\"lazy\" decoding=\"async\" width=\"1020\" height=\"976\" src=\"https:\/\/zaoyigarment.com\/wp-content\/uploads\/2024\/01\/bra-size-calculator-1024x980.webp\" class=\"attachment-large size-large\" alt=\"sutyen boyutu hesaplay\u0131c\u0131\" srcset=\"https:\/\/zaoyigarment.com\/wp-content\/uploads\/2024\/01\/bra-size-calculator-1024x980.webp 1024w, https:\/\/zaoyigarment.com\/wp-content\/uploads\/2024\/01\/bra-size-calculator-300x287.webp 300w, https:\/\/zaoyigarment.com\/wp-content\/uploads\/2024\/01\/bra-size-calculator-768x735.webp 768w, https:\/\/zaoyigarment.com\/wp-content\/uploads\/2024\/01\/bra-size-calculator-1536x1471.webp 1536w, https:\/\/zaoyigarment.com\/wp-content\/uploads\/2024\/01\/bra-size-calculator-600x575.webp 600w, https:\/\/zaoyigarment.com\/wp-content\/uploads\/2024\/01\/bra-size-calculator.webp 2000w\" sizes=\"auto, (max-width: 1020px) 100vw, 1020px\" \/>\t\t\t\t\t\t\n\t\t\t\t\t<\/div>\n\t\t\t\t\t\t\t\t\n<style>\n#image_1471812140 {\n  width: 100%;\n}\n<\/style>\n\t<\/div>","protected":false},"excerpt":{"rendered":"<p>\u00c7in&#039;de Zaoyi \u00d6zel Yap\u0131\u015fkan S\u00fctyen \u00dcreticisi ve Tedarik\u00e7isi<\/p>\n<p>\u2013 Adedi: 3000 adet<br \/>\n\u2013 OEM\/ODM hizmeti sunuldu<br \/>\n\u2013 \u00dccretsiz \u00f6rnek mevcut<br \/>\n\u2013 S\u00fctyen Geri D\u00f6n\u00fc\u015f\u00fcm\u00fc<br \/>\n\u2013 \u00d6zelle\u015ftirilmi\u015f sipari\u015f i\u00e7in 25-35 g\u00fcn haz\u0131r olma s\u00fcresi<br \/>\n\u2013 \u00d6zelle\u015ftirmeyi kabul edin (teknik \u00f6zellikler, renk, tasar\u0131m vb.)<\/p>\n<p>1)Gelinlik, s\u0131rt\u0131 a\u00e7\u0131k elbise, ti\u015f\u00f6rt vb. ile giymek i\u00e7in en iyi s\u00fctyen \u00e7\u00f6z\u00fcmleri<br \/>\n2)\u00d6zg\u00fcrl\u00fck i\u00e7in kesintisiz ve kablosuz tasar\u0131m<br \/>\n3) P\u00fcr\u00fczs\u00fcz ve t\u0131bbi kalitede malzeme<br \/>\n4) sutyen \u00fczerinde \u00f6zelle\u015ftirilmi\u015f kuma\u015f veya desen yapabilir<br \/>\n5) Canl\u0131 ten rengi<br \/>\n6)Kendin Yap \u00f6zelle\u015ftirme<\/p>\n<p>Yap\u0131\u015fkanl\u0131 s\u00fctyen fiyatlar\u0131 almak istiyorsan\u0131z l\u00fctfen bizimle ileti\u015fime ge\u00e7in.<\/p>","protected":false},"featured_media":2791,"comment_status":"open","ping_status":"closed","template":"","meta":[],"product_brand":[],"product_cat":[36],"product_tag":[],"class_list":{"0":"post-1393","1":"product","2":"type-product","3":"status-publish","4":"has-post-thumbnail","6":"product_cat-sticky-bra","8":"first","9":"instock","10":"shipping-taxable","11":"product-type-simple"},"_links":{"self":[{"href":"https:\/\/zaoyigarment.com\/tr\/wp-json\/wp\/v2\/product\/1393","targetHints":{"allow":["GET"]}}],"collection":[{"href":"https:\/\/zaoyigarment.com\/tr\/wp-json\/wp\/v2\/product"}],"about":[{"href":"https:\/\/zaoyigarment.com\/tr\/wp-json\/wp\/v2\/types\/product"}],"replies":[{"embeddable":true,"href":"https:\/\/zaoyigarment.com\/tr\/wp-json\/wp\/v2\/comments?post=1393"}],"wp:featuredmedia":[{"embeddable":true,"href":"https:\/\/zaoyigarment.com\/tr\/wp-json\/wp\/v2\/media\/2791"}],"wp:attachment":[{"href":"https:\/\/zaoyigarment.com\/tr\/wp-json\/wp\/v2\/media?parent=1393"}],"wp:term":[{"taxonomy":"product_brand","embeddable":true,"href":"https:\/\/zaoyigarment.com\/tr\/wp-json\/wp\/v2\/product_brand?post=1393"},{"taxonomy":"product_cat","embeddable":true,"href":"https:\/\/zaoyigarment.com\/tr\/wp-json\/wp\/v2\/product_cat?post=1393"},{"taxonomy":"product_tag","embeddable":true,"href":"https:\/\/zaoyigarment.com\/tr\/wp-json\/wp\/v2\/product_tag?post=1393"}],"curies":[{"name":"wp","href":"https:\/\/api.w.org\/{rel}","templated":true}]}}