 {"id":2736,"date":"2024-08-22T08:45:34","date_gmt":"2024-08-22T08:45:34","guid":{"rendered":"https:\/\/zaoyigarment.com\/?post_type=product&#038;p=2736"},"modified":"2026-04-07T04:40:58","modified_gmt":"2026-04-07T04:40:58","slug":"bra-buckle-extenders","status":"publish","type":"product","link":"https:\/\/zaoyigarment.com\/sk\/manufacturer\/bra-buckle-extenders\/","title":{"rendered":"Predl\u017eova\u010de pracky podprsenky Nastavite\u013en\u00e9 d\u00e1mske predl\u017eova\u010de podprsenky r\u00f4znych ve\u013ekost\u00ed"},"content":{"rendered":"<ul class=\"a-unordered-list a-vertical a-spacing-mini\">\n<li><span class=\"a-list-item\"><strong>\ud83c\udf6a MENO:<\/strong> <a href=\"https:\/\/zaoyigarment.com\/sk\/manufacturer\/bra-extender-womens-soft-comfortable-bra-extenders\/\">predl\u017eova\u010d podprsenky<\/a>, predl\u017eova\u010d pracky podprsenky, predl\u017eova\u010d d\u00e1mskej podprsenky<\/span><\/li>\n<li><span class=\"a-list-item\"><strong>\ud83c\udf6a TVARY:<\/strong> obd\u013a\u017enik<\/span><\/li>\n<li><span class=\"a-list-item\"><strong>\ud83c\udf6aFARBA PRODUKTU:<\/strong> nah\u00e1, biela, \u010dierna, kakaov\u00e1, latte, prisp\u00f4soben\u00e1.<\/span><\/li>\n<li><span class=\"a-list-item\">\ud83c\udf6a<strong>VE\u013dKOSTI:<\/strong> 35 cm, 45 cm, 55 cm at\u010f<\/span><\/li>\n<li><span class=\"a-list-item\">\ud83c\udf6a<strong>APLIK\u00c1CIA:<\/strong> predl\u017eova\u010d ramienok podprsenky.<\/span><\/li>\n<li><span class=\"a-color-base\"><span class=\"a-list-item\"><strong>\ud83c\udf6aTYP MATERI\u00c1LU: <\/strong>nylon<\/span><\/span><\/li>\n<li><span class=\"a-color-base\"><span class=\"a-list-item\"><strong>\ud83c\udf6aPOKYNY NA STAROSTLIVOS\u0164: <\/strong>opakovane pou\u017eite\u013en\u00e9<\/span><\/span><\/li>\n<\/ul>\n<h2><\/h2>\n<h2><\/h2>\n\t<div class=\"img has-hover x md-x lg-x y md-y lg-y\" id=\"image_1002846955\">\n\t\t\t\t\t\t\t\t<div class=\"img-inner dark\" >\n\t\t\t<img loading=\"lazy\" decoding=\"async\" width=\"1000\" height=\"1000\" src=\"https:\/\/zaoyigarment.com\/wp-content\/uploads\/2024\/08\/bra-extension-buckle.webp\" class=\"attachment-large size-large\" alt=\"predl\u017eovacia pracka podprsenky\" srcset=\"https:\/\/zaoyigarment.com\/wp-content\/uploads\/2024\/08\/bra-extension-buckle.webp 1000w, https:\/\/zaoyigarment.com\/wp-content\/uploads\/2024\/08\/bra-extension-buckle-300x300.webp 300w, https:\/\/zaoyigarment.com\/wp-content\/uploads\/2024\/08\/bra-extension-buckle-150x150.webp 150w, https:\/\/zaoyigarment.com\/wp-content\/uploads\/2024\/08\/bra-extension-buckle-768x768.webp 768w, https:\/\/zaoyigarment.com\/wp-content\/uploads\/2024\/08\/bra-extension-buckle-12x12.webp 12w, https:\/\/zaoyigarment.com\/wp-content\/uploads\/2024\/08\/bra-extension-buckle-600x600.webp 600w, https:\/\/zaoyigarment.com\/wp-content\/uploads\/2024\/08\/bra-extension-buckle-100x100.webp 100w\" sizes=\"auto, (max-width: 1000px) 100vw, 1000px\" \/>\t\t\t\t\t\t\n\t\t\t\t\t<\/div>\n\t\t\t\t\t\t\t\t\n<style>\n#image_1002846955 {\n  width: 100%;\n}\n<\/style>\n\t<\/div>","protected":false},"excerpt":{"rendered":"<p>V\u00fdrobca a dod\u00e1vate\u013e Zaoyi Custom Brackle Extenders v \u010c\u00edne<\/p>\n<p>- MOQ: 3000 ks<br \/>\n\u2013 Pon\u00fakan\u00e1 slu\u017eba OEM\/ODM<br \/>\n- K dispoz\u00edcii bezplatn\u00e1 vzorka<br \/>\n\u2013 Recykl\u00e1cia podprseniek<br \/>\n- 25-35 dn\u00ed pripraven\u00fd na prisp\u00f4soben\u00fa objedn\u00e1vku<br \/>\n- Prijmite prisp\u00f4sobenie (\u0161pecifik\u00e1cie, farba, dizajn at\u010f.)<\/p>\n<p>1) Najlep\u0161ie rie\u0161enia podprsenky pre vo\u013en\u00e9 ramienka<br \/>\n2) K dispoz\u00edcii s\u00fa prisp\u00f4soben\u00e9 ve\u013ekosti<br \/>\n3) Pohodln\u00fd nylonov\u00fd materi\u00e1l<br \/>\n4) M\u00f4\u017ee robi\u0165 prisp\u00f4soben\u00e9 tkaniny alebo vzory<br \/>\n5) \u017diariv\u00e1 farba, proti vyblednutiu<br \/>\n6) DIY prisp\u00f4sobenie<\/p>\n<p>Ak chcete z\u00edska\u0165 ceny predl\u017eova\u010dov pracky podprsenky, kontaktujte n\u00e1s.<\/p>","protected":false},"featured_media":2737,"comment_status":"open","ping_status":"closed","template":"","meta":[],"product_brand":[],"product_cat":[53],"product_tag":[],"class_list":{"0":"post-2736","1":"product","2":"type-product","3":"status-publish","4":"has-post-thumbnail","6":"product_cat-bra-accessories","8":"first","9":"instock","10":"shipping-taxable","11":"product-type-simple"},"_links":{"self":[{"href":"https:\/\/zaoyigarment.com\/sk\/wp-json\/wp\/v2\/product\/2736","targetHints":{"allow":["GET"]}}],"collection":[{"href":"https:\/\/zaoyigarment.com\/sk\/wp-json\/wp\/v2\/product"}],"about":[{"href":"https:\/\/zaoyigarment.com\/sk\/wp-json\/wp\/v2\/types\/product"}],"replies":[{"embeddable":true,"href":"https:\/\/zaoyigarment.com\/sk\/wp-json\/wp\/v2\/comments?post=2736"}],"wp:featuredmedia":[{"embeddable":true,"href":"https:\/\/zaoyigarment.com\/sk\/wp-json\/wp\/v2\/media\/2737"}],"wp:attachment":[{"href":"https:\/\/zaoyigarment.com\/sk\/wp-json\/wp\/v2\/media?parent=2736"}],"wp:term":[{"taxonomy":"product_brand","embeddable":true,"href":"https:\/\/zaoyigarment.com\/sk\/wp-json\/wp\/v2\/product_brand?post=2736"},{"taxonomy":"product_cat","embeddable":true,"href":"https:\/\/zaoyigarment.com\/sk\/wp-json\/wp\/v2\/product_cat?post=2736"},{"taxonomy":"product_tag","embeddable":true,"href":"https:\/\/zaoyigarment.com\/sk\/wp-json\/wp\/v2\/product_tag?post=2736"}],"curies":[{"name":"wp","href":"https:\/\/api.w.org\/{rel}","templated":true}]}}