 {"id":2544,"date":"2024-04-23T09:16:51","date_gmt":"2024-04-23T09:16:51","guid":{"rendered":"https:\/\/zaoyigarment.com\/?post_type=product&#038;p=2544"},"modified":"2025-09-23T00:34:01","modified_gmt":"2025-09-23T00:34:01","slug":"silicone-bra-inserts","status":"publish","type":"product","link":"https:\/\/zaoyigarment.com\/sk\/manufacturer\/silicone-bra-inserts\/","title":{"rendered":"Silik\u00f3nov\u00e9 vlo\u017eky do podprsenky Prieh\u013eadn\u00e9 silik\u00f3nov\u00e9 prsn\u00e9 vlo\u017eky Push Up prsn\u00e9 vlo\u017eky"},"content":{"rendered":"<div id=\"text-1261946191\" class=\"text\">\n\t\t\n<div class=\"_1-Caexem\" tabindex=\"0\" role=\"button\" aria-label=\"1TP4Jednoduch\u00e9 pou\u017eitie: Predl\u017eova\u010d podprsenky jednoducho pripevnite na h\u00e1\u010diky na podprsenku a okam\u017eite ho pred\u013a\u017eite.\">\n<ul>\n<li class=\"_1-Caexem\" tabindex=\"0\" role=\"button\" aria-label=\"$Convenient Bra Extenders: Sada 3 predl\u017eova\u010dov podprsenky s elastick\u00fdm materi\u00e1lom, ktor\u00e9 u\u013eah\u010duj\u00fa nastavenie ve\u013ekosti p\u00e1sika podprsenky pre pohodln\u00e9 nosenie.\"><strong>Pohodln\u00e9 vlo\u017eky do podprsenky:<\/strong> Z\u00edskajte kr\u00e1sny dekolt s prirodzene vyzeraj\u00facim dekoltom a za\u017eite n\u00e1dhern\u00fd push-up efekt.<\/li>\n<li class=\"_1-Caexem\" tabindex=\"0\" role=\"button\" aria-label=\"$Convenient Bra Extenders: Sada 3 predl\u017eova\u010dov podprsenky s elastick\u00fdm materi\u00e1lom, ktor\u00e9 u\u013eah\u010duj\u00fa nastavenie ve\u013ekosti p\u00e1sika podprsenky pre pohodln\u00e9 nosenie.\"><strong>Ide\u00e1lne pre vzh\u013ead bez podprsenky:<\/strong><span class=\"a-list-item a-size-base a-color-base\">Vylep\u0161ite podprsenky a plavky s t\u00fdmito pohodln\u00fdmi silik\u00f3nov\u00fdmi vypch\u00e1vkami.<\/span><\/li>\n<li class=\"_1-Caexem\" tabindex=\"0\" role=\"button\" aria-label=\"$Convenient Bra Extenders: Sada 3 predl\u017eova\u010dov podprsenky s elastick\u00fdm materi\u00e1lom, ktor\u00e9 u\u013eah\u010duj\u00fa nastavenie ve\u013ekosti p\u00e1sika podprsenky pre pohodln\u00e9 nosenie.\"><strong>Pohodln\u00e9 a m\u00e4kk\u00e9:<\/strong> Tieto vlo\u017eky do podprsenky s\u00fa vyroben\u00e9 z m\u00e4kk\u00fdch a pohodln\u00fdch materi\u00e1lov a nedr\u00e1\u017edia va\u0161u poko\u017eku ani nesp\u00f4sobuj\u00fa nepohodlie.<\/li>\n<li><strong>Jednoduch\u00e9 pou\u017eitie:<\/strong> Vlo\u017ei\u0165 do ko\u0161\u00ed\u010dkov podprsenky alebo zastr\u010di\u0165 do vrecka vlo\u017eky podprsenky. D\u00e1 sa tie\u017e pripn\u00fa\u0165 na podprsenku alebo plavky pre bezpe\u010dnos\u0165 (napr\u00edklad pri pl\u00e1van\u00ed).<\/li>\n<li>\n<div class=\"a-fixed-left-grid-col a-col-left\"><strong><span class=\"a-color-base\">Pokyny na starostlivos\u0165:<\/span><\/strong><span style=\"font-size: 14.4px;\">Ru\u010dn\u00e9 pranie ponoren\u00edm do um\u00fdvadla\/vane so studenou teplou vodou a nieko\u013ek\u00fdmi kvapkami pracieho prostriedku. Jemne vytla\u010dte mydlov\u00fa vodu. D\u00f4kladne opl\u00e1chnite. Polo\u017ete naplocho a vysu\u0161te.<\/span><\/div>\n<\/li>\n<\/ul>\n<h2><span id=\"types-of-bra-inserts\" class=\"mj-toc-section\">Typy vlo\u017eiek do podprsenky<\/span><\/h2>\n<p>Tu je k dispoz\u00edcii nieko\u013eko typov vlo\u017eiek do podprsenky.<\/p>\n<ul>\n<li>Zv\u00fdraz\u0148ova\u010de poprsia<\/li>\n<li>Push-up vlo\u017eky<\/li>\n<li>Vodotesn\u00e9 podlo\u017eky<\/li>\n<li>Vlo\u017eky po mastekt\u00f3mii<\/li>\n<li>Tvarova\u010de<\/li>\n<li>Penov\u00e9 podlo\u017eky s formi\u010dkou na bradavky<\/li>\n<\/ul>\n<h2><\/h2>\n<\/div>\n\t\t\n<style>\n#text-1261946191 {\n  line-height: 1.7;\n}\n<\/style>\n\t<\/div>","protected":false},"excerpt":{"rendered":"<p>V\u00fdrobca a dod\u00e1vate\u013e vlo\u017eiek do podprsenky Zaoyi na mieru v \u010c\u00edne<\/p>\n<p>- MOQ: 3000 ks<br \/>\n\u2013 Pon\u00fakan\u00e1 slu\u017eba OEM\/ODM<br \/>\n- K dispoz\u00edcii bezplatn\u00e1 vzorka<br \/>\n\u2013 Recykl\u00e1cia podprseniek<br \/>\n- 20-30 dn\u00ed pripraven\u00fd na prisp\u00f4soben\u00fa objedn\u00e1vku<br \/>\n- Prijmite prisp\u00f4sobenie (\u0161pecifik\u00e1cie, farba, dizajn at\u010f.)<\/p>\n<p>1) Vzh\u013ead bez podprsenky: Dosiahnite vzh\u013ead bez podprsenky bez toho, aby ste obetovali pohodlie a podporu.<br \/>\n2) Nastavite\u013en\u00e9: \u013dahko upravte v\u00fd\u0161ku podprsenky tak, aby zodpovedala tvaru tela a dosiahlo dokonal\u00e9 prisp\u00f4sobenie.<br \/>\n3) Pohodln\u00e9: Vyroben\u00e9 z m\u00e4kk\u00e9ho a prirodzen\u00e9ho materi\u00e1lu, ktor\u00fd poskytuje extra pohodlie a podporu va\u0161ej podprsenke.<\/p>\n<p>Ak chcete z\u00edska\u0165 ceny vlo\u017eiek do podprsenky, kontaktujte n\u00e1s.<\/p>","protected":false},"featured_media":2881,"comment_status":"open","ping_status":"closed","template":"","meta":[],"product_brand":[],"product_cat":[42],"product_tag":[],"class_list":{"0":"post-2544","1":"product","2":"type-product","3":"status-publish","4":"has-post-thumbnail","6":"product_cat-bra-inserts","8":"first","9":"instock","10":"shipping-taxable","11":"product-type-simple"},"_links":{"self":[{"href":"https:\/\/zaoyigarment.com\/sk\/wp-json\/wp\/v2\/product\/2544","targetHints":{"allow":["GET"]}}],"collection":[{"href":"https:\/\/zaoyigarment.com\/sk\/wp-json\/wp\/v2\/product"}],"about":[{"href":"https:\/\/zaoyigarment.com\/sk\/wp-json\/wp\/v2\/types\/product"}],"replies":[{"embeddable":true,"href":"https:\/\/zaoyigarment.com\/sk\/wp-json\/wp\/v2\/comments?post=2544"}],"wp:featuredmedia":[{"embeddable":true,"href":"https:\/\/zaoyigarment.com\/sk\/wp-json\/wp\/v2\/media\/2881"}],"wp:attachment":[{"href":"https:\/\/zaoyigarment.com\/sk\/wp-json\/wp\/v2\/media?parent=2544"}],"wp:term":[{"taxonomy":"product_brand","embeddable":true,"href":"https:\/\/zaoyigarment.com\/sk\/wp-json\/wp\/v2\/product_brand?post=2544"},{"taxonomy":"product_cat","embeddable":true,"href":"https:\/\/zaoyigarment.com\/sk\/wp-json\/wp\/v2\/product_cat?post=2544"},{"taxonomy":"product_tag","embeddable":true,"href":"https:\/\/zaoyigarment.com\/sk\/wp-json\/wp\/v2\/product_tag?post=2544"}],"curies":[{"name":"wp","href":"https:\/\/api.w.org\/{rel}","templated":true}]}}