 {"id":2303,"date":"2024-02-26T08:48:58","date_gmt":"2024-02-26T08:48:58","guid":{"rendered":"https:\/\/zaoyigarment.com\/?post_type=product&#038;p=2303"},"modified":"2025-08-26T09:53:53","modified_gmt":"2025-08-26T09:53:53","slug":"butterfly-nipple-cover-sticky-bra-adhesive-bra-breast-covers-sexy-outfit","status":"publish","type":"product","link":"https:\/\/zaoyigarment.com\/sk\/manufacturer\/butterfly-nipple-cover-sticky-bra-adhesive-bra-breast-covers-sexy-outfit\/","title":{"rendered":"N\u00e1vleky na bradavky Butterfly Pri\u013enav\u00e9 n\u00e1vleky na prsia na podprsenku pre sexy outfit"},"content":{"rendered":"<ul class=\"a-unordered-list a-vertical a-spacing-mini\">\n<li><span class=\"a-list-item\"><strong>\ud83c\udf6a MENO:<\/strong> kryty bradaviek, okvetn\u00e9 l\u00edstky hrudn\u00edka<\/span><\/li>\n<li><span class=\"a-list-item\"><strong>\ud83c\udf6a TVARY:<\/strong> <a href=\"https:\/\/zaoyigarment.com\/sk\/manufacturer\/sexy-bra-breast-boob-covers-colorful-fun-nipple-covers\/\">ak\u00fdko\u013evek tvar<\/a><\/span><\/li>\n<li><span class=\"a-list-item\"><strong>\ud83c\udf6aBEZDR\u00d4TOV\u00c9:<\/strong> \u00c1no<\/span><\/li>\n<li><span class=\"a-list-item\"><strong>\ud83c\udf6aFARBA PRODUKTU:<\/strong> modr\u00e1, \u010dierna, hned\u00e1, prisp\u00f4soben\u00e1.<\/span><\/li>\n<li><span class=\"a-list-item\">\ud83c\udf6a<strong>VE\u013dKOSTI:<\/strong> prisp\u00f4soben\u00e9<\/span><\/li>\n<li><span class=\"a-list-item\">\ud83c\udf6a<strong>APLIK\u00c1CIA:<\/strong> sexi outfit, p\u00e1rty, banket, le\u017e\u00e9rne at\u010f.<\/span><\/li>\n<li><span class=\"a-color-base\"><span class=\"a-list-item\"><strong>\ud83c\udf6aTYP MATERI\u00c1LU: <\/strong>pup+dom\u00e1ce zvieratko<\/span><\/span><\/li>\n<li><span class=\"a-color-base\"><span class=\"a-list-item\"><strong>\ud83c\udf6aPOKYNY NA STAROSTLIVOS\u0164: <\/strong>jednorazov\u00e9<\/span><\/span><\/li>\n<li><strong><span class=\"a-color-base\"><span class=\"a-list-item\">\ud83c\udf6a<\/span><\/span>D\u00d4LE\u017dIT\u00c9 TIPY:<\/strong><br \/>\nNevhodn\u00e9, ak m\u00e1te ko\u017en\u00e9 probl\u00e9my, alebo ke\u010f je va\u0161a poko\u017eka poranen\u00e1, infikovan\u00e1 alebo sp\u00e1len\u00e1 od slnka.<br \/>\nPros\u00edm, nepou\u017e\u00edvajte tento produkt, ak ste tehotn\u00e1 alebo doj\u010d\u00edte, ak ste alergick\u00fd na silikag\u00e9l, alebo ak ste ned\u00e1vno podst\u00fapili zv\u00e4\u010d\u0161enie alebo zmen\u0161enie prsn\u00edkov.<br \/>\nAk sa po\u010das pou\u017e\u00edvania tohto produktu vyskytn\u00fa ak\u00e9ko\u013evek ko\u017en\u00e9 abnormality, okam\u017eite presta\u0148te pou\u017e\u00edva\u0165 a ihne\u010f sa pora\u010fte so svoj\u00edm dermatol\u00f3gom alebo ko\u017en\u00fdm \u0161pecialistom.<\/li>\n<\/ul>\n<h2><\/h2>\n<h2>Tabu\u013eka ve\u013ekost\u00ed podprsenky s obr\u00e1zkami<\/h2>\n\t<div class=\"img has-hover x md-x lg-x y md-y lg-y\" id=\"image_260219898\">\n\t\t\t\t\t\t\t\t<div class=\"img-inner dark\" >\n\t\t\t<img loading=\"lazy\" decoding=\"async\" width=\"1020\" height=\"976\" src=\"https:\/\/zaoyigarment.com\/wp-content\/uploads\/2024\/01\/bra-size-calculator-1024x980.webp\" class=\"attachment-large size-large\" alt=\"kalkula\u010dka ve\u013ekosti podprsenky\" srcset=\"https:\/\/zaoyigarment.com\/wp-content\/uploads\/2024\/01\/bra-size-calculator-1024x980.webp 1024w, https:\/\/zaoyigarment.com\/wp-content\/uploads\/2024\/01\/bra-size-calculator-300x287.webp 300w, https:\/\/zaoyigarment.com\/wp-content\/uploads\/2024\/01\/bra-size-calculator-768x735.webp 768w, https:\/\/zaoyigarment.com\/wp-content\/uploads\/2024\/01\/bra-size-calculator-1536x1471.webp 1536w, https:\/\/zaoyigarment.com\/wp-content\/uploads\/2024\/01\/bra-size-calculator-600x575.webp 600w, https:\/\/zaoyigarment.com\/wp-content\/uploads\/2024\/01\/bra-size-calculator.webp 2000w\" sizes=\"auto, (max-width: 1020px) 100vw, 1020px\" \/>\t\t\t\t\t\t\n\t\t\t\t\t<\/div>\n\t\t\t\t\t\t\t\t\n<style>\n#image_260219898 {\n  width: 100%;\n}\n<\/style>\n\t<\/div>","protected":false},"excerpt":{"rendered":"<p>V\u00fdrobca a dod\u00e1vate\u013e krytov na bradavky Zaoyi v \u010c\u00edne<\/p>\n<p>- MOQ: 3000 ks<br \/>\n\u2013 Pon\u00fakan\u00e1 slu\u017eba OEM\/ODM<br \/>\n- K dispoz\u00edcii bezplatn\u00e1 vzorka<br \/>\n\u2013 Recykl\u00e1cia podprseniek<br \/>\n- 25-35 dn\u00ed pripraven\u00fd na prisp\u00f4soben\u00fa objedn\u00e1vku<br \/>\n- Prijmite prisp\u00f4sobenie (\u0161pecifik\u00e1cie, farba, dizajn at\u010f.)<\/p>\n<p>1) Najlep\u0161ie rie\u0161enia podprsenky na nosenie so sexi oble\u010den\u00edm, \u0161atami s chrbtom, svadobn\u00fdmi \u0161atami, tri\u010dkami at\u010f<br \/>\n2) Bez\u0161vov\u00fd a podporn\u00fd dizajn pre pohodlie<br \/>\n3) Hladk\u00fd a lek\u00e1rsky g\u00e9l<br \/>\n4) M\u00f4\u017ee urobi\u0165 prisp\u00f4soben\u00fa l\u00e1tku alebo vzor na kryte bradavky<br \/>\n5) \u017diariv\u00e1 farba, proti vyblednutiu<br \/>\n6) DIY prisp\u00f4sobenie<\/p>\n<p>Ak chcete z\u00edska\u0165 ceny krytov bradaviek, kontaktujte n\u00e1s.<\/p>","protected":false},"featured_media":2871,"comment_status":"open","ping_status":"closed","template":"","meta":[],"product_brand":[],"product_cat":[52],"product_tag":[],"class_list":{"0":"post-2303","1":"product","2":"type-product","3":"status-publish","4":"has-post-thumbnail","6":"product_cat-nipple-cover","8":"first","9":"instock","10":"shipping-taxable","11":"product-type-simple"},"_links":{"self":[{"href":"https:\/\/zaoyigarment.com\/sk\/wp-json\/wp\/v2\/product\/2303","targetHints":{"allow":["GET"]}}],"collection":[{"href":"https:\/\/zaoyigarment.com\/sk\/wp-json\/wp\/v2\/product"}],"about":[{"href":"https:\/\/zaoyigarment.com\/sk\/wp-json\/wp\/v2\/types\/product"}],"replies":[{"embeddable":true,"href":"https:\/\/zaoyigarment.com\/sk\/wp-json\/wp\/v2\/comments?post=2303"}],"wp:featuredmedia":[{"embeddable":true,"href":"https:\/\/zaoyigarment.com\/sk\/wp-json\/wp\/v2\/media\/2871"}],"wp:attachment":[{"href":"https:\/\/zaoyigarment.com\/sk\/wp-json\/wp\/v2\/media?parent=2303"}],"wp:term":[{"taxonomy":"product_brand","embeddable":true,"href":"https:\/\/zaoyigarment.com\/sk\/wp-json\/wp\/v2\/product_brand?post=2303"},{"taxonomy":"product_cat","embeddable":true,"href":"https:\/\/zaoyigarment.com\/sk\/wp-json\/wp\/v2\/product_cat?post=2303"},{"taxonomy":"product_tag","embeddable":true,"href":"https:\/\/zaoyigarment.com\/sk\/wp-json\/wp\/v2\/product_tag?post=2303"}],"curies":[{"name":"wp","href":"https:\/\/api.w.org\/{rel}","templated":true}]}}