 {"id":2243,"date":"2024-02-20T07:25:58","date_gmt":"2024-02-20T07:25:58","guid":{"rendered":"https:\/\/zaoyigarment.com\/?post_type=product&#038;p=2243"},"modified":"2025-12-09T19:59:57","modified_gmt":"2025-12-09T19:59:57","slug":"woman-deep-u-plunge-bra-convertible-push-up-bra","status":"publish","type":"product","link":"https:\/\/zaoyigarment.com\/sk\/manufacturer\/woman-deep-u-plunge-bra-convertible-push-up-bra\/","title":{"rendered":"D\u00e1mska podprsenka Deep U Plunge Bra Convertible Push Up Bra"},"content":{"rendered":"<p><span class=\"a-list-item\"><strong>MNO\u017dSTVO:<\/strong> 3000 ks pre prisp\u00f4soben\u00e9 balenie a hromadn\u00fa objedn\u00e1vku<\/span><\/p>\n<ul class=\"a-unordered-list a-vertical a-spacing-mini\">\n<li><span class=\"a-list-item\"><strong>MATERI\u00c1L:<\/strong> 80% nylon, 20% spandex<\/span><\/li>\n<li><span class=\"a-list-item\"><strong>V\u00ddHODY:<\/strong> Environment\u00e1lny a bezpe\u010dnostn\u00fd g\u00e9l, priedu\u0161n\u00fd, bunkov\u00fd, konvexn\u00fd, bezpe\u010dnostn\u00fd<\/span><\/li>\n<li><span class=\"a-list-item\"><strong>DIZAJN:<\/strong> R\u00f4zne mo\u017enosti dizajnu alebo je mo\u017en\u00e9 prisp\u00f4sobi\u0165<\/span><\/li>\n<li><span class=\"a-list-item\"><strong>ROZMERY:<\/strong> A\/B\/C\/D\/E\/F\/H, prisp\u00f4soben\u00e9<\/span><\/li>\n<li><span class=\"a-list-item a-size-base a-color-base\"><strong>SILN\u00c1 PODPORA A NASTAVITE\u013dN\u00c1 \u0164AHA:<\/strong> Mal\u00e9 sa hodia pre A Cup. Na\u0161e d\u00e1mske podprsenky bez ramienok s n\u00e1dhern\u00fdm hlbok\u00fdm ponorn\u00fdm dizajnom s\u00fa odborne vyroben\u00e9 tak, aby zv\u00fdraznili va\u0161u hru\u010f a vytvorili dokonal\u00fd dekolt. Odborne zhrnie va\u0161e prsia, v\u00fdsledkom \u010doho je zvodn\u00fd a o\u010daruj\u00faci tvar. A \u010di u\u017e zdob\u00edte \u0161aty bez ramienok alebo sa sna\u017e\u00edte vylep\u0161i\u0165 p\u00f4vab krivky svojich p\u0155s, na\u0161a podprsenka bez chrbta je tou najlep\u0161ou vo\u013ebou.<\/span><\/li>\n<li><span class=\"a-list-item a-size-base a-color-base\"><strong>PRIEDU\u0160N\u00c9 L\u00c1TKY A GUMOV\u00c9 LEPIDLO \u0160ETRN\u00c9 K POKO\u017dI:<\/strong>Materi\u00e1l je vyroben\u00fd z pr\u00edrodnej netkanej text\u00edlie + lek\u00e1rskeho silik\u00f3nu. Pr\u00edrodn\u00e9 lepidlo na \u017euva\u010dky je pokryt\u00e9 vzduchov\u00fdmi otvormi, ktor\u00e9 zachov\u00e1vaj\u00fa vynikaj\u00facu priepustnos\u0165 vzduchu po\u010das pou\u017e\u00edvania.<\/span><\/li>\n<li><span class=\"a-list-item a-size-base a-color-base\"><strong>VYNIKAJ\u00daCI DIZAJN KR\u00cdDLA:<\/strong> M\u00e1 nevidite\u013en\u00e9 kr\u00eddelk\u00e1 na oboch stran\u00e1ch, ktor\u00e9 pon\u00fakaj\u00fa optim\u00e1lnu podporu prsn\u00edkov a umo\u017e\u0148uj\u00fa v\u00e1m prisp\u00f4sobi\u0165 tesnos\u0165 pod\u013ea va\u0161ich predst\u00e1v. S na\u0161ou spolo\u010denskou podprsenkou bez ramienok m\u00f4\u017eete sebavedome chv\u00e1li\u0165 svoj podmaniv\u00fd dekolt. Ke\u010f si obliekate \u0161aty s chrbtom, na\u0161a nevidite\u013en\u00e1 podprsenka zost\u00e1va bezpe\u010dne na svojom mieste a poskytuje v\u00e1m dvojit\u00fa ochranu bez ak\u00e9hoko\u013evek n\u00e1znaku hanby. Lepiace kr\u00eddelk\u00e1 u\u013eah\u010duj\u00fa nosenie a vyberanie bez n\u00e1mahy a zais\u0165uj\u00fa bezprobl\u00e9mov\u00fd z\u00e1\u017eitok.<\/span><\/li>\n<li><span class=\"a-list-item a-size-base a-color-base\"><strong>PRI MNOH\u00ddCH PR\u00cdLE\u017dITOSTIACH:<\/strong> Podprsenka bez ramienok pre ak\u00fdko\u013evek sexi \u0161t\u00fdl, ohl\u00e1vkov\u00e9 topy s chrbtom, hlbok\u00e9 kost\u00fdmy s v\u00fdstrihom do V, ve\u010dern\u00e9 \u0161aty bez ramienok, svadobn\u00e9 \u0161aty, \u0161aty s n\u00edzkym strihom, koktejlov\u00e9 \u0161aty, spolo\u010densk\u00e9 \u0161aty at\u010f. Nev\u00e1hajte a uk\u00e1\u017ete svoj \u017eensk\u00fd \u0161arm.<\/span><\/li>\n<li><span class=\"a-list-item a-size-base a-color-base\">\u2764<strong>Um\u00fdvate\u013en\u00e9 a op\u00e4tovne pou\u017eite\u013en\u00e9:<\/strong> T\u00e1to podprsenka bez ramienok sa d\u00e1 pou\u017ei\u0165 mnohokr\u00e1t, v s\u00falade so s\u00fa\u010dasnou t\u00e9mou ochrany \u017eivotn\u00e9ho prostredia. Umyte t\u00fato lepkav\u00fa podprsenku \u0161amp\u00f3nom a vodou, udr\u017ete ju v suchu prirodzene, a pri\u013enav\u00e9 g\u00e9ly si zachov\u00e1te aj pri \u010fal\u0161om pou\u017eit\u00ed.<\/span><\/li>\n<li>\n<figure id=\"attachment_2251\" aria-describedby=\"caption-attachment-2251\" style=\"width: 225px\" class=\"wp-caption alignleft\"><img loading=\"lazy\" decoding=\"async\" class=\"size-medium wp-image-2251\" src=\"https:\/\/zaoyigarment.com\/wp-content\/uploads\/2024\/02\/plunge-bra-225x300.webp\" alt=\"ponorn\u00e1 podprsenka\" width=\"225\" height=\"300\" srcset=\"https:\/\/zaoyigarment.com\/wp-content\/uploads\/2024\/02\/plunge-bra-225x300.webp 225w, https:\/\/zaoyigarment.com\/wp-content\/uploads\/2024\/02\/plunge-bra-600x800.webp 600w, https:\/\/zaoyigarment.com\/wp-content\/uploads\/2024\/02\/plunge-bra.webp 750w\" sizes=\"auto, (max-width: 225px) 100vw, 225px\" \/><figcaption id=\"caption-attachment-2251\" class=\"wp-caption-text\">ponorn\u00e1 podprsenka<\/figcaption><\/figure><\/li>\n<\/ul>\n<h2>Tabu\u013eka ve\u013ekost\u00ed podprsenky s obr\u00e1zkami<\/h2>\n\t<div class=\"img has-hover x md-x lg-x y md-y lg-y\" id=\"image_1744846681\">\n\t\t\t\t\t\t\t\t<div class=\"img-inner dark\" >\n\t\t\t<img loading=\"lazy\" decoding=\"async\" width=\"1020\" height=\"976\" src=\"https:\/\/zaoyigarment.com\/wp-content\/uploads\/2024\/01\/bra-size-calculator-1024x980.webp\" class=\"attachment-large size-large\" alt=\"kalkula\u010dka ve\u013ekosti podprsenky\" srcset=\"https:\/\/zaoyigarment.com\/wp-content\/uploads\/2024\/01\/bra-size-calculator-1024x980.webp 1024w, https:\/\/zaoyigarment.com\/wp-content\/uploads\/2024\/01\/bra-size-calculator-300x287.webp 300w, https:\/\/zaoyigarment.com\/wp-content\/uploads\/2024\/01\/bra-size-calculator-768x735.webp 768w, https:\/\/zaoyigarment.com\/wp-content\/uploads\/2024\/01\/bra-size-calculator-1536x1471.webp 1536w, https:\/\/zaoyigarment.com\/wp-content\/uploads\/2024\/01\/bra-size-calculator-600x575.webp 600w, https:\/\/zaoyigarment.com\/wp-content\/uploads\/2024\/01\/bra-size-calculator.webp 2000w\" sizes=\"auto, (max-width: 1020px) 100vw, 1020px\" \/>\t\t\t\t\t\t\n\t\t\t\t\t<\/div>\n\t\t\t\t\t\t\t\t\n<style>\n#image_1744846681 {\n  width: 100%;\n}\n<\/style>\n\t<\/div>","protected":false},"excerpt":{"rendered":"<p>V\u00fdrobca a dod\u00e1vate\u013e podprsenky Zaoyi Custom U Push Up v \u010c\u00edne<\/p>\n<p>- MOQ: 3000 ks<br \/>\n\u2013 Pon\u00fakan\u00e1 slu\u017eba OEM\/ODM<br \/>\n- K dispoz\u00edcii bezplatn\u00e1 vzorka<br \/>\n\u2013 Recykl\u00e1cia podprseniek<br \/>\n- 25-35 dn\u00ed pripraven\u00fd na prisp\u00f4soben\u00fa objedn\u00e1vku<br \/>\n- Prijmite prisp\u00f4sobenie (\u0161pecifik\u00e1cie, farba, dizajn at\u010f.)<\/p>\n<p>1) Najlep\u0161ie rie\u0161enia podprsenky na nosenie so \u0161atami bez chrbta, svadobn\u00fdmi \u0161atami, tri\u010dkami at\u010f<br \/>\n2) Bez\u0161vov\u00fd a bezdr\u00f4tov\u00fd dizajn pre slobodu<br \/>\n3) Hladk\u00e1 a jemn\u00e1 nylonov\u00e1 tkanina<br \/>\n4) M\u00f4\u017ee na \u0148om urobi\u0165 prisp\u00f4soben\u00fa l\u00e1tku alebo vzor<br \/>\n5) \u017diariv\u00e1 farba, proti vyblednutiu<br \/>\n6) DIY prisp\u00f4sobenie<\/p>\n<p>Ak chcete z\u00edska\u0165 ceny podprseniek push up, kontaktujte n\u00e1s.<\/p>","protected":false},"featured_media":2853,"comment_status":"open","ping_status":"closed","template":"","meta":[],"product_brand":[],"product_cat":[37],"product_tag":[],"class_list":{"0":"post-2243","1":"product","2":"type-product","3":"status-publish","4":"has-post-thumbnail","6":"product_cat-backless-bra","8":"first","9":"instock","10":"shipping-taxable","11":"product-type-simple"},"_links":{"self":[{"href":"https:\/\/zaoyigarment.com\/sk\/wp-json\/wp\/v2\/product\/2243","targetHints":{"allow":["GET"]}}],"collection":[{"href":"https:\/\/zaoyigarment.com\/sk\/wp-json\/wp\/v2\/product"}],"about":[{"href":"https:\/\/zaoyigarment.com\/sk\/wp-json\/wp\/v2\/types\/product"}],"replies":[{"embeddable":true,"href":"https:\/\/zaoyigarment.com\/sk\/wp-json\/wp\/v2\/comments?post=2243"}],"wp:featuredmedia":[{"embeddable":true,"href":"https:\/\/zaoyigarment.com\/sk\/wp-json\/wp\/v2\/media\/2853"}],"wp:attachment":[{"href":"https:\/\/zaoyigarment.com\/sk\/wp-json\/wp\/v2\/media?parent=2243"}],"wp:term":[{"taxonomy":"product_brand","embeddable":true,"href":"https:\/\/zaoyigarment.com\/sk\/wp-json\/wp\/v2\/product_brand?post=2243"},{"taxonomy":"product_cat","embeddable":true,"href":"https:\/\/zaoyigarment.com\/sk\/wp-json\/wp\/v2\/product_cat?post=2243"},{"taxonomy":"product_tag","embeddable":true,"href":"https:\/\/zaoyigarment.com\/sk\/wp-json\/wp\/v2\/product_tag?post=2243"}],"curies":[{"name":"wp","href":"https:\/\/api.w.org\/{rel}","templated":true}]}}