 {"id":1968,"date":"2023-12-29T08:09:23","date_gmt":"2023-12-29T08:09:23","guid":{"rendered":"https:\/\/zaoyigarment.com\/?post_type=product&#038;p=1968"},"modified":"2026-03-19T17:50:20","modified_gmt":"2026-03-19T17:50:20","slug":"clear-strap-clear-strap-bra-metal-bra-strap","status":"publish","type":"product","link":"https:\/\/zaoyigarment.com\/sk\/manufacturer\/clear-strap-clear-strap-bra-metal-bra-strap\/","title":{"rendered":"Prieh\u013eadn\u00fd p\u00e1sik na podprsenku s \u010d\u00edrym p\u00e1sikom Kovov\u00fd p\u00e1sik na podprsenku Ozdobn\u00fd p\u00e1sik na podprsenku"},"content":{"rendered":"<ul>\n<li><span class=\"a-list-item a-size-base a-color-base\"><strong>Hrub\u00e9 a tvrd\u00e9:<\/strong> Na\u0161e \u010d\u00edre ramienka podprsenky s\u00fa vyroben\u00e9 z vysoko kvalitn\u00e9ho TPU materi\u00e1lu, v\u010faka \u010domu s\u00fa pevn\u00e9, nedaj\u00fa sa \u013eahko pos\u00fava\u0165 a dok\u00e1\u017eu vydr\u017ea\u0165 tlak v\u00e4\u010d\u0161ieho poprsia bez toho, aby sa zlomili.<\/span><\/li>\n<\/ul>\n<ul class=\"a-unordered-list a-vertical a-spacing-small\">\n<li><span class=\"a-list-item a-size-base a-color-base\"><strong>R\u00f4zne \u0161\u00edrky a nevidite\u013en\u00e9:<\/strong> Na v\u00fdber m\u00e1me ve\u013ekosti 8 mm, 10 mm, 12 mm, 15 mm, 18 mm, 20 mm at\u010f., \u010do v\u00e1m umo\u017en\u00ed n\u00e1js\u0165 ten spr\u00e1vny pre v\u00e1s. Ke\u010f\u017ee farba ramienok podprsenky je prieh\u013eadn\u00e1, m\u00f4\u017ee dobre splyn\u00fa\u0165 s t\u00f3nom va\u0161ej poko\u017eky.<\/span><\/li>\n<\/ul>\n<ul class=\"a-unordered-list a-vertical a-spacing-small\">\n<li><span class=\"a-list-item a-size-base a-color-base\"><strong>Nastavite\u013en\u00e9 a jednoduch\u00e9 pou\u017eitie:<\/strong> Nevidite\u013en\u00e9 ramienka podprsenky s\u00fa navrhnut\u00e9 s dostato\u010dnou d\u013a\u017ekou pod\u013ea sp\u00e4tnej v\u00e4zby od z\u00e1kazn\u00edkov, ktor\u00e9 je mo\u017en\u00e9 pred\u013a\u017ei\u0165 a\u017e na 70 cm, tak\u017ee si ich m\u00f4\u017eete \u013eahko prisp\u00f4sobi\u0165. H\u00e1\u010dik je vhodn\u00fd pre v\u00e4\u010d\u0161inu o\u010diek podprsenky na trhu, tak\u017ee je ve\u013emi jednoduch\u00e9 prid\u00e1va\u0165 alebo odobera\u0165 podprsenky.<\/span><\/li>\n<\/ul>\n<ul>\n<li><span class=\"a-list-item a-size-base a-color-base\"><strong>Pohodln\u00e9 nosenie:<\/strong> Prieh\u013eadn\u00e9 ramienka podprsenky s\u00fa vyroben\u00e9 z m\u00e4kk\u00e9ho, zdrav\u00e9ho a ekologick\u00e9ho silik\u00f3nu, umo\u017e\u0148uj\u00fa v\u00e1m pohodln\u00e9 nosenie bez toho, aby ste si poranili poko\u017eku, a daj\u00fa sa znovu pou\u017ei\u0165 bez dr\u00e1\u017ediv\u00fdch ko\u017en\u00fdch alergi\u00ed.<\/span><\/li>\n<\/ul>\n<ul class=\"a-unordered-list a-vertical a-spacing-small\">\n<li><span class=\"a-list-item a-size-base a-color-base\"><strong>Pr\u00edle\u017eitos\u0165:<\/strong> Prieh\u013eadn\u00e9 ramienka podprsenky s\u00fa ide\u00e1lne pre \u017eeny v lete, ktor\u00e9 maj\u00fa na sebe vestu, podv\u00e4zkov\u00fa suk\u0148u, top\u00e1nka a \u0161aty, zobrazuj\u00fa prirodzen\u00fa a kr\u00e1snu poko\u017eku, v\u010faka ktorej budete vyzera\u0165 bezchybne.<\/span><\/li>\n<\/ul>","protected":false},"excerpt":{"rendered":"<p>V\u00fdrobca a dod\u00e1vate\u013e Zaoyi Custom podprsenky v \u010c\u00edne<\/p>\n<p>- MOQ: 3000 ks<br \/>\n\u2013 Pon\u00fakan\u00e1 slu\u017eba OEM\/ODM<br \/>\n- K dispoz\u00edcii bezplatn\u00e1 vzorka<br \/>\n\u2013 Recykl\u00e1cia podprseniek<br \/>\n- 20-30 dn\u00ed pripraven\u00fd na prisp\u00f4soben\u00fa objedn\u00e1vku<br \/>\n- Prijmite prisp\u00f4sobenie (\u0161pecifik\u00e1cie, farba, dizajn at\u010f.)<\/p>\n<p>3\/8 \u2033 nevidite\u013en\u00e9 popruhy<br \/>\n\u2022 Vyroben\u00e9 z nealergick\u00e9ho TPU, m\u00e4k\u0161ej a pevnej\u0161ej alternat\u00edvy k latexov\u00fdm alebo plastov\u00fdm remienkom.<br \/>\n\u2022 Nastavovacie prvky a armat\u00fary bez obsahu niklu.<br \/>\n\u2022 Nielen k podprsenk\u00e1m, daj\u00fa sa nosi\u0165 aj k plavk\u00e1m a \u0161at\u00e1m.<br \/>\n\u2022 Jasn\u00e9 alebo prisp\u00f4soben\u00e9<br \/>\n\u2022 V\u00fdber r\u00f4znych ve\u013ekost\u00ed<\/p>\n<p>Ak chcete z\u00edska\u0165 cenu popruhu podprsenky, kontaktujte n\u00e1s.<\/p>","protected":false},"featured_media":1971,"comment_status":"open","ping_status":"closed","template":"","meta":[],"product_brand":[],"product_cat":[39,53],"product_tag":[],"class_list":{"0":"post-1968","1":"product","2":"type-product","3":"status-publish","4":"has-post-thumbnail","6":"product_cat-bra-strap","7":"product_cat-bra-accessories","9":"first","10":"instock","11":"shipping-taxable","12":"product-type-simple"},"_links":{"self":[{"href":"https:\/\/zaoyigarment.com\/sk\/wp-json\/wp\/v2\/product\/1968","targetHints":{"allow":["GET"]}}],"collection":[{"href":"https:\/\/zaoyigarment.com\/sk\/wp-json\/wp\/v2\/product"}],"about":[{"href":"https:\/\/zaoyigarment.com\/sk\/wp-json\/wp\/v2\/types\/product"}],"replies":[{"embeddable":true,"href":"https:\/\/zaoyigarment.com\/sk\/wp-json\/wp\/v2\/comments?post=1968"}],"wp:featuredmedia":[{"embeddable":true,"href":"https:\/\/zaoyigarment.com\/sk\/wp-json\/wp\/v2\/media\/1971"}],"wp:attachment":[{"href":"https:\/\/zaoyigarment.com\/sk\/wp-json\/wp\/v2\/media?parent=1968"}],"wp:term":[{"taxonomy":"product_brand","embeddable":true,"href":"https:\/\/zaoyigarment.com\/sk\/wp-json\/wp\/v2\/product_brand?post=1968"},{"taxonomy":"product_cat","embeddable":true,"href":"https:\/\/zaoyigarment.com\/sk\/wp-json\/wp\/v2\/product_cat?post=1968"},{"taxonomy":"product_tag","embeddable":true,"href":"https:\/\/zaoyigarment.com\/sk\/wp-json\/wp\/v2\/product_tag?post=1968"}],"curies":[{"name":"wp","href":"https:\/\/api.w.org\/{rel}","templated":true}]}}