 {"id":1931,"date":"2023-12-29T06:16:54","date_gmt":"2023-12-29T06:16:54","guid":{"rendered":"https:\/\/zaoyigarment.com\/?post_type=product&#038;p=1931"},"modified":"2026-03-30T10:54:24","modified_gmt":"2026-03-30T10:54:24","slug":"bra-converter-bra-clasps-bra-clip","status":"publish","type":"product","link":"https:\/\/zaoyigarment.com\/sk\/manufacturer\/bra-converter-bra-clasps-bra-clip\/","title":{"rendered":"Konvertor podprsenky Spony na podprsenku Adapt\u00e9r na popruh podprsenky"},"content":{"rendered":"<ul>\n<li><span class=\"a-list-item a-size-base a-color-base\"><strong>Odstr\u00e1\u0148te probl\u00e9m s padaj\u00facimi ramienkami na podprsenke<\/strong> - \u013dahko sa prisp\u00f4sob\u00ed akejko\u013evek v\u00fd\u0161ke a spony udr\u017eia ramienka podprsenky na mieste a dobre ich skryj\u00fa.<\/span><\/li>\n<\/ul>\n<ul class=\"a-unordered-list a-vertical a-spacing-small\">\n<li><span class=\"a-list-item a-size-base a-color-base\"><strong>Ergonomick\u00fd dizajn<\/strong> - Diskr\u00e9tne preme\u0148te ak\u00fako\u013evek podprsenku \u013eahko a pohodlne. Ergonomick\u00fd dizajn zmier\u0148uje nepohodlie a zabra\u0148uje, aby sa v\u00e1m tie otravn\u00e9 ramienka zapichovali do ramien.<\/span><\/li>\n<\/ul>\n<ul class=\"a-unordered-list a-vertical a-spacing-small\">\n<li><span class=\"a-list-item a-size-base a-color-base\"><strong>Pr\u00edle\u017eitos\u0165<\/strong> - Ide\u00e1lne pre pretek\u00e1rsky chrb\u00e1t, \u0161aty, ko\u0161ele, bl\u00fazky, \u0161portov\u00e9 topy a \u010fal\u0161ie. \u013dahko a pohodlne premen\u00ed ak\u00fako\u013evek podprsenku. Zapnite si na vrch bik\u00edn pre pln\u0161\u00ed a sexi vzh\u013ead.<\/span><\/li>\n<\/ul>\n<ul class=\"a-unordered-list a-vertical a-spacing-small\">\n<li><span class=\"a-list-item a-size-base a-color-base\"><strong>S\u00faprava klipov na ramienka podprsenky za super hodnotu<\/strong> \u2013 9 ks sponiek na podprsenku, 3 ks predl\u017eova\u010dov podprsenky a 3 ks dr\u017eiakov na podprsenku v tradi\u010dnej bielej, \u010diernej a b\u00e9\u017eovej farbe.<\/span><\/li>\n<li><span class=\"a-list-item a-size-base a-color-base\"><strong>Zv\u00e4\u010d\u0161i\u0165 ve\u013ekos\u0165 poh\u00e1ra:<\/strong> ke\u010f nos\u00edte sponky na podprsenku na chrbte, m\u00f4\u017eete si prisp\u00f4sobi\u0165 ve\u013ekos\u0165 ko\u0161\u00ed\u010dkov. Pom\u00e1ha poskytn\u00fa\u0165 va\u0161im prsiam v\u00e4\u010d\u0161iu podporu, zv\u00e4\u010d\u0161i\u0165 ve\u013ekos\u0165 ko\u0161\u00ed\u010dkov a v\u00e1\u0161 dekolt bude pln\u0161\u00ed a viac sexi.<\/span><\/li>\n<li><span class=\"a-list-item a-size-base a-color-base\"><strong>Vhodn\u00e1 ve\u013ekos\u0165:<\/strong> ve\u013ekos\u0165 ka\u017edej spony na ramienka podprsenky na chrbte je pribli\u017ene 1,8 \u00d7 1,4 palca. Je vhodn\u00e1 pre ak\u00fako\u013evek podprsenku s be\u017en\u00fdmi ramienkami. M\u00f4\u017ee v\u00e1m pom\u00f4c\u0165 prisp\u00f4sobi\u0165 si podprsenku jednoducho a pohodlne.<\/span><\/li>\n<\/ul>","protected":false},"excerpt":{"rendered":"<p>V\u00fdrobca a dod\u00e1vate\u013e Zaoyi Custom Bra Converter v \u010c\u00edne<\/p>\n<p>- MOQ: 3000 ks<br \/>\n\u2013 Pon\u00fakan\u00e1 slu\u017eba OEM\/ODM<br \/>\n- K dispoz\u00edcii bezplatn\u00e1 vzorka<br \/>\n\u2013 Recykl\u00e1cia podprseniek<br \/>\n- 20-30 dn\u00ed pripraven\u00fd na prisp\u00f4soben\u00fa objedn\u00e1vku<br \/>\n- Prijmite prisp\u00f4sobenie (\u0161pecifik\u00e1cie, farba, dizajn at\u010f.)<\/p>\n<p>1) Ide\u00e1lne pre pretek\u00e1rsky chrb\u00e1t, \u0161aty, ko\u0161ele, bl\u00fazky, \u0161portov\u00e9 topy a \u010fal\u0161ie.<br \/>\n\u013dahko a pohodlne premen\u00ed ak\u00fako\u013evek podprsenku. Zapnite si na vrch bik\u00edn pre pln\u0161\u00ed a sexi vzh\u013ead.<br \/>\n2) 100% Polypropyl\u00e9n<br \/>\n3) Dok\u00e1\u017ee zmeni\u0165 popruh na podprsenke<br \/>\n4) \u017diariv\u00e1 farba, proti vyblednutiu<br \/>\n5) DIY prisp\u00f4sobenie<\/p>\n<p>Ak chcete z\u00edska\u0165 ceny prevodn\u00edka podprsenky, kontaktujte n\u00e1s.<\/p>","protected":false},"featured_media":1936,"comment_status":"open","ping_status":"closed","template":"","meta":[],"product_brand":[],"product_cat":[39,53],"product_tag":[],"class_list":{"0":"post-1931","1":"product","2":"type-product","3":"status-publish","4":"has-post-thumbnail","6":"product_cat-bra-strap","7":"product_cat-bra-accessories","9":"first","10":"instock","11":"shipping-taxable","12":"product-type-simple"},"_links":{"self":[{"href":"https:\/\/zaoyigarment.com\/sk\/wp-json\/wp\/v2\/product\/1931","targetHints":{"allow":["GET"]}}],"collection":[{"href":"https:\/\/zaoyigarment.com\/sk\/wp-json\/wp\/v2\/product"}],"about":[{"href":"https:\/\/zaoyigarment.com\/sk\/wp-json\/wp\/v2\/types\/product"}],"replies":[{"embeddable":true,"href":"https:\/\/zaoyigarment.com\/sk\/wp-json\/wp\/v2\/comments?post=1931"}],"wp:featuredmedia":[{"embeddable":true,"href":"https:\/\/zaoyigarment.com\/sk\/wp-json\/wp\/v2\/media\/1936"}],"wp:attachment":[{"href":"https:\/\/zaoyigarment.com\/sk\/wp-json\/wp\/v2\/media?parent=1931"}],"wp:term":[{"taxonomy":"product_brand","embeddable":true,"href":"https:\/\/zaoyigarment.com\/sk\/wp-json\/wp\/v2\/product_brand?post=1931"},{"taxonomy":"product_cat","embeddable":true,"href":"https:\/\/zaoyigarment.com\/sk\/wp-json\/wp\/v2\/product_cat?post=1931"},{"taxonomy":"product_tag","embeddable":true,"href":"https:\/\/zaoyigarment.com\/sk\/wp-json\/wp\/v2\/product_tag?post=1931"}],"curies":[{"name":"wp","href":"https:\/\/api.w.org\/{rel}","templated":true}]}}