 {"id":1926,"date":"2023-12-29T03:03:54","date_gmt":"2023-12-29T03:03:54","guid":{"rendered":"https:\/\/zaoyigarment.com\/?post_type=product&#038;p=1926"},"modified":"2025-09-10T11:49:05","modified_gmt":"2025-09-10T11:49:05","slug":"bra-extender-womens-soft-comfortable-bra-extenders","status":"publish","type":"product","link":"https:\/\/zaoyigarment.com\/sk\/manufacturer\/bra-extender-womens-soft-comfortable-bra-extenders\/","title":{"rendered":"M\u00e4kk\u00e9 pohodln\u00e9 predl\u017eova\u010de podprsenky pre \u017eeny"},"content":{"rendered":"<div class=\"_1-Caexem\" tabindex=\"0\" role=\"button\" aria-label=\"1TP4Jednoduch\u00e9 pou\u017eitie: Predl\u017eova\u010d podprsenky jednoducho pripevnite na h\u00e1\u010diky na podprsenku a okam\u017eite ho pred\u013a\u017eite.\">\n<ul>\n<li class=\"_1-Caexem\" tabindex=\"0\" role=\"button\" aria-label=\"$Convenient Bra Extenders: Sada 3 predl\u017eova\u010dov podprsenky s elastick\u00fdm materi\u00e1lom, ktor\u00e9 u\u013eah\u010duj\u00fa nastavenie ve\u013ekosti p\u00e1sika podprsenky pre pohodln\u00e9 nosenie.\"><strong>Pohodln\u00e9 predl\u017eova\u010de podprsenky:<\/strong> Sada 3 predl\u017eova\u010dov podprsenky s elastick\u00fdm materi\u00e1lom, v\u010faka \u010domu si m\u00f4\u017eete jednoducho prisp\u00f4sobi\u0165 ve\u013ekos\u0165 p\u00e1sika podprsenky pre pohodln\u00e9 nosenie.<\/li>\n<li class=\"_1-Caexem\" tabindex=\"0\" role=\"button\" aria-label=\"$Convenient Bra Extenders: Sada 3 predl\u017eova\u010dov podprsenky s elastick\u00fdm materi\u00e1lom, ktor\u00e9 u\u013eah\u010duj\u00fa nastavenie ve\u013ekosti p\u00e1sika podprsenky pre pohodln\u00e9 nosenie.\"><strong>Ide\u00e1lne pre vzh\u013ead bez podprsenky:<\/strong> Ide\u00e1lne pre t\u00fdch, ktor\u00ed uprednost\u0148uj\u00fa vzh\u013ead bez podprsenky, no napriek tomu chc\u00fa oporu podprsenky. Predl\u017eova\u010de podprsenky v\u00e1m umo\u017e\u0148uj\u00fa uvo\u013eni\u0165 p\u00e1s bez kompromisov v oblasti podpory.<\/li>\n<li class=\"_1-Caexem\" tabindex=\"0\" role=\"button\" aria-label=\"$Convenient Bra Extenders: Sada 3 predl\u017eova\u010dov podprsenky s elastick\u00fdm materi\u00e1lom, ktor\u00e9 u\u013eah\u010duj\u00fa nastavenie ve\u013ekosti p\u00e1sika podprsenky pre pohodln\u00e9 nosenie.\"><strong>Pohodln\u00e9 a m\u00e4kk\u00e9:<\/strong> Tieto predl\u017eova\u010de podprsenky s\u00fa vyroben\u00e9 z m\u00e4kk\u00fdch a pohodln\u00fdch materi\u00e1lov a nedr\u00e1\u017edia va\u0161u poko\u017eku ani nesp\u00f4sobuj\u00fa nepohodlie.<\/li>\n<li><strong>Jednoduch\u00e9 pou\u017eitie:<\/strong> Jednoducho pripojte predl\u017eova\u010d podprsenky k h\u00e1\u010dikom na podprsenke, aby ste okam\u017eite zv\u00e4\u010d\u0161ili ve\u013ekos\u0165 p\u00e1su.<\/li>\n<li><strong>Pou\u017eite met\u00f3du:<\/strong>Pripevnite h\u00e1\u010diky na spodnej strane n\u00e1stavca k o\u010dk\u00e1m h\u00e1\u010dikov podprsenky a potom pomocou h\u00e1\u010dikov na podprsenke pripevnite h\u00e1\u010diky na prednej strane n\u00e1stavca.<\/li>\n<\/ul>\n<h3 class=\"a-spacing-mini\">Predl\u017eova\u010d podprsenky sa pou\u017e\u00edva na zv\u00e4\u010d\u0161enie rozsahu ve\u013ekost\u00ed pre nevhodn\u00fa podprsenku, ktor\u00e1 je pr\u00edli\u0161 tesn\u00e1. Je odn\u00edmate\u013en\u00fd a nastavite\u013en\u00fd.<\/h3>\n<p class=\"a-spacing-base\">L\u00e1tkov\u00e1 \u010das\u0165 je vyroben\u00e1 z polyesterov\u00e9ho materi\u00e1lu so zamatom, m\u00e4kk\u00e1 a pohodln\u00e1. Nezanech\u00e1vajte na va\u0161ej jemnej poko\u017eke \u017eiadne stopy, \u017eiadne \u0161t\u00edpanie ani svrbenie. Kovov\u00e9 h\u00e1\u010diky s\u00fa vyroben\u00e9 z nehrdzavej\u00facej ocele, ktor\u00e1 by nevybledla a nezhrdzavela.<\/p>\n<p class=\"a-spacing-base\">3 rady po 2 h\u00e1\u010dikoch s elastick\u00fdm popruhom, vhodn\u00e9 pre v\u00e4\u010d\u0161inu \u013eud\u00ed.<\/p>\n<\/div>","protected":false},"excerpt":{"rendered":"<p>V\u00fdrobca a dod\u00e1vate\u013e Zaoyi Custom Bra Extender v \u010c\u00edne<\/p>\n<p>- MOQ: 3000 ks<br \/>\n\u2013 Pon\u00fakan\u00e1 slu\u017eba OEM\/ODM<br \/>\n- K dispoz\u00edcii bezplatn\u00e1 vzorka<br \/>\n\u2013 Recykl\u00e1cia podprseniek<br \/>\n- 20-30 dn\u00ed pripraven\u00fd na prisp\u00f4soben\u00fa objedn\u00e1vku<br \/>\n- Prijmite prisp\u00f4sobenie (\u0161pecifik\u00e1cie, farba, dizajn at\u010f.)<\/p>\n<p>1) Vzh\u013ead bez podprsenky: Dosiahnite vzh\u013ead bez podprsenky bez toho, aby ste obetovali pohodlie a podporu.<br \/>\n2) Nastavite\u013en\u00e9: Jednoducho upravte d\u013a\u017eku podprsenky tak, aby zodpovedala tvaru tela a dosiahlo dokonal\u00e9 prisp\u00f4sobenie.<br \/>\n3) Pohodln\u00e9: Vyroben\u00e9 z m\u00e4kk\u00e9ho a priedu\u0161n\u00e9ho materi\u00e1lu, ktor\u00fd poskytuje extra pohodlie a podporu va\u0161ej podprsenke.<\/p>\n<p>Ak chcete z\u00edska\u0165 ceny predl\u017eova\u010dov podprsenky, kontaktujte n\u00e1s.<\/p>","protected":false},"featured_media":2822,"comment_status":"open","ping_status":"closed","template":"","meta":[],"product_brand":[],"product_cat":[40,53],"product_tag":[],"class_list":{"0":"post-1926","1":"product","2":"type-product","3":"status-publish","4":"has-post-thumbnail","6":"product_cat-bra-extenders","7":"product_cat-bra-accessories","9":"first","10":"instock","11":"shipping-taxable","12":"product-type-simple"},"_links":{"self":[{"href":"https:\/\/zaoyigarment.com\/sk\/wp-json\/wp\/v2\/product\/1926","targetHints":{"allow":["GET"]}}],"collection":[{"href":"https:\/\/zaoyigarment.com\/sk\/wp-json\/wp\/v2\/product"}],"about":[{"href":"https:\/\/zaoyigarment.com\/sk\/wp-json\/wp\/v2\/types\/product"}],"replies":[{"embeddable":true,"href":"https:\/\/zaoyigarment.com\/sk\/wp-json\/wp\/v2\/comments?post=1926"}],"wp:featuredmedia":[{"embeddable":true,"href":"https:\/\/zaoyigarment.com\/sk\/wp-json\/wp\/v2\/media\/2822"}],"wp:attachment":[{"href":"https:\/\/zaoyigarment.com\/sk\/wp-json\/wp\/v2\/media?parent=1926"}],"wp:term":[{"taxonomy":"product_brand","embeddable":true,"href":"https:\/\/zaoyigarment.com\/sk\/wp-json\/wp\/v2\/product_brand?post=1926"},{"taxonomy":"product_cat","embeddable":true,"href":"https:\/\/zaoyigarment.com\/sk\/wp-json\/wp\/v2\/product_cat?post=1926"},{"taxonomy":"product_tag","embeddable":true,"href":"https:\/\/zaoyigarment.com\/sk\/wp-json\/wp\/v2\/product_tag?post=1926"}],"curies":[{"name":"wp","href":"https:\/\/api.w.org\/{rel}","templated":true}]}}