 {"id":1919,"date":"2023-12-29T02:18:39","date_gmt":"2023-12-29T02:18:39","guid":{"rendered":"https:\/\/zaoyigarment.com\/?post_type=product&#038;p=1919"},"modified":"2025-10-20T02:31:14","modified_gmt":"2025-10-20T02:31:14","slug":"stick-on-bra-lifting-adhesive-sticky-bra","status":"publish","type":"product","link":"https:\/\/zaoyigarment.com\/sk\/manufacturer\/stick-on-bra-lifting-adhesive-sticky-bra\/","title":{"rendered":"Stick On Bra Lifting Adhesive Sticky Bra"},"content":{"rendered":"<div data-zone-id=\"0\" data-line-index=\"0\" data-line=\"true\">\n<ul>\n<li><span class=\"a-list-item\"><strong>S<\/strong><\/span><strong>IZE:<\/strong> Priemer 6,5-12 cm, prisp\u00f4soben\u00e9<\/li>\n<li><strong>FARBA:\u00a0<\/strong>Nah\u00e1 alebo prisp\u00f4soben\u00e1<\/li>\n<li><span class=\"a-list-item\"><strong>V\u00ddHODY:<\/strong> Padn\u00fa bez zanechania stopy, odolnos\u0165 proti potu, kvetinov\u00fd\/okr\u00fahly tvar, bezpe\u010dn\u00e9.<\/span><\/li>\n<li><strong>POU\u017dITIE MET\u00d3DY:<\/strong><\/li>\n<li>1. Pred pou\u017eit\u00edm si umyte prsia a ruky \u010distou vodou a udr\u017eujte ich \u010dist\u00e9.<\/li>\n<li>2. Odtrhnite ochrann\u00fa f\u00f3liu produktu lepiacou stranou nahor a vlo\u017ete ju do dlane<\/li>\n<li>3. Naklo\u0148te horn\u00fa \u010das\u0165 tela dopredu, jemne prilo\u017ete n\u00e1plas\u0165 na prsn\u00edk na oblas\u0165 zaostrenia a vyhladzujte okraje n\u00e1plasti rukami tak, aby tesne priliehala k poko\u017eke.<\/li>\n<li>4. \u017diadne nosenie alebo pocit cudzieho telesa, dokonal\u00e9 zobrazenie va\u0161ich p\u0155s, vhodn\u00e9 na r\u00f4zne pr\u00edle\u017eitosti<\/li>\n<\/ul>\n<\/div>\n<ul class=\"a-unordered-list a-vertical a-spacing-mini\">\n<li><span class=\"a-list-item\"><strong>SP\u00d4SOB UM\u00ddVANIE:<\/strong><\/span><\/li>\n<li><span class=\"a-list-item\">1.Pou\u017eite tepl\u00fa vodu alebo neutr\u00e1lny \u0161amp\u00f3n, sapon\u00e1t na um\u00fdvanie riadu na jemn\u00e9 vytvorenie peny a umyte kr\u00fa\u017eiv\u00fdmi pohybmi.<\/span><\/li>\n<li><span class=\"a-list-item\">2. Opl\u00e1chnite \u010distou vodou. D\u00e1vajte pozor, aby ste nepou\u017e\u00edvali nechty, aby ste sa neporanili.<\/span><\/li>\n<li>3.Po vy\u010disten\u00ed zaveste do sucha a vyh\u00fdbajte sa priamemu slne\u010dn\u00e9mu \u017eiareniu.<\/li>\n<li>4.Po vy\u010disten\u00ed a vysu\u0161en\u00ed nasa\u010fte ochrann\u00fa f\u00f3liu. Jedna strana strat\u00ed svoju lepivos\u0165, ak je zne\u010disten\u00e1 prachom. Skladovac\u00ed priestor by mal by\u0165 chr\u00e1nen\u00fd pred priamym slne\u010dn\u00fdm \u017eiaren\u00edm.<\/li>\n<li><strong>D\u00d4LE\u017dIT\u00c9 TIPY:<\/strong><br \/>\nNevhodn\u00e9, ak m\u00e1te ko\u017en\u00e9 probl\u00e9my, alebo ke\u010f je va\u0161a poko\u017eka poranen\u00e1, infikovan\u00e1 alebo sp\u00e1len\u00e1 od slnka.<br \/>\nPros\u00edm, nepou\u017e\u00edvajte tento produkt, ak ste tehotn\u00e1 alebo doj\u010d\u00edte, ak ste alergick\u00fd na silik\u00f3n alebo ak ste ned\u00e1vno podst\u00fapili oper\u00e1ciu na zv\u00e4\u010d\u0161enie alebo zmen\u0161enie prsn\u00edkov.<br \/>\nAk sa po\u010das pou\u017e\u00edvania tohto produktu vyskytn\u00fa ak\u00e9ko\u013evek ko\u017en\u00e9 abnormality, okam\u017eite presta\u0148te pou\u017e\u00edva\u0165 a ihne\u010f sa pora\u010fte so svoj\u00edm dermatol\u00f3gom alebo ko\u017en\u00fdm \u0161pecialistom.<\/li>\n<\/ul>","protected":false},"excerpt":{"rendered":"<p>V\u00fdrobca a dod\u00e1vate\u013e Zaoyi Custom Stick On Bra v \u010c\u00edne<\/p>\n<p>- MOQ: 3000 ks<br \/>\n\u2013 Pon\u00fakan\u00e1 slu\u017eba OEM\/ODM<br \/>\n- K dispoz\u00edcii bezplatn\u00e1 vzorka<br \/>\n\u2013 Recykl\u00e1cia podprseniek<br \/>\n- 25-35 dn\u00ed pripraven\u00fd na prisp\u00f4soben\u00fa objedn\u00e1vku<br \/>\n- Prijmite prisp\u00f4sobenie (\u0161pecifik\u00e1cie, farba, dizajn at\u010f.)<\/p>\n<p>1) Najlep\u0161ie rie\u0161enia podprsenky na nosenie so svadobn\u00fdmi \u0161atami, \u0161atami bez chrbta, plavkami, tri\u010dkami at\u010f<br \/>\n2) Bez\u0161vov\u00fd a bezdr\u00f4tov\u00fd dizajn pre slobodu<br \/>\n3) Hladk\u00fd a lek\u00e1rsky materi\u00e1l<br \/>\n4) Na podprsenku m\u00f4\u017eete urobi\u0165 prisp\u00f4soben\u00fa l\u00e1tku alebo vzor<br \/>\n5) \u017div\u00e1 farba pleti<br \/>\n6) DIY prisp\u00f4sobenie<\/p>\n<p>Ak chcete dosiahnu\u0165 lep\u0161ie ceny podprseniek, kontaktujte n\u00e1s.<\/p>","protected":false},"featured_media":2816,"comment_status":"open","ping_status":"closed","template":"","meta":[],"product_brand":[],"product_cat":[36],"product_tag":[],"class_list":{"0":"post-1919","1":"product","2":"type-product","3":"status-publish","4":"has-post-thumbnail","6":"product_cat-sticky-bra","8":"first","9":"instock","10":"shipping-taxable","11":"product-type-simple"},"_links":{"self":[{"href":"https:\/\/zaoyigarment.com\/sk\/wp-json\/wp\/v2\/product\/1919","targetHints":{"allow":["GET"]}}],"collection":[{"href":"https:\/\/zaoyigarment.com\/sk\/wp-json\/wp\/v2\/product"}],"about":[{"href":"https:\/\/zaoyigarment.com\/sk\/wp-json\/wp\/v2\/types\/product"}],"replies":[{"embeddable":true,"href":"https:\/\/zaoyigarment.com\/sk\/wp-json\/wp\/v2\/comments?post=1919"}],"wp:featuredmedia":[{"embeddable":true,"href":"https:\/\/zaoyigarment.com\/sk\/wp-json\/wp\/v2\/media\/2816"}],"wp:attachment":[{"href":"https:\/\/zaoyigarment.com\/sk\/wp-json\/wp\/v2\/media?parent=1919"}],"wp:term":[{"taxonomy":"product_brand","embeddable":true,"href":"https:\/\/zaoyigarment.com\/sk\/wp-json\/wp\/v2\/product_brand?post=1919"},{"taxonomy":"product_cat","embeddable":true,"href":"https:\/\/zaoyigarment.com\/sk\/wp-json\/wp\/v2\/product_cat?post=1919"},{"taxonomy":"product_tag","embeddable":true,"href":"https:\/\/zaoyigarment.com\/sk\/wp-json\/wp\/v2\/product_tag?post=1919"}],"curies":[{"name":"wp","href":"https:\/\/api.w.org\/{rel}","templated":true}]}}