 {"id":1664,"date":"2023-12-12T08:08:00","date_gmt":"2023-12-12T08:08:00","guid":{"rendered":"https:\/\/zaoyigarment.com\/?post_type=product&#038;p=1664"},"modified":"2026-04-17T01:01:41","modified_gmt":"2026-04-17T01:01:41","slug":"bra-tape","status":"publish","type":"product","link":"https:\/\/zaoyigarment.com\/sk\/manufacturer\/bra-tape\/","title":{"rendered":"P\u00e1ska na podprsenku Breast Tape Lift Tape Body Tape Vodotesn\u00e1"},"content":{"rendered":"<div id=\"featurebullets_feature_div\" class=\"celwidget\" data-feature-name=\"featurebullets\" data-csa-c-type=\"widget\" data-csa-c-content-id=\"featurebullets\" data-csa-c-slot-id=\"featurebullets_feature_div\" data-csa-c-asin=\"B07DF32D6Q\" data-csa-c-is-in-initial-active-row=\"false\" data-csa-c-id=\"3j0pnl-7cjnp-9t8psx-tspeog\">\n<div id=\"feature-bullets\" class=\"a-section a-spacing-medium a-spacing-top-small\">\n<ul class=\"a-unordered-list a-vertical a-spacing-mini\">\n<li>\n<div data-zone-id=\"0\" data-line-index=\"0\" data-line=\"true\">\n<div data-zone-id=\"0\" data-line-index=\"0\" data-line=\"true\"><strong style=\"font-size: 14.4px;\">VE\u013dKOS\u0164:<\/strong><span style=\"font-size: 14.4px;\"> Be\u017en\u00e1 \u0161\u00edrka je 2,5 cm, 3,8 cm, 5 cm, 7,5 cm, 10 cm, d\u013a\u017eka si m\u00f4\u017ee vybra\u0165 3M, 4M, 5M. Vn\u00fatorn\u00e1 ve\u013ekos\u0165 farebn\u00e9ho boxu je 7,5 * 6,5 * 7,5 cm, 11,5 * 8 * 8 cm. Ve\u013ekosti v\u0161etky prisp\u00f4soben\u00e9<\/span><\/div>\n<\/div>\n<\/li>\n<li><span class=\"a-list-item\"><strong>MATERI\u00c1L:<\/strong> Bavlna+spandex<\/span><\/li>\n<li><span class=\"a-list-item\"><strong>MAXIMALIZ\u00c1CIA PRENOSNOSTI:<\/strong> U\u013eah\u010dite skladovanie, prepravu<\/span><\/li>\n<li><span class=\"a-list-item\"><strong>K DISPOZ\u00cdCII VO\u013dNE:<\/strong> Pon\u00fakan\u00e9 vo ve\u013ekom mno\u017estve 1000 krab\u00edc s dostupn\u00fdmi ve\u013ekoobchodn\u00fdmi cenami, aby ste sa uistili, \u017ee zostanete na sklade av r\u00e1mci rozpo\u010dtu<\/span><\/li>\n<li><span class=\"a-list-item\"><strong>PERFEKTN\u00c9 NA SVADBY, \u0160PECI\u00c1LNE AKCIE A STRAVY:<\/strong> Dodajte si nezabudnute\u013en\u00fa sebad\u00f4veru, ke\u010f ste na svadbe, bankete a ve\u010dierku s touto jedine\u010dnou p\u00e1skou<\/span><\/li>\n<li><strong>Tipy:<\/strong>Pros\u00edm, majte na pam\u00e4ti, \u017ee tento produkt m\u00e1 v\u00e1\u017enu rezervu!<br \/>\nNiektor\u00e9 \u017eeny maj\u00fa tenk\u00fa ko\u017eu okolo k\u013e\u00fa\u010dnej kosti alebo hornej \u010dasti hrudn\u00edka. Nenoste v\u00fdrobok dlh\u0161ie ako 8 hod\u00edn. Ak sa rozhodnete pou\u017ei\u0165 p\u00e1sku na tieto oblasti, bu\u010fte ve\u013emi opatrn\u00ed.<br \/>\nPo\u010das pou\u017e\u00edvania v\u00fdrobok nevystavujte dlhodob\u00e9mu slne\u010dn\u00e9mu \u017eiareniu ani teplu. To m\u00f4\u017ee sp\u00f4sobi\u0165 podr\u00e1\u017edenie poko\u017eky. Vo v\u00fdrobku sa neopa\u013eujte.<\/li>\n<li><b>Vezmite pros\u00edm na vedomie:<\/b><br \/>\n<b>Ako sa vyhn\u00fa\u0165 ko\u017en\u00fdm alergi\u00e1m a probl\u00e9mom s trhan\u00edm ko\u017ee?<\/b><\/p>\n<ul>\n<li>Vykonajte jednoduch\u00fd test citlivosti poko\u017eky<\/li>\n<li>Nenech\u00e1vajte p\u00e1sku na poko\u017eke dlh\u0161ie ako 12 hod\u00edn<\/li>\n<li>Nevhodn\u00e9 pre tehotn\u00e9 \u017eeny, doj\u010diace \u017eeny a osoby s citlivou\/jemnou poko\u017ekou<\/li>\n<li>Nezabudnite pou\u017ei\u0165 tepl\u00fa vodu alebo esenci\u00e1lny olej na pomal\u00e9 a jemn\u00e9 odstr\u00e1nenie n\u00e1prsnej p\u00e1sky, ktor\u00e1 pom\u00e1ha predch\u00e1dza\u0165 roztrhnutiu ko\u017ee, pr\u00edli\u0161 r\u00fdchle odtrhnutie m\u00f4\u017ee sp\u00f4sobi\u0165 zranenie. M\u00f4\u017eete si tie\u017e da\u0165 hor\u00faci k\u00fape\u013e, aby ste to odtrhli<\/li>\n<\/ul>\n<p><b>Ako urobi\u0165 jednoduch\u00fd ko\u017en\u00fd test, aby ste zistili, \u017ee va\u0161a poko\u017eka je citliv\u00e1 alebo nie?<\/b><\/p>\n<ol>\n<li>M\u00f4\u017eete si odstrihn\u00fa\u0165 mal\u00fd pr\u00fa\u017eok p\u00e1sky a prilepi\u0165 si ho na vn\u00fatorn\u00fa stranu ruky, potom ho po 6 hodin\u00e1ch odtrhnite.<\/li>\n<li>Pozorujte svoju poko\u017eku.<\/li>\n<li>Ak po teste zaznamen\u00e1te ne\u017eiaduce reakcie (ako je za\u010dervenanie, p\u00e1lenie alebo nepr\u00edjemn\u00fd pocit), okam\u017eite presta\u0148te t\u00fato p\u00e1sku pou\u017e\u00edva\u0165.<\/li>\n<\/ol>\n<\/li>\n<\/ul>\n<\/div>\n<\/div>\n\t<div class=\"img has-hover x md-x lg-x y md-y lg-y\" id=\"image_1565690385\">\n\t\t\t\t\t\t\t\t<div class=\"img-inner dark\" >\n\t\t\t<img loading=\"lazy\" decoding=\"async\" width=\"800\" height=\"801\" src=\"https:\/\/zaoyigarment.com\/wp-content\/uploads\/2024\/02\/how-to-use-bra-tape.webp\" class=\"attachment-large size-large\" alt=\"ako pou\u017e\u00edva\u0165 p\u00e1sku na podprsenku\" srcset=\"https:\/\/zaoyigarment.com\/wp-content\/uploads\/2024\/02\/how-to-use-bra-tape.webp 800w, https:\/\/zaoyigarment.com\/wp-content\/uploads\/2024\/02\/how-to-use-bra-tape-300x300.webp 300w, https:\/\/zaoyigarment.com\/wp-content\/uploads\/2024\/02\/how-to-use-bra-tape-150x150.webp 150w, https:\/\/zaoyigarment.com\/wp-content\/uploads\/2024\/02\/how-to-use-bra-tape-768x769.webp 768w, https:\/\/zaoyigarment.com\/wp-content\/uploads\/2024\/02\/how-to-use-bra-tape-600x601.webp 600w, https:\/\/zaoyigarment.com\/wp-content\/uploads\/2024\/02\/how-to-use-bra-tape-100x100.webp 100w\" sizes=\"auto, (max-width: 800px) 100vw, 800px\" \/>\t\t\t\t\t\t\n\t\t\t\t\t<\/div>\n\t\t\t\t\t\t\t\t\n<style>\n#image_1565690385 {\n  width: 100%;\n}\n<\/style>\n\t<\/div>","protected":false},"excerpt":{"rendered":"<p>V\u00fdrobca a dod\u00e1vate\u013e Zaoyi Custom Bra Tape v \u010c\u00edne<\/p>\n<p>- MOQ: 3000 ks<br \/>\n\u2013 Pon\u00fakan\u00e1 slu\u017eba OEM\/ODM<br \/>\n- K dispoz\u00edcii bezplatn\u00e1 vzorka<br \/>\n- Prijmite prisp\u00f4sobenie (\u0161pecifik\u00e1cie, farba, dizajn at\u010f.)<\/p>\n<p>Ak chcete z\u00edska\u0165 ceny p\u00e1sky do podprsenky, kontaktujte n\u00e1s.<\/p>","protected":false},"featured_media":2805,"comment_status":"open","ping_status":"closed","template":"","meta":[],"product_brand":[],"product_cat":[38],"product_tag":[],"class_list":{"0":"post-1664","1":"product","2":"type-product","3":"status-publish","4":"has-post-thumbnail","6":"product_cat-bra-tape","8":"first","9":"instock","10":"shipping-taxable","11":"product-type-simple"},"_links":{"self":[{"href":"https:\/\/zaoyigarment.com\/sk\/wp-json\/wp\/v2\/product\/1664","targetHints":{"allow":["GET"]}}],"collection":[{"href":"https:\/\/zaoyigarment.com\/sk\/wp-json\/wp\/v2\/product"}],"about":[{"href":"https:\/\/zaoyigarment.com\/sk\/wp-json\/wp\/v2\/types\/product"}],"replies":[{"embeddable":true,"href":"https:\/\/zaoyigarment.com\/sk\/wp-json\/wp\/v2\/comments?post=1664"}],"wp:featuredmedia":[{"embeddable":true,"href":"https:\/\/zaoyigarment.com\/sk\/wp-json\/wp\/v2\/media\/2805"}],"wp:attachment":[{"href":"https:\/\/zaoyigarment.com\/sk\/wp-json\/wp\/v2\/media?parent=1664"}],"wp:term":[{"taxonomy":"product_brand","embeddable":true,"href":"https:\/\/zaoyigarment.com\/sk\/wp-json\/wp\/v2\/product_brand?post=1664"},{"taxonomy":"product_cat","embeddable":true,"href":"https:\/\/zaoyigarment.com\/sk\/wp-json\/wp\/v2\/product_cat?post=1664"},{"taxonomy":"product_tag","embeddable":true,"href":"https:\/\/zaoyigarment.com\/sk\/wp-json\/wp\/v2\/product_tag?post=1664"}],"curies":[{"name":"wp","href":"https:\/\/api.w.org\/{rel}","templated":true}]}}