 {"id":1402,"date":"2023-06-08T08:15:42","date_gmt":"2023-06-08T08:15:42","guid":{"rendered":"https:\/\/zaoyigarment.com\/?post_type=product&#038;p=1402"},"modified":"2026-04-17T01:04:43","modified_gmt":"2026-04-17T01:04:43","slug":"push-up-bras","status":"publish","type":"product","link":"https:\/\/zaoyigarment.com\/sk\/manufacturer\/push-up-bras\/","title":{"rendered":"Push Up podprsenka | Push Up Bras Butterfly Bras bez ramienok"},"content":{"rendered":"<ul class=\"a-unordered-list a-vertical a-spacing-mini\">\n<li><span class=\"a-list-item\"><strong>MNO\u017dSTVO:<\/strong> 3000 ks pre prisp\u00f4soben\u00e9 balenie a hromadn\u00fa objedn\u00e1vku<\/span><\/li>\n<li><span class=\"a-list-item\"><strong>MATERI\u00c1L:<\/strong> 80% nylon, 20% spandex<\/span><\/li>\n<li><span class=\"a-list-item\"><strong>V\u00ddHODY:<\/strong> Environment\u00e1lny a bezpe\u010dnostn\u00fd g\u00e9l, priedu\u0161n\u00fd, bunkov\u00fd, konvexn\u00fd, bezpe\u010dnostn\u00fd<\/span><\/li>\n<li><span class=\"a-list-item\"><strong>DIZAJN:<\/strong> R\u00f4zne mo\u017enosti dizajnu alebo je mo\u017en\u00e9 prisp\u00f4sobi\u0165<\/span><\/li>\n<li><span class=\"a-list-item\"><strong>ROZMERY:<\/strong> A\/B\/C\/D\/E\/F\/H, prisp\u00f4soben\u00e9<\/span><\/li>\n<li><span class=\"a-list-item a-size-base a-color-base\"><strong>SILN\u00c1 PODPORA A NASTAVITE\u013dN\u00c1 \u0164AHA:<\/strong> Vynikaj\u00faca podpora je ide\u00e1lna na zdvihnutie p\u0155s. Jedin\u00fdm potiahnut\u00edm m\u00f4\u017eete poh\u00e1rik okam\u017eite zdvihn\u00fa\u0165 a udr\u017ea\u0165 si prsia rovn\u00e9. Rozl\u00fa\u010dte sa s tr\u00e1pen\u00edm s ochabovan\u00edm p\u0155s, jednoducho si vytvarujte dokonal\u00fa krivku p\u0155s.<\/span><\/li>\n<li><span class=\"a-list-item a-size-base a-color-base\"><strong>PRIEDU\u0160N\u00c9 L\u00c1TKY A GUMOV\u00c9 LEPIDLO \u0160ETRN\u00c9 K POKO\u017dI:<\/strong>Materi\u00e1l je vyroben\u00fd z pr\u00edrodnej netkanej text\u00edlie + lek\u00e1rskeho silik\u00f3nu. Pr\u00edrodn\u00e9 lepidlo na \u017euva\u010dky je pokryt\u00e9 vzduchov\u00fdmi otvormi, ktor\u00e9 zachov\u00e1vaj\u00fa vynikaj\u00facu priepustnos\u0165 vzduchu po\u010das pou\u017e\u00edvania.<\/span><\/li>\n<li><span class=\"a-list-item a-size-base a-color-base\"><strong>VYNIKAJ\u00daCI DIZAJN KR\u00cdDLA:<\/strong> Dizajn tvaru kr\u00eddla m\u00f4\u017ee lep\u0161ie zabali\u0165 poko\u017eku prsn\u00edka, dlh\u0161\u00ed \u010das pri\u013enutia. Povrchov\u00e1 l\u00e1tka podprsenky m\u00e1 podobn\u00fa text\u00faru ako ko\u017ea, ktor\u00e1 pri silnom svetle dok\u00e1\u017ee dobre skry\u0165 stopy po podprsenke. Akoby na sebe ni\u010d nemal.<\/span><\/li>\n<li><span class=\"a-list-item a-size-base a-color-base\"><strong>Um\u00fdvate\u013en\u00e9:<\/strong> Nalepovacie podprsenky s\u00fa samolepiace a po vypran\u00ed a vysu\u0161en\u00ed na vzduchu zost\u00e1vaj\u00fa lepkav\u00e9. D\u00e1 sa pou\u017ei\u0165 viackr\u00e1t.<\/span><\/li>\n<li><span class=\"a-list-item a-size-base a-color-base\"><strong>PRI MNOH\u00ddCH PR\u00cdLE\u017dITOSTIACH:<\/strong> Podprsenka bez ramienok pre ak\u00fdko\u013evek sexi \u0161t\u00fdl, ohl\u00e1vkov\u00e9 topy s chrbtom, hlbok\u00e9 kost\u00fdmy s v\u00fdstrihom do V, ve\u010dern\u00e9 \u0161aty bez ramienok, svadobn\u00e9 \u0161aty, \u0161aty s n\u00edzkym strihom, koktejlov\u00e9 \u0161aty, spolo\u010densk\u00e9 \u0161aty at\u010f. Nev\u00e1hajte a uk\u00e1\u017ete svoj \u017eensk\u00fd \u0161arm.<\/span><\/li>\n<\/ul>\n<h2><\/h2>\n<h2>Tabu\u013eka ve\u013ekost\u00ed podprsenky s obr\u00e1zkami<\/h2>\n\t<div class=\"img has-hover x md-x lg-x y md-y lg-y\" id=\"image_1869214686\">\n\t\t\t\t\t\t\t\t<div class=\"img-inner dark\" >\n\t\t\t<img loading=\"lazy\" decoding=\"async\" width=\"1020\" height=\"976\" src=\"https:\/\/zaoyigarment.com\/wp-content\/uploads\/2024\/01\/bra-size-calculator-1024x980.webp\" class=\"attachment-large size-large\" alt=\"kalkula\u010dka ve\u013ekosti podprsenky\" srcset=\"https:\/\/zaoyigarment.com\/wp-content\/uploads\/2024\/01\/bra-size-calculator-1024x980.webp 1024w, https:\/\/zaoyigarment.com\/wp-content\/uploads\/2024\/01\/bra-size-calculator-300x287.webp 300w, https:\/\/zaoyigarment.com\/wp-content\/uploads\/2024\/01\/bra-size-calculator-768x735.webp 768w, https:\/\/zaoyigarment.com\/wp-content\/uploads\/2024\/01\/bra-size-calculator-1536x1471.webp 1536w, https:\/\/zaoyigarment.com\/wp-content\/uploads\/2024\/01\/bra-size-calculator-600x575.webp 600w, https:\/\/zaoyigarment.com\/wp-content\/uploads\/2024\/01\/bra-size-calculator.webp 2000w\" sizes=\"auto, (max-width: 1020px) 100vw, 1020px\" \/>\t\t\t\t\t\t\n\t\t\t\t\t<\/div>\n\t\t\t\t\t\t\t\t\n<style>\n#image_1869214686 {\n  width: 100%;\n}\n<\/style>\n\t<\/div>","protected":false},"excerpt":{"rendered":"<p>V\u00fdrobca a dod\u00e1vate\u013e podprsenky Zaoyi Custom bez ramienok v \u010c\u00edne<\/p>\n<p>- MOQ: 3000 ks<br \/>\n\u2013 Pon\u00fakan\u00e1 slu\u017eba OEM\/ODM<br \/>\n- K dispoz\u00edcii bezplatn\u00e1 vzorka<br \/>\n\u2013 Recykl\u00e1cia podprseniek<br \/>\n- 25-35 dn\u00ed pripraven\u00fd na prisp\u00f4soben\u00fa objedn\u00e1vku<br \/>\n- Prijmite prisp\u00f4sobenie (\u0161pecifik\u00e1cie, farba, dizajn at\u010f.)<\/p>\n<p>1) Najlep\u0161ie rie\u0161enia podprsenky na nosenie so \u0161atami bez chrbta, svadobn\u00fdmi \u0161atami, tri\u010dkami at\u010f<br \/>\n2) Bez\u0161vov\u00fd a bezdr\u00f4tov\u00fd dizajn pre slobodu<br \/>\n3) Hladk\u00e1 a jemn\u00e1 nylonov\u00e1 tkanina<br \/>\n4) M\u00f4\u017ee na \u0148om urobi\u0165 prisp\u00f4soben\u00fa l\u00e1tku alebo vzor<br \/>\n5) \u017diariv\u00e1 farba, proti vyblednutiu<br \/>\n6) DIY prisp\u00f4sobenie<\/p>\n<p>Ak chcete z\u00edska\u0165 ceny push up podprseniek bez ramienok, kontaktujte n\u00e1s.<\/p>","protected":false},"featured_media":2801,"comment_status":"open","ping_status":"closed","template":"","meta":[],"product_brand":[],"product_cat":[15],"product_tag":[],"class_list":{"0":"post-1402","1":"product","2":"type-product","3":"status-publish","4":"has-post-thumbnail","6":"product_cat-push-up-bra","8":"first","9":"instock","10":"shipping-taxable","11":"product-type-simple"},"_links":{"self":[{"href":"https:\/\/zaoyigarment.com\/sk\/wp-json\/wp\/v2\/product\/1402","targetHints":{"allow":["GET"]}}],"collection":[{"href":"https:\/\/zaoyigarment.com\/sk\/wp-json\/wp\/v2\/product"}],"about":[{"href":"https:\/\/zaoyigarment.com\/sk\/wp-json\/wp\/v2\/types\/product"}],"replies":[{"embeddable":true,"href":"https:\/\/zaoyigarment.com\/sk\/wp-json\/wp\/v2\/comments?post=1402"}],"wp:featuredmedia":[{"embeddable":true,"href":"https:\/\/zaoyigarment.com\/sk\/wp-json\/wp\/v2\/media\/2801"}],"wp:attachment":[{"href":"https:\/\/zaoyigarment.com\/sk\/wp-json\/wp\/v2\/media?parent=1402"}],"wp:term":[{"taxonomy":"product_brand","embeddable":true,"href":"https:\/\/zaoyigarment.com\/sk\/wp-json\/wp\/v2\/product_brand?post=1402"},{"taxonomy":"product_cat","embeddable":true,"href":"https:\/\/zaoyigarment.com\/sk\/wp-json\/wp\/v2\/product_cat?post=1402"},{"taxonomy":"product_tag","embeddable":true,"href":"https:\/\/zaoyigarment.com\/sk\/wp-json\/wp\/v2\/product_tag?post=1402"}],"curies":[{"name":"wp","href":"https:\/\/api.w.org\/{rel}","templated":true}]}}