 {"id":1397,"date":"2023-06-08T07:51:40","date_gmt":"2023-06-08T07:51:40","guid":{"rendered":"https:\/\/zaoyigarment.com\/?post_type=product&#038;p=1397"},"modified":"2026-04-17T01:01:15","modified_gmt":"2026-04-17T01:01:15","slug":"backless-bra","status":"publish","type":"product","link":"https:\/\/zaoyigarment.com\/sk\/manufacturer\/backless-bra\/","title":{"rendered":"Podprsenka bez chrbta | Podprsenka pre \u0161aty bez chrbta"},"content":{"rendered":"<ul class=\"a-unordered-list a-vertical a-spacing-mini\">\n<li><span class=\"a-list-item\"><strong>\ud83c\udf6a\u0160\u00c1LKA:<\/strong> 1\/2 \u0161\u00e1lky. Demi Bra<\/span><\/li>\n<li><span class=\"a-list-item\"><strong>\ud83c\udf6aBEZDR\u00d4TOV\u00c9:<\/strong> Nie<\/span><\/li>\n<li><span class=\"a-list-item\"><strong>\ud83c\udf6aFARBA PRODUKTU:<\/strong> Jase\u0148, uhl\u00edk, fazu\u013eov\u00e1 zelen\u00e1, ru\u017eov\u00e1, prisp\u00f4soben\u00e1.<\/span><\/li>\n<li><span class=\"a-list-item\">\ud83c\udf6a<strong>VE\u013dKOSTI:<\/strong> A B C D E F<\/span><\/li>\n<li><span class=\"a-list-item\">\ud83c\udf6a<strong>APLIK\u00c1CIA:<\/strong> Svadba, p\u00e1rty, banket, neform\u00e1lne at\u010f.<\/span><\/li>\n<li><span class=\"a-color-base\"><span class=\"a-list-item\"><strong>\ud83c\udf6aTYP L\u00c1TKY: <\/strong>81% Nylon, 19% Elastan<\/span><\/span><\/li>\n<li><span class=\"a-color-base\"><span class=\"a-list-item\"><strong>\ud83c\udf6aPOKYNY NA STAROSTLIVOS\u0164: <\/strong>Iba ru\u010dn\u00e9 um\u00fdvanie<\/span><\/span><\/li>\n<li><strong><span class=\"a-color-base\"><span class=\"a-list-item\">\ud83c\udf6a<\/span><\/span>D\u00d4LE\u017dIT\u00c9 TIPY:<\/strong><br \/>\nNevhodn\u00e9, ak m\u00e1te ko\u017en\u00e9 probl\u00e9my, alebo ke\u010f je va\u0161a poko\u017eka poranen\u00e1, infikovan\u00e1 alebo sp\u00e1len\u00e1 od slnka.<br \/>\nPros\u00edm, nepou\u017e\u00edvajte tento produkt, ak ste tehotn\u00e1 alebo doj\u010d\u00edte, ak ste alergick\u00fd na silikag\u00e9l, alebo ak ste ned\u00e1vno podst\u00fapili zv\u00e4\u010d\u0161enie alebo zmen\u0161enie prsn\u00edkov.<br \/>\nAk sa po\u010das pou\u017e\u00edvania tohto produktu vyskytn\u00fa ak\u00e9ko\u013evek ko\u017en\u00e9 abnormality, okam\u017eite presta\u0148te pou\u017e\u00edva\u0165 a ihne\u010f sa pora\u010fte so svoj\u00edm dermatol\u00f3gom alebo ko\u017en\u00fdm \u0161pecialistom.<\/li>\n<\/ul>\n<h2><\/h2>\n<h2>Tabu\u013eka ve\u013ekost\u00ed podprsenky s obr\u00e1zkami<\/h2>\n\t<div class=\"img has-hover x md-x lg-x y md-y lg-y\" id=\"image_97403764\">\n\t\t\t\t\t\t\t\t<div class=\"img-inner dark\" >\n\t\t\t<img loading=\"lazy\" decoding=\"async\" width=\"1020\" height=\"976\" src=\"https:\/\/zaoyigarment.com\/wp-content\/uploads\/2024\/01\/bra-size-calculator-1024x980.webp\" class=\"attachment-large size-large\" alt=\"kalkula\u010dka ve\u013ekosti podprsenky\" srcset=\"https:\/\/zaoyigarment.com\/wp-content\/uploads\/2024\/01\/bra-size-calculator-1024x980.webp 1024w, https:\/\/zaoyigarment.com\/wp-content\/uploads\/2024\/01\/bra-size-calculator-300x287.webp 300w, https:\/\/zaoyigarment.com\/wp-content\/uploads\/2024\/01\/bra-size-calculator-768x735.webp 768w, https:\/\/zaoyigarment.com\/wp-content\/uploads\/2024\/01\/bra-size-calculator-1536x1471.webp 1536w, https:\/\/zaoyigarment.com\/wp-content\/uploads\/2024\/01\/bra-size-calculator-600x575.webp 600w, https:\/\/zaoyigarment.com\/wp-content\/uploads\/2024\/01\/bra-size-calculator.webp 2000w\" sizes=\"auto, (max-width: 1020px) 100vw, 1020px\" \/>\t\t\t\t\t\t\n\t\t\t\t\t<\/div>\n\t\t\t\t\t\t\t\t\n<style>\n#image_97403764 {\n  width: 100%;\n}\n<\/style>\n\t<\/div>","protected":false},"excerpt":{"rendered":"<p>V\u00fdrobca a dod\u00e1vate\u013e podprsenky Zaoyi Custom v \u010c\u00edne<\/p>\n<p>- MOQ: 3000 ks<br \/>\n\u2013 Pon\u00fakan\u00e1 slu\u017eba OEM\/ODM<br \/>\n- K dispoz\u00edcii bezplatn\u00e1 vzorka<br \/>\n\u2013 Recykl\u00e1cia podprseniek<br \/>\n- 25-35 dn\u00ed pripraven\u00fd na prisp\u00f4soben\u00fa objedn\u00e1vku<br \/>\n- Prijmite prisp\u00f4sobenie (\u0161pecifik\u00e1cie, farba, dizajn at\u010f.)<\/p>\n<p>1) Najlep\u0161ie rie\u0161enia podprsenky na nosenie so \u0161atami bez chrbta, svadobn\u00fdmi \u0161atami, tri\u010dkami at\u010f<br \/>\n2) Bez\u0161vov\u00fd a podporn\u00fd dizajn pre pohodlie<br \/>\n3) Hladk\u00e1 a jemn\u00e1 nylonov\u00e1 tkanina<br \/>\n4) M\u00f4\u017ee urobi\u0165 prisp\u00f4soben\u00fa l\u00e1tku alebo vzor na podprsenke bez chrbta<br \/>\n5) \u017diariv\u00e1 farba, proti vyblednutiu<br \/>\n6) DIY prisp\u00f4sobenie<\/p>\n<p>Ak chcete z\u00edska\u0165 ceny podprsenky bez chrbta, kontaktujte n\u00e1s.<\/p>","protected":false},"featured_media":2796,"comment_status":"open","ping_status":"closed","template":"","meta":[],"product_brand":[],"product_cat":[37],"product_tag":[],"class_list":{"0":"post-1397","1":"product","2":"type-product","3":"status-publish","4":"has-post-thumbnail","6":"product_cat-backless-bra","8":"first","9":"instock","10":"shipping-taxable","11":"product-type-simple"},"_links":{"self":[{"href":"https:\/\/zaoyigarment.com\/sk\/wp-json\/wp\/v2\/product\/1397","targetHints":{"allow":["GET"]}}],"collection":[{"href":"https:\/\/zaoyigarment.com\/sk\/wp-json\/wp\/v2\/product"}],"about":[{"href":"https:\/\/zaoyigarment.com\/sk\/wp-json\/wp\/v2\/types\/product"}],"replies":[{"embeddable":true,"href":"https:\/\/zaoyigarment.com\/sk\/wp-json\/wp\/v2\/comments?post=1397"}],"wp:featuredmedia":[{"embeddable":true,"href":"https:\/\/zaoyigarment.com\/sk\/wp-json\/wp\/v2\/media\/2796"}],"wp:attachment":[{"href":"https:\/\/zaoyigarment.com\/sk\/wp-json\/wp\/v2\/media?parent=1397"}],"wp:term":[{"taxonomy":"product_brand","embeddable":true,"href":"https:\/\/zaoyigarment.com\/sk\/wp-json\/wp\/v2\/product_brand?post=1397"},{"taxonomy":"product_cat","embeddable":true,"href":"https:\/\/zaoyigarment.com\/sk\/wp-json\/wp\/v2\/product_cat?post=1397"},{"taxonomy":"product_tag","embeddable":true,"href":"https:\/\/zaoyigarment.com\/sk\/wp-json\/wp\/v2\/product_tag?post=1397"}],"curies":[{"name":"wp","href":"https:\/\/api.w.org\/{rel}","templated":true}]}}