 {"id":1393,"date":"2023-06-08T07:38:38","date_gmt":"2023-06-08T07:38:38","guid":{"rendered":"https:\/\/zaoyigarment.com\/?post_type=product&#038;p=1393"},"modified":"2026-05-05T12:19:44","modified_gmt":"2026-05-05T12:19:44","slug":"sticky-bra","status":"publish","type":"product","link":"https:\/\/zaoyigarment.com\/sk\/manufacturer\/sticky-bra\/","title":{"rendered":"Lepiaca podprsenka| Nalepovacia nevidite\u013en\u00e1 podprsenka Push Up silik\u00f3nov\u00e1 bielize\u0148"},"content":{"rendered":"<div id=\"featurebullets_feature_div\" class=\"celwidget\" data-feature-name=\"featurebullets\" data-csa-c-type=\"widget\" data-csa-c-content-id=\"featurebullets\" data-csa-c-slot-id=\"featurebullets_feature_div\" data-csa-c-asin=\"B07DF32D6Q\" data-csa-c-is-in-initial-active-row=\"false\" data-csa-c-id=\"3j0pnl-7cjnp-9t8psx-tspeog\">\n<div id=\"feature-bullets\" class=\"a-section a-spacing-medium a-spacing-top-small\">\n<div data-zone-id=\"0\" data-line-index=\"0\" data-line=\"true\">\n<ul>\n<li><span class=\"a-list-item\"><strong>S<\/strong><\/span><strong style=\"font-size: 14.4px;\">IZE:<\/strong><span style=\"font-size: 14.4px;\"> A\/B\/C\/D, prisp\u00f4soben\u00e9<\/span><\/li>\n<li><strong style=\"font-size: 14.4px;\">FARBA: <\/strong>Nah\u00e1 alebo prisp\u00f4soben\u00e1<\/li>\n<li><span class=\"a-list-item\"><strong>V\u00ddHODY:<\/strong> Padn\u00fa bez zanechania stopy, odolnos\u0165 proti potu, okr\u00fahly tvar, bezpe\u010dnos\u0165.<\/span><\/li>\n<li><span class=\"a-list-item\"><strong>M\u00d4\u017dETE SI VYBRA\u0164 R\u00d4ZNU HR\u00daBKU:<\/strong> Hr\u00fabka 0,5 cm, 1,0 cm, 1,5 cm, 2,0 cm si m\u00f4\u017eete vybra\u0165 alebo prisp\u00f4sobi\u0165.<\/span><\/li>\n<li><span class=\"a-list-item\"><strong>SP\u00d4SOB NOSENIA:<\/strong> Vlo\u017ete \u0161\u00e1lku tak, aby dr\u017eala vreckovku, upravte polohu, upevnite predn\u00fa sponu a pritla\u010dte predmety tak, aby dokonale sedeli.<\/span><\/li>\n<\/ul>\n<\/div>\n<ul class=\"a-unordered-list a-vertical a-spacing-mini\">\n<li><span class=\"a-list-item\"><strong>SP\u00d4SOB UM\u00ddVANIE:<\/strong> <\/span><\/li>\n<li><span class=\"a-list-item\">1.Pou\u017eite tepl\u00fa vodu alebo neutr\u00e1lny \u0161amp\u00f3n, sapon\u00e1t na um\u00fdvanie riadu na jemn\u00e9 vytvorenie peny a umyte kr\u00fa\u017eiv\u00fdmi pohybmi.<\/span><\/li>\n<li><span class=\"a-list-item\">2. Opl\u00e1chnite \u010distou vodou. D\u00e1vajte pozor, aby ste nepou\u017e\u00edvali nechty, aby ste sa neporanili.<\/span><\/li>\n<li>3.Po vy\u010disten\u00ed zaveste do sucha a vyh\u00fdbajte sa priamemu slne\u010dn\u00e9mu \u017eiareniu.<\/li>\n<li>4.Po vy\u010disten\u00ed a vysu\u0161en\u00ed nasa\u010fte ochrann\u00fa f\u00f3liu. Jedna strana strat\u00ed svoju lepivos\u0165, ak je zne\u010disten\u00e1 prachom. Skladovac\u00ed priestor by mal by\u0165 chr\u00e1nen\u00fd pred priamym slne\u010dn\u00fdm \u017eiaren\u00edm.<\/li>\n<\/ul>\n<ul>\n<li><strong>D\u00d4LE\u017dIT\u00c9 TIPY:<\/strong><br \/>\nNevhodn\u00e9, ak m\u00e1te ko\u017en\u00e9 probl\u00e9my, alebo ke\u010f je va\u0161a poko\u017eka poranen\u00e1, infikovan\u00e1 alebo sp\u00e1len\u00e1 od slnka.<br \/>\nPros\u00edm, nepou\u017e\u00edvajte tento produkt, ak ste tehotn\u00e1 alebo doj\u010d\u00edte, ak ste alergick\u00fd na silik\u00f3n alebo ak ste ned\u00e1vno podst\u00fapili oper\u00e1ciu na zv\u00e4\u010d\u0161enie alebo zmen\u0161enie prsn\u00edkov.<br \/>\nAk sa po\u010das pou\u017e\u00edvania tohto produktu vyskytn\u00fa ak\u00e9ko\u013evek ko\u017en\u00e9 abnormality, okam\u017eite presta\u0148te pou\u017e\u00edva\u0165 a ihne\u010f sa pora\u010fte so svoj\u00edm dermatol\u00f3gom alebo ko\u017en\u00fdm \u0161pecialistom.<\/li>\n<\/ul>\n<\/div>\n<\/div>\n<div id=\"acf-carousel_feature_div\" class=\"celwidget\" data-feature-name=\"acf-carousel\" data-csa-c-type=\"widget\" data-csa-c-content-id=\"acf-carousel\" data-csa-c-slot-id=\"acf-carousel_feature_div\" data-csa-c-asin=\"B07DF32D6Q\" data-csa-c-is-in-initial-active-row=\"false\" data-csa-c-id=\"oqpgyr-mh4egp-nntzd2-kyiiqq\"><\/div>\n<div id=\"provenanceCertifications_feature_div\" class=\"celwidget\" data-feature-name=\"provenanceCertifications\" data-csa-c-type=\"widget\" data-csa-c-content-id=\"provenanceCertifications\" data-csa-c-slot-id=\"provenanceCertifications_feature_div\" data-csa-c-asin=\"B07DF32D6Q\" data-csa-c-is-in-initial-active-row=\"false\" data-csa-c-id=\"6t8ho-xbknmj-nqaso5-ne24gd\">\n<div id=\"provenance-certifications\" class=\"a-section a-spacing-medium a-spacing-top-micro\"><\/div>\n<\/div>\n<h2>Tabu\u013eka ve\u013ekost\u00ed podprsenky s obr\u00e1zkami<\/h2>\n\t<div class=\"img has-hover x md-x lg-x y md-y lg-y\" id=\"image_1311452507\">\n\t\t\t\t\t\t\t\t<div class=\"img-inner dark\" >\n\t\t\t<img loading=\"lazy\" decoding=\"async\" width=\"1020\" height=\"976\" src=\"https:\/\/zaoyigarment.com\/wp-content\/uploads\/2024\/01\/bra-size-calculator-1024x980.webp\" class=\"attachment-large size-large\" alt=\"kalkula\u010dka ve\u013ekosti podprsenky\" srcset=\"https:\/\/zaoyigarment.com\/wp-content\/uploads\/2024\/01\/bra-size-calculator-1024x980.webp 1024w, https:\/\/zaoyigarment.com\/wp-content\/uploads\/2024\/01\/bra-size-calculator-300x287.webp 300w, https:\/\/zaoyigarment.com\/wp-content\/uploads\/2024\/01\/bra-size-calculator-768x735.webp 768w, https:\/\/zaoyigarment.com\/wp-content\/uploads\/2024\/01\/bra-size-calculator-1536x1471.webp 1536w, https:\/\/zaoyigarment.com\/wp-content\/uploads\/2024\/01\/bra-size-calculator-600x575.webp 600w, https:\/\/zaoyigarment.com\/wp-content\/uploads\/2024\/01\/bra-size-calculator.webp 2000w\" sizes=\"auto, (max-width: 1020px) 100vw, 1020px\" \/>\t\t\t\t\t\t\n\t\t\t\t\t<\/div>\n\t\t\t\t\t\t\t\t\n<style>\n#image_1311452507 {\n  width: 100%;\n}\n<\/style>\n\t<\/div>","protected":false},"excerpt":{"rendered":"<p>Zaoyi Custom Sticky Bra V\u00fdrobca a dod\u00e1vate\u013e v \u010c\u00edne<\/p>\n<p>- MOQ: 3000 ks<br \/>\n\u2013 Pon\u00fakan\u00e1 slu\u017eba OEM\/ODM<br \/>\n- K dispoz\u00edcii bezplatn\u00e1 vzorka<br \/>\n\u2013 Recykl\u00e1cia podprseniek<br \/>\n- 25-35 dn\u00ed pripraven\u00fd na prisp\u00f4soben\u00fa objedn\u00e1vku<br \/>\n- Prijmite prisp\u00f4sobenie (\u0161pecifik\u00e1cie, farba, dizajn at\u010f.)<\/p>\n<p>1) Najlep\u0161ie rie\u0161enia podprsenky na nosenie so svadobn\u00fdmi \u0161atami, \u0161atami bez chrbta, tri\u010dkom at\u010f<br \/>\n2) Bez\u0161vov\u00fd a bezdr\u00f4tov\u00fd dizajn pre slobodu<br \/>\n3) Hladk\u00fd a lek\u00e1rsky materi\u00e1l<br \/>\n4) Na podprsenku m\u00f4\u017eete urobi\u0165 prisp\u00f4soben\u00fa l\u00e1tku alebo vzor<br \/>\n5) \u017div\u00e1 farba pleti<br \/>\n6) DIY prisp\u00f4sobenie<\/p>\n<p>Ak chcete z\u00edska\u0165 ceny lepiacej podprsenky, kontaktujte n\u00e1s.<\/p>","protected":false},"featured_media":2791,"comment_status":"open","ping_status":"closed","template":"","meta":[],"product_brand":[],"product_cat":[36],"product_tag":[],"class_list":{"0":"post-1393","1":"product","2":"type-product","3":"status-publish","4":"has-post-thumbnail","6":"product_cat-sticky-bra","8":"first","9":"instock","10":"shipping-taxable","11":"product-type-simple"},"_links":{"self":[{"href":"https:\/\/zaoyigarment.com\/sk\/wp-json\/wp\/v2\/product\/1393","targetHints":{"allow":["GET"]}}],"collection":[{"href":"https:\/\/zaoyigarment.com\/sk\/wp-json\/wp\/v2\/product"}],"about":[{"href":"https:\/\/zaoyigarment.com\/sk\/wp-json\/wp\/v2\/types\/product"}],"replies":[{"embeddable":true,"href":"https:\/\/zaoyigarment.com\/sk\/wp-json\/wp\/v2\/comments?post=1393"}],"wp:featuredmedia":[{"embeddable":true,"href":"https:\/\/zaoyigarment.com\/sk\/wp-json\/wp\/v2\/media\/2791"}],"wp:attachment":[{"href":"https:\/\/zaoyigarment.com\/sk\/wp-json\/wp\/v2\/media?parent=1393"}],"wp:term":[{"taxonomy":"product_brand","embeddable":true,"href":"https:\/\/zaoyigarment.com\/sk\/wp-json\/wp\/v2\/product_brand?post=1393"},{"taxonomy":"product_cat","embeddable":true,"href":"https:\/\/zaoyigarment.com\/sk\/wp-json\/wp\/v2\/product_cat?post=1393"},{"taxonomy":"product_tag","embeddable":true,"href":"https:\/\/zaoyigarment.com\/sk\/wp-json\/wp\/v2\/product_tag?post=1393"}],"curies":[{"name":"wp","href":"https:\/\/api.w.org\/{rel}","templated":true}]}}