 {"id":3122,"date":"2025-09-10T08:08:06","date_gmt":"2025-09-10T08:08:06","guid":{"rendered":"https:\/\/zaoyigarment.com\/?post_type=product&#038;p=3122"},"modified":"2026-03-01T23:58:12","modified_gmt":"2026-03-01T23:58:12","slug":"pastie-nipple-breast-cover","status":"publish","type":"product","link":"https:\/\/zaoyigarment.com\/pt\/manufacturer\/pastie-nipple-breast-cover\/","title":{"rendered":"Pastie Capa de Mamilo para Seios para Vestido de Festa Suti\u00e3 Adesivo Mamilos Adesivos"},"content":{"rendered":"<ul class=\"a-unordered-list a-vertical a-spacing-mini\">\n<li><span class=\"a-list-item\"><strong>\ud83c\udf6aNOME:<\/strong> <a href=\"https:\/\/nipplecover.us\/product\/round-nonwoven-fabric-nipple-cover\/\" target=\"_blank\" rel=\"noopener\">capa de mamilo<\/a>, p\u00e9talas de seio, protetores de mamilo, cobertura de seio<\/span><\/li>\n<li><span class=\"a-list-item\"><strong>\ud83c\udf6aFORMAS:<\/strong>\u00a0 oval, <a href=\"https:\/\/zaoyigarment.com\/pt\/manufacturer\/butterfly-nipple-cover-sticky-bra-adhesive-bra-breast-covers-sexy-outfit\/\">qualquer forma<\/a><\/span><\/li>\n<li><span class=\"a-list-item\"><strong>\ud83c\udf6aSEM FIO:<\/strong> Sim<\/span><\/li>\n<li><span class=\"a-list-item\"><strong>\ud83c\udf6aCOR DO PRODUTO:<\/strong> nude, coco, marrom, preto, personalizado.<\/span><\/li>\n<li><span class=\"a-list-item\">\ud83c\udf6a<strong>TAMANHOS:<\/strong> personalizado<\/span><\/li>\n<li><span class=\"a-list-item\">\ud83c\udf6a<strong>APLICATIVO:<\/strong> casamento, roupa sexy, festa, banquete, casual, etc.<\/span><\/li>\n<li><span class=\"a-color-base\"><span class=\"a-color-base\"><span class=\"a-list-item\"><strong>\ud83c\udf6aTIPO DE MATERIAL:\u00a0 <\/strong><span class=\"product-composition-detail__component ng-star-inserted\" data-testid=\"composition-detail-component\">100% algod\u00e3o,\u00a0 MATERIAL ADICIONAL: 100% gel.<\/span><\/span><\/span><\/span><\/li>\n<li><span class=\"a-color-base\"><span class=\"a-list-item\"><strong>\ud83c\udf6aINSTRU\u00c7\u00d5ES DE CUIDADOS: <\/strong>uso \u00fanico<\/span><\/span><\/li>\n<li><strong><span class=\"a-color-base\"><span class=\"a-list-item\">\ud83c\udf6a<\/span><\/span>DICAS IMPORTANTES:<\/strong><br \/>\nN\u00e3o \u00e9 adequado se voc\u00ea tiver problemas de pele ou quando sua pele estiver ferida, infectada ou queimada de sol.<br \/>\nPor favor, n\u00e3o use este produto se estiver gr\u00e1vida ou amamentando, se for al\u00e9rgico a s\u00edlica gel ou se tiver feito recentemente uma cirurgia de aumento ou redu\u00e7\u00e3o de mama.<br \/>\nSe ocorrer alguma anormalidade na pele durante o uso deste produto, interrompa o uso imediatamente e consulte seu dermatologista ou especialista em pele imediatamente.<\/li>\n<\/ul>\n<p>&nbsp;<\/p>\n\t<div class=\"img has-hover x md-x lg-x y md-y lg-y\" id=\"image_1218738495\">\n\t\t\t\t\t\t\t\t<div class=\"img-inner dark\" >\n\t\t\t<img loading=\"lazy\" decoding=\"async\" width=\"1020\" height=\"1020\" src=\"https:\/\/zaoyigarment.com\/wp-content\/uploads\/2025\/09\/Pastie-Nipple-Breast-Cover-for-Dress-Party-Skin-Bra-Sticky-Nips-8-1024x1024.jpg\" class=\"attachment-large size-large\" alt=\"Protetor de Mamilo e Seio para Vestido Festa Suti\u00e3 de Pele Mamilos Adesivos 8\" srcset=\"https:\/\/zaoyigarment.com\/wp-content\/uploads\/2025\/09\/Pastie-Nipple-Breast-Cover-for-Dress-Party-Skin-Bra-Sticky-Nips-8-1024x1024.jpg 1024w, https:\/\/zaoyigarment.com\/wp-content\/uploads\/2025\/09\/Pastie-Nipple-Breast-Cover-for-Dress-Party-Skin-Bra-Sticky-Nips-8-300x300.jpg 300w, https:\/\/zaoyigarment.com\/wp-content\/uploads\/2025\/09\/Pastie-Nipple-Breast-Cover-for-Dress-Party-Skin-Bra-Sticky-Nips-8-150x150.jpg 150w, https:\/\/zaoyigarment.com\/wp-content\/uploads\/2025\/09\/Pastie-Nipple-Breast-Cover-for-Dress-Party-Skin-Bra-Sticky-Nips-8-768x768.jpg 768w, https:\/\/zaoyigarment.com\/wp-content\/uploads\/2025\/09\/Pastie-Nipple-Breast-Cover-for-Dress-Party-Skin-Bra-Sticky-Nips-8-12x12.jpg 12w, https:\/\/zaoyigarment.com\/wp-content\/uploads\/2025\/09\/Pastie-Nipple-Breast-Cover-for-Dress-Party-Skin-Bra-Sticky-Nips-8-600x600.jpg 600w, https:\/\/zaoyigarment.com\/wp-content\/uploads\/2025\/09\/Pastie-Nipple-Breast-Cover-for-Dress-Party-Skin-Bra-Sticky-Nips-8-100x100.jpg 100w, https:\/\/zaoyigarment.com\/wp-content\/uploads\/2025\/09\/Pastie-Nipple-Breast-Cover-for-Dress-Party-Skin-Bra-Sticky-Nips-8.jpg 1500w\" sizes=\"auto, (max-width: 1020px) 100vw, 1020px\" \/>\t\t\t\t\t\t\n\t\t\t\t\t<\/div>\n\t\t\t\t\t\t\t\t\n<style>\n#image_1218738495 {\n  width: 100%;\n}\n<\/style>\n\t<\/div>\n\t\n\t<div class=\"img has-hover x md-x lg-x y md-y lg-y\" id=\"image_647714140\">\n\t\t\t\t\t\t\t\t<div class=\"img-inner dark\" >\n\t\t\t<img loading=\"lazy\" decoding=\"async\" width=\"1020\" height=\"1020\" src=\"https:\/\/zaoyigarment.com\/wp-content\/uploads\/2025\/09\/Pastie-Nipple-Breast-Cover-for-Dress-Party-Skin-Bra-Sticky-Nips-3-1024x1024.jpg\" class=\"attachment-large size-large\" alt=\"Protetor de Mamilo e Seio para Vestido Festa Suti\u00e3 de Pele Mamilos Adesivos 3\" srcset=\"https:\/\/zaoyigarment.com\/wp-content\/uploads\/2025\/09\/Pastie-Nipple-Breast-Cover-for-Dress-Party-Skin-Bra-Sticky-Nips-3-1024x1024.jpg 1024w, https:\/\/zaoyigarment.com\/wp-content\/uploads\/2025\/09\/Pastie-Nipple-Breast-Cover-for-Dress-Party-Skin-Bra-Sticky-Nips-3-300x300.jpg 300w, https:\/\/zaoyigarment.com\/wp-content\/uploads\/2025\/09\/Pastie-Nipple-Breast-Cover-for-Dress-Party-Skin-Bra-Sticky-Nips-3-150x150.jpg 150w, https:\/\/zaoyigarment.com\/wp-content\/uploads\/2025\/09\/Pastie-Nipple-Breast-Cover-for-Dress-Party-Skin-Bra-Sticky-Nips-3-768x768.jpg 768w, https:\/\/zaoyigarment.com\/wp-content\/uploads\/2025\/09\/Pastie-Nipple-Breast-Cover-for-Dress-Party-Skin-Bra-Sticky-Nips-3-12x12.jpg 12w, https:\/\/zaoyigarment.com\/wp-content\/uploads\/2025\/09\/Pastie-Nipple-Breast-Cover-for-Dress-Party-Skin-Bra-Sticky-Nips-3-600x600.jpg 600w, https:\/\/zaoyigarment.com\/wp-content\/uploads\/2025\/09\/Pastie-Nipple-Breast-Cover-for-Dress-Party-Skin-Bra-Sticky-Nips-3-100x100.jpg 100w, https:\/\/zaoyigarment.com\/wp-content\/uploads\/2025\/09\/Pastie-Nipple-Breast-Cover-for-Dress-Party-Skin-Bra-Sticky-Nips-3.jpg 1500w\" sizes=\"auto, (max-width: 1020px) 100vw, 1020px\" \/>\t\t\t\t\t\t\n\t\t\t\t\t<\/div>\n\t\t\t\t\t\t\t\t\n<style>\n#image_647714140 {\n  width: 100%;\n}\n<\/style>\n\t<\/div>\n\t\n\t<div class=\"img has-hover x md-x lg-x y md-y lg-y\" id=\"image_158227412\">\n\t\t\t\t\t\t\t\t<div class=\"img-inner dark\" >\n\t\t\t<img loading=\"lazy\" decoding=\"async\" width=\"1020\" height=\"1020\" src=\"https:\/\/zaoyigarment.com\/wp-content\/uploads\/2025\/09\/Pastie-Nipple-Breast-Cover-for-Dress-Party-Skin-Bra-Sticky-Nips-2-1024x1024.jpg\" class=\"attachment-large size-large\" alt=\"Protetor de Mamilo e Seio para Vestido Festa Suti\u00e3 de Pele Mamilos Adesivos 2\" srcset=\"https:\/\/zaoyigarment.com\/wp-content\/uploads\/2025\/09\/Pastie-Nipple-Breast-Cover-for-Dress-Party-Skin-Bra-Sticky-Nips-2-1024x1024.jpg 1024w, https:\/\/zaoyigarment.com\/wp-content\/uploads\/2025\/09\/Pastie-Nipple-Breast-Cover-for-Dress-Party-Skin-Bra-Sticky-Nips-2-300x300.jpg 300w, https:\/\/zaoyigarment.com\/wp-content\/uploads\/2025\/09\/Pastie-Nipple-Breast-Cover-for-Dress-Party-Skin-Bra-Sticky-Nips-2-150x150.jpg 150w, https:\/\/zaoyigarment.com\/wp-content\/uploads\/2025\/09\/Pastie-Nipple-Breast-Cover-for-Dress-Party-Skin-Bra-Sticky-Nips-2-768x768.jpg 768w, https:\/\/zaoyigarment.com\/wp-content\/uploads\/2025\/09\/Pastie-Nipple-Breast-Cover-for-Dress-Party-Skin-Bra-Sticky-Nips-2-12x12.jpg 12w, https:\/\/zaoyigarment.com\/wp-content\/uploads\/2025\/09\/Pastie-Nipple-Breast-Cover-for-Dress-Party-Skin-Bra-Sticky-Nips-2-600x600.jpg 600w, https:\/\/zaoyigarment.com\/wp-content\/uploads\/2025\/09\/Pastie-Nipple-Breast-Cover-for-Dress-Party-Skin-Bra-Sticky-Nips-2-100x100.jpg 100w, https:\/\/zaoyigarment.com\/wp-content\/uploads\/2025\/09\/Pastie-Nipple-Breast-Cover-for-Dress-Party-Skin-Bra-Sticky-Nips-2.jpg 1500w\" sizes=\"auto, (max-width: 1020px) 100vw, 1020px\" \/>\t\t\t\t\t\t\n\t\t\t\t\t<\/div>\n\t\t\t\t\t\t\t\t\n<style>\n#image_158227412 {\n  width: 100%;\n}\n<\/style>\n\t<\/div>","protected":false},"excerpt":{"rendered":"<p>Fabricante e Fornecedor de Protetores de Mamilo e Seio Personalizados Zaoyi na China<\/p>\n<p>\u2013 MOQ: 1000pcs<br \/>\n\u2013 Servi\u00e7o OEM\/ODM oferecido<br \/>\n\u2013 Amostra gr\u00e1tis dispon\u00edvel<br \/>\n\u2013 Reciclagem de suti\u00e3<br \/>\n\u2013 25-35 dias de tempo de prepara\u00e7\u00e3o para pedidos personalizados<br \/>\n\u2013 Aceitar personaliza\u00e7\u00e3o (especifica\u00e7\u00f5es, cor, design, etc.)<\/p>\n<p>1) Melhores solu\u00e7\u00f5es de suti\u00e3 para usar com roupas sexy, vestidos sem costas, vestidos de noiva, camisetas, etc.<br \/>\n2) Design perfeito e de suporte para conforto<br \/>\n3)Gel suave e de qualidade m\u00e9dica<br \/>\n4)Pode fazer tecido ou padr\u00e3o personalizado na capa do mamilo<br \/>\n5)Cor vibrante, anti-desbotamento<br \/>\n6) Personaliza\u00e7\u00e3o fa\u00e7a voc\u00ea mesmo<\/p>\n<p>Se voc\u00ea quiser obter os pre\u00e7os dos protetores de mamilo e seio, entre em contato conosco. Obrigado.<\/p>","protected":false},"featured_media":3123,"comment_status":"open","ping_status":"closed","template":"","meta":[],"product_brand":[],"product_cat":[52],"product_tag":[],"class_list":{"0":"post-3122","1":"product","2":"type-product","3":"status-publish","4":"has-post-thumbnail","6":"product_cat-nipple-cover","8":"first","9":"instock","10":"shipping-taxable","11":"product-type-simple"},"_links":{"self":[{"href":"https:\/\/zaoyigarment.com\/pt\/wp-json\/wp\/v2\/product\/3122","targetHints":{"allow":["GET"]}}],"collection":[{"href":"https:\/\/zaoyigarment.com\/pt\/wp-json\/wp\/v2\/product"}],"about":[{"href":"https:\/\/zaoyigarment.com\/pt\/wp-json\/wp\/v2\/types\/product"}],"replies":[{"embeddable":true,"href":"https:\/\/zaoyigarment.com\/pt\/wp-json\/wp\/v2\/comments?post=3122"}],"wp:featuredmedia":[{"embeddable":true,"href":"https:\/\/zaoyigarment.com\/pt\/wp-json\/wp\/v2\/media\/3123"}],"wp:attachment":[{"href":"https:\/\/zaoyigarment.com\/pt\/wp-json\/wp\/v2\/media?parent=3122"}],"wp:term":[{"taxonomy":"product_brand","embeddable":true,"href":"https:\/\/zaoyigarment.com\/pt\/wp-json\/wp\/v2\/product_brand?post=3122"},{"taxonomy":"product_cat","embeddable":true,"href":"https:\/\/zaoyigarment.com\/pt\/wp-json\/wp\/v2\/product_cat?post=3122"},{"taxonomy":"product_tag","embeddable":true,"href":"https:\/\/zaoyigarment.com\/pt\/wp-json\/wp\/v2\/product_tag?post=3122"}],"curies":[{"name":"wp","href":"https:\/\/api.w.org\/{rel}","templated":true}]}}