 {"id":3086,"date":"2025-03-12T08:10:46","date_gmt":"2025-03-12T08:10:46","guid":{"rendered":"https:\/\/zaoyigarment.com\/?post_type=product&#038;p=3086"},"modified":"2026-05-05T12:17:56","modified_gmt":"2026-05-05T12:17:56","slug":"disposable-lift-pasties","status":"publish","type":"product","link":"https:\/\/zaoyigarment.com\/pt\/manufacturer\/disposable-lift-pasties\/","title":{"rendered":"Protetor de mamilo de tecido para adesivos de eleva\u00e7\u00e3o descart\u00e1veis"},"content":{"rendered":"<ul class=\"a-unordered-list a-vertical a-spacing-mini\">\n<li><span class=\"a-list-item\"><strong>\ud83c\udf6aNOME:<\/strong> <a href=\"https:\/\/nipplecover.us\/product\/5-pairs-silicone-nipple-cover\/\" target=\"_blank\" rel=\"noopener\">capa de mamilo<\/a>, p\u00e9talas de peito, adesivos para mamilos<\/span><\/li>\n<li><span class=\"a-list-item\"><strong>\ud83c\udf6aFORMAS:<\/strong> <a href=\"https:\/\/zaoyigarment.com\/pt\/manufacturer\/butterfly-nipple-cover-sticky-bra-adhesive-bra-breast-covers-sexy-outfit\/\">qualquer forma<\/a><\/span><\/li>\n<li><span class=\"a-list-item\"><strong>\ud83c\udf6aSEM FIO:<\/strong> Sim<\/span><\/li>\n<li><span class=\"a-list-item\"><strong>\ud83c\udf6aCOR DO PRODUTO:<\/strong> nude, coco, marrom, personalizado.<\/span><\/li>\n<li><span class=\"a-list-item\">\ud83c\udf6a<strong>TAMANHOS:<\/strong> personalizado<\/span><\/li>\n<li><span class=\"a-list-item\">\ud83c\udf6a<strong>APLICATIVO:<\/strong> casamento, roupa sexy, festa, banquete, casual, etc.<\/span><\/li>\n<li><span class=\"a-color-base\"><span class=\"a-color-base\"><span class=\"a-list-item\"><strong>\ud83c\udf6aTIPO DE MATERIAL:\u00a0 <\/strong><span class=\"product-composition-detail__component ng-star-inserted\" data-testid=\"composition-detail-component\">Poli\u00e9ster 100%, MATERIAL ADICIONAL: gel 100%.<\/span><\/span><\/span><\/span><\/li>\n<li><span class=\"a-color-base\"><span class=\"a-list-item\"><strong>\ud83c\udf6aINSTRU\u00c7\u00d5ES DE CUIDADOS: <\/strong>uso \u00fanico<\/span><\/span><\/li>\n<li><strong><span class=\"a-color-base\"><span class=\"a-list-item\">\ud83c\udf6a<\/span><\/span>DICAS IMPORTANTES:<\/strong><br \/>\nN\u00e3o \u00e9 adequado se voc\u00ea tiver problemas de pele ou quando sua pele estiver ferida, infectada ou queimada de sol.<br \/>\nPor favor, n\u00e3o use este produto se estiver gr\u00e1vida ou amamentando, se for al\u00e9rgico a s\u00edlica gel ou se tiver feito recentemente uma cirurgia de aumento ou redu\u00e7\u00e3o de mama.<br \/>\nSe ocorrer alguma anormalidade na pele durante o uso deste produto, interrompa o uso imediatamente e consulte seu dermatologista ou especialista em pele imediatamente.<\/li>\n<\/ul>\n<h2><\/h2>\n<h2>Tabela de tamanhos de suti\u00e3 com fotos<\/h2>\n\t<div class=\"img has-hover x md-x lg-x y md-y lg-y\" id=\"image_370137132\">\n\t\t\t\t\t\t\t\t<div class=\"img-inner dark\" >\n\t\t\t<img loading=\"lazy\" decoding=\"async\" width=\"1020\" height=\"1020\" src=\"https:\/\/zaoyigarment.com\/wp-content\/uploads\/2025\/03\/nipple-cover-1024x1024.webp\" class=\"attachment-large size-large\" alt=\"capa de mamilo\" srcset=\"https:\/\/zaoyigarment.com\/wp-content\/uploads\/2025\/03\/nipple-cover-1024x1024.webp 1024w, https:\/\/zaoyigarment.com\/wp-content\/uploads\/2025\/03\/nipple-cover-300x300.webp 300w, https:\/\/zaoyigarment.com\/wp-content\/uploads\/2025\/03\/nipple-cover-150x150.webp 150w, https:\/\/zaoyigarment.com\/wp-content\/uploads\/2025\/03\/nipple-cover-768x768.webp 768w, https:\/\/zaoyigarment.com\/wp-content\/uploads\/2025\/03\/nipple-cover-1536x1536.webp 1536w, https:\/\/zaoyigarment.com\/wp-content\/uploads\/2025\/03\/nipple-cover-2048x2048.webp 2048w, https:\/\/zaoyigarment.com\/wp-content\/uploads\/2025\/03\/nipple-cover-12x12.webp 12w, https:\/\/zaoyigarment.com\/wp-content\/uploads\/2025\/03\/nipple-cover-600x600.webp 600w, https:\/\/zaoyigarment.com\/wp-content\/uploads\/2025\/03\/nipple-cover-100x100.webp 100w\" sizes=\"auto, (max-width: 1020px) 100vw, 1020px\" \/>\t\t\t\t\t\t\n\t\t\t\t\t<\/div>\n\t\t\t\t\t\t\t\t\n<style>\n#image_370137132 {\n  width: 100%;\n}\n<\/style>\n\t<\/div>\n\t\n\t<div class=\"img has-hover x md-x lg-x y md-y lg-y\" id=\"image_1620920529\">\n\t\t\t\t\t\t\t\t<div class=\"img-inner dark\" >\n\t\t\t<img loading=\"lazy\" decoding=\"async\" width=\"1020\" height=\"1020\" src=\"https:\/\/zaoyigarment.com\/wp-content\/uploads\/2025\/03\/fabric-nipple-cover-1024x1024.webp\" class=\"attachment-large size-large\" alt=\"protetor de mamilo de tecido\" srcset=\"https:\/\/zaoyigarment.com\/wp-content\/uploads\/2025\/03\/fabric-nipple-cover-1024x1024.webp 1024w, https:\/\/zaoyigarment.com\/wp-content\/uploads\/2025\/03\/fabric-nipple-cover-300x300.webp 300w, https:\/\/zaoyigarment.com\/wp-content\/uploads\/2025\/03\/fabric-nipple-cover-150x150.webp 150w, https:\/\/zaoyigarment.com\/wp-content\/uploads\/2025\/03\/fabric-nipple-cover-768x768.webp 768w, https:\/\/zaoyigarment.com\/wp-content\/uploads\/2025\/03\/fabric-nipple-cover-12x12.webp 12w, https:\/\/zaoyigarment.com\/wp-content\/uploads\/2025\/03\/fabric-nipple-cover-600x600.webp 600w, https:\/\/zaoyigarment.com\/wp-content\/uploads\/2025\/03\/fabric-nipple-cover-100x100.webp 100w, https:\/\/zaoyigarment.com\/wp-content\/uploads\/2025\/03\/fabric-nipple-cover.webp 1500w\" sizes=\"auto, (max-width: 1020px) 100vw, 1020px\" \/>\t\t\t\t\t\t\n\t\t\t\t\t<\/div>\n\t\t\t\t\t\t\t\t\n<style>\n#image_1620920529 {\n  width: 100%;\n}\n<\/style>\n\t<\/div>\n\t\n\t<div class=\"img has-hover x md-x lg-x y md-y lg-y\" id=\"image_346630316\">\n\t\t\t\t\t\t\t\t<div class=\"img-inner dark\" >\n\t\t\t<img loading=\"lazy\" decoding=\"async\" width=\"1020\" height=\"1020\" src=\"https:\/\/zaoyigarment.com\/wp-content\/uploads\/2025\/03\/nipple-cover-2-1024x1024.webp\" class=\"attachment-large size-large\" alt=\"past\u00e9is descart\u00e1veis\" srcset=\"https:\/\/zaoyigarment.com\/wp-content\/uploads\/2025\/03\/nipple-cover-2-1024x1024.webp 1024w, https:\/\/zaoyigarment.com\/wp-content\/uploads\/2025\/03\/nipple-cover-2-300x300.webp 300w, https:\/\/zaoyigarment.com\/wp-content\/uploads\/2025\/03\/nipple-cover-2-150x150.webp 150w, https:\/\/zaoyigarment.com\/wp-content\/uploads\/2025\/03\/nipple-cover-2-768x768.webp 768w, https:\/\/zaoyigarment.com\/wp-content\/uploads\/2025\/03\/nipple-cover-2-1536x1536.webp 1536w, https:\/\/zaoyigarment.com\/wp-content\/uploads\/2025\/03\/nipple-cover-2-2048x2048.webp 2048w, https:\/\/zaoyigarment.com\/wp-content\/uploads\/2025\/03\/nipple-cover-2-12x12.webp 12w, https:\/\/zaoyigarment.com\/wp-content\/uploads\/2025\/03\/nipple-cover-2-600x600.webp 600w, https:\/\/zaoyigarment.com\/wp-content\/uploads\/2025\/03\/nipple-cover-2-100x100.webp 100w\" sizes=\"auto, (max-width: 1020px) 100vw, 1020px\" \/>\t\t\t\t\t\t\n\t\t\t\t\t<\/div>\n\t\t\t\t\t\t\t\t\n<style>\n#image_346630316 {\n  width: 100%;\n}\n<\/style>\n\t<\/div>\n\t\n\t<div class=\"img has-hover x md-x lg-x y md-y lg-y\" id=\"image_1205315210\">\n\t\t\t\t\t\t\t\t<div class=\"img-inner dark\" >\n\t\t\t<img loading=\"lazy\" decoding=\"async\" width=\"1020\" height=\"1020\" src=\"https:\/\/zaoyigarment.com\/wp-content\/uploads\/2025\/03\/how-to-use-1024x1024.webp\" class=\"attachment-large size-large\" alt=\"como usar\" srcset=\"https:\/\/zaoyigarment.com\/wp-content\/uploads\/2025\/03\/how-to-use-1024x1024.webp 1024w, https:\/\/zaoyigarment.com\/wp-content\/uploads\/2025\/03\/how-to-use-300x300.webp 300w, https:\/\/zaoyigarment.com\/wp-content\/uploads\/2025\/03\/how-to-use-150x150.webp 150w, https:\/\/zaoyigarment.com\/wp-content\/uploads\/2025\/03\/how-to-use-768x768.webp 768w, https:\/\/zaoyigarment.com\/wp-content\/uploads\/2025\/03\/how-to-use-12x12.webp 12w, https:\/\/zaoyigarment.com\/wp-content\/uploads\/2025\/03\/how-to-use-600x600.webp 600w, https:\/\/zaoyigarment.com\/wp-content\/uploads\/2025\/03\/how-to-use-100x100.webp 100w, https:\/\/zaoyigarment.com\/wp-content\/uploads\/2025\/03\/how-to-use.webp 1200w\" sizes=\"auto, (max-width: 1020px) 100vw, 1020px\" \/>\t\t\t\t\t\t\n\t\t\t\t\t<\/div>\n\t\t\t\t\t\t\t\t\n<style>\n#image_1205315210 {\n  width: 100%;\n}\n<\/style>\n\t<\/div>","protected":false},"excerpt":{"rendered":"<p>Zaoyi Custom Melhor Fabricante e Fornecedor de Pasties de Eleva\u00e7\u00e3o Descart\u00e1veis na China<\/p>\n<p>\u2013 Quantidade m\u00ednima: 3000 unidades<br \/>\n\u2013 Servi\u00e7o OEM\/ODM oferecido<br \/>\n\u2013 Amostra gr\u00e1tis dispon\u00edvel<br \/>\n\u2013 Reciclagem de suti\u00e3<br \/>\n\u2013 25-35 dias de tempo de prepara\u00e7\u00e3o para pedidos personalizados<br \/>\n\u2013 Aceitar personaliza\u00e7\u00e3o (especifica\u00e7\u00f5es, cor, design, etc.)<\/p>\n<p>1) Melhores solu\u00e7\u00f5es de suti\u00e3 para usar com roupas sexy, vestidos sem costas, vestidos de noiva, camisetas, etc.<br \/>\n2) Design perfeito e de suporte para conforto<br \/>\n3)Gel suave e de qualidade m\u00e9dica<br \/>\n4)Pode fazer tecido ou padr\u00e3o personalizado na capa do mamilo<br \/>\n5)Cor vibrante, anti-desbotamento<br \/>\n6) Personaliza\u00e7\u00e3o fa\u00e7a voc\u00ea mesmo<\/p>\n<p>Se voc\u00ea quiser obter os melhores pre\u00e7os de pasties de eleva\u00e7\u00e3o descart\u00e1veis, entre em contato conosco. Obrigado.<\/p>","protected":false},"featured_media":3087,"comment_status":"open","ping_status":"closed","template":"","meta":[],"product_brand":[],"product_cat":[52],"product_tag":[],"class_list":{"0":"post-3086","1":"product","2":"type-product","3":"status-publish","4":"has-post-thumbnail","6":"product_cat-nipple-cover","8":"first","9":"instock","10":"shipping-taxable","11":"product-type-simple"},"_links":{"self":[{"href":"https:\/\/zaoyigarment.com\/pt\/wp-json\/wp\/v2\/product\/3086","targetHints":{"allow":["GET"]}}],"collection":[{"href":"https:\/\/zaoyigarment.com\/pt\/wp-json\/wp\/v2\/product"}],"about":[{"href":"https:\/\/zaoyigarment.com\/pt\/wp-json\/wp\/v2\/types\/product"}],"replies":[{"embeddable":true,"href":"https:\/\/zaoyigarment.com\/pt\/wp-json\/wp\/v2\/comments?post=3086"}],"wp:featuredmedia":[{"embeddable":true,"href":"https:\/\/zaoyigarment.com\/pt\/wp-json\/wp\/v2\/media\/3087"}],"wp:attachment":[{"href":"https:\/\/zaoyigarment.com\/pt\/wp-json\/wp\/v2\/media?parent=3086"}],"wp:term":[{"taxonomy":"product_brand","embeddable":true,"href":"https:\/\/zaoyigarment.com\/pt\/wp-json\/wp\/v2\/product_brand?post=3086"},{"taxonomy":"product_cat","embeddable":true,"href":"https:\/\/zaoyigarment.com\/pt\/wp-json\/wp\/v2\/product_cat?post=3086"},{"taxonomy":"product_tag","embeddable":true,"href":"https:\/\/zaoyigarment.com\/pt\/wp-json\/wp\/v2\/product_tag?post=3086"}],"curies":[{"name":"wp","href":"https:\/\/api.w.org\/{rel}","templated":true}]}}