 {"id":2949,"date":"2024-09-30T02:30:51","date_gmt":"2024-09-30T02:30:51","guid":{"rendered":"https:\/\/zaoyigarment.com\/?post_type=product&#038;p=2949"},"modified":"2026-03-22T10:31:35","modified_gmt":"2026-03-22T10:31:35","slug":"breast-body-tape","status":"publish","type":"product","link":"https:\/\/zaoyigarment.com\/pt\/manufacturer\/breast-body-tape\/","title":{"rendered":"Fita adesiva para seios, fita para levantamento de seios, suti\u00e3 adesivo"},"content":{"rendered":"<div id=\"featurebullets_feature_div\" class=\"celwidget\" data-feature-name=\"featurebullets\" data-csa-c-type=\"widget\" data-csa-c-content-id=\"featurebullets\" data-csa-c-slot-id=\"featurebullets_feature_div\" data-csa-c-asin=\"B07DF32D6Q\" data-csa-c-is-in-initial-active-row=\"false\" data-csa-c-id=\"3j0pnl-7cjnp-9t8psx-tspeog\">\n<div id=\"feature-bullets\" class=\"a-section a-spacing-medium a-spacing-top-small\">\n<ul class=\"a-unordered-list a-vertical a-spacing-mini\">\n<li>\n<div data-zone-id=\"0\" data-line-index=\"0\" data-line=\"true\">\n<div data-zone-id=\"0\" data-line-index=\"0\" data-line=\"true\"><strong style=\"font-size: 14.4px;\">TAMANHO:<\/strong><span style=\"font-size: 14.4px;\"> A largura normal \u00e9 2,5 cm, 3,8 cm, 5 cm, 7,5 cm, 10 cm, o comprimento pode escolher 3M, 4M, 5M. O tamanho da caixa colorida interna \u00e9 7,5 * 6,5 * 7,5 cm, 11,5 * 8 * 8 cm. Tamanhos todos personalizados<\/span><\/div>\n<\/div>\n<\/li>\n<li><span class=\"a-list-item\"><strong>MATERIAL:<\/strong> Algod\u00e3o + elastano<\/span><\/li>\n<li><span class=\"a-list-item\"><strong>MAXIMIZAR A PORTABILIDADE:<\/strong> Facilite o armazenamento e o transporte<\/span><\/li>\n<li><span class=\"a-list-item\"><strong>DISPON\u00cdVEL A GRANEL:<\/strong> Oferecido em caixas de 1.000 unidades a granel com pre\u00e7os de atacado acess\u00edveis para garantir que voc\u00ea permane\u00e7a abastecido e dentro do or\u00e7amento<\/span><\/li>\n<li><span class=\"a-list-item\"><strong>PERFEITO PARA CASAMENTOS, EVENTOS ESPECIAIS E FESTAS COM SERVI\u00c7O:<\/strong> Traga uma confian\u00e7a inesquec\u00edvel quando voc\u00ea estiver no casamento, banquete e festa com estas fitas exclusivas<\/span><\/li>\n<li><strong>Pontas:<\/strong>Tenha em mente que este produto tem uma fixa\u00e7\u00e3o s\u00e9ria!<br \/>\nAlgumas mulheres t\u00eam pele fina ao redor da clav\u00edcula ou na parte superior do t\u00f3rax. N\u00e3o use o produto por mais de 8 horas. Tenha muito cuidado se decidir aplicar fita adesiva nessas \u00e1reas.<br \/>\nN\u00e3o exponha o produto \u00e0 exposi\u00e7\u00e3o prolongada ao sol ou ao calor durante o uso. Isso pode causar irrita\u00e7\u00e3o na pele. N\u00e3o tome sol no produto.<\/li>\n<li><b>Observe:<\/b><br \/>\n<b>Como evitar alergias de pele e problemas de lacrimejamento?<\/b><\/p>\n<ul>\n<li>Fa\u00e7a um teste simples de sensibilidade \u00e0 pele<\/li>\n<li>N\u00e3o deixe a fita permanecer na pele por mais de 12 horas<\/li>\n<li>N\u00e3o \u00e9 adequado para mulheres gr\u00e1vidas, lactantes ou pessoas com pele sens\u00edvel\/delicada<\/li>\n<li>Lembre-se de usar \u00e1gua morna ou \u00f3leo essencial para remover lenta e suavemente a fita mam\u00e1ria, o que ajuda a evitar rasgos na pele, pois arranc\u00e1-la muito rapidamente pode causar ferimentos. Voc\u00ea tamb\u00e9m pode tomar um banho quente para arrancar<\/li>\n<\/ul>\n<p><b>Como fazer um teste cut\u00e2neo f\u00e1cil para saber se sua pele \u00e9 sens\u00edvel ou n\u00e3o?<\/b><\/p>\n<ol>\n<li>Voc\u00ea pode cortar uma pequena tira de fita adesiva e col\u00e1-la na parte interna do bra\u00e7o e retir\u00e1-la ap\u00f3s 6 horas.<\/li>\n<li>Observe sua pele.<\/li>\n<li>Se voc\u00ea tiver uma rea\u00e7\u00e3o adversa ap\u00f3s o teste (como vermelhid\u00e3o, queima\u00e7\u00e3o ou desconforto), pare de usar esta fita imediatamente.<\/li>\n<\/ol>\n<\/li>\n<\/ul>\n<\/div>\n<\/div>\n\t<div class=\"img has-hover x md-x lg-x y md-y lg-y\" id=\"image_1245879847\">\n\t\t\t\t\t\t\t\t<div class=\"img-inner dark\" >\n\t\t\t<img loading=\"lazy\" decoding=\"async\" width=\"1020\" height=\"1020\" src=\"https:\/\/zaoyigarment.com\/wp-content\/uploads\/2024\/09\/how-to-use-bra-tape-1024x1024.webp\" class=\"attachment-large size-large\" alt=\"como usar fita de suti\u00e3\" srcset=\"https:\/\/zaoyigarment.com\/wp-content\/uploads\/2024\/09\/how-to-use-bra-tape-1024x1024.webp 1024w, https:\/\/zaoyigarment.com\/wp-content\/uploads\/2024\/09\/how-to-use-bra-tape-300x300.webp 300w, https:\/\/zaoyigarment.com\/wp-content\/uploads\/2024\/09\/how-to-use-bra-tape-150x150.webp 150w, https:\/\/zaoyigarment.com\/wp-content\/uploads\/2024\/09\/how-to-use-bra-tape-768x768.webp 768w, https:\/\/zaoyigarment.com\/wp-content\/uploads\/2024\/09\/how-to-use-bra-tape-1536x1536.webp 1536w, https:\/\/zaoyigarment.com\/wp-content\/uploads\/2024\/09\/how-to-use-bra-tape-2048x2048.webp 2048w, https:\/\/zaoyigarment.com\/wp-content\/uploads\/2024\/09\/how-to-use-bra-tape-12x12.webp 12w, https:\/\/zaoyigarment.com\/wp-content\/uploads\/2024\/09\/how-to-use-bra-tape-600x600.webp 600w, https:\/\/zaoyigarment.com\/wp-content\/uploads\/2024\/09\/how-to-use-bra-tape-100x100.webp 100w\" sizes=\"auto, (max-width: 1020px) 100vw, 1020px\" \/>\t\t\t\t\t\t\n\t\t\t\t\t<\/div>\n\t\t\t\t\t\t\t\t\n<style>\n#image_1245879847 {\n  width: 100%;\n}\n<\/style>\n\t<\/div>\n\t\n\t<div class=\"img has-hover x md-x lg-x y md-y lg-y\" id=\"image_1664307776\">\n\t\t\t\t\t\t\t\t<div class=\"img-inner dark\" >\n\t\t\t<img loading=\"lazy\" decoding=\"async\" width=\"1020\" height=\"1020\" src=\"https:\/\/zaoyigarment.com\/wp-content\/uploads\/2024\/09\/nude-bra-tape-1024x1024.webp\" class=\"attachment-large size-large\" alt=\"fita de suti\u00e3 nude\" srcset=\"https:\/\/zaoyigarment.com\/wp-content\/uploads\/2024\/09\/nude-bra-tape-1024x1024.webp 1024w, https:\/\/zaoyigarment.com\/wp-content\/uploads\/2024\/09\/nude-bra-tape-300x300.webp 300w, https:\/\/zaoyigarment.com\/wp-content\/uploads\/2024\/09\/nude-bra-tape-150x150.webp 150w, https:\/\/zaoyigarment.com\/wp-content\/uploads\/2024\/09\/nude-bra-tape-768x768.webp 768w, https:\/\/zaoyigarment.com\/wp-content\/uploads\/2024\/09\/nude-bra-tape-1536x1536.webp 1536w, https:\/\/zaoyigarment.com\/wp-content\/uploads\/2024\/09\/nude-bra-tape-2048x2048.webp 2048w, https:\/\/zaoyigarment.com\/wp-content\/uploads\/2024\/09\/nude-bra-tape-12x12.webp 12w, https:\/\/zaoyigarment.com\/wp-content\/uploads\/2024\/09\/nude-bra-tape-600x600.webp 600w, https:\/\/zaoyigarment.com\/wp-content\/uploads\/2024\/09\/nude-bra-tape-100x100.webp 100w\" sizes=\"auto, (max-width: 1020px) 100vw, 1020px\" \/>\t\t\t\t\t\t\n\t\t\t\t\t<\/div>\n\t\t\t\t\t\t\t\t\n<style>\n#image_1664307776 {\n  width: 100%;\n}\n<\/style>\n\t<\/div>","protected":false},"excerpt":{"rendered":"<p>Fabricante e fornecedor de fita adesiva personalizada Zaoyi na China<\/p>\n<p>\u2013 Quantidade m\u00ednima: 3000 unidades<br \/>\n\u2013 Servi\u00e7o OEM\/ODM oferecido<br \/>\n\u2013 Amostra gr\u00e1tis dispon\u00edvel<br \/>\n\u2013 Aceitar personaliza\u00e7\u00e3o (especifica\u00e7\u00f5es, cor, design, etc.)<\/p>\n<p>Se voc\u00ea quiser saber os pre\u00e7os das fitas adesivas para seios, entre em contato conosco.<\/p>","protected":false},"featured_media":2956,"comment_status":"open","ping_status":"closed","template":"","meta":[],"product_brand":[],"product_cat":[38],"product_tag":[],"class_list":{"0":"post-2949","1":"product","2":"type-product","3":"status-publish","4":"has-post-thumbnail","6":"product_cat-bra-tape","8":"first","9":"instock","10":"shipping-taxable","11":"product-type-simple"},"_links":{"self":[{"href":"https:\/\/zaoyigarment.com\/pt\/wp-json\/wp\/v2\/product\/2949","targetHints":{"allow":["GET"]}}],"collection":[{"href":"https:\/\/zaoyigarment.com\/pt\/wp-json\/wp\/v2\/product"}],"about":[{"href":"https:\/\/zaoyigarment.com\/pt\/wp-json\/wp\/v2\/types\/product"}],"replies":[{"embeddable":true,"href":"https:\/\/zaoyigarment.com\/pt\/wp-json\/wp\/v2\/comments?post=2949"}],"wp:featuredmedia":[{"embeddable":true,"href":"https:\/\/zaoyigarment.com\/pt\/wp-json\/wp\/v2\/media\/2956"}],"wp:attachment":[{"href":"https:\/\/zaoyigarment.com\/pt\/wp-json\/wp\/v2\/media?parent=2949"}],"wp:term":[{"taxonomy":"product_brand","embeddable":true,"href":"https:\/\/zaoyigarment.com\/pt\/wp-json\/wp\/v2\/product_brand?post=2949"},{"taxonomy":"product_cat","embeddable":true,"href":"https:\/\/zaoyigarment.com\/pt\/wp-json\/wp\/v2\/product_cat?post=2949"},{"taxonomy":"product_tag","embeddable":true,"href":"https:\/\/zaoyigarment.com\/pt\/wp-json\/wp\/v2\/product_tag?post=2949"}],"curies":[{"name":"wp","href":"https:\/\/api.w.org\/{rel}","templated":true}]}}