 {"id":2693,"date":"2024-08-16T02:21:54","date_gmt":"2024-08-16T02:21:54","guid":{"rendered":"https:\/\/zaoyigarment.com\/?post_type=product&#038;p=2693"},"modified":"2026-02-26T03:03:43","modified_gmt":"2026-02-26T03:03:43","slug":"double-side-sticky-bra-inserts-self-pads-for-small-chest-women-silicone-push-up-pad","status":"publish","type":"product","link":"https:\/\/zaoyigarment.com\/pt\/manufacturer\/double-side-sticky-bra-inserts-self-pads-for-small-chest-women-silicone-push-up-pad\/","title":{"rendered":"Almofadas adesivas duplas para suti\u00e3, almofadas de silicone para mulheres com seios pequenos"},"content":{"rendered":"<div id=\"text-4283354272\" class=\"text\">\n\t\t\n<div class=\"_1-Caexem\" tabindex=\"0\" role=\"button\" aria-label=\"$Ef\u00e1cil de usar: basta prender o extensor de suti\u00e3 aos ganchos do suti\u00e3 para uma extens\u00e3o instant\u00e2nea.\">\n<ul>\n<li class=\"_1-Caexem\" tabindex=\"0\" role=\"button\" aria-label=\"$Extensores de suti\u00e3 convenientes: Conjunto de 3 extensores de suti\u00e3 com material el\u00e1stico, facilitando o ajuste do tamanho da faixa do seu suti\u00e3 para um ajuste confort\u00e1vel.\"><strong>Almofadas de suti\u00e3 convenientes:<\/strong> Obtenha um decote bonito com um decote de apar\u00eancia natural enquanto experimenta um glorioso efeito push-up.<\/li>\n<li class=\"_1-Caexem\" tabindex=\"0\" role=\"button\" aria-label=\"$Extensores de suti\u00e3 convenientes: Conjunto de 3 extensores de suti\u00e3 com material el\u00e1stico, facilitando o ajuste do tamanho da faixa do seu suti\u00e3 para um ajuste confort\u00e1vel.\"><strong>Perfeito para look sem suti\u00e3: <\/strong><span class=\"a-list-item a-size-base a-color-base\">Aumente o volume de suti\u00e3s, biqu\u00ednis e mai\u00f4s com essas confort\u00e1veis almofadas de silicone.<\/span><\/li>\n<li class=\"_1-Caexem\" tabindex=\"0\" role=\"button\" aria-label=\"$Extensores de suti\u00e3 convenientes: Conjunto de 3 extensores de suti\u00e3 com material el\u00e1stico, facilitando o ajuste do tamanho da faixa do seu suti\u00e3 para um ajuste confort\u00e1vel.\"><strong>Confort\u00e1vel e macio:<\/strong> Feitos com materiais macios e confort\u00e1veis, esses suti\u00e3s n\u00e3o irritam a pele nem causam desconforto.<\/li>\n<li><strong>F\u00e1cil de usar:<\/strong> Coloque dentro do bojo do suti\u00e3 ou coloque no bolso do bojo do suti\u00e3. Tamb\u00e9m pode ser preso com alfinetes a um suti\u00e3 ou top de nata\u00e7\u00e3o para seguran\u00e7a (como ao nadar).<\/li>\n<li>\n<div class=\"a-fixed-left-grid-col a-col-left\"><strong><span class=\"a-color-base\">Instru\u00e7\u00f5es de cuidados: <\/span><\/strong><span style=\"font-size: 14.4px;\">Lave \u00e0 m\u00e3o submergindo em uma pia\/banheira com \u00e1gua fria e morna e algumas gotas de detergente. Esprema suavemente \u00e1gua com sab\u00e3o. Enx\u00e1gue bem. Coloque para secar.<\/span><\/div>\n<\/li>\n<\/ul>\n<h2><span id=\"types-of-bra-inserts\" class=\"mj-toc-section\">Tipos de inser\u00e7\u00f5es de suti\u00e3<\/span><\/h2>\n<p>Aqui est\u00e3o alguns tipos de inser\u00e7\u00f5es de suti\u00e3 dispon\u00edveis.<\/p>\n<ul>\n<li>Intensificadores de busto<\/li>\n<li>Inser\u00e7\u00f5es push-up<\/li>\n<li>Almofadas imperme\u00e1veis<\/li>\n<li>Inser\u00e7\u00f5es p\u00f3s-mastectomia<\/li>\n<li>Modeladores<\/li>\n<li>Almofadas de espuma<\/li>\n<\/ul>\n<h2><\/h2>\n<\/div>\n\t\t\n<style>\n#text-4283354272 {\n  line-height: 1.7;\n}\n<\/style>\n\t<\/div>","protected":false},"excerpt":{"rendered":"<p>Fabricante e fornecedor de inser\u00e7\u00f5es de suti\u00e3 adesivas personalizadas Zaoyi na China<\/p>\n<p>\u2013 Quantidade m\u00ednima: 3000 unidades<br \/>\n\u2013 Servi\u00e7o OEM\/ODM oferecido<br \/>\n\u2013 Amostra gr\u00e1tis dispon\u00edvel<br \/>\n\u2013 Reciclagem de suti\u00e3<br \/>\n\u2013 20-30 dias de tempo de prepara\u00e7\u00e3o para pedidos personalizados<br \/>\n\u2013 Aceitar personaliza\u00e7\u00e3o (especifica\u00e7\u00f5es, cor, design, etc.)<\/p>\n<p>1) Look sem suti\u00e3: Obtenha o visual sem suti\u00e3 sem sacrificar o conforto e o suporte.<br \/>\n2) Ajust\u00e1vel: ajuste facilmente a altura do seu suti\u00e3 para se adequar ao formato do seu corpo e obter o ajuste perfeito.<br \/>\n3) Confort\u00e1vel: Feito de material macio e natural, proporcionando conforto e suporte extras para seu suti\u00e3.<\/p>\n<p>Se voc\u00ea quiser saber os pre\u00e7os dos absorventes adesivos para suti\u00e3, entre em contato conosco.<\/p>","protected":false},"featured_media":2700,"comment_status":"open","ping_status":"closed","template":"","meta":[],"product_brand":[],"product_cat":[42],"product_tag":[],"class_list":{"0":"post-2693","1":"product","2":"type-product","3":"status-publish","4":"has-post-thumbnail","6":"product_cat-bra-inserts","8":"first","9":"instock","10":"shipping-taxable","11":"product-type-simple"},"_links":{"self":[{"href":"https:\/\/zaoyigarment.com\/pt\/wp-json\/wp\/v2\/product\/2693","targetHints":{"allow":["GET"]}}],"collection":[{"href":"https:\/\/zaoyigarment.com\/pt\/wp-json\/wp\/v2\/product"}],"about":[{"href":"https:\/\/zaoyigarment.com\/pt\/wp-json\/wp\/v2\/types\/product"}],"replies":[{"embeddable":true,"href":"https:\/\/zaoyigarment.com\/pt\/wp-json\/wp\/v2\/comments?post=2693"}],"wp:featuredmedia":[{"embeddable":true,"href":"https:\/\/zaoyigarment.com\/pt\/wp-json\/wp\/v2\/media\/2700"}],"wp:attachment":[{"href":"https:\/\/zaoyigarment.com\/pt\/wp-json\/wp\/v2\/media?parent=2693"}],"wp:term":[{"taxonomy":"product_brand","embeddable":true,"href":"https:\/\/zaoyigarment.com\/pt\/wp-json\/wp\/v2\/product_brand?post=2693"},{"taxonomy":"product_cat","embeddable":true,"href":"https:\/\/zaoyigarment.com\/pt\/wp-json\/wp\/v2\/product_cat?post=2693"},{"taxonomy":"product_tag","embeddable":true,"href":"https:\/\/zaoyigarment.com\/pt\/wp-json\/wp\/v2\/product_tag?post=2693"}],"curies":[{"name":"wp","href":"https:\/\/api.w.org\/{rel}","templated":true}]}}