 {"id":2682,"date":"2024-08-12T08:28:32","date_gmt":"2024-08-12T08:28:32","guid":{"rendered":"https:\/\/zaoyigarment.com\/?post_type=product&#038;p=2682"},"modified":"2026-01-22T13:09:35","modified_gmt":"2026-01-22T13:09:35","slug":"fabric-nipple-cover","status":"publish","type":"product","link":"https:\/\/zaoyigarment.com\/pt\/manufacturer\/fabric-nipple-cover\/","title":{"rendered":"Tecido Protetor de Mamilo Nude Seio P\u00e9tala Protetores de Mamilo Autoadesivos Protetores de Mamilo Pasties"},"content":{"rendered":"<ul class=\"a-unordered-list a-vertical a-spacing-mini\">\n<li><span class=\"a-list-item\"><strong>\ud83c\udf6aNOME:<\/strong> protetores de mamilo, p\u00e9talas de peito, adesivos para mamilos<\/span><\/li>\n<li><span class=\"a-list-item\"><strong>\ud83c\udf6aFORMAS:<\/strong> <a href=\"https:\/\/zaoyigarment.com\/pt\/manufacturer\/sexy-bra-breast-boob-covers-colorful-fun-nipple-covers\/\">qualquer forma<\/a><\/span><\/li>\n<li><span class=\"a-list-item\"><strong>\ud83c\udf6aSEM FIO:<\/strong> Sim<\/span><\/li>\n<li><span class=\"a-list-item\"><strong>\ud83c\udf6aCOR DO PRODUTO:<\/strong> nude, preto, marrom, personalizado.<\/span><\/li>\n<li><span class=\"a-list-item\">\ud83c\udf6a<strong>TAMANHOS:<\/strong> personalizado<\/span><\/li>\n<li><span class=\"a-list-item\">\ud83c\udf6a<strong>APLICATIVO:<\/strong> roupa sexy, festa, banquete, casual etc.<\/span><\/li>\n<li><span class=\"a-color-base\"><span class=\"a-list-item\"><strong>\ud83c\udf6aTIPO DE MATERIAL: <\/strong>cetim<\/span><\/span><\/li>\n<li><span class=\"a-color-base\"><span class=\"a-list-item\"><strong>\ud83c\udf6aINSTRU\u00c7\u00d5ES DE CUIDADOS: <\/strong>descart\u00e1vel<\/span><\/span><\/li>\n<li><strong><span class=\"a-color-base\"><span class=\"a-list-item\">\ud83c\udf6a<\/span><\/span>DICAS IMPORTANTES:<\/strong><br \/>\nN\u00e3o \u00e9 adequado se voc\u00ea tiver problemas de pele ou quando sua pele estiver ferida, infectada ou queimada de sol.<br \/>\nPor favor, n\u00e3o use este produto se estiver gr\u00e1vida ou amamentando, se for al\u00e9rgico a s\u00edlica gel ou se tiver feito recentemente uma cirurgia de aumento ou redu\u00e7\u00e3o de mama.<br \/>\nSe ocorrer alguma anormalidade na pele durante o uso deste produto, interrompa o uso imediatamente e consulte seu dermatologista ou especialista em pele imediatamente.<\/li>\n<\/ul>\n<h2><\/h2>\n<h2>Tabela de tamanhos de suti\u00e3 com fotos<\/h2>\n\t<div class=\"img has-hover x md-x lg-x y md-y lg-y\" id=\"image_1392481202\">\n\t\t\t\t\t\t\t\t<div class=\"img-inner dark\" >\n\t\t\t<img loading=\"lazy\" decoding=\"async\" width=\"1000\" height=\"1000\" src=\"https:\/\/zaoyigarment.com\/wp-content\/uploads\/2024\/08\/satin-nipple-covers-1.webp\" class=\"attachment-large size-large\" alt=\"\" srcset=\"https:\/\/zaoyigarment.com\/wp-content\/uploads\/2024\/08\/satin-nipple-covers-1.webp 1000w, https:\/\/zaoyigarment.com\/wp-content\/uploads\/2024\/08\/satin-nipple-covers-1-300x300.webp 300w, https:\/\/zaoyigarment.com\/wp-content\/uploads\/2024\/08\/satin-nipple-covers-1-150x150.webp 150w, https:\/\/zaoyigarment.com\/wp-content\/uploads\/2024\/08\/satin-nipple-covers-1-768x768.webp 768w, https:\/\/zaoyigarment.com\/wp-content\/uploads\/2024\/08\/satin-nipple-covers-1-12x12.webp 12w, https:\/\/zaoyigarment.com\/wp-content\/uploads\/2024\/08\/satin-nipple-covers-1-600x600.webp 600w, https:\/\/zaoyigarment.com\/wp-content\/uploads\/2024\/08\/satin-nipple-covers-1-100x100.webp 100w\" sizes=\"auto, (max-width: 1000px) 100vw, 1000px\" \/>\t\t\t\t\t\t\n\t\t\t\t\t<\/div>\n\t\t\t\t\t\t\t\t\n<style>\n#image_1392481202 {\n  width: 100%;\n}\n<\/style>\n\t<\/div>\n\t\n\t<div class=\"img has-hover x md-x lg-x y md-y lg-y\" id=\"image_1524754648\">\n\t\t\t\t\t\t\t\t<div class=\"img-inner dark\" >\n\t\t\t<img loading=\"lazy\" decoding=\"async\" width=\"1000\" height=\"1000\" src=\"https:\/\/zaoyigarment.com\/wp-content\/uploads\/2024\/08\/nipple-cover-sets.webp\" class=\"attachment-large size-large\" alt=\"conjuntos de protetores de mamilo\" srcset=\"https:\/\/zaoyigarment.com\/wp-content\/uploads\/2024\/08\/nipple-cover-sets.webp 1000w, https:\/\/zaoyigarment.com\/wp-content\/uploads\/2024\/08\/nipple-cover-sets-300x300.webp 300w, https:\/\/zaoyigarment.com\/wp-content\/uploads\/2024\/08\/nipple-cover-sets-150x150.webp 150w, https:\/\/zaoyigarment.com\/wp-content\/uploads\/2024\/08\/nipple-cover-sets-768x768.webp 768w, https:\/\/zaoyigarment.com\/wp-content\/uploads\/2024\/08\/nipple-cover-sets-12x12.webp 12w, https:\/\/zaoyigarment.com\/wp-content\/uploads\/2024\/08\/nipple-cover-sets-600x600.webp 600w, https:\/\/zaoyigarment.com\/wp-content\/uploads\/2024\/08\/nipple-cover-sets-100x100.webp 100w\" sizes=\"auto, (max-width: 1000px) 100vw, 1000px\" \/>\t\t\t\t\t\t\n\t\t\t\t\t<\/div>\n\t\t\t\t\t\t\t\t\n<style>\n#image_1524754648 {\n  width: 100%;\n}\n<\/style>\n\t<\/div>","protected":false},"excerpt":{"rendered":"<p>Fabricante e fornecedor de protetores de mamilos de tecido personalizado Zaoyi na China<\/p>\n<p>\u2013 Quantidade m\u00ednima: 3000 unidades<br \/>\n\u2013 Servi\u00e7o OEM\/ODM oferecido<br \/>\n\u2013 Amostra gr\u00e1tis dispon\u00edvel<br \/>\n\u2013 Reciclagem de suti\u00e3<br \/>\n\u2013 25-35 dias de tempo de prepara\u00e7\u00e3o para pedidos personalizados<br \/>\n\u2013 Aceitar personaliza\u00e7\u00e3o (especifica\u00e7\u00f5es, cor, design, etc.)<\/p>\n<p>1) Melhores solu\u00e7\u00f5es de suti\u00e3 para usar com roupas sensuais, vestidos sem costas, vestidos de noiva, camisetas etc.<br \/>\n2) Design perfeito e de suporte para conforto<br \/>\n3)Gel suave e de qualidade m\u00e9dica<br \/>\n4)Pode fazer tecido ou padr\u00e3o personalizado na capa do mamilo<br \/>\n5)Cor vibrante, anti-desbotamento<br \/>\n6) Personaliza\u00e7\u00e3o fa\u00e7a voc\u00ea mesmo<\/p>\n<p>Se voc\u00ea quiser obter pre\u00e7os de protetores de mamilo de tecido, entre em contato conosco.<\/p>","protected":false},"featured_media":2723,"comment_status":"open","ping_status":"closed","template":"","meta":[],"product_brand":[],"product_cat":[52],"product_tag":[],"class_list":{"0":"post-2682","1":"product","2":"type-product","3":"status-publish","4":"has-post-thumbnail","6":"product_cat-nipple-cover","8":"first","9":"instock","10":"shipping-taxable","11":"product-type-simple"},"_links":{"self":[{"href":"https:\/\/zaoyigarment.com\/pt\/wp-json\/wp\/v2\/product\/2682","targetHints":{"allow":["GET"]}}],"collection":[{"href":"https:\/\/zaoyigarment.com\/pt\/wp-json\/wp\/v2\/product"}],"about":[{"href":"https:\/\/zaoyigarment.com\/pt\/wp-json\/wp\/v2\/types\/product"}],"replies":[{"embeddable":true,"href":"https:\/\/zaoyigarment.com\/pt\/wp-json\/wp\/v2\/comments?post=2682"}],"wp:featuredmedia":[{"embeddable":true,"href":"https:\/\/zaoyigarment.com\/pt\/wp-json\/wp\/v2\/media\/2723"}],"wp:attachment":[{"href":"https:\/\/zaoyigarment.com\/pt\/wp-json\/wp\/v2\/media?parent=2682"}],"wp:term":[{"taxonomy":"product_brand","embeddable":true,"href":"https:\/\/zaoyigarment.com\/pt\/wp-json\/wp\/v2\/product_brand?post=2682"},{"taxonomy":"product_cat","embeddable":true,"href":"https:\/\/zaoyigarment.com\/pt\/wp-json\/wp\/v2\/product_cat?post=2682"},{"taxonomy":"product_tag","embeddable":true,"href":"https:\/\/zaoyigarment.com\/pt\/wp-json\/wp\/v2\/product_tag?post=2682"}],"curies":[{"name":"wp","href":"https:\/\/api.w.org\/{rel}","templated":true}]}}