 {"id":2639,"date":"2024-08-07T09:06:02","date_gmt":"2024-08-07T09:06:02","guid":{"rendered":"https:\/\/zaoyigarment.com\/?post_type=product&#038;p=2639"},"modified":"2026-01-05T13:49:48","modified_gmt":"2026-01-05T13:49:48","slug":"front-closure-bras","status":"publish","type":"product","link":"https:\/\/zaoyigarment.com\/pt\/manufacturer\/front-closure-bras\/","title":{"rendered":"Suti\u00e3s de fechamento frontal Nude Preto Suti\u00e3 sem al\u00e7as sem costas para vestido sem costas"},"content":{"rendered":"<ul class=\"a-unordered-list a-vertical a-spacing-mini\">\n<li><span class=\"a-list-item\"><strong>\ud83c\udf6aCOPA:<\/strong> completo<\/span><\/li>\n<li><span class=\"a-list-item\"><strong>\ud83c\udf6aSEM FIO:<\/strong> N\u00e3o<\/span><\/li>\n<li><span class=\"a-list-item\"><strong>\ud83c\udf6aCOR DO PRODUTO:<\/strong> Nude, preto ou personalizado.<\/span><\/li>\n<li><span class=\"a-list-item\">\ud83c\udf6a<strong>TAMANHOS:<\/strong> A\/B\/C\/D\/E\/F<\/span><\/li>\n<li><span class=\"a-list-item\">\ud83c\udf6a<strong>APLICATIVO:<\/strong> Casamento, festa, banquete, casual, etc.<\/span><\/li>\n<li><span class=\"a-color-base\"><span class=\"a-list-item\"><strong>\ud83c\udf6aTIPO DE TECIDO: <\/strong>81% Nylon, 19% Elastano<\/span><\/span><\/li>\n<li><span class=\"a-color-base\"><span class=\"a-list-item\"><strong>\ud83c\udf6aINSTRU\u00c7\u00d5ES DE CUIDADOS: <\/strong>S\u00f3 lavar as m\u00e3os<\/span><\/span><\/li>\n<li><strong><span class=\"a-color-base\"><span class=\"a-list-item\">\ud83c\udf6a<\/span><\/span>DICAS IMPORTANTES:<\/strong><br \/>\nN\u00e3o \u00e9 adequado se voc\u00ea tiver problemas de pele ou quando sua pele estiver ferida, infectada ou queimada de sol.<br \/>\nPor favor, n\u00e3o use este produto se estiver gr\u00e1vida ou amamentando, se for al\u00e9rgico a s\u00edlica gel ou se tiver feito recentemente uma cirurgia de aumento ou redu\u00e7\u00e3o de mama.<br \/>\nSe ocorrer alguma anormalidade na pele durante o uso deste produto, interrompa o uso imediatamente e consulte seu dermatologista ou especialista em pele imediatamente.<\/li>\n<\/ul>\n\t<div class=\"img has-hover x md-x lg-x y md-y lg-y\" id=\"image_461218861\">\n\t\t\t\t\t\t\t\t<div class=\"img-inner dark\" >\n\t\t\t<img loading=\"lazy\" decoding=\"async\" width=\"1020\" height=\"1020\" src=\"https:\/\/zaoyigarment.com\/wp-content\/uploads\/2024\/08\/specifics-1024x1024.webp\" class=\"attachment-large size-large\" alt=\"Especificidades\" srcset=\"https:\/\/zaoyigarment.com\/wp-content\/uploads\/2024\/08\/specifics-1024x1024.webp 1024w, https:\/\/zaoyigarment.com\/wp-content\/uploads\/2024\/08\/specifics-300x300.webp 300w, https:\/\/zaoyigarment.com\/wp-content\/uploads\/2024\/08\/specifics-150x150.webp 150w, https:\/\/zaoyigarment.com\/wp-content\/uploads\/2024\/08\/specifics-768x768.webp 768w, https:\/\/zaoyigarment.com\/wp-content\/uploads\/2024\/08\/specifics-1536x1536.webp 1536w, https:\/\/zaoyigarment.com\/wp-content\/uploads\/2024\/08\/specifics-2048x2048.webp 2048w, https:\/\/zaoyigarment.com\/wp-content\/uploads\/2024\/08\/specifics-12x12.webp 12w, https:\/\/zaoyigarment.com\/wp-content\/uploads\/2024\/08\/specifics-600x600.webp 600w, https:\/\/zaoyigarment.com\/wp-content\/uploads\/2024\/08\/specifics-100x100.webp 100w\" sizes=\"auto, (max-width: 1020px) 100vw, 1020px\" \/>\t\t\t\t\t\t\n\t\t\t\t\t<\/div>\n\t\t\t\t\t\t\t\t\n<style>\n#image_461218861 {\n  width: 100%;\n}\n<\/style>\n\t<\/div>\n\t\n\t<div class=\"img has-hover x md-x lg-x y md-y lg-y\" id=\"image_1843723237\">\n\t\t\t\t\t\t\t\t<div class=\"img-inner dark\" >\n\t\t\t<img loading=\"lazy\" decoding=\"async\" width=\"1020\" height=\"1020\" src=\"https:\/\/zaoyigarment.com\/wp-content\/uploads\/2024\/08\/Reusable-1024x1024.webp\" class=\"attachment-large size-large\" alt=\"Reutiliz\u00e1vel\" srcset=\"https:\/\/zaoyigarment.com\/wp-content\/uploads\/2024\/08\/Reusable-1024x1024.webp 1024w, https:\/\/zaoyigarment.com\/wp-content\/uploads\/2024\/08\/Reusable-300x300.webp 300w, https:\/\/zaoyigarment.com\/wp-content\/uploads\/2024\/08\/Reusable-150x150.webp 150w, https:\/\/zaoyigarment.com\/wp-content\/uploads\/2024\/08\/Reusable-768x768.webp 768w, https:\/\/zaoyigarment.com\/wp-content\/uploads\/2024\/08\/Reusable-1536x1536.webp 1536w, https:\/\/zaoyigarment.com\/wp-content\/uploads\/2024\/08\/Reusable-2048x2048.webp 2048w, https:\/\/zaoyigarment.com\/wp-content\/uploads\/2024\/08\/Reusable-12x12.webp 12w, https:\/\/zaoyigarment.com\/wp-content\/uploads\/2024\/08\/Reusable-600x600.webp 600w, https:\/\/zaoyigarment.com\/wp-content\/uploads\/2024\/08\/Reusable-100x100.webp 100w\" sizes=\"auto, (max-width: 1020px) 100vw, 1020px\" \/>\t\t\t\t\t\t\n\t\t\t\t\t<\/div>\n\t\t\t\t\t\t\t\t\n<style>\n#image_1843723237 {\n  width: 100%;\n}\n<\/style>\n\t<\/div>\n\t\n\t<div class=\"img has-hover x md-x lg-x y md-y lg-y\" id=\"image_23529338\">\n\t\t\t\t\t\t\t\t<div class=\"img-inner dark\" >\n\t\t\t<img loading=\"lazy\" decoding=\"async\" width=\"1020\" height=\"1020\" src=\"https:\/\/zaoyigarment.com\/wp-content\/uploads\/2024\/08\/size-chart-1024x1024.webp\" class=\"attachment-large size-large\" alt=\"tabela de tamanhos\" srcset=\"https:\/\/zaoyigarment.com\/wp-content\/uploads\/2024\/08\/size-chart-1024x1024.webp 1024w, https:\/\/zaoyigarment.com\/wp-content\/uploads\/2024\/08\/size-chart-300x300.webp 300w, https:\/\/zaoyigarment.com\/wp-content\/uploads\/2024\/08\/size-chart-150x150.webp 150w, https:\/\/zaoyigarment.com\/wp-content\/uploads\/2024\/08\/size-chart-768x768.webp 768w, https:\/\/zaoyigarment.com\/wp-content\/uploads\/2024\/08\/size-chart-1536x1536.webp 1536w, https:\/\/zaoyigarment.com\/wp-content\/uploads\/2024\/08\/size-chart-2048x2048.webp 2048w, https:\/\/zaoyigarment.com\/wp-content\/uploads\/2024\/08\/size-chart-12x12.webp 12w, https:\/\/zaoyigarment.com\/wp-content\/uploads\/2024\/08\/size-chart-600x600.webp 600w, https:\/\/zaoyigarment.com\/wp-content\/uploads\/2024\/08\/size-chart-100x100.webp 100w\" sizes=\"auto, (max-width: 1020px) 100vw, 1020px\" \/>\t\t\t\t\t\t\n\t\t\t\t\t<\/div>\n\t\t\t\t\t\t\t\t\n<style>\n#image_23529338 {\n  width: 100%;\n}\n<\/style>\n\t<\/div>","protected":false},"excerpt":{"rendered":"<p>Fabricante e fornecedor de suti\u00e3 sem costas personalizado Zaoyi na China<\/p>\n<p>\u2013 Quantidade m\u00ednima: 3000 unidades<br \/>\n\u2013 Servi\u00e7o OEM\/ODM oferecido<br \/>\n\u2013 Amostra gr\u00e1tis dispon\u00edvel<br \/>\n\u2013 Reciclagem de suti\u00e3<br \/>\n\u2013 25-35 dias de tempo de prepara\u00e7\u00e3o para pedidos personalizados<br \/>\n\u2013 Aceitar personaliza\u00e7\u00e3o (especifica\u00e7\u00f5es, cor, design, etc.)<\/p>\n<p>1) Melhores solu\u00e7\u00f5es de suti\u00e3 para usar com vestido sem costas, vestido de noiva, camiseta etc.<br \/>\n2) Design perfeito e de suporte para conforto<br \/>\n3)Tecido de nylon suave e delicado<br \/>\n4)Pode fazer tecido ou padr\u00e3o personalizado no suti\u00e3 sem costas<br \/>\n5)Cor vibrante, anti-desbotamento<br \/>\n6) Personaliza\u00e7\u00e3o fa\u00e7a voc\u00ea mesmo<\/p>\n<p>Se voc\u00ea deseja obter pre\u00e7os de suti\u00e3s sem costas, entre em contato conosco.<\/p>","protected":false},"featured_media":2643,"comment_status":"open","ping_status":"closed","template":"","meta":[],"product_brand":[],"product_cat":[37],"product_tag":[],"class_list":{"0":"post-2639","1":"product","2":"type-product","3":"status-publish","4":"has-post-thumbnail","6":"product_cat-backless-bra","8":"first","9":"instock","10":"shipping-taxable","11":"product-type-simple"},"_links":{"self":[{"href":"https:\/\/zaoyigarment.com\/pt\/wp-json\/wp\/v2\/product\/2639","targetHints":{"allow":["GET"]}}],"collection":[{"href":"https:\/\/zaoyigarment.com\/pt\/wp-json\/wp\/v2\/product"}],"about":[{"href":"https:\/\/zaoyigarment.com\/pt\/wp-json\/wp\/v2\/types\/product"}],"replies":[{"embeddable":true,"href":"https:\/\/zaoyigarment.com\/pt\/wp-json\/wp\/v2\/comments?post=2639"}],"wp:featuredmedia":[{"embeddable":true,"href":"https:\/\/zaoyigarment.com\/pt\/wp-json\/wp\/v2\/media\/2643"}],"wp:attachment":[{"href":"https:\/\/zaoyigarment.com\/pt\/wp-json\/wp\/v2\/media?parent=2639"}],"wp:term":[{"taxonomy":"product_brand","embeddable":true,"href":"https:\/\/zaoyigarment.com\/pt\/wp-json\/wp\/v2\/product_brand?post=2639"},{"taxonomy":"product_cat","embeddable":true,"href":"https:\/\/zaoyigarment.com\/pt\/wp-json\/wp\/v2\/product_cat?post=2639"},{"taxonomy":"product_tag","embeddable":true,"href":"https:\/\/zaoyigarment.com\/pt\/wp-json\/wp\/v2\/product_tag?post=2639"}],"curies":[{"name":"wp","href":"https:\/\/api.w.org\/{rel}","templated":true}]}}