 {"id":2625,"date":"2024-07-26T07:49:30","date_gmt":"2024-07-26T07:49:30","guid":{"rendered":"https:\/\/zaoyigarment.com\/?post_type=product&#038;p=2625"},"modified":"2026-04-15T12:32:15","modified_gmt":"2026-04-15T12:32:15","slug":"bra-strap-cushions","status":"publish","type":"product","link":"https:\/\/zaoyigarment.com\/pt\/manufacturer\/bra-strap-cushions\/","title":{"rendered":"Almofadas de al\u00e7a de suti\u00e3 ajust\u00e1veis Almofadas de al\u00e7a de suti\u00e3 de silicone para lingerie e roupa \u00edntima feminina"},"content":{"rendered":"<ul class=\"a-unordered-list a-vertical a-spacing-mini\">\n<li><span class=\"a-list-item\"><strong>\ud83c\udf6aNOME:<\/strong> almofada de al\u00e7a de suti\u00e3, almofadas de ombro, almofadas de al\u00e7a de suti\u00e3<\/span><\/li>\n<li><span class=\"a-list-item\"><strong>\ud83c\udf6aFORMAS:<\/strong> ret\u00e2ngulo<\/span><\/li>\n<li><span class=\"a-list-item\"><strong>\ud83c\udf6aSEM FIO:<\/strong> Sim<\/span><\/li>\n<li><span class=\"a-list-item\"><strong>\ud83c\udf6aCOR DO PRODUTO:<\/strong> nude, preto, transparente, personalizado.<\/span><\/li>\n<li><span class=\"a-list-item\">\ud83c\udf6a<strong>TAMANHOS:<\/strong> personalizado<\/span><\/li>\n<li><span class=\"a-list-item\">\ud83c\udf6a<strong>APLICATIVO:<\/strong> al\u00e7a de suti\u00e3 antiderrapante<\/span><\/li>\n<li><span class=\"a-color-base\"><span class=\"a-list-item\"><strong>\ud83c\udf6aTIPO DE MATERIAL: <\/strong>silicone<\/span><\/span><\/li>\n<li><span class=\"a-color-base\"><span class=\"a-list-item\"><strong>\ud83c\udf6aINSTRU\u00c7\u00d5ES DE CUIDADOS: <\/strong>reutiliz\u00e1vel<\/span><\/span><\/li>\n<li><strong><span class=\"a-color-base\"><span class=\"a-list-item\">\ud83c\udf6a<\/span><\/span>DICAS IMPORTANTES:<\/strong><br \/>\nN\u00e3o \u00e9 adequado se voc\u00ea tiver problemas de pele ou quando sua pele estiver ferida, infectada ou queimada de sol.<br \/>\nPor favor, n\u00e3o use este produto se estiver gr\u00e1vida ou amamentando, se for al\u00e9rgico a s\u00edlica gel ou se tiver feito recentemente uma cirurgia de aumento ou redu\u00e7\u00e3o de mama.<br \/>\nSe ocorrer alguma anormalidade na pele durante o uso deste produto, interrompa o uso imediatamente e consulte seu dermatologista ou especialista em pele imediatamente.<\/li>\n<\/ul>\n<h2><\/h2>\n<h2><\/h2>\n\t<div class=\"img has-hover x md-x lg-x y md-y lg-y\" id=\"image_1511410997\">\n\t\t\t\t\t\t\t\t<div class=\"img-inner dark\" >\n\t\t\t<img loading=\"lazy\" decoding=\"async\" width=\"1000\" height=\"1000\" src=\"https:\/\/zaoyigarment.com\/wp-content\/uploads\/2024\/07\/Invisible-Silicone-Shoulder-Pads-1.webp\" class=\"attachment-large size-large\" alt=\"Ombreiras invis\u00edveis de silicone\" srcset=\"https:\/\/zaoyigarment.com\/wp-content\/uploads\/2024\/07\/Invisible-Silicone-Shoulder-Pads-1.webp 1000w, https:\/\/zaoyigarment.com\/wp-content\/uploads\/2024\/07\/Invisible-Silicone-Shoulder-Pads-1-300x300.webp 300w, https:\/\/zaoyigarment.com\/wp-content\/uploads\/2024\/07\/Invisible-Silicone-Shoulder-Pads-1-150x150.webp 150w, https:\/\/zaoyigarment.com\/wp-content\/uploads\/2024\/07\/Invisible-Silicone-Shoulder-Pads-1-768x768.webp 768w, https:\/\/zaoyigarment.com\/wp-content\/uploads\/2024\/07\/Invisible-Silicone-Shoulder-Pads-1-12x12.webp 12w, https:\/\/zaoyigarment.com\/wp-content\/uploads\/2024\/07\/Invisible-Silicone-Shoulder-Pads-1-600x600.webp 600w, https:\/\/zaoyigarment.com\/wp-content\/uploads\/2024\/07\/Invisible-Silicone-Shoulder-Pads-1-100x100.webp 100w\" sizes=\"auto, (max-width: 1000px) 100vw, 1000px\" \/>\t\t\t\t\t\t\n\t\t\t\t\t<\/div>\n\t\t\t\t\t\t\t\t\n<style>\n#image_1511410997 {\n  width: 100%;\n}\n<\/style>\n\t<\/div>","protected":false},"excerpt":{"rendered":"<p>Fabricante e fornecedor de almofadas de al\u00e7a de suti\u00e3 de silicone personalizadas Zaoyi na China<\/p>\n<p>\u2013 Quantidade m\u00ednima: 3000 unidades<br \/>\n\u2013 Servi\u00e7o OEM\/ODM oferecido<br \/>\n\u2013 Amostra gr\u00e1tis dispon\u00edvel<br \/>\n\u2013 Reciclagem de suti\u00e3<br \/>\n\u2013 25-35 dias de tempo de prepara\u00e7\u00e3o para pedidos personalizados<br \/>\n\u2013 Aceitar personaliza\u00e7\u00e3o (especifica\u00e7\u00f5es, cor, design, etc.)<\/p>\n<p>1) Melhores solu\u00e7\u00f5es de suti\u00e3 para antiderrapante al\u00e7a de suti\u00e3<br \/>\n2) Design perfeito e de suporte para conforto<br \/>\n3)Gel suave e de qualidade m\u00e9dica<br \/>\n4)Pode fazer tecido ou padr\u00e3o personalizado na capa do mamilo<br \/>\n5)Cor vibrante, anti-desbotamento<br \/>\n6) Personaliza\u00e7\u00e3o fa\u00e7a voc\u00ea mesmo<\/p>\n<p>Se voc\u00ea quiser saber os pre\u00e7os das almofadas de silicone para al\u00e7as de suti\u00e3, entre em contato conosco.<\/p>","protected":false},"featured_media":2904,"comment_status":"open","ping_status":"closed","template":"","meta":[],"product_brand":[],"product_cat":[53],"product_tag":[],"class_list":{"0":"post-2625","1":"product","2":"type-product","3":"status-publish","4":"has-post-thumbnail","6":"product_cat-bra-accessories","8":"first","9":"instock","10":"shipping-taxable","11":"product-type-simple"},"_links":{"self":[{"href":"https:\/\/zaoyigarment.com\/pt\/wp-json\/wp\/v2\/product\/2625","targetHints":{"allow":["GET"]}}],"collection":[{"href":"https:\/\/zaoyigarment.com\/pt\/wp-json\/wp\/v2\/product"}],"about":[{"href":"https:\/\/zaoyigarment.com\/pt\/wp-json\/wp\/v2\/types\/product"}],"replies":[{"embeddable":true,"href":"https:\/\/zaoyigarment.com\/pt\/wp-json\/wp\/v2\/comments?post=2625"}],"wp:featuredmedia":[{"embeddable":true,"href":"https:\/\/zaoyigarment.com\/pt\/wp-json\/wp\/v2\/media\/2904"}],"wp:attachment":[{"href":"https:\/\/zaoyigarment.com\/pt\/wp-json\/wp\/v2\/media?parent=2625"}],"wp:term":[{"taxonomy":"product_brand","embeddable":true,"href":"https:\/\/zaoyigarment.com\/pt\/wp-json\/wp\/v2\/product_brand?post=2625"},{"taxonomy":"product_cat","embeddable":true,"href":"https:\/\/zaoyigarment.com\/pt\/wp-json\/wp\/v2\/product_cat?post=2625"},{"taxonomy":"product_tag","embeddable":true,"href":"https:\/\/zaoyigarment.com\/pt\/wp-json\/wp\/v2\/product_tag?post=2625"}],"curies":[{"name":"wp","href":"https:\/\/api.w.org\/{rel}","templated":true}]}}