 {"id":1968,"date":"2023-12-29T08:09:23","date_gmt":"2023-12-29T08:09:23","guid":{"rendered":"https:\/\/zaoyigarment.com\/?post_type=product&#038;p=1968"},"modified":"2026-03-19T17:50:20","modified_gmt":"2026-03-19T17:50:20","slug":"clear-strap-clear-strap-bra-metal-bra-strap","status":"publish","type":"product","link":"https:\/\/zaoyigarment.com\/pt\/manufacturer\/clear-strap-clear-strap-bra-metal-bra-strap\/","title":{"rendered":"Al\u00e7a transparente para suti\u00e3 transparente, al\u00e7a de suti\u00e3 de metal, al\u00e7a de suti\u00e3 decorativa"},"content":{"rendered":"<ul>\n<li><span class=\"a-list-item a-size-base a-color-base\"><strong>Grosso e resistente:<\/strong> Nossas al\u00e7as de suti\u00e3 transparentes s\u00e3o feitas de material TPU de alta qualidade, o que as torna resistentes, dif\u00edceis de deslizar e capazes de suportar a press\u00e3o de um busto maior sem quebrar.<\/span><\/li>\n<\/ul>\n<ul class=\"a-unordered-list a-vertical a-spacing-small\">\n<li><span class=\"a-list-item a-size-base a-color-base\"><strong>Uma variedade de larguras e invis\u00edveis:<\/strong> Temos tamanhos de 8 mm, 10 mm, 12 mm, 15 mm, 18 mm, 20 mm, etc. para escolha, permitindo que voc\u00ea encontre o certo para voc\u00ea. Como a cor da al\u00e7a do suti\u00e3 \u00e9 transparente, ela pode combinar bem com seu tom de pele.<\/span><\/li>\n<\/ul>\n<ul class=\"a-unordered-list a-vertical a-spacing-small\">\n<li><span class=\"a-list-item a-size-base a-color-base\"><strong>Ajust\u00e1vel e simples de usar:<\/strong> As al\u00e7as invis\u00edveis do suti\u00e3 s\u00e3o projetadas com comprimento suficiente de acordo com o feedback do cliente, que pode ser estendido at\u00e9 70 cm, para que voc\u00ea possa ajust\u00e1-lo facilmente. O gancho \u00e9 adequado para a maioria dos ilh\u00f3s de suti\u00e3 do mercado, por isso \u00e9 muito f\u00e1cil adicionar ou remover suti\u00e3s.<\/span><\/li>\n<\/ul>\n<ul>\n<li><span class=\"a-list-item a-size-base a-color-base\"><strong>Uso confort\u00e1vel:<\/strong> As al\u00e7as transparentes do suti\u00e3 s\u00e3o feitas de silicone macio, saud\u00e1vel e ecol\u00f3gico, permitem que voc\u00ea use confortavelmente sem machucar a pele e podem ser reutilizadas sem irritar alergias cut\u00e2neas.<\/span><\/li>\n<\/ul>\n<ul class=\"a-unordered-list a-vertical a-spacing-small\">\n<li><span class=\"a-list-item a-size-base a-color-base\"><strong>Ocasi\u00e3o:<\/strong> As al\u00e7as transparentes do suti\u00e3 s\u00e3o perfeitas para mulheres no ver\u00e3o que usam colete, saia suspensa, top tubinho e vestido, mostrando a pele natural e bonita, deixando voc\u00ea impec\u00e1vel.<\/span><\/li>\n<\/ul>","protected":false},"excerpt":{"rendered":"<p>Fabricante e fornecedor de al\u00e7a de suti\u00e3 personalizada Zaoyi na China<\/p>\n<p>\u2013 Quantidade m\u00ednima: 3000 unidades<br \/>\n\u2013 Servi\u00e7o OEM\/ODM oferecido<br \/>\n\u2013 Amostra gr\u00e1tis dispon\u00edvel<br \/>\n\u2013 Reciclagem de suti\u00e3<br \/>\n\u2013 20-30 dias de tempo de prepara\u00e7\u00e3o para pedidos personalizados<br \/>\n\u2013 Aceitar personaliza\u00e7\u00e3o (especifica\u00e7\u00f5es, cor, design, etc.)<\/p>\n<p>Al\u00e7as invis\u00edveis de 3\/8\u2033<br \/>\n\u2022 Fabricadas em TPU antial\u00e9rgico, uma alternativa mais macia e resistente \u00e0s tiras de l\u00e1tex ou de pl\u00e1stico.<br \/>\n\u2022 Ajustadores e conex\u00f5es sem n\u00edquel.<br \/>\n\u2022 N\u00e3o s\u00e3o usados apenas com suti\u00e3s, eles tamb\u00e9m podem ser usados com trajes de banho e vestidos.<br \/>\n\u2022 Transparente ou personalizado<br \/>\n\u2022 Escolha de tamanhos diferentes<\/p>\n<p>Se voc\u00ea quiser saber o pre\u00e7o de uma al\u00e7a de suti\u00e3, entre em contato conosco.<\/p>","protected":false},"featured_media":1971,"comment_status":"open","ping_status":"closed","template":"","meta":[],"product_brand":[],"product_cat":[39,53],"product_tag":[],"class_list":{"0":"post-1968","1":"product","2":"type-product","3":"status-publish","4":"has-post-thumbnail","6":"product_cat-bra-strap","7":"product_cat-bra-accessories","9":"first","10":"instock","11":"shipping-taxable","12":"product-type-simple"},"_links":{"self":[{"href":"https:\/\/zaoyigarment.com\/pt\/wp-json\/wp\/v2\/product\/1968","targetHints":{"allow":["GET"]}}],"collection":[{"href":"https:\/\/zaoyigarment.com\/pt\/wp-json\/wp\/v2\/product"}],"about":[{"href":"https:\/\/zaoyigarment.com\/pt\/wp-json\/wp\/v2\/types\/product"}],"replies":[{"embeddable":true,"href":"https:\/\/zaoyigarment.com\/pt\/wp-json\/wp\/v2\/comments?post=1968"}],"wp:featuredmedia":[{"embeddable":true,"href":"https:\/\/zaoyigarment.com\/pt\/wp-json\/wp\/v2\/media\/1971"}],"wp:attachment":[{"href":"https:\/\/zaoyigarment.com\/pt\/wp-json\/wp\/v2\/media?parent=1968"}],"wp:term":[{"taxonomy":"product_brand","embeddable":true,"href":"https:\/\/zaoyigarment.com\/pt\/wp-json\/wp\/v2\/product_brand?post=1968"},{"taxonomy":"product_cat","embeddable":true,"href":"https:\/\/zaoyigarment.com\/pt\/wp-json\/wp\/v2\/product_cat?post=1968"},{"taxonomy":"product_tag","embeddable":true,"href":"https:\/\/zaoyigarment.com\/pt\/wp-json\/wp\/v2\/product_tag?post=1968"}],"curies":[{"name":"wp","href":"https:\/\/api.w.org\/{rel}","templated":true}]}}