 {"id":1931,"date":"2023-12-29T06:16:54","date_gmt":"2023-12-29T06:16:54","guid":{"rendered":"https:\/\/zaoyigarment.com\/?post_type=product&#038;p=1931"},"modified":"2026-03-30T10:54:24","modified_gmt":"2026-03-30T10:54:24","slug":"bra-converter-bra-clasps-bra-clip","status":"publish","type":"product","link":"https:\/\/zaoyigarment.com\/pt\/manufacturer\/bra-converter-bra-clasps-bra-clip\/","title":{"rendered":"Conversor de suti\u00e3 Fechos de suti\u00e3 Clipe de suti\u00e3 Adaptador de al\u00e7a de suti\u00e3"},"content":{"rendered":"<ul>\n<li><span class=\"a-list-item a-size-base a-color-base\"><strong>Elimine o inc\u00f4modo da queda das al\u00e7as do suti\u00e3<\/strong> - Ajusta-se facilmente para caber em qualquer altura e os clipes manter\u00e3o as al\u00e7as do suti\u00e3 no lugar e bem escondidas.<\/span><\/li>\n<\/ul>\n<ul class=\"a-unordered-list a-vertical a-spacing-small\">\n<li><span class=\"a-list-item a-size-base a-color-base\"><strong>Design ergon\u00f4mico<\/strong> \u2013 Transforme discretamente qualquer suti\u00e3 com facilidade e conforto. O design ergon\u00f4mico alivia o desconforto e evita que as al\u00e7as do suti\u00e3 incomodem seus ombros.<\/span><\/li>\n<\/ul>\n<ul class=\"a-unordered-list a-vertical a-spacing-small\">\n<li><span class=\"a-list-item a-size-base a-color-base\"><strong>Ocasi\u00e3o<\/strong> \u2013 Perfeito para costas de corrida, vestidos, camisas, blusas, tops esportivos e muito mais. Transforme discretamente qualquer suti\u00e3 com facilidade e conforto. Prende-se na parte superior do biqu\u00edni para um visual mais completo e sexy.<\/span><\/li>\n<\/ul>\n<ul class=\"a-unordered-list a-vertical a-spacing-small\">\n<li><span class=\"a-list-item a-size-base a-color-base\"><strong>Conjunto de clipes de al\u00e7a de suti\u00e3 super valor<\/strong> - 9 clipes de suti\u00e3, 3 extensores de suti\u00e3 e 3 suportes de al\u00e7a de suti\u00e3 nas cores tradicionais branco, preto e bege.<\/span><\/li>\n<li><span class=\"a-list-item a-size-base a-color-base\"><strong>Aumentar o tamanho do copo:<\/strong> ao usar os clipes do suti\u00e3 nas costas, voc\u00ea pode ajustar o tamanho do bojo. Ajuda a dar mais sustenta\u00e7\u00e3o aos seios, aumentar o tamanho do copo e deixar o decote mais cheio e sexy.<\/span><\/li>\n<li><span class=\"a-list-item a-size-base a-color-base\"><strong>Tamanho adequado:<\/strong> o tamanho de cada clipe de al\u00e7a de suti\u00e3 para as costas \u00e9 de cerca de 1,8 x 1,4 polegadas. \u00c9 adequado para qualquer suti\u00e3 com al\u00e7as regulares. Pode ajud\u00e1-lo a ajustar seu suti\u00e3 com facilidade e conforto.<\/span><\/li>\n<\/ul>","protected":false},"excerpt":{"rendered":"<p>Fabricante e fornecedor de conversor de suti\u00e3 personalizado Zaoyi na China<\/p>\n<p>\u2013 Quantidade m\u00ednima: 3000 unidades<br \/>\n\u2013 Servi\u00e7o OEM\/ODM oferecido<br \/>\n\u2013 Amostra gr\u00e1tis dispon\u00edvel<br \/>\n\u2013 Reciclagem de suti\u00e3<br \/>\n\u2013 20-30 dias de tempo de prepara\u00e7\u00e3o para pedidos personalizados<br \/>\n\u2013 Aceitar personaliza\u00e7\u00e3o (especifica\u00e7\u00f5es, cor, design, etc.)<\/p>\n<p>1) Perfeito para costas de corrida, vestidos, camisas, blusas, tops esportivos e muito mais.<br \/>\nTransforme discretamente qualquer suti\u00e3 com facilidade e conforto. Prende-se na parte superior do biqu\u00edni para um visual mais completo e sexy.<br \/>\n2) Polipropileno 100%<br \/>\n3)Pode transformar a al\u00e7a do suti\u00e3<br \/>\n4)Cor vibrante, anti-desbotamento<br \/>\n5) Personaliza\u00e7\u00e3o fa\u00e7a voc\u00ea mesmo<\/p>\n<p>Se voc\u00ea deseja obter pre\u00e7os de conversores de suti\u00e3s, entre em contato conosco.<\/p>","protected":false},"featured_media":1936,"comment_status":"open","ping_status":"closed","template":"","meta":[],"product_brand":[],"product_cat":[39,53],"product_tag":[],"class_list":{"0":"post-1931","1":"product","2":"type-product","3":"status-publish","4":"has-post-thumbnail","6":"product_cat-bra-strap","7":"product_cat-bra-accessories","9":"first","10":"instock","11":"shipping-taxable","12":"product-type-simple"},"_links":{"self":[{"href":"https:\/\/zaoyigarment.com\/pt\/wp-json\/wp\/v2\/product\/1931","targetHints":{"allow":["GET"]}}],"collection":[{"href":"https:\/\/zaoyigarment.com\/pt\/wp-json\/wp\/v2\/product"}],"about":[{"href":"https:\/\/zaoyigarment.com\/pt\/wp-json\/wp\/v2\/types\/product"}],"replies":[{"embeddable":true,"href":"https:\/\/zaoyigarment.com\/pt\/wp-json\/wp\/v2\/comments?post=1931"}],"wp:featuredmedia":[{"embeddable":true,"href":"https:\/\/zaoyigarment.com\/pt\/wp-json\/wp\/v2\/media\/1936"}],"wp:attachment":[{"href":"https:\/\/zaoyigarment.com\/pt\/wp-json\/wp\/v2\/media?parent=1931"}],"wp:term":[{"taxonomy":"product_brand","embeddable":true,"href":"https:\/\/zaoyigarment.com\/pt\/wp-json\/wp\/v2\/product_brand?post=1931"},{"taxonomy":"product_cat","embeddable":true,"href":"https:\/\/zaoyigarment.com\/pt\/wp-json\/wp\/v2\/product_cat?post=1931"},{"taxonomy":"product_tag","embeddable":true,"href":"https:\/\/zaoyigarment.com\/pt\/wp-json\/wp\/v2\/product_tag?post=1931"}],"curies":[{"name":"wp","href":"https:\/\/api.w.org\/{rel}","templated":true}]}}