 {"id":1926,"date":"2023-12-29T03:03:54","date_gmt":"2023-12-29T03:03:54","guid":{"rendered":"https:\/\/zaoyigarment.com\/?post_type=product&#038;p=1926"},"modified":"2025-09-10T11:49:05","modified_gmt":"2025-09-10T11:49:05","slug":"bra-extender-womens-soft-comfortable-bra-extenders","status":"publish","type":"product","link":"https:\/\/zaoyigarment.com\/pt\/manufacturer\/bra-extender-womens-soft-comfortable-bra-extenders\/","title":{"rendered":"Extensor de suti\u00e3 feminino macio e confort\u00e1vel"},"content":{"rendered":"<div class=\"_1-Caexem\" tabindex=\"0\" role=\"button\" aria-label=\"$Ef\u00e1cil de usar: basta prender o extensor de suti\u00e3 aos ganchos do suti\u00e3 para uma extens\u00e3o instant\u00e2nea.\">\n<ul>\n<li class=\"_1-Caexem\" tabindex=\"0\" role=\"button\" aria-label=\"$Extensores de suti\u00e3 convenientes: Conjunto de 3 extensores de suti\u00e3 com material el\u00e1stico, facilitando o ajuste do tamanho da faixa do seu suti\u00e3 para um ajuste confort\u00e1vel.\"><strong>Extensores de suti\u00e3 convenientes:<\/strong> Conjunto de 3 extensores de suti\u00e3 com material el\u00e1stico, facilitando o ajuste do tamanho da faixa do suti\u00e3 para um ajuste confort\u00e1vel.<\/li>\n<li class=\"_1-Caexem\" tabindex=\"0\" role=\"button\" aria-label=\"$Extensores de suti\u00e3 convenientes: Conjunto de 3 extensores de suti\u00e3 com material el\u00e1stico, facilitando o ajuste do tamanho da faixa do seu suti\u00e3 para um ajuste confort\u00e1vel.\"><strong>Perfeito para look sem suti\u00e3:<\/strong> Ideal para quem prefere um look sem suti\u00e3, mas ainda quer o suporte do suti\u00e3. Os extensores de suti\u00e3 permitem afrouxar a faixa sem comprometer o suporte.<\/li>\n<li class=\"_1-Caexem\" tabindex=\"0\" role=\"button\" aria-label=\"$Extensores de suti\u00e3 convenientes: Conjunto de 3 extensores de suti\u00e3 com material el\u00e1stico, facilitando o ajuste do tamanho da faixa do seu suti\u00e3 para um ajuste confort\u00e1vel.\"><strong>Confort\u00e1vel e macio:<\/strong> Feitos com materiais macios e confort\u00e1veis, esses extensores de suti\u00e3 n\u00e3o irritam a pele nem causam desconforto.<\/li>\n<li><strong>F\u00e1cil de usar:<\/strong> Basta prender o extensor de suti\u00e3 aos ganchos do suti\u00e3 para aumentar instantaneamente o tamanho da faixa.<\/li>\n<li><strong>M\u00e9todo de uso:<\/strong>Prenda os ganchos na parte inferior do extensor \u00e0s presilhas do suti\u00e3 e, em seguida, use os ganchos do suti\u00e3 para prender as presilhas na parte frontal do extensor.<\/li>\n<\/ul>\n<h3 class=\"a-spacing-mini\">O extensor de suti\u00e3 \u00e9 usado para aumentar a faixa de tamanho de suti\u00e3 inadequado que \u00e9 muito apertado. \u00c9 remov\u00edvel e ajust\u00e1vel.<\/h3>\n<p class=\"a-spacing-base\">A parte de tecido \u00e9 confeccionada em material poli\u00e9ster com veludo, macio e confort\u00e1vel. N\u00e3o deixe rastros, belisc\u00f5es e prurido em sua pele delicada. Os ganchos de metal s\u00e3o feitos de a\u00e7o inoxid\u00e1vel, que n\u00e3o desbotam nem enferrujam.<\/p>\n<p class=\"a-spacing-base\">3 fileiras por 2 ganchos com tira el\u00e1stica, adequada para a maioria das pessoas.<\/p>\n<\/div>","protected":false},"excerpt":{"rendered":"<p>Fabricante e fornecedor de extensor de suti\u00e3 personalizado Zaoyi na China<\/p>\n<p>\u2013 Quantidade m\u00ednima: 3000 unidades<br \/>\n\u2013 Servi\u00e7o OEM\/ODM oferecido<br \/>\n\u2013 Amostra gr\u00e1tis dispon\u00edvel<br \/>\n\u2013 Reciclagem de suti\u00e3<br \/>\n\u2013 20-30 dias de tempo de prepara\u00e7\u00e3o para pedidos personalizados<br \/>\n\u2013 Aceitar personaliza\u00e7\u00e3o (especifica\u00e7\u00f5es, cor, design, etc.)<\/p>\n<p>1) Look sem suti\u00e3: Obtenha o visual sem suti\u00e3 sem sacrificar o conforto e o suporte.<br \/>\n2) Ajust\u00e1vel: ajuste facilmente o comprimento da faixa do suti\u00e3 para se ajustar ao formato do seu corpo e obter o ajuste perfeito.<br \/>\n3) Confort\u00e1vel: Feito de material macio e respir\u00e1vel, proporcionando conforto e suporte extra para seu suti\u00e3.<\/p>\n<p>Se voc\u00ea deseja saber os pre\u00e7os dos extensores de suti\u00e3, entre em contato conosco.<\/p>","protected":false},"featured_media":2822,"comment_status":"open","ping_status":"closed","template":"","meta":[],"product_brand":[],"product_cat":[40,53],"product_tag":[],"class_list":{"0":"post-1926","1":"product","2":"type-product","3":"status-publish","4":"has-post-thumbnail","6":"product_cat-bra-extenders","7":"product_cat-bra-accessories","9":"first","10":"instock","11":"shipping-taxable","12":"product-type-simple"},"_links":{"self":[{"href":"https:\/\/zaoyigarment.com\/pt\/wp-json\/wp\/v2\/product\/1926","targetHints":{"allow":["GET"]}}],"collection":[{"href":"https:\/\/zaoyigarment.com\/pt\/wp-json\/wp\/v2\/product"}],"about":[{"href":"https:\/\/zaoyigarment.com\/pt\/wp-json\/wp\/v2\/types\/product"}],"replies":[{"embeddable":true,"href":"https:\/\/zaoyigarment.com\/pt\/wp-json\/wp\/v2\/comments?post=1926"}],"wp:featuredmedia":[{"embeddable":true,"href":"https:\/\/zaoyigarment.com\/pt\/wp-json\/wp\/v2\/media\/2822"}],"wp:attachment":[{"href":"https:\/\/zaoyigarment.com\/pt\/wp-json\/wp\/v2\/media?parent=1926"}],"wp:term":[{"taxonomy":"product_brand","embeddable":true,"href":"https:\/\/zaoyigarment.com\/pt\/wp-json\/wp\/v2\/product_brand?post=1926"},{"taxonomy":"product_cat","embeddable":true,"href":"https:\/\/zaoyigarment.com\/pt\/wp-json\/wp\/v2\/product_cat?post=1926"},{"taxonomy":"product_tag","embeddable":true,"href":"https:\/\/zaoyigarment.com\/pt\/wp-json\/wp\/v2\/product_tag?post=1926"}],"curies":[{"name":"wp","href":"https:\/\/api.w.org\/{rel}","templated":true}]}}