 {"id":1919,"date":"2023-12-29T02:18:39","date_gmt":"2023-12-29T02:18:39","guid":{"rendered":"https:\/\/zaoyigarment.com\/?post_type=product&#038;p=1919"},"modified":"2025-10-20T02:31:14","modified_gmt":"2025-10-20T02:31:14","slug":"stick-on-bra-lifting-adhesive-sticky-bra","status":"publish","type":"product","link":"https:\/\/zaoyigarment.com\/pt\/manufacturer\/stick-on-bra-lifting-adhesive-sticky-bra\/","title":{"rendered":"Suti\u00e3 pegajoso adesivo para levantamento de suti\u00e3"},"content":{"rendered":"<div data-zone-id=\"0\" data-line-index=\"0\" data-line=\"true\">\n<ul>\n<li><span class=\"a-list-item\"><strong>S<\/strong><\/span><strong>IZAR:<\/strong> 6,5-12 cm de di\u00e2metro, personalizado<\/li>\n<li><strong>COR:\u00a0<\/strong>Nu ou personalizado<\/li>\n<li><span class=\"a-list-item\"><strong>BENEF\u00cdCIOS:<\/strong> Ajuste sem deixar rastros, resist\u00eancia ao suor, formato flor\/redondo, seguran\u00e7a.<\/span><\/li>\n<li><strong>M\u00c9TODO DE USO:<\/strong><\/li>\n<li>1. Lave o peito e as m\u00e3os com \u00e1gua limpa antes de usar e mantenha-as limpas.<\/li>\n<li>2. Rasgue a pel\u00edcula protetora do produto, com o lado adesivo voltado para cima, e coloque na palma da m\u00e3o<\/li>\n<li>3. Incline a parte superior do corpo para a frente, coloque suavemente o adesivo mam\u00e1rio na \u00e1rea de foco e alise as bordas do adesivo mam\u00e1rio com as m\u00e3os para ajust\u00e1-lo bem \u00e0 pele.<\/li>\n<li>4. Sem sensa\u00e7\u00e3o de peso ou corpo estranho, exibi\u00e7\u00e3o perfeita de seus seios, adequada para v\u00e1rias ocasi\u00f5es<\/li>\n<\/ul>\n<\/div>\n<ul class=\"a-unordered-list a-vertical a-spacing-mini\">\n<li><span class=\"a-list-item\"><strong>M\u00c9TODO DE LAVAGEM:<\/strong><\/span><\/li>\n<li><span class=\"a-list-item\">1. Use \u00e1gua morna ou shampoo neutro, sab\u00e3o em p\u00f3 para fazer espuma suavemente e lave em movimentos circulares.<\/span><\/li>\n<li><span class=\"a-list-item\">2. Enx\u00e1gue com \u00e1gua limpa. Tenha cuidado para n\u00e3o usar as unhas para evitar les\u00f5es.<\/span><\/li>\n<li>3.Ap\u00f3s a limpeza, pendure para secar e evite a luz solar direta.<\/li>\n<li>4.Ap\u00f3s a limpeza e secagem, coloque a pel\u00edcula protetora. Um lado perder\u00e1 a pegajosidade se ficar manchado de poeira. A \u00e1rea de armazenamento deve ser mantida longe da luz solar direta.<\/li>\n<li><strong>DICAS IMPORTANTES:<\/strong><br \/>\nN\u00e3o \u00e9 adequado se voc\u00ea tiver problemas de pele ou quando sua pele estiver ferida, infectada ou queimada de sol.<br \/>\nPor favor, n\u00e3o use este produto se estiver gr\u00e1vida ou amamentando, se for al\u00e9rgico a silicone ou se tiver feito recentemente uma cirurgia de aumento ou redu\u00e7\u00e3o de mama.<br \/>\nSe ocorrer alguma anormalidade na pele durante o uso deste produto, interrompa o uso imediatamente e consulte seu dermatologista ou especialista em pele imediatamente.<\/li>\n<\/ul>","protected":false},"excerpt":{"rendered":"<p>Fabricante e fornecedor de suti\u00e3 personalizado Zaoyi na China<\/p>\n<p>\u2013 Quantidade m\u00ednima: 3000 unidades<br \/>\n\u2013 Servi\u00e7o OEM\/ODM oferecido<br \/>\n\u2013 Amostra gr\u00e1tis dispon\u00edvel<br \/>\n\u2013 Reciclagem de suti\u00e3<br \/>\n\u2013 25-35 dias de tempo de prepara\u00e7\u00e3o para pedidos personalizados<br \/>\n\u2013 Aceitar personaliza\u00e7\u00e3o (especifica\u00e7\u00f5es, cor, design, etc.)<\/p>\n<p>1) Melhores solu\u00e7\u00f5es de suti\u00e3 para usar com vestido de noiva, vestido sem costas, mai\u00f4, camiseta etc.<br \/>\n2) Design perfeito e sem fio para liberdade<br \/>\n3)Material liso e de qualidade m\u00e9dica<br \/>\n4)Pode fazer tecido ou padr\u00e3o personalizado no suti\u00e3<br \/>\n5) Cor de pele vibrante<br \/>\n6) Personaliza\u00e7\u00e3o fa\u00e7a voc\u00ea mesmo<\/p>\n<p>Se voc\u00ea quiser manter os pre\u00e7os dos suti\u00e3s fixos, entre em contato conosco.<\/p>","protected":false},"featured_media":2816,"comment_status":"open","ping_status":"closed","template":"","meta":[],"product_brand":[],"product_cat":[36],"product_tag":[],"class_list":{"0":"post-1919","1":"product","2":"type-product","3":"status-publish","4":"has-post-thumbnail","6":"product_cat-sticky-bra","8":"first","9":"instock","10":"shipping-taxable","11":"product-type-simple"},"_links":{"self":[{"href":"https:\/\/zaoyigarment.com\/pt\/wp-json\/wp\/v2\/product\/1919","targetHints":{"allow":["GET"]}}],"collection":[{"href":"https:\/\/zaoyigarment.com\/pt\/wp-json\/wp\/v2\/product"}],"about":[{"href":"https:\/\/zaoyigarment.com\/pt\/wp-json\/wp\/v2\/types\/product"}],"replies":[{"embeddable":true,"href":"https:\/\/zaoyigarment.com\/pt\/wp-json\/wp\/v2\/comments?post=1919"}],"wp:featuredmedia":[{"embeddable":true,"href":"https:\/\/zaoyigarment.com\/pt\/wp-json\/wp\/v2\/media\/2816"}],"wp:attachment":[{"href":"https:\/\/zaoyigarment.com\/pt\/wp-json\/wp\/v2\/media?parent=1919"}],"wp:term":[{"taxonomy":"product_brand","embeddable":true,"href":"https:\/\/zaoyigarment.com\/pt\/wp-json\/wp\/v2\/product_brand?post=1919"},{"taxonomy":"product_cat","embeddable":true,"href":"https:\/\/zaoyigarment.com\/pt\/wp-json\/wp\/v2\/product_cat?post=1919"},{"taxonomy":"product_tag","embeddable":true,"href":"https:\/\/zaoyigarment.com\/pt\/wp-json\/wp\/v2\/product_tag?post=1919"}],"curies":[{"name":"wp","href":"https:\/\/api.w.org\/{rel}","templated":true}]}}