 {"id":1402,"date":"2023-06-08T08:15:42","date_gmt":"2023-06-08T08:15:42","guid":{"rendered":"https:\/\/zaoyigarment.com\/?post_type=product&#038;p=1402"},"modified":"2026-04-17T01:04:43","modified_gmt":"2026-04-17T01:04:43","slug":"push-up-bras","status":"publish","type":"product","link":"https:\/\/zaoyigarment.com\/pt\/manufacturer\/push-up-bras\/","title":{"rendered":"Suti\u00e3 push-up | Suti\u00e3 push up sem al\u00e7as, suti\u00e3 borboleta"},"content":{"rendered":"<ul class=\"a-unordered-list a-vertical a-spacing-mini\">\n<li><span class=\"a-list-item\"><strong>QUANTIDADE:<\/strong> 3000 pe\u00e7as para embalagem personalizada e pedido em grandes quantidades<\/span><\/li>\n<li><span class=\"a-list-item\"><strong>MATERIAL:<\/strong> N\u00e1ilon 80%, elastano 20%<\/span><\/li>\n<li><span class=\"a-list-item\"><strong>BENEF\u00cdCIOS:<\/strong> Gel ambiental e de seguran\u00e7a, respir\u00e1vel, celular, convexo, seguran\u00e7a<\/span><\/li>\n<li><span class=\"a-list-item\"><strong>PROJETO:<\/strong> Diferentes op\u00e7\u00f5es de design ou podem ser personalizadas<\/span><\/li>\n<li><span class=\"a-list-item\"><strong>DIMENS\u00d5ES:<\/strong> A\/B\/C\/D\/E\/F\/H, personalizado<\/span><\/li>\n<li><span class=\"a-list-item a-size-base a-color-base\"><strong>SUPORTE FORTE E CORD\u00c3O AJUST\u00c1VEL:<\/strong> Excelente suporte \u00e9 perfeito para levantar os seios. Com um \u00fanico pux\u00e3o, voc\u00ea pode levantar instantaneamente o copo e manter os seios retos. Diga adeus ao problema da flacidez dos seios, molde facilmente a curva perfeita dos seios.<\/span><\/li>\n<li><span class=\"a-list-item a-size-base a-color-base\"><strong>TECIDO RESPIR\u00c1VEL AMIGO DA PELE E ADESIVO DE GUM:<\/strong>O material \u00e9 feito de tecido n\u00e3o tecido natural + silicone m\u00e9dico. O adesivo de goma natural \u00e9 coberto com orif\u00edcios de ar, que mant\u00eam excelente permeabilidade ao ar durante o uso.<\/span><\/li>\n<li><span class=\"a-list-item a-size-base a-color-base\"><strong>DESENHO DE ASA EXQUISITO:<\/strong> O design em forma de asa pode envolver melhor a pele do peito, maior tempo de ades\u00e3o. O tecido da superf\u00edcie do suti\u00e3 tem uma textura semelhante \u00e0 da pele, que pode esconder bem os vest\u00edgios do suti\u00e3 sob luz forte. Como se ele n\u00e3o estivesse vestindo nada.<\/span><\/li>\n<li><span class=\"a-list-item a-size-base a-color-base\"><strong>LAV\u00c1VEL:<\/strong> Suti\u00e3s adesivos s\u00e3o autoadesivos e permanecem pegajosos ap\u00f3s serem lavados e secos ao ar. Pode ser usado v\u00e1rias vezes.<\/span><\/li>\n<li><span class=\"a-list-item a-size-base a-color-base\"><strong>PARA MUITAS OCASI\u00d5ES:<\/strong> Suti\u00e3 sem al\u00e7as para qualquer estilo sexy, tops sem costas, ternos com decote em V profundo, vestidos de noite sem costas\/sem al\u00e7as, vestidos de noiva, vestidos decotados, vestidos de coquetel, vestidos de festa, etc.<\/span><\/li>\n<\/ul>\n<h2><\/h2>\n<h2>Tabela de tamanhos de suti\u00e3 com fotos<\/h2>\n\t<div class=\"img has-hover x md-x lg-x y md-y lg-y\" id=\"image_1290611398\">\n\t\t\t\t\t\t\t\t<div class=\"img-inner dark\" >\n\t\t\t<img loading=\"lazy\" decoding=\"async\" width=\"1020\" height=\"976\" src=\"https:\/\/zaoyigarment.com\/wp-content\/uploads\/2024\/01\/bra-size-calculator-1024x980.webp\" class=\"attachment-large size-large\" alt=\"calculadora de tamanho de suti\u00e3\" srcset=\"https:\/\/zaoyigarment.com\/wp-content\/uploads\/2024\/01\/bra-size-calculator-1024x980.webp 1024w, https:\/\/zaoyigarment.com\/wp-content\/uploads\/2024\/01\/bra-size-calculator-300x287.webp 300w, https:\/\/zaoyigarment.com\/wp-content\/uploads\/2024\/01\/bra-size-calculator-768x735.webp 768w, https:\/\/zaoyigarment.com\/wp-content\/uploads\/2024\/01\/bra-size-calculator-1536x1471.webp 1536w, https:\/\/zaoyigarment.com\/wp-content\/uploads\/2024\/01\/bra-size-calculator-600x575.webp 600w, https:\/\/zaoyigarment.com\/wp-content\/uploads\/2024\/01\/bra-size-calculator.webp 2000w\" sizes=\"auto, (max-width: 1020px) 100vw, 1020px\" \/>\t\t\t\t\t\t\n\t\t\t\t\t<\/div>\n\t\t\t\t\t\t\t\t\n<style>\n#image_1290611398 {\n  width: 100%;\n}\n<\/style>\n\t<\/div>","protected":false},"excerpt":{"rendered":"<p>Fabricante e fornecedor de suti\u00e3 push up sem al\u00e7as personalizado Zaoyi na China<\/p>\n<p>\u2013 Quantidade m\u00ednima: 3000 unidades<br \/>\n\u2013 Servi\u00e7o OEM\/ODM oferecido<br \/>\n\u2013 Amostra gr\u00e1tis dispon\u00edvel<br \/>\n\u2013 Reciclagem de suti\u00e3<br \/>\n\u2013 25-35 dias de tempo de prepara\u00e7\u00e3o para pedidos personalizados<br \/>\n\u2013 Aceitar personaliza\u00e7\u00e3o (especifica\u00e7\u00f5es, cor, design, etc.)<\/p>\n<p>1) Melhores solu\u00e7\u00f5es de suti\u00e3 para usar com vestido sem costas, vestido de noiva, camiseta etc.<br \/>\n2) Design perfeito e sem fio para liberdade<br \/>\n3)Tecido de nylon suave e delicado<br \/>\n4)Pode fazer tecido ou padr\u00e3o personalizado nele<br \/>\n5)Cor vibrante, anti-desbotamento<br \/>\n6) Personaliza\u00e7\u00e3o fa\u00e7a voc\u00ea mesmo<\/p>\n<p>Se voc\u00ea deseja obter pre\u00e7os de suti\u00e3s push up sem al\u00e7as, entre em contato conosco.<\/p>","protected":false},"featured_media":2801,"comment_status":"open","ping_status":"closed","template":"","meta":[],"product_brand":[],"product_cat":[15],"product_tag":[],"class_list":{"0":"post-1402","1":"product","2":"type-product","3":"status-publish","4":"has-post-thumbnail","6":"product_cat-push-up-bra","8":"first","9":"instock","10":"shipping-taxable","11":"product-type-simple"},"_links":{"self":[{"href":"https:\/\/zaoyigarment.com\/pt\/wp-json\/wp\/v2\/product\/1402","targetHints":{"allow":["GET"]}}],"collection":[{"href":"https:\/\/zaoyigarment.com\/pt\/wp-json\/wp\/v2\/product"}],"about":[{"href":"https:\/\/zaoyigarment.com\/pt\/wp-json\/wp\/v2\/types\/product"}],"replies":[{"embeddable":true,"href":"https:\/\/zaoyigarment.com\/pt\/wp-json\/wp\/v2\/comments?post=1402"}],"wp:featuredmedia":[{"embeddable":true,"href":"https:\/\/zaoyigarment.com\/pt\/wp-json\/wp\/v2\/media\/2801"}],"wp:attachment":[{"href":"https:\/\/zaoyigarment.com\/pt\/wp-json\/wp\/v2\/media?parent=1402"}],"wp:term":[{"taxonomy":"product_brand","embeddable":true,"href":"https:\/\/zaoyigarment.com\/pt\/wp-json\/wp\/v2\/product_brand?post=1402"},{"taxonomy":"product_cat","embeddable":true,"href":"https:\/\/zaoyigarment.com\/pt\/wp-json\/wp\/v2\/product_cat?post=1402"},{"taxonomy":"product_tag","embeddable":true,"href":"https:\/\/zaoyigarment.com\/pt\/wp-json\/wp\/v2\/product_tag?post=1402"}],"curies":[{"name":"wp","href":"https:\/\/api.w.org\/{rel}","templated":true}]}}